{"id":2382,"date":"2025-11-06T15:30:12","date_gmt":"2025-11-06T15:30:12","guid":{"rendered":"https:\/\/www.yishengpack.com\/?post_type=product&#038;p=2382"},"modified":"2025-11-06T15:30:14","modified_gmt":"2025-11-06T15:30:14","slug":"paper-bags-with-rope-handles-wholesale","status":"publish","type":"product","link":"https:\/\/www.yishengpack.com\/es\/producto\/paper-bags-with-rope-handles-wholesale\/","title":{"rendered":"Bolsas de Papel con Asas de Cuerda al por mayor con motivos navide\u00f1os"},"content":{"rendered":"<div class=\"wp-block-columns is-layout-flex wp-container-core-columns-is-layout-9d6595d7 wp-block-columns-is-layout-flex\">\n<div class=\"wp-block-column is-layout-flow wp-block-column-is-layout-flow\">\n<h3 class=\"wp-block-heading\">Caracter\u00edsticas de las bolsas de papel con asas de cuerda al por mayor<\/h3>\n\n\n\n<p><strong>Asas de cuerda para facilitar el transporte:<\/strong> Las bolsas de papel con asas de cuerda al por mayor tienen asas de cuerda resistentes y duraderas, por lo que son sencillas, simples y agradables de llevar. Ideales para transportar alimentos, accesorios hechos a mano y peque\u00f1os regalos.<\/p>\n\n\n\n<p><strong>Papel kraft resistente:<\/strong> Las bolsas de papel personalizadas para regalo est\u00e1n fabricadas con papel kraft resistente, lo que les confiere una buena solidez. Puede contener cualquier cosa, desde golosinas hasta accesorios hechos a mano o peque\u00f1os regalos, sin comprometer la forma de la bolsa de papel.<\/p>\n\n\n\n<p><strong>Estampados tem\u00e1ticos festivos:<\/strong> Las bolsas de papel con asas de cuerda al por mayor est\u00e1n disponibles en estampados navide\u00f1os de tem\u00e1tica festiva, como copos de nieve, renos y \u00e1rboles de Navidad. Permiten hacer un esfuerzo festivo para presentar golosinas, accesorios hechos a mano o peque\u00f1os regalos durante las fiestas.<\/p>\n\n\n\n<p><strong>Gran capacidad:<\/strong> La capacidad interior de nuestras bolsas de papel para regalo permite guardar en ellas una cantidad razonable de art\u00edculos, como varias golosinas, un conjunto de accesorios hechos a mano o varios regalos m\u00e1s peque\u00f1os. Las bolsas de papel para regalo pueden ser una mejor opci\u00f3n para todas sus necesidades de embalaje.<\/p>\n\n\n\n<p><strong>Completamente personalizable para la marca de su empresa:<\/strong> Las bolsas de papel con asas de cuerda al por mayor est\u00e1n dise\u00f1adas espec\u00edficamente con opciones de personalizaci\u00f3n completas. El tama\u00f1o se puede cambiar, imprimir con el logotipo de una marca, y \/ o impreso en patrones festivos, inserto personalizado. Podemos ayudar a las empresas a satisfacer sus necesidades de marca \u00fanicas.<\/p>\n<\/div>\n\n\n\n<div class=\"wp-block-column is-layout-flow wp-block-column-is-layout-flow\">\n<figure class=\"wp-block-image size-full\"><img decoding=\"async\" width=\"2048\" height=\"2048\" src=\"https:\/\/www.yishengpack.com\/wp-content\/uploads\/2025\/10\/Customization-Hot-Selling-Rope-Handles-Paper-Bags-Durable-Bag-for-Craft-Gift-Wholesale-2.png\" alt=\"bolsas-de-papel-con-asas-de-cuerda-al-mayor-con-estilo-navide\u00f1o-2\" class=\"wp-image-2385\" srcset=\"https:\/\/www.yishengpack.com\/wp-content\/uploads\/2025\/10\/Customization-Hot-Selling-Rope-Handles-Paper-Bags-Durable-Bag-for-Craft-Gift-Wholesale-2.png 2048w, https:\/\/www.yishengpack.com\/wp-content\/uploads\/2025\/10\/Customization-Hot-Selling-Rope-Handles-Paper-Bags-Durable-Bag-for-Craft-Gift-Wholesale-2-300x300.png 300w, https:\/\/www.yishengpack.com\/wp-content\/uploads\/2025\/10\/Customization-Hot-Selling-Rope-Handles-Paper-Bags-Durable-Bag-for-Craft-Gift-Wholesale-2-150x150.png 150w, https:\/\/www.yishengpack.com\/wp-content\/uploads\/2025\/10\/Customization-Hot-Selling-Rope-Handles-Paper-Bags-Durable-Bag-for-Craft-Gift-Wholesale-2-768x768.png 768w, https:\/\/www.yishengpack.com\/wp-content\/uploads\/2025\/10\/Customization-Hot-Selling-Rope-Handles-Paper-Bags-Durable-Bag-for-Craft-Gift-Wholesale-2-12x12.png 12w\" sizes=\"(max-width: 2048px) 100vw, 2048px\" \/><\/figure>\n<\/div>\n<\/div>\n\n\n\n<div class=\"wp-block-columns is-layout-flex wp-container-core-columns-is-layout-9d6595d7 wp-block-columns-is-layout-flex\">\n<div class=\"wp-block-column is-layout-flow wp-block-column-is-layout-flow\">\n<figure class=\"wp-block-image size-full\"><img decoding=\"async\" width=\"2048\" height=\"2048\" src=\"https:\/\/www.yishengpack.com\/wp-content\/uploads\/2025\/10\/Customization-Hot-Selling-Rope-Handles-Paper-Bags-Durable-Bag-for-Craft-Gift-Wholesale-3.png\" alt=\"bolsas-de-papel-con-asas-de-cuerda-al-mayor-con-estilo-navide\u00f1o-3\" class=\"wp-image-2386\" srcset=\"https:\/\/www.yishengpack.com\/wp-content\/uploads\/2025\/10\/Customization-Hot-Selling-Rope-Handles-Paper-Bags-Durable-Bag-for-Craft-Gift-Wholesale-3.png 2048w, https:\/\/www.yishengpack.com\/wp-content\/uploads\/2025\/10\/Customization-Hot-Selling-Rope-Handles-Paper-Bags-Durable-Bag-for-Craft-Gift-Wholesale-3-300x300.png 300w, https:\/\/www.yishengpack.com\/wp-content\/uploads\/2025\/10\/Customization-Hot-Selling-Rope-Handles-Paper-Bags-Durable-Bag-for-Craft-Gift-Wholesale-3-150x150.png 150w, https:\/\/www.yishengpack.com\/wp-content\/uploads\/2025\/10\/Customization-Hot-Selling-Rope-Handles-Paper-Bags-Durable-Bag-for-Craft-Gift-Wholesale-3-768x768.png 768w, https:\/\/www.yishengpack.com\/wp-content\/uploads\/2025\/10\/Customization-Hot-Selling-Rope-Handles-Paper-Bags-Durable-Bag-for-Craft-Gift-Wholesale-3-12x12.png 12w\" sizes=\"(max-width: 2048px) 100vw, 2048px\" \/><\/figure>\n\n\n\n<div class=\"wp-block-buttons has-custom-font-size has-small-font-size is-content-justification-center is-layout-flex wp-container-core-buttons-is-layout-16018d1d wp-block-buttons-is-layout-flex\">\n<div class=\"wp-block-button has-custom-width wp-block-button__width-75\"><a class=\"wp-block-button__link has-background has-small-font-size has-custom-font-size wp-element-button\" href=\"https:\/\/www.yishengpack.com\/es\/custom-printed-box\/\" style=\"background:linear-gradient(135deg,rgb(254,205,165) 0%,rgb(254,45,45) 0%,rgb(94,15,15) 0%,rgb(94,15,15) 100%)\" target=\"_blank\" rel=\"noreferrer noopener\"><strong>Explorar las cajas impresas personalizadas<\/strong><\/a><\/div>\n<\/div>\n<\/div>\n\n\n\n<div class=\"wp-block-column is-layout-flow wp-block-column-is-layout-flow\">\n<figure class=\"wp-block-image size-full\"><img decoding=\"async\" width=\"2048\" height=\"2048\" src=\"https:\/\/www.yishengpack.com\/wp-content\/uploads\/2025\/10\/Customization-Hot-Selling-Rope-Handles-Paper-Bags-Durable-Bag-for-Craft-Gift-Wholesale-7.png\" alt=\"bolsas-de-papel-con-asas-de-cuerda-al-mayor-con-estilo-navide\u00f1o-7\" class=\"wp-image-2390\" srcset=\"https:\/\/www.yishengpack.com\/wp-content\/uploads\/2025\/10\/Customization-Hot-Selling-Rope-Handles-Paper-Bags-Durable-Bag-for-Craft-Gift-Wholesale-7.png 2048w, https:\/\/www.yishengpack.com\/wp-content\/uploads\/2025\/10\/Customization-Hot-Selling-Rope-Handles-Paper-Bags-Durable-Bag-for-Craft-Gift-Wholesale-7-300x300.png 300w, https:\/\/www.yishengpack.com\/wp-content\/uploads\/2025\/10\/Customization-Hot-Selling-Rope-Handles-Paper-Bags-Durable-Bag-for-Craft-Gift-Wholesale-7-150x150.png 150w, https:\/\/www.yishengpack.com\/wp-content\/uploads\/2025\/10\/Customization-Hot-Selling-Rope-Handles-Paper-Bags-Durable-Bag-for-Craft-Gift-Wholesale-7-768x768.png 768w, https:\/\/www.yishengpack.com\/wp-content\/uploads\/2025\/10\/Customization-Hot-Selling-Rope-Handles-Paper-Bags-Durable-Bag-for-Craft-Gift-Wholesale-7-12x12.png 12w, https:\/\/www.yishengpack.com\/wp-content\/uploads\/2025\/10\/Customization-Hot-Selling-Rope-Handles-Paper-Bags-Durable-Bag-for-Craft-Gift-Wholesale-7-1200x1200.png 1200w\" sizes=\"(max-width: 2048px) 100vw, 2048px\" \/><\/figure>\n\n\n\n<div class=\"wp-block-buttons is-content-justification-center is-layout-flex wp-container-core-buttons-is-layout-16018d1d wp-block-buttons-is-layout-flex\">\n<div class=\"wp-block-button has-custom-width wp-block-button__width-75\"><a class=\"wp-block-button__link has-background has-small-font-size has-custom-font-size wp-element-button\" href=\"https:\/\/www.yishengpack.com\/es\/custom-box-inserts-accessories\/\" style=\"background:linear-gradient(135deg,rgb(254,205,165) 0%,rgb(254,45,45) 0%,rgb(94,15,15) 0%)\" target=\"_blank\" rel=\"noreferrer noopener\"><strong>Explorar los insertos personalizados para cajas<\/strong><\/a><\/div>\n<\/div>\n<\/div>\n<\/div>","protected":false},"excerpt":{"rendered":"<p>Bienvenido a comprar nuestras bolsas de papel con asas de cuerda al por mayor. Estas elegantes bolsas de papel con asas de cuerda resistente, perfecto para la celebraci\u00f3n de los alimentos, accesorios hechos a mano, peque\u00f1as piezas de decoraci\u00f3n, y mucho m\u00e1s. El material de papel duradero y las c\u00f3modas asas de cuerda hacen que sean f\u00e1ciles de transportar y bonitas a la vista. Desde el tama\u00f1o, los colores y los dise\u00f1os hasta la impresi\u00f3n del logotipo, son totalmente personalizables para adaptarse a su marca.<\/p>\n<h2>Aspectos destacados de las bolsas de papel con asas de cuerda al por mayor<\/h2>\n<ul>\n<li>Personalizaci\u00f3n total<\/li>\n<li>Materiales ecol\u00f3gicos<\/li>\n<li>Impresi\u00f3n exquisita<\/li>\n<li>Varias opciones de impresi\u00f3n<\/li>\n<li>M\u00faltiples colores<\/li>\n<li>F\u00e1cil almacenamiento<\/li>\n<\/ul>\n<p>&nbsp;<\/p>\n<p>&nbsp;<\/p>","protected":false},"featured_media":2383,"comment_status":"closed","ping_status":"closed","template":"","meta":{"_acf_changed":false},"box-type":[49,52],"product_brand":[],"product_cat":[34,38,37],"product_tag":[],"class_list":{"0":"post-2382","1":"product","2":"type-product","3":"status-publish","4":"has-post-thumbnail","6":"box-type-custom-die-cut-paper-bag","7":"box-type-custom-rope-handle-paper-bags","8":"product_cat-paper-bags-wholesale","9":"product_cat-bakery-paper-bags-wholesale","10":"product_cat-paper-gift-bags-bulk","12":"first","13":"instock","14":"shipping-taxable","15":"product-type-simple"},"acf":[],"_links":{"self":[{"href":"https:\/\/www.yishengpack.com\/es\/wp-json\/wp\/v2\/product\/2382","targetHints":{"allow":["GET"]}}],"collection":[{"href":"https:\/\/www.yishengpack.com\/es\/wp-json\/wp\/v2\/product"}],"about":[{"href":"https:\/\/www.yishengpack.com\/es\/wp-json\/wp\/v2\/types\/product"}],"replies":[{"embeddable":true,"href":"https:\/\/www.yishengpack.com\/es\/wp-json\/wp\/v2\/comments?post=2382"}],"wp:featuredmedia":[{"embeddable":true,"href":"https:\/\/www.yishengpack.com\/es\/wp-json\/wp\/v2\/media\/2383"}],"wp:attachment":[{"href":"https:\/\/www.yishengpack.com\/es\/wp-json\/wp\/v2\/media?parent=2382"}],"wp:term":[{"taxonomy":"box-type","embeddable":true,"href":"https:\/\/www.yishengpack.com\/es\/wp-json\/wp\/v2\/box-type?post=2382"},{"taxonomy":"product_brand","embeddable":true,"href":"https:\/\/www.yishengpack.com\/es\/wp-json\/wp\/v2\/product_brand?post=2382"},{"taxonomy":"product_cat","embeddable":true,"href":"https:\/\/www.yishengpack.com\/es\/wp-json\/wp\/v2\/product_cat?post=2382"},{"taxonomy":"product_tag","embeddable":true,"href":"https:\/\/www.yishengpack.com\/es\/wp-json\/wp\/v2\/product_tag?post=2382"}],"curies":[{"name":"wp","href":"https:\/\/api.w.org\/{rel}","templated":true}]}}