{"id":2374,"date":"2025-11-06T16:22:52","date_gmt":"2025-11-06T16:22:52","guid":{"rendered":"https:\/\/www.yishengpack.com\/?post_type=product&#038;p=2374"},"modified":"2025-11-06T16:22:54","modified_gmt":"2025-11-06T16:22:54","slug":"christmas-paper-gift-bags-wholesale","status":"publish","type":"product","link":"https:\/\/www.yishengpack.com\/es\/producto\/christmas-paper-gift-bags-wholesale\/","title":{"rendered":"Bolsas de Papel para Regalos de Navidad al por mayor, bolsas de papel kraft personalizadas"},"content":{"rendered":"<div class=\"wp-block-columns is-layout-flex wp-container-core-columns-is-layout-9d6595d7 wp-block-columns-is-layout-flex\">\n<div class=\"wp-block-column is-layout-flow wp-block-column-is-layout-flow\">\n<h3 class=\"wp-block-heading\">Caracter\u00edsticas de las bolsas de papel para regalo de Navidad al por mayor<\/h3>\n\n\n\n<p><strong>Celebraci\u00f3n tem\u00e1tica: <\/strong>Las bolsas de papel de regalo de Navidad al por mayor presentan dise\u00f1os de tem\u00e1tica festiva con copos de nieve, renos y \u00e1rboles de Navidad para aportar un esp\u00edritu festivo.<\/p>\n\n\n\n<p><strong>Papel kraft resistente Material:<\/strong> Las bolsas de papel de regalo de Navidad al por mayor est\u00e1n fabricadas con papel kraft especial ecol\u00f3gico de alto gramaje, lo que las hace resistentes, duraderas, fuertes, resistentes al desgarro y seguras.<\/p>\n\n\n\n<p><strong>Se han a\u00f1adido asas fuertes: <\/strong>Nuestras bolsas de papel kraft personalizadas vienen con un asa de cuerda ajustada o asas retorcidas, que ofrecen un agarre c\u00f3modo y resistente a la rotura, lo que facilita el transporte de regalos, caramelos, juguetes y otros art\u00edculos navide\u00f1os.<\/p>\n\n\n\n<p><strong>Impresi\u00f3n personalizada disponible:<\/strong> Estas bolsas de papel de regalo de Navidad al por mayor admiten tama\u00f1os, colores, dise\u00f1os y logotipos que pueden personalizarse para satisfacer las necesidades del cliente, mejorando la imagen de marca y la eficacia del marketing navide\u00f1o.<\/p>\n\n\n\n<p><strong>Usos vers\u00e1tiles:<\/strong> Estas bolsas de papel kraft personalizadas pueden utilizarse en cualquier centro comercial o tienda de regalos, supermercado, para actos promocionales de la marca y para envasar regalos navide\u00f1os al por mayor.<\/p>\n<\/div>\n\n\n\n<div class=\"wp-block-column is-layout-flow wp-block-column-is-layout-flow\">\n<figure class=\"wp-block-image size-full\"><img decoding=\"async\" width=\"1773\" height=\"2364\" src=\"https:\/\/www.yishengpack.com\/wp-content\/uploads\/2025\/10\/Wholesale-High-Quality-Gift-Bags-Custom-Kraft-Paper-Bag-with-Logo-Handle-for-Festival-2.webp\" alt=\"bolsas de papel de navidad al por mayor bolsas de papel kraft personalizadas-2\" class=\"wp-image-2376\" srcset=\"https:\/\/www.yishengpack.com\/wp-content\/uploads\/2025\/10\/Wholesale-High-Quality-Gift-Bags-Custom-Kraft-Paper-Bag-with-Logo-Handle-for-Festival-2.webp 1773w, https:\/\/www.yishengpack.com\/wp-content\/uploads\/2025\/10\/Wholesale-High-Quality-Gift-Bags-Custom-Kraft-Paper-Bag-with-Logo-Handle-for-Festival-2-225x300.webp 225w, https:\/\/www.yishengpack.com\/wp-content\/uploads\/2025\/10\/Wholesale-High-Quality-Gift-Bags-Custom-Kraft-Paper-Bag-with-Logo-Handle-for-Festival-2-768x1024.webp 768w, https:\/\/www.yishengpack.com\/wp-content\/uploads\/2025\/10\/Wholesale-High-Quality-Gift-Bags-Custom-Kraft-Paper-Bag-with-Logo-Handle-for-Festival-2-9x12.webp 9w, https:\/\/www.yishengpack.com\/wp-content\/uploads\/2025\/10\/Wholesale-High-Quality-Gift-Bags-Custom-Kraft-Paper-Bag-with-Logo-Handle-for-Festival-2-1200x1600.webp 1200w, https:\/\/www.yishengpack.com\/wp-content\/uploads\/2025\/10\/Wholesale-High-Quality-Gift-Bags-Custom-Kraft-Paper-Bag-with-Logo-Handle-for-Festival-2-600x800.webp 600w\" sizes=\"(max-width: 1773px) 100vw, 1773px\" \/><\/figure>\n<\/div>\n<\/div>\n\n\n\n<div class=\"wp-block-columns is-layout-flex wp-container-core-columns-is-layout-9d6595d7 wp-block-columns-is-layout-flex\">\n<div class=\"wp-block-column is-layout-flow wp-block-column-is-layout-flow\">\n<figure class=\"wp-block-image size-full\"><img decoding=\"async\" width=\"1773\" height=\"2364\" src=\"https:\/\/www.yishengpack.com\/wp-content\/uploads\/2025\/10\/Wholesale-High-Quality-Gift-Bags-Custom-Kraft-Paper-Bag-with-Logo-Handle-for-Festival-1.webp\" alt=\"bolsas de papel de navidad al por mayor bolsas de papel kraft personalizadas-1\" class=\"wp-image-2375\" srcset=\"https:\/\/www.yishengpack.com\/wp-content\/uploads\/2025\/10\/Wholesale-High-Quality-Gift-Bags-Custom-Kraft-Paper-Bag-with-Logo-Handle-for-Festival-1.webp 1773w, https:\/\/www.yishengpack.com\/wp-content\/uploads\/2025\/10\/Wholesale-High-Quality-Gift-Bags-Custom-Kraft-Paper-Bag-with-Logo-Handle-for-Festival-1-225x300.webp 225w, https:\/\/www.yishengpack.com\/wp-content\/uploads\/2025\/10\/Wholesale-High-Quality-Gift-Bags-Custom-Kraft-Paper-Bag-with-Logo-Handle-for-Festival-1-768x1024.webp 768w, https:\/\/www.yishengpack.com\/wp-content\/uploads\/2025\/10\/Wholesale-High-Quality-Gift-Bags-Custom-Kraft-Paper-Bag-with-Logo-Handle-for-Festival-1-9x12.webp 9w, https:\/\/www.yishengpack.com\/wp-content\/uploads\/2025\/10\/Wholesale-High-Quality-Gift-Bags-Custom-Kraft-Paper-Bag-with-Logo-Handle-for-Festival-1-1200x1600.webp 1200w, https:\/\/www.yishengpack.com\/wp-content\/uploads\/2025\/10\/Wholesale-High-Quality-Gift-Bags-Custom-Kraft-Paper-Bag-with-Logo-Handle-for-Festival-1-600x800.webp 600w\" sizes=\"(max-width: 1773px) 100vw, 1773px\" \/><\/figure>\n\n\n\n<div class=\"wp-block-buttons has-custom-font-size has-small-font-size is-content-justification-center is-layout-flex wp-container-core-buttons-is-layout-16018d1d wp-block-buttons-is-layout-flex\">\n<div class=\"wp-block-button has-custom-width wp-block-button__width-75\"><a class=\"wp-block-button__link has-background has-small-font-size has-custom-font-size wp-element-button\" href=\"https:\/\/www.yishengpack.com\/es\/custom-printed-box\/\" style=\"background:linear-gradient(135deg,rgb(254,205,165) 0%,rgb(254,45,45) 0%,rgb(94,15,15) 0%,rgb(94,15,15) 100%)\" target=\"_blank\" rel=\"noreferrer noopener\"><strong>Explorar las cajas impresas personalizadas<\/strong><\/a><\/div>\n<\/div>\n<\/div>\n\n\n\n<div class=\"wp-block-column is-layout-flow wp-block-column-is-layout-flow\">\n<figure class=\"wp-block-image size-full\"><img decoding=\"async\" width=\"1773\" height=\"2364\" src=\"https:\/\/www.yishengpack.com\/wp-content\/uploads\/2025\/10\/Wholesale-High-Quality-Gift-Bags-Custom-Kraft-Paper-Bag-with-Logo-Handle-for-Festival-4.webp\" alt=\"bolsas de papel de navidad al por mayor bolsas de papel kraft personalizadas-4\" class=\"wp-image-2378\" srcset=\"https:\/\/www.yishengpack.com\/wp-content\/uploads\/2025\/10\/Wholesale-High-Quality-Gift-Bags-Custom-Kraft-Paper-Bag-with-Logo-Handle-for-Festival-4.webp 1773w, https:\/\/www.yishengpack.com\/wp-content\/uploads\/2025\/10\/Wholesale-High-Quality-Gift-Bags-Custom-Kraft-Paper-Bag-with-Logo-Handle-for-Festival-4-225x300.webp 225w, https:\/\/www.yishengpack.com\/wp-content\/uploads\/2025\/10\/Wholesale-High-Quality-Gift-Bags-Custom-Kraft-Paper-Bag-with-Logo-Handle-for-Festival-4-768x1024.webp 768w, https:\/\/www.yishengpack.com\/wp-content\/uploads\/2025\/10\/Wholesale-High-Quality-Gift-Bags-Custom-Kraft-Paper-Bag-with-Logo-Handle-for-Festival-4-9x12.webp 9w, https:\/\/www.yishengpack.com\/wp-content\/uploads\/2025\/10\/Wholesale-High-Quality-Gift-Bags-Custom-Kraft-Paper-Bag-with-Logo-Handle-for-Festival-4-1200x1600.webp 1200w, https:\/\/www.yishengpack.com\/wp-content\/uploads\/2025\/10\/Wholesale-High-Quality-Gift-Bags-Custom-Kraft-Paper-Bag-with-Logo-Handle-for-Festival-4-600x800.webp 600w\" sizes=\"(max-width: 1773px) 100vw, 1773px\" \/><\/figure>\n\n\n\n<div class=\"wp-block-buttons is-content-justification-center is-layout-flex wp-container-core-buttons-is-layout-16018d1d wp-block-buttons-is-layout-flex\">\n<div class=\"wp-block-button has-custom-width wp-block-button__width-75\"><a class=\"wp-block-button__link has-background has-small-font-size has-custom-font-size wp-element-button\" href=\"https:\/\/www.yishengpack.com\/es\/custom-product-boxes-types\/\" style=\"background:linear-gradient(135deg,rgb(254,205,165) 0%,rgb(254,45,45) 0%,rgb(94,15,15) 0%)\" target=\"_blank\" rel=\"noreferrer noopener\"><strong>Explorar Custom H<\/strong>andle Estilos<\/a><\/div>\n<\/div>\n<\/div>\n<\/div>","protected":false},"excerpt":{"rendered":"<p>Le damos la bienvenida a la compra al por mayor de nuestras bolsas de papel de regalo navide\u00f1as, fabricadas en papel kraft de alta resistencia, con asas robustas, y que pueden imprimirse con logotipos de marcas y dise\u00f1os festivos. Estas bolsas de regalo duraderas y modernas pueden contener productos alimenticios, accesorios hechos a mano, peque\u00f1os regalos y mucho m\u00e1s. Ideales para empaquetar regalos en ocasiones especiales, grandes almacenes o promociones y ventas navide\u00f1as. Cree un ambiente navide\u00f1o distintivo para su marca.<\/p>\n<h2>Aspectos destacados de las bolsas de papel para regalo de Navidad al por mayor<\/h2>\n<ul>\n<li>Materiales de alta calidad<\/li>\n<li>Personalizaci\u00f3n<\/li>\n<li>Amplia artesan\u00eda de impresi\u00f3n<\/li>\n<li>Varios tama\u00f1os<\/li>\n<li>Colores vivos<\/li>\n<li>Construcci\u00f3n robusta<\/li>\n<li>Varios estilos de asas <\/li>\n<li>Inserci\u00f3n personalizada<\/li>\n<\/ul>","protected":false},"featured_media":2375,"comment_status":"closed","ping_status":"closed","template":"","meta":{"_acf_changed":false},"box-type":[52,50],"product_brand":[],"product_cat":[34,37],"product_tag":[],"class_list":{"0":"post-2374","1":"product","2":"type-product","3":"status-publish","4":"has-post-thumbnail","6":"box-type-custom-rope-handle-paper-bags","7":"box-type-custom-twisted-handle-paper-bags","8":"product_cat-paper-bags-wholesale","9":"product_cat-paper-gift-bags-bulk","11":"first","12":"instock","13":"shipping-taxable","14":"product-type-simple"},"acf":[],"_links":{"self":[{"href":"https:\/\/www.yishengpack.com\/es\/wp-json\/wp\/v2\/product\/2374","targetHints":{"allow":["GET"]}}],"collection":[{"href":"https:\/\/www.yishengpack.com\/es\/wp-json\/wp\/v2\/product"}],"about":[{"href":"https:\/\/www.yishengpack.com\/es\/wp-json\/wp\/v2\/types\/product"}],"replies":[{"embeddable":true,"href":"https:\/\/www.yishengpack.com\/es\/wp-json\/wp\/v2\/comments?post=2374"}],"wp:featuredmedia":[{"embeddable":true,"href":"https:\/\/www.yishengpack.com\/es\/wp-json\/wp\/v2\/media\/2375"}],"wp:attachment":[{"href":"https:\/\/www.yishengpack.com\/es\/wp-json\/wp\/v2\/media?parent=2374"}],"wp:term":[{"taxonomy":"box-type","embeddable":true,"href":"https:\/\/www.yishengpack.com\/es\/wp-json\/wp\/v2\/box-type?post=2374"},{"taxonomy":"product_brand","embeddable":true,"href":"https:\/\/www.yishengpack.com\/es\/wp-json\/wp\/v2\/product_brand?post=2374"},{"taxonomy":"product_cat","embeddable":true,"href":"https:\/\/www.yishengpack.com\/es\/wp-json\/wp\/v2\/product_cat?post=2374"},{"taxonomy":"product_tag","embeddable":true,"href":"https:\/\/www.yishengpack.com\/es\/wp-json\/wp\/v2\/product_tag?post=2374"}],"curies":[{"name":"wp","href":"https:\/\/api.w.org\/{rel}","templated":true}]}}