{"id":2312,"date":"2025-10-29T03:54:29","date_gmt":"2025-10-29T03:54:29","guid":{"rendered":"https:\/\/www.yishengpack.com\/?post_type=product&#038;p=2312"},"modified":"2025-10-29T03:56:46","modified_gmt":"2025-10-29T03:56:46","slug":"custom-printed-candy-gift-boxes","status":"publish","type":"product","link":"https:\/\/www.yishengpack.com\/es\/producto\/custom-printed-candy-gift-boxes\/","title":{"rendered":"Cajas de regalo para caramelos impresas a medida, cajas r\u00edgidas magn\u00e9ticas de primera calidad a granel"},"content":{"rendered":"<div class=\"wp-block-columns is-layout-flex wp-container-core-columns-is-layout-9d6595d7 wp-block-columns-is-layout-flex\">\n<div class=\"wp-block-column is-layout-flow wp-block-column-is-layout-flow\">\n<h3 class=\"wp-block-heading\">Features of Custom Printed Candy Gift Boxes<\/h3>\n\n\n\n<p><strong>Magnetic Closure for Luxe Unboxing:<\/strong> The premium luxury magnetic rigid boxes close with a magnetic fold to create an entirely contemporary feel for unboxing your beautiful items. Ideal for presentation of chocolates, toffees, mochi, and small cakes, this creates a big bang for a little chocolate gift.<\/p>\n\n\n\n<p><strong>Custom Divided Inserts:<\/strong> These custom printed candy gift boxes also come outfitted with custom dividers designed to accommodate chocolates, toffees, mochi, or small cakes, providing a boxed treat with a safe and immaculate presentation.<\/p>\n\n\n\n<p><strong>Premium Construction for Protection:<\/strong> Designed with premium materials, these custom printed candy gift boxes have a sturdiness that will provide consistent protection for chocolates, mochi, toffees, or small cakes for gifting and storage.<\/p>\n\n\n\n<p><strong>Luxury Design Options:<\/strong> The custom printed candy gift boxes include luxurious design options. From classic designs to metallic accents and thematic designs, these will make the box visually stunning, perfect for packaging gourmet chocolates, confections, toffees, or chocolate truffles, while still looking delicious.<\/p>\n\n\n\n<p><strong>Fully Branded Customization: <\/strong>The luxury magnetic rigid boxes can accommodate fully branded customization options, meaning any of these boxes can be resized, fitted in color, fitted with a logo or artwork design, and selected surface finishes can be used, opening the options available to meet your unique branding needs.<\/p>\n<\/div>\n\n\n\n<div class=\"wp-block-column is-layout-flow wp-block-column-is-layout-flow\">\n<figure class=\"wp-block-image size-full\"><img decoding=\"async\" width=\"2048\" height=\"2048\" src=\"https:\/\/www.yishengpack.com\/wp-content\/uploads\/2025\/10\/Top-Grade-Luxury-Gift-Box-Wholesale-Bulk-Magnetic-Paper-Box-with-Custom-Inner-Tray-2.webp\" alt=\"custom-printed-candy-gift-boxes-magnetic-rigid-boxes-bulk-2\" class=\"wp-image-2333\" srcset=\"https:\/\/www.yishengpack.com\/wp-content\/uploads\/2025\/10\/Top-Grade-Luxury-Gift-Box-Wholesale-Bulk-Magnetic-Paper-Box-with-Custom-Inner-Tray-2.webp 2048w, https:\/\/www.yishengpack.com\/wp-content\/uploads\/2025\/10\/Top-Grade-Luxury-Gift-Box-Wholesale-Bulk-Magnetic-Paper-Box-with-Custom-Inner-Tray-2-300x300.webp 300w, https:\/\/www.yishengpack.com\/wp-content\/uploads\/2025\/10\/Top-Grade-Luxury-Gift-Box-Wholesale-Bulk-Magnetic-Paper-Box-with-Custom-Inner-Tray-2-150x150.webp 150w, https:\/\/www.yishengpack.com\/wp-content\/uploads\/2025\/10\/Top-Grade-Luxury-Gift-Box-Wholesale-Bulk-Magnetic-Paper-Box-with-Custom-Inner-Tray-2-768x768.webp 768w, https:\/\/www.yishengpack.com\/wp-content\/uploads\/2025\/10\/Top-Grade-Luxury-Gift-Box-Wholesale-Bulk-Magnetic-Paper-Box-with-Custom-Inner-Tray-2-12x12.webp 12w, https:\/\/www.yishengpack.com\/wp-content\/uploads\/2025\/10\/Top-Grade-Luxury-Gift-Box-Wholesale-Bulk-Magnetic-Paper-Box-with-Custom-Inner-Tray-2-1200x1200.webp 1200w, https:\/\/www.yishengpack.com\/wp-content\/uploads\/2025\/10\/Top-Grade-Luxury-Gift-Box-Wholesale-Bulk-Magnetic-Paper-Box-with-Custom-Inner-Tray-2-600x600.webp 600w, https:\/\/www.yishengpack.com\/wp-content\/uploads\/2025\/10\/Top-Grade-Luxury-Gift-Box-Wholesale-Bulk-Magnetic-Paper-Box-with-Custom-Inner-Tray-2-100x100.webp 100w\" sizes=\"(max-width: 2048px) 100vw, 2048px\" \/><\/figure>\n<\/div>\n<\/div>\n\n\n\n<div class=\"wp-block-columns is-layout-flex wp-container-core-columns-is-layout-9d6595d7 wp-block-columns-is-layout-flex\">\n<div class=\"wp-block-column is-layout-flow wp-block-column-is-layout-flow\">\n<figure class=\"wp-block-image size-full\"><img decoding=\"async\" width=\"2048\" height=\"2048\" src=\"https:\/\/www.yishengpack.com\/wp-content\/uploads\/2025\/10\/Top-Grade-Luxury-Gift-Box-Wholesale-Bulk-Magnetic-Paper-Box-with-Custom-Inner-Tray-6.webp\" alt=\"custom-printed-candy-gift-boxes-magnetic-rigid-boxes-bulk-6\" class=\"wp-image-2337\" srcset=\"https:\/\/www.yishengpack.com\/wp-content\/uploads\/2025\/10\/Top-Grade-Luxury-Gift-Box-Wholesale-Bulk-Magnetic-Paper-Box-with-Custom-Inner-Tray-6.webp 2048w, https:\/\/www.yishengpack.com\/wp-content\/uploads\/2025\/10\/Top-Grade-Luxury-Gift-Box-Wholesale-Bulk-Magnetic-Paper-Box-with-Custom-Inner-Tray-6-300x300.webp 300w, https:\/\/www.yishengpack.com\/wp-content\/uploads\/2025\/10\/Top-Grade-Luxury-Gift-Box-Wholesale-Bulk-Magnetic-Paper-Box-with-Custom-Inner-Tray-6-150x150.webp 150w, https:\/\/www.yishengpack.com\/wp-content\/uploads\/2025\/10\/Top-Grade-Luxury-Gift-Box-Wholesale-Bulk-Magnetic-Paper-Box-with-Custom-Inner-Tray-6-768x768.webp 768w, https:\/\/www.yishengpack.com\/wp-content\/uploads\/2025\/10\/Top-Grade-Luxury-Gift-Box-Wholesale-Bulk-Magnetic-Paper-Box-with-Custom-Inner-Tray-6-12x12.webp 12w, https:\/\/www.yishengpack.com\/wp-content\/uploads\/2025\/10\/Top-Grade-Luxury-Gift-Box-Wholesale-Bulk-Magnetic-Paper-Box-with-Custom-Inner-Tray-6-1200x1200.webp 1200w, https:\/\/www.yishengpack.com\/wp-content\/uploads\/2025\/10\/Top-Grade-Luxury-Gift-Box-Wholesale-Bulk-Magnetic-Paper-Box-with-Custom-Inner-Tray-6-600x600.webp 600w, https:\/\/www.yishengpack.com\/wp-content\/uploads\/2025\/10\/Top-Grade-Luxury-Gift-Box-Wholesale-Bulk-Magnetic-Paper-Box-with-Custom-Inner-Tray-6-100x100.webp 100w\" sizes=\"(max-width: 2048px) 100vw, 2048px\" \/><\/figure>\n\n\n\n<div class=\"wp-block-buttons has-custom-font-size has-small-font-size is-content-justification-center is-layout-flex wp-container-core-buttons-is-layout-16018d1d wp-block-buttons-is-layout-flex\">\n<div class=\"wp-block-button has-custom-width wp-block-button__width-75\"><a class=\"wp-block-button__link has-background has-small-font-size has-custom-font-size wp-element-button\" href=\"https:\/\/www.yishengpack.com\/es\/custom-printed-box\/\" style=\"background:linear-gradient(135deg,rgb(254,205,165) 0%,rgb(254,45,45) 0%,rgb(94,15,15) 0%,rgb(94,15,15) 100%)\" target=\"_blank\" rel=\"noreferrer noopener\"><strong>Explorar las cajas impresas personalizadas<\/strong><\/a><\/div>\n<\/div>\n<\/div>\n\n\n\n<div class=\"wp-block-column has-small-font-size is-layout-flow wp-block-column-is-layout-flow\">\n<figure class=\"wp-block-image size-full\"><img decoding=\"async\" width=\"2048\" height=\"2048\" src=\"https:\/\/www.yishengpack.com\/wp-content\/uploads\/2025\/10\/Top-Grade-Luxury-Gift-Box-Wholesale-Bulk-Magnetic-Paper-Box-with-Custom-Inner-Tray-5.webp\" alt=\"custom-printed-candy-gift-boxes-magnetic-rigid-boxes-bulk-5\" class=\"wp-image-2336\" srcset=\"https:\/\/www.yishengpack.com\/wp-content\/uploads\/2025\/10\/Top-Grade-Luxury-Gift-Box-Wholesale-Bulk-Magnetic-Paper-Box-with-Custom-Inner-Tray-5.webp 2048w, https:\/\/www.yishengpack.com\/wp-content\/uploads\/2025\/10\/Top-Grade-Luxury-Gift-Box-Wholesale-Bulk-Magnetic-Paper-Box-with-Custom-Inner-Tray-5-300x300.webp 300w, https:\/\/www.yishengpack.com\/wp-content\/uploads\/2025\/10\/Top-Grade-Luxury-Gift-Box-Wholesale-Bulk-Magnetic-Paper-Box-with-Custom-Inner-Tray-5-150x150.webp 150w, https:\/\/www.yishengpack.com\/wp-content\/uploads\/2025\/10\/Top-Grade-Luxury-Gift-Box-Wholesale-Bulk-Magnetic-Paper-Box-with-Custom-Inner-Tray-5-768x768.webp 768w, https:\/\/www.yishengpack.com\/wp-content\/uploads\/2025\/10\/Top-Grade-Luxury-Gift-Box-Wholesale-Bulk-Magnetic-Paper-Box-with-Custom-Inner-Tray-5-12x12.webp 12w, https:\/\/www.yishengpack.com\/wp-content\/uploads\/2025\/10\/Top-Grade-Luxury-Gift-Box-Wholesale-Bulk-Magnetic-Paper-Box-with-Custom-Inner-Tray-5-1200x1200.webp 1200w, https:\/\/www.yishengpack.com\/wp-content\/uploads\/2025\/10\/Top-Grade-Luxury-Gift-Box-Wholesale-Bulk-Magnetic-Paper-Box-with-Custom-Inner-Tray-5-600x600.webp 600w, https:\/\/www.yishengpack.com\/wp-content\/uploads\/2025\/10\/Top-Grade-Luxury-Gift-Box-Wholesale-Bulk-Magnetic-Paper-Box-with-Custom-Inner-Tray-5-100x100.webp 100w\" sizes=\"(max-width: 2048px) 100vw, 2048px\" \/><\/figure>\n\n\n\n<div class=\"wp-block-buttons is-content-justification-center is-layout-flex wp-container-core-buttons-is-layout-16018d1d wp-block-buttons-is-layout-flex\">\n<div class=\"wp-block-button has-custom-width wp-block-button__width-75\"><a class=\"wp-block-button__link has-background has-small-font-size has-custom-font-size wp-element-button\" href=\"https:\/\/www.yishengpack.com\/es\/custom-box-inserts-accessories\/\" style=\"background:linear-gradient(135deg,rgb(254,205,165) 0%,rgb(254,45,45) 0%,rgb(94,15,15) 0%)\" target=\"_blank\" rel=\"noreferrer noopener\"><strong>Explorar los insertos personalizados para cajas<\/strong><\/a><\/div>\n<\/div>\n<\/div>\n<\/div>\n\n\n\n<p><\/p>","protected":false},"excerpt":{"rendered":"<p>Bienvenido a la venta al por mayor de nuestras cajas r\u00edgidas magn\u00e9ticas de lujo de primera calidad. Estas cajas de regalo para dulces impresas a medida son perfectas para envasar chocolates, toffees, mini pasteles, mochi y mucho m\u00e1s. Se trata de un dise\u00f1o elegante fabricado con cart\u00f3n de primera calidad que combina lujo y funcionalidad, y que resulta ideal tanto para regalos festivos como para la exposici\u00f3n de productos de alta gama, desde chocolates con caramelo hasta mochi brillante. Puede personalizar los colores, tama\u00f1os, formas e incluso logotipos e inserciones personalizadas para mostrar su marca con estilo para un producto de chocolate de alta gama.<\/p>\n<h2>Lo m\u00e1s destacado de las cajas de regalo para dulces con impresi\u00f3n personalizada<\/h2>\n<ul>\n<li>Personalizaci\u00f3n de gama alta<\/li>\n<li>Materiales impermeables<\/li>\n<li>Artesan\u00eda duradera<\/li>\n<li>Construcci\u00f3n robusta<\/li>\n<li>M\u00faltiples tipos de cajas<\/li>\n<li>Amplias opciones de impresi\u00f3n<\/li>\n<li>Colores vivos<\/li>\n<li>Insertos personalizados para divisiones<\/li>\n<\/ul>\n<p>&nbsp;<\/p>","protected":false},"featured_media":2332,"comment_status":"closed","ping_status":"closed","template":"","meta":{"_acf_changed":false},"box-type":[54,57],"product_brand":[],"product_cat":[30,19,41,46,31,32,33,44],"product_tag":[],"class_list":{"0":"post-2312","1":"product","2":"type-product","3":"status-publish","4":"has-post-thumbnail","6":"box-type-custom-magnetic-closure-boxes","7":"box-type-custom-rigid-box-with-lid","8":"product_cat-cake-containers-wholesale","9":"product_cat-luxury-gift-boxes-wholesale","10":"product_cat-candy-gift-boxes-wholesale","11":"product_cat-wholesale-paper-boxes","12":"product_cat-wholesale-charcuterie-boxes","13":"product_cat-bakery-packaging-wholesale","14":"product_cat-food-packaging-boxes-wholesale","15":"product_cat-custom-snack-box","17":"first","18":"instock","19":"shipping-taxable","20":"product-type-simple"},"acf":[],"_links":{"self":[{"href":"https:\/\/www.yishengpack.com\/es\/wp-json\/wp\/v2\/product\/2312","targetHints":{"allow":["GET"]}}],"collection":[{"href":"https:\/\/www.yishengpack.com\/es\/wp-json\/wp\/v2\/product"}],"about":[{"href":"https:\/\/www.yishengpack.com\/es\/wp-json\/wp\/v2\/types\/product"}],"replies":[{"embeddable":true,"href":"https:\/\/www.yishengpack.com\/es\/wp-json\/wp\/v2\/comments?post=2312"}],"wp:featuredmedia":[{"embeddable":true,"href":"https:\/\/www.yishengpack.com\/es\/wp-json\/wp\/v2\/media\/2332"}],"wp:attachment":[{"href":"https:\/\/www.yishengpack.com\/es\/wp-json\/wp\/v2\/media?parent=2312"}],"wp:term":[{"taxonomy":"box-type","embeddable":true,"href":"https:\/\/www.yishengpack.com\/es\/wp-json\/wp\/v2\/box-type?post=2312"},{"taxonomy":"product_brand","embeddable":true,"href":"https:\/\/www.yishengpack.com\/es\/wp-json\/wp\/v2\/product_brand?post=2312"},{"taxonomy":"product_cat","embeddable":true,"href":"https:\/\/www.yishengpack.com\/es\/wp-json\/wp\/v2\/product_cat?post=2312"},{"taxonomy":"product_tag","embeddable":true,"href":"https:\/\/www.yishengpack.com\/es\/wp-json\/wp\/v2\/product_tag?post=2312"}],"curies":[{"name":"wp","href":"https:\/\/api.w.org\/{rel}","templated":true}]}}