{"id":2278,"date":"2025-11-07T08:16:15","date_gmt":"2025-11-07T08:16:15","guid":{"rendered":"https:\/\/www.yishengpack.com\/?post_type=product&#038;p=2278"},"modified":"2025-11-09T06:41:07","modified_gmt":"2025-11-09T06:41:07","slug":"bulk-shipping-boxes","status":"publish","type":"product","link":"https:\/\/www.yishengpack.com\/es\/producto\/bulk-shipping-boxes\/","title":{"rendered":"Cajas de env\u00edo a granel de la f\u00e1brica, cajas de env\u00edo acanaladas de encargo"},"content":{"rendered":"<div class=\"wp-block-columns is-layout-flex wp-container-core-columns-is-layout-9d6595d7 wp-block-columns-is-layout-flex\">\n<div class=\"wp-block-column is-layout-flow wp-block-column-is-layout-flow\">\n<h3 class=\"wp-block-heading\">Caracter\u00edsticas de las cajas de env\u00edo a granel<\/h3>\n\n\n\n<p><strong>Estructura de f\u00e1cil montaje: <\/strong>Las cajas para env\u00edos a granel tienen una estructura f\u00e1cil de montar, lo que ahorra mucho espacio de almacenamiento y env\u00edo y reduce los costes log\u00edsticos. Son ideales para empresas que realizan env\u00edos a granel de ropa, textiles para el hogar y productos de belleza.<\/p>\n\n\n\n<p><strong>Fuerte para la protecci\u00f3n de art\u00edculos:<\/strong> Fabricadas con cart\u00f3n resistente, estas cajas de env\u00edo a granel son duraderas y ofrecen una protecci\u00f3n fiable para la ropa, los cosm\u00e9ticos, el cuidado de la piel y otros art\u00edculos, garantizando que permanezcan intactos durante cualquier transici\u00f3n.<\/p>\n\n\n\n<p><strong>Opciones de colores brillantes: <\/strong>Las cajas de cart\u00f3n ondulado personalizadas pueden estar disponibles en colores vivos. Colores como el coral, el verde y el lavanda hacen que la caja resulte divertida a la vista, adecuada para la marca y que sea una experiencia agradable al abrirla.<\/p>\n\n\n\n<p><strong>Completamente personalizable para la marca:<\/strong> Las cajas de env\u00edo a granel se pueden personalizar por completo, lo que permite cambiar el tama\u00f1o, imprimir logotipos o dise\u00f1os de la marca y seleccionar acabados de superficie que se ajusten a las necesidades de marca exclusivas de las marcas de moda, textiles para el hogar y belleza.<\/p>\n<\/div>\n\n\n\n<div class=\"wp-block-column is-layout-flow wp-block-column-is-layout-flow\">\n<figure class=\"wp-block-image size-full\"><img decoding=\"async\" width=\"2048\" height=\"2048\" src=\"https:\/\/www.yishengpack.com\/wp-content\/uploads\/2025\/10\/Personalized-Custom-Shipping-Boxes-Wholesale-Corrugated-Mailing-Box-with-Logo-2.webp\" alt=\"factory-bulk-shipping-boxes-custom-corrugated-mailing-boxes-2\" class=\"wp-image-2280\" srcset=\"https:\/\/www.yishengpack.com\/wp-content\/uploads\/2025\/10\/Personalized-Custom-Shipping-Boxes-Wholesale-Corrugated-Mailing-Box-with-Logo-2.webp 2048w, https:\/\/www.yishengpack.com\/wp-content\/uploads\/2025\/10\/Personalized-Custom-Shipping-Boxes-Wholesale-Corrugated-Mailing-Box-with-Logo-2-300x300.webp 300w, https:\/\/www.yishengpack.com\/wp-content\/uploads\/2025\/10\/Personalized-Custom-Shipping-Boxes-Wholesale-Corrugated-Mailing-Box-with-Logo-2-150x150.webp 150w, https:\/\/www.yishengpack.com\/wp-content\/uploads\/2025\/10\/Personalized-Custom-Shipping-Boxes-Wholesale-Corrugated-Mailing-Box-with-Logo-2-768x768.webp 768w, https:\/\/www.yishengpack.com\/wp-content\/uploads\/2025\/10\/Personalized-Custom-Shipping-Boxes-Wholesale-Corrugated-Mailing-Box-with-Logo-2-12x12.webp 12w, https:\/\/www.yishengpack.com\/wp-content\/uploads\/2025\/10\/Personalized-Custom-Shipping-Boxes-Wholesale-Corrugated-Mailing-Box-with-Logo-2-1200x1200.webp 1200w, https:\/\/www.yishengpack.com\/wp-content\/uploads\/2025\/10\/Personalized-Custom-Shipping-Boxes-Wholesale-Corrugated-Mailing-Box-with-Logo-2-600x600.webp 600w, https:\/\/www.yishengpack.com\/wp-content\/uploads\/2025\/10\/Personalized-Custom-Shipping-Boxes-Wholesale-Corrugated-Mailing-Box-with-Logo-2-100x100.webp 100w\" sizes=\"(max-width: 2048px) 100vw, 2048px\" \/><\/figure>\n<\/div>\n<\/div>\n\n\n\n<div class=\"wp-block-columns is-layout-flex wp-container-core-columns-is-layout-9d6595d7 wp-block-columns-is-layout-flex\">\n<div class=\"wp-block-column is-layout-flow wp-block-column-is-layout-flow\">\n<figure class=\"wp-block-image size-full\"><img decoding=\"async\" width=\"2048\" height=\"2048\" src=\"https:\/\/www.yishengpack.com\/wp-content\/uploads\/2025\/10\/Personalized-Custom-Shipping-Boxes-Wholesale-Corrugated-Mailing-Box-with-Logo-4.webp\" alt=\"factory-bulk-shipping-boxes-custom-corrugated-mailing-boxes-4\" class=\"wp-image-2282\" srcset=\"https:\/\/www.yishengpack.com\/wp-content\/uploads\/2025\/10\/Personalized-Custom-Shipping-Boxes-Wholesale-Corrugated-Mailing-Box-with-Logo-4.webp 2048w, https:\/\/www.yishengpack.com\/wp-content\/uploads\/2025\/10\/Personalized-Custom-Shipping-Boxes-Wholesale-Corrugated-Mailing-Box-with-Logo-4-300x300.webp 300w, https:\/\/www.yishengpack.com\/wp-content\/uploads\/2025\/10\/Personalized-Custom-Shipping-Boxes-Wholesale-Corrugated-Mailing-Box-with-Logo-4-150x150.webp 150w, https:\/\/www.yishengpack.com\/wp-content\/uploads\/2025\/10\/Personalized-Custom-Shipping-Boxes-Wholesale-Corrugated-Mailing-Box-with-Logo-4-768x768.webp 768w, https:\/\/www.yishengpack.com\/wp-content\/uploads\/2025\/10\/Personalized-Custom-Shipping-Boxes-Wholesale-Corrugated-Mailing-Box-with-Logo-4-12x12.webp 12w, https:\/\/www.yishengpack.com\/wp-content\/uploads\/2025\/10\/Personalized-Custom-Shipping-Boxes-Wholesale-Corrugated-Mailing-Box-with-Logo-4-1200x1200.webp 1200w, https:\/\/www.yishengpack.com\/wp-content\/uploads\/2025\/10\/Personalized-Custom-Shipping-Boxes-Wholesale-Corrugated-Mailing-Box-with-Logo-4-600x600.webp 600w, https:\/\/www.yishengpack.com\/wp-content\/uploads\/2025\/10\/Personalized-Custom-Shipping-Boxes-Wholesale-Corrugated-Mailing-Box-with-Logo-4-100x100.webp 100w\" sizes=\"(max-width: 2048px) 100vw, 2048px\" \/><\/figure>\n\n\n\n<div class=\"wp-block-buttons has-custom-font-size has-small-font-size is-content-justification-center is-layout-flex wp-container-core-buttons-is-layout-16018d1d wp-block-buttons-is-layout-flex\">\n<div class=\"wp-block-button has-custom-width wp-block-button__width-75\"><a class=\"wp-block-button__link has-background has-small-font-size has-custom-font-size wp-element-button\" href=\"https:\/\/www.yishengpack.com\/es\/custom-printed-box\/\" style=\"background:linear-gradient(135deg,rgb(254,205,165) 0%,rgb(254,45,45) 0%,rgb(94,15,15) 0%,rgb(94,15,15) 100%)\" target=\"_blank\" rel=\"noreferrer noopener\"><strong>Explorar las cajas impresas personalizadas<\/strong><\/a><\/div>\n<\/div>\n<\/div>\n\n\n\n<div class=\"wp-block-column is-layout-flow wp-block-column-is-layout-flow\">\n<figure class=\"wp-block-image size-full\"><img decoding=\"async\" width=\"2048\" height=\"2048\" src=\"https:\/\/www.yishengpack.com\/wp-content\/uploads\/2025\/10\/Personalized-Custom-Shipping-Boxes-Wholesale-Corrugated-Mailing-Box-with-Logo-6.webp\" alt=\"factory-bulk-shipping-boxes-custom-corrugated-mailing-boxes-6\" class=\"wp-image-2284\" srcset=\"https:\/\/www.yishengpack.com\/wp-content\/uploads\/2025\/10\/Personalized-Custom-Shipping-Boxes-Wholesale-Corrugated-Mailing-Box-with-Logo-6.webp 2048w, https:\/\/www.yishengpack.com\/wp-content\/uploads\/2025\/10\/Personalized-Custom-Shipping-Boxes-Wholesale-Corrugated-Mailing-Box-with-Logo-6-300x300.webp 300w, https:\/\/www.yishengpack.com\/wp-content\/uploads\/2025\/10\/Personalized-Custom-Shipping-Boxes-Wholesale-Corrugated-Mailing-Box-with-Logo-6-150x150.webp 150w, https:\/\/www.yishengpack.com\/wp-content\/uploads\/2025\/10\/Personalized-Custom-Shipping-Boxes-Wholesale-Corrugated-Mailing-Box-with-Logo-6-768x768.webp 768w, https:\/\/www.yishengpack.com\/wp-content\/uploads\/2025\/10\/Personalized-Custom-Shipping-Boxes-Wholesale-Corrugated-Mailing-Box-with-Logo-6-12x12.webp 12w, https:\/\/www.yishengpack.com\/wp-content\/uploads\/2025\/10\/Personalized-Custom-Shipping-Boxes-Wholesale-Corrugated-Mailing-Box-with-Logo-6-1200x1200.webp 1200w, https:\/\/www.yishengpack.com\/wp-content\/uploads\/2025\/10\/Personalized-Custom-Shipping-Boxes-Wholesale-Corrugated-Mailing-Box-with-Logo-6-600x600.webp 600w, https:\/\/www.yishengpack.com\/wp-content\/uploads\/2025\/10\/Personalized-Custom-Shipping-Boxes-Wholesale-Corrugated-Mailing-Box-with-Logo-6-100x100.webp 100w\" sizes=\"(max-width: 2048px) 100vw, 2048px\" \/><\/figure>\n\n\n\n<div class=\"wp-block-buttons has-custom-font-size has-small-font-size is-content-justification-center is-layout-flex wp-container-core-buttons-is-layout-16018d1d wp-block-buttons-is-layout-flex\">\n<div class=\"wp-block-button has-custom-width wp-block-button__width-75\"><a class=\"wp-block-button__link has-background has-small-font-size has-custom-font-size wp-element-button\" href=\"https:\/\/www.yishengpack.com\/es\/custom-box-inserts-accessories\/\" style=\"background:linear-gradient(135deg,rgb(254,205,165) 0%,rgb(254,45,45) 0%,rgb(94,15,15) 0%)\" target=\"_blank\" rel=\"noreferrer noopener\"><strong>Explorar los insertos personalizados para cajas<\/strong><\/a><\/div>\n<\/div>\n<\/div>\n<\/div>","protected":false},"excerpt":{"rendered":"<p>Bienvenido a comprar nuestras cajas de env\u00edo a granel. Estas cajas de cart\u00f3n ondulado personalizadas est\u00e1n hechas de cart\u00f3n duradero y ecol\u00f3gico con protecci\u00f3n multicapa para un env\u00edo seguro a granel. Son adecuadas para embalar ropa, pantalones, s\u00e1banas, edredones, fundas de almohada, cosm\u00e9ticos y mucho m\u00e1s. Admiten la impresi\u00f3n de logotipos y tama\u00f1os personalizados, proporcionando una soluci\u00f3n fiable y profesional para pedidos al por mayor.<\/p>\n<h2>Aspectos destacados de las cajas para env\u00edos a granel<\/h2>\n<ul>\n<li>Artesan\u00eda duradera<\/li>\n<li>Posibilidad de personalizaci\u00f3n completa<\/li>\n<li>Materiales de primera calidad<\/li>\n<li>Diversas manipulaciones de impresi\u00f3n<\/li>\n<li>Varios tama\u00f1os de caja<\/li>\n<li>M\u00faltiples colores<\/li>\n<li>Construcci\u00f3n robusta<\/li>\n<li>Inserci\u00f3n personalizada<\/li>\n<\/ul>","protected":false},"featured_media":2279,"comment_status":"closed","ping_status":"closed","template":"","meta":{"_acf_changed":false},"box-type":[55,59,57],"product_brand":[],"product_cat":[40,19,66,65,39,69,67],"product_tag":[],"class_list":{"0":"post-2278","1":"product","2":"type-product","3":"status-publish","4":"has-post-thumbnail","6":"box-type-custom-foldable-boxes","7":"box-type-custom-mailer-boxes","8":"box-type-custom-rigid-box-with-lid","9":"product_cat-custom-jewelry-boxes","10":"product_cat-luxury-gift-boxes-wholesale","11":"product_cat-custom-apparel-boxes","12":"product_cat-custom-cosmetic-boxes","13":"product_cat-custom-perfume-boxes","14":"product_cat-custom-retail-boxes","15":"product_cat-custom-shipping-boxes","17":"first","18":"instock","19":"shipping-taxable","20":"product-type-simple"},"acf":[],"_links":{"self":[{"href":"https:\/\/www.yishengpack.com\/es\/wp-json\/wp\/v2\/product\/2278","targetHints":{"allow":["GET"]}}],"collection":[{"href":"https:\/\/www.yishengpack.com\/es\/wp-json\/wp\/v2\/product"}],"about":[{"href":"https:\/\/www.yishengpack.com\/es\/wp-json\/wp\/v2\/types\/product"}],"replies":[{"embeddable":true,"href":"https:\/\/www.yishengpack.com\/es\/wp-json\/wp\/v2\/comments?post=2278"}],"wp:featuredmedia":[{"embeddable":true,"href":"https:\/\/www.yishengpack.com\/es\/wp-json\/wp\/v2\/media\/2279"}],"wp:attachment":[{"href":"https:\/\/www.yishengpack.com\/es\/wp-json\/wp\/v2\/media?parent=2278"}],"wp:term":[{"taxonomy":"box-type","embeddable":true,"href":"https:\/\/www.yishengpack.com\/es\/wp-json\/wp\/v2\/box-type?post=2278"},{"taxonomy":"product_brand","embeddable":true,"href":"https:\/\/www.yishengpack.com\/es\/wp-json\/wp\/v2\/product_brand?post=2278"},{"taxonomy":"product_cat","embeddable":true,"href":"https:\/\/www.yishengpack.com\/es\/wp-json\/wp\/v2\/product_cat?post=2278"},{"taxonomy":"product_tag","embeddable":true,"href":"https:\/\/www.yishengpack.com\/es\/wp-json\/wp\/v2\/product_tag?post=2278"}],"curies":[{"name":"wp","href":"https:\/\/api.w.org\/{rel}","templated":true}]}}