{"id":2270,"date":"2025-11-03T10:30:46","date_gmt":"2025-11-03T10:30:46","guid":{"rendered":"https:\/\/www.yishengpack.com\/?post_type=product&#038;p=2270"},"modified":"2025-11-03T10:30:47","modified_gmt":"2025-11-03T10:30:47","slug":"custom-printed-jewelry-boxes","status":"publish","type":"product","link":"https:\/\/www.yishengpack.com\/es\/producto\/custom-printed-jewelry-boxes\/","title":{"rendered":"Cajas de joyer\u00eda impresas personalizadas, Cajas de regalo r\u00edgidas para relojes al por mayor"},"content":{"rendered":"<div class=\"wp-block-columns is-layout-flex wp-container-core-columns-is-layout-9d6595d7 wp-block-columns-is-layout-flex\">\n<div class=\"wp-block-column is-layout-flow wp-block-column-is-layout-flow\">\n<h3 class=\"wp-block-heading\">Caracter\u00edsticas de los estuches para joyas impresos personalizados<\/h3>\n\n\n\n<p><strong>Utilice cierres magn\u00e9ticos para un almacenamiento limpio:<\/strong> Las cajas para joyas promocionales y personalizadas, que le proporcionan un cierre suave y seguro, incluyen un cierre magn\u00e9tico. Esta caja con cierre magn\u00e9tico es perfecta para joyas, cosm\u00e9ticos y accesorios de moda, ya que permite mantener todo organizado y limpio.<\/p>\n\n\n\n<p><strong>Insertos personalizados para una organizaci\u00f3n ordenada:<\/strong> Esta caja magn\u00e9tica al por mayor est\u00e1 disponible con insertos personalizados para que las joyas y los accesorios de moda tengan su propio lugar con un sistema de organizaci\u00f3n limpio.<\/p>\n\n\n\n<p><strong>Construcci\u00f3n robusta para un uso duradero: <\/strong>Estas cajas para joyas personalizadas est\u00e1n fabricadas con materiales resistentes, y la caja de almacenamiento magn\u00e9tica es duradera. Proporciona una protecci\u00f3n fiable para las joyas y los accesorios de moda, garantizando que se mantengan en buen estado con el paso del tiempo.<\/p>\n\n\n\n<p><strong>Dise\u00f1o moderno para una presentaci\u00f3n moderna: <\/strong>Las cajas de regalo para relojes al por mayor est\u00e1n disponibles con dise\u00f1os de tendencia. Tanto si las prefiere met\u00e1licas, en colores pastel o con dise\u00f1os elegantes, puede hacer que su caja sea llamativa para exhibir joyas y cosm\u00e9ticos con estilo.<\/p>\n\n\n\n<p><strong>Totalmente personalizable para su adaptaci\u00f3n: <\/strong>Estas cajas para joyas personalizadas le permiten cambiar todos los aspectos de su caja, desde las dimensiones, el color, los logotipos o los dise\u00f1os art\u00edsticos, hasta el acabado de la superficie, todo ello adaptado a sus necesidades individuales de almacenamiento y exposici\u00f3n de joyas, cosm\u00e9ticos y accesorios de moda.<\/p>\n<\/div>\n\n\n\n<div class=\"wp-block-column is-layout-flow wp-block-column-is-layout-flow\">\n<figure class=\"wp-block-image size-full\"><img decoding=\"async\" width=\"2048\" height=\"2048\" src=\"https:\/\/www.yishengpack.com\/wp-content\/uploads\/2025\/10\/High-End-Custom-Rigid-Magnetic-Closure-Storage-Boxes-Jewelry-Watch-Gift-Boxes-with-Logo-Wholesale-2.webp\" alt=\"cajas-de-joyer\u00eda-impresas-a-medida-cajas-r\u00edgidas-para-relojes-y-regalos-al-por-mayor-2\" class=\"wp-image-2272\" srcset=\"https:\/\/www.yishengpack.com\/wp-content\/uploads\/2025\/10\/High-End-Custom-Rigid-Magnetic-Closure-Storage-Boxes-Jewelry-Watch-Gift-Boxes-with-Logo-Wholesale-2.webp 2048w, https:\/\/www.yishengpack.com\/wp-content\/uploads\/2025\/10\/High-End-Custom-Rigid-Magnetic-Closure-Storage-Boxes-Jewelry-Watch-Gift-Boxes-with-Logo-Wholesale-2-300x300.webp 300w, https:\/\/www.yishengpack.com\/wp-content\/uploads\/2025\/10\/High-End-Custom-Rigid-Magnetic-Closure-Storage-Boxes-Jewelry-Watch-Gift-Boxes-with-Logo-Wholesale-2-150x150.webp 150w, https:\/\/www.yishengpack.com\/wp-content\/uploads\/2025\/10\/High-End-Custom-Rigid-Magnetic-Closure-Storage-Boxes-Jewelry-Watch-Gift-Boxes-with-Logo-Wholesale-2-768x768.webp 768w, https:\/\/www.yishengpack.com\/wp-content\/uploads\/2025\/10\/High-End-Custom-Rigid-Magnetic-Closure-Storage-Boxes-Jewelry-Watch-Gift-Boxes-with-Logo-Wholesale-2-12x12.webp 12w, https:\/\/www.yishengpack.com\/wp-content\/uploads\/2025\/10\/High-End-Custom-Rigid-Magnetic-Closure-Storage-Boxes-Jewelry-Watch-Gift-Boxes-with-Logo-Wholesale-2-1200x1200.webp 1200w, https:\/\/www.yishengpack.com\/wp-content\/uploads\/2025\/10\/High-End-Custom-Rigid-Magnetic-Closure-Storage-Boxes-Jewelry-Watch-Gift-Boxes-with-Logo-Wholesale-2-600x600.webp 600w, https:\/\/www.yishengpack.com\/wp-content\/uploads\/2025\/10\/High-End-Custom-Rigid-Magnetic-Closure-Storage-Boxes-Jewelry-Watch-Gift-Boxes-with-Logo-Wholesale-2-100x100.webp 100w\" sizes=\"(max-width: 2048px) 100vw, 2048px\" \/><\/figure>\n<\/div>\n<\/div>\n\n\n\n<div class=\"wp-block-columns is-layout-flex wp-container-core-columns-is-layout-9d6595d7 wp-block-columns-is-layout-flex\">\n<div class=\"wp-block-column is-layout-flow wp-block-column-is-layout-flow\">\n<figure class=\"wp-block-image size-full\"><img decoding=\"async\" width=\"2048\" height=\"2048\" src=\"https:\/\/www.yishengpack.com\/wp-content\/uploads\/2025\/10\/High-End-Custom-Rigid-Magnetic-Closure-Storage-Boxes-Jewelry-Watch-Gift-Boxes-with-Logo-Wholesale-3.webp\" alt=\"cajas-de-joyer\u00eda-impresas-a-medida-cajas-r\u00edgidas-para-relojes-y-regalos-al-por-mayor-3\" class=\"wp-image-2273\" srcset=\"https:\/\/www.yishengpack.com\/wp-content\/uploads\/2025\/10\/High-End-Custom-Rigid-Magnetic-Closure-Storage-Boxes-Jewelry-Watch-Gift-Boxes-with-Logo-Wholesale-3.webp 2048w, https:\/\/www.yishengpack.com\/wp-content\/uploads\/2025\/10\/High-End-Custom-Rigid-Magnetic-Closure-Storage-Boxes-Jewelry-Watch-Gift-Boxes-with-Logo-Wholesale-3-300x300.webp 300w, https:\/\/www.yishengpack.com\/wp-content\/uploads\/2025\/10\/High-End-Custom-Rigid-Magnetic-Closure-Storage-Boxes-Jewelry-Watch-Gift-Boxes-with-Logo-Wholesale-3-150x150.webp 150w, https:\/\/www.yishengpack.com\/wp-content\/uploads\/2025\/10\/High-End-Custom-Rigid-Magnetic-Closure-Storage-Boxes-Jewelry-Watch-Gift-Boxes-with-Logo-Wholesale-3-768x768.webp 768w, https:\/\/www.yishengpack.com\/wp-content\/uploads\/2025\/10\/High-End-Custom-Rigid-Magnetic-Closure-Storage-Boxes-Jewelry-Watch-Gift-Boxes-with-Logo-Wholesale-3-12x12.webp 12w, https:\/\/www.yishengpack.com\/wp-content\/uploads\/2025\/10\/High-End-Custom-Rigid-Magnetic-Closure-Storage-Boxes-Jewelry-Watch-Gift-Boxes-with-Logo-Wholesale-3-1200x1200.webp 1200w, https:\/\/www.yishengpack.com\/wp-content\/uploads\/2025\/10\/High-End-Custom-Rigid-Magnetic-Closure-Storage-Boxes-Jewelry-Watch-Gift-Boxes-with-Logo-Wholesale-3-600x600.webp 600w, https:\/\/www.yishengpack.com\/wp-content\/uploads\/2025\/10\/High-End-Custom-Rigid-Magnetic-Closure-Storage-Boxes-Jewelry-Watch-Gift-Boxes-with-Logo-Wholesale-3-100x100.webp 100w\" sizes=\"(max-width: 2048px) 100vw, 2048px\" \/><\/figure>\n\n\n\n<div class=\"wp-block-buttons has-custom-font-size has-small-font-size is-content-justification-center is-layout-flex wp-container-core-buttons-is-layout-16018d1d wp-block-buttons-is-layout-flex\">\n<div class=\"wp-block-button has-custom-width wp-block-button__width-75\"><a class=\"wp-block-button__link has-background has-small-font-size has-custom-font-size wp-element-button\" href=\"https:\/\/www.yishengpack.com\/es\/custom-printed-box\/\" style=\"background:linear-gradient(135deg,rgb(254,205,165) 0%,rgb(254,45,45) 0%,rgb(94,15,15) 0%,rgb(94,15,15) 100%)\" target=\"_blank\" rel=\"noreferrer noopener\"><strong>Explorar las cajas impresas personalizadas<\/strong><\/a><\/div>\n<\/div>\n<\/div>\n\n\n\n<div class=\"wp-block-column is-layout-flow wp-block-column-is-layout-flow\">\n<figure class=\"wp-block-image size-full\"><img decoding=\"async\" width=\"2048\" height=\"2048\" src=\"https:\/\/www.yishengpack.com\/wp-content\/uploads\/2025\/10\/High-End-Custom-Rigid-Magnetic-Closure-Storage-Boxes-Jewelry-Watch-Gift-Boxes-with-Logo-Wholesale-4.webp\" alt=\"cajas-de-joyer\u00eda-impresas-a-medida-cajas-r\u00edgidas-para-relojes-cajas-de-regalo-al-por-mayor-4\" class=\"wp-image-2274\" srcset=\"https:\/\/www.yishengpack.com\/wp-content\/uploads\/2025\/10\/High-End-Custom-Rigid-Magnetic-Closure-Storage-Boxes-Jewelry-Watch-Gift-Boxes-with-Logo-Wholesale-4.webp 2048w, https:\/\/www.yishengpack.com\/wp-content\/uploads\/2025\/10\/High-End-Custom-Rigid-Magnetic-Closure-Storage-Boxes-Jewelry-Watch-Gift-Boxes-with-Logo-Wholesale-4-300x300.webp 300w, https:\/\/www.yishengpack.com\/wp-content\/uploads\/2025\/10\/High-End-Custom-Rigid-Magnetic-Closure-Storage-Boxes-Jewelry-Watch-Gift-Boxes-with-Logo-Wholesale-4-150x150.webp 150w, https:\/\/www.yishengpack.com\/wp-content\/uploads\/2025\/10\/High-End-Custom-Rigid-Magnetic-Closure-Storage-Boxes-Jewelry-Watch-Gift-Boxes-with-Logo-Wholesale-4-768x768.webp 768w, https:\/\/www.yishengpack.com\/wp-content\/uploads\/2025\/10\/High-End-Custom-Rigid-Magnetic-Closure-Storage-Boxes-Jewelry-Watch-Gift-Boxes-with-Logo-Wholesale-4-12x12.webp 12w, https:\/\/www.yishengpack.com\/wp-content\/uploads\/2025\/10\/High-End-Custom-Rigid-Magnetic-Closure-Storage-Boxes-Jewelry-Watch-Gift-Boxes-with-Logo-Wholesale-4-1200x1200.webp 1200w, https:\/\/www.yishengpack.com\/wp-content\/uploads\/2025\/10\/High-End-Custom-Rigid-Magnetic-Closure-Storage-Boxes-Jewelry-Watch-Gift-Boxes-with-Logo-Wholesale-4-600x600.webp 600w, https:\/\/www.yishengpack.com\/wp-content\/uploads\/2025\/10\/High-End-Custom-Rigid-Magnetic-Closure-Storage-Boxes-Jewelry-Watch-Gift-Boxes-with-Logo-Wholesale-4-100x100.webp 100w\" sizes=\"(max-width: 2048px) 100vw, 2048px\" \/><\/figure>\n\n\n\n<div class=\"wp-block-buttons is-content-justification-center is-layout-flex wp-container-core-buttons-is-layout-16018d1d wp-block-buttons-is-layout-flex\">\n<div class=\"wp-block-button has-custom-width wp-block-button__width-75\"><a class=\"wp-block-button__link has-background has-small-font-size has-custom-font-size wp-element-button\" href=\"https:\/\/www.yishengpack.com\/es\/custom-box-inserts-accessories\/\" style=\"background:linear-gradient(135deg,rgb(254,205,165) 0%,rgb(254,45,45) 0%,rgb(94,15,15) 0%)\" target=\"_blank\" rel=\"noreferrer noopener\"><strong>Explorar los insertos personalizados para cajas<\/strong><\/a><\/div>\n<\/div>\n<\/div>\n<\/div>\n\n\n\n<p><\/p>","protected":false},"excerpt":{"rendered":"<p>Le damos la bienvenida a la compra de nuestros joyeros impresos personalizados con un dise\u00f1o magn\u00e9tico sin costuras y una artesan\u00eda de primera calidad. Combinan lujo y funcionalidad. Desde el tama\u00f1o y los colores hasta el logotipo y la disposici\u00f3n interna, son totalmente personalizables para adaptarse a su marca. Perm\u00edtanos ayudarle a que sus productos destaquen de forma bella y eficaz.<\/p>\n<h2>Aspectos destacados de los joyeros con impresi\u00f3n personalizada<\/h2>\n<ul>\n<li>Personalizaci\u00f3n de gama alta<\/li>\n<li>Materiales ecol\u00f3gicos<\/li>\n<li>Amplias opciones de impresi\u00f3n<\/li>\n<li>Varios tama\u00f1os de caja<\/li>\n<li>Colores vivos<\/li>\n<li>F\u00e1cil almacenamiento<\/li>\n<li>Construcci\u00f3n robusta<\/li>\n<\/ul>\n<p>&nbsp;<\/p>\n<p>&nbsp;<\/p>","protected":false},"featured_media":2271,"comment_status":"closed","ping_status":"closed","template":"","meta":{"_acf_changed":false},"box-type":[54,57],"product_brand":[],"product_cat":[19,40,39],"product_tag":[],"class_list":{"0":"post-2270","1":"product","2":"type-product","3":"status-publish","4":"has-post-thumbnail","6":"box-type-custom-magnetic-closure-boxes","7":"box-type-custom-rigid-box-with-lid","8":"product_cat-luxury-gift-boxes-wholesale","9":"product_cat-custom-jewelry-boxes","10":"product_cat-custom-perfume-boxes","12":"first","13":"instock","14":"shipping-taxable","15":"product-type-simple"},"acf":[],"_links":{"self":[{"href":"https:\/\/www.yishengpack.com\/es\/wp-json\/wp\/v2\/product\/2270","targetHints":{"allow":["GET"]}}],"collection":[{"href":"https:\/\/www.yishengpack.com\/es\/wp-json\/wp\/v2\/product"}],"about":[{"href":"https:\/\/www.yishengpack.com\/es\/wp-json\/wp\/v2\/types\/product"}],"replies":[{"embeddable":true,"href":"https:\/\/www.yishengpack.com\/es\/wp-json\/wp\/v2\/comments?post=2270"}],"wp:featuredmedia":[{"embeddable":true,"href":"https:\/\/www.yishengpack.com\/es\/wp-json\/wp\/v2\/media\/2271"}],"wp:attachment":[{"href":"https:\/\/www.yishengpack.com\/es\/wp-json\/wp\/v2\/media?parent=2270"}],"wp:term":[{"taxonomy":"box-type","embeddable":true,"href":"https:\/\/www.yishengpack.com\/es\/wp-json\/wp\/v2\/box-type?post=2270"},{"taxonomy":"product_brand","embeddable":true,"href":"https:\/\/www.yishengpack.com\/es\/wp-json\/wp\/v2\/product_brand?post=2270"},{"taxonomy":"product_cat","embeddable":true,"href":"https:\/\/www.yishengpack.com\/es\/wp-json\/wp\/v2\/product_cat?post=2270"},{"taxonomy":"product_tag","embeddable":true,"href":"https:\/\/www.yishengpack.com\/es\/wp-json\/wp\/v2\/product_tag?post=2270"}],"curies":[{"name":"wp","href":"https:\/\/api.w.org\/{rel}","templated":true}]}}