{"id":2234,"date":"2025-10-29T07:31:28","date_gmt":"2025-10-29T07:31:28","guid":{"rendered":"https:\/\/www.yishengpack.com\/?post_type=product&#038;p=2234"},"modified":"2025-11-08T02:39:49","modified_gmt":"2025-11-08T02:39:49","slug":"magnetic-closure-gift-box-bulk","status":"publish","type":"product","link":"https:\/\/www.yishengpack.com\/es\/producto\/magnetic-closure-gift-box-bulk\/","title":{"rendered":"Cajas de regalo con cierre magn\u00e9tico a granel, Cajas de joyer\u00eda con impresi\u00f3n personalizada"},"content":{"rendered":"<div class=\"wp-block-columns is-layout-flex wp-container-core-columns-is-layout-9d6595d7 wp-block-columns-is-layout-flex\">\n<div class=\"wp-block-column is-layout-flow wp-block-column-is-layout-flow\">\n<h3 class=\"wp-block-heading\">Caracter\u00edsticas de la caja de regalo con cierre magn\u00e9tico a granel<\/h3>\n\n\n\n<p><strong>Cierre magn\u00e9tico para un unboxing de lujo:<\/strong> Esta caja de regalo a granel con cierre magn\u00e9tico de calidad proporciona a su cliente una experiencia de lujo al abrir la caja. Es la opci\u00f3n de envasado perfecta para joyas, cosm\u00e9ticos y perfumes, ya que el cierre magn\u00e9tico de calidad aumenta el lujo de abrir la caja de regalo.<\/p>\n\n\n\n<p><strong>Inserciones interiores personalizables: <\/strong>La caja de regalo a granel con cierre magn\u00e9tico de primera calidad incluye inserciones interiores personalizables que pueden ajustarse en tama\u00f1o para adaptarse a joyas, cosm\u00e9ticos y perfumes, de modo que cualquier pieza -un collar, una barra de labios o un frasco de fragancia- permanecer\u00e1 segura en su sitio y protegida.<\/p>\n\n\n\n<p><strong>Material de alta calidad: <\/strong>El uso de materiales de alta calidad permite que estos joyeros impresos personalizados no s\u00f3lo sean de primera calidad y duraderos, sino que tambi\u00e9n sean buenos estuches para guardar collares, cosm\u00e9ticos y perfumes. La robustez del joyero protege las compras de los estragos del regalo y el almacenamiento.<\/p>\n\n\n\n<p><strong>Lujosas opciones de dise\u00f1o: <\/strong>Los joyeros impresos personalizados vienen con lujosas opciones de dise\u00f1o que aportan un buen golpe visual capaz de convertir una simple caja de cart\u00f3n en un discreto soporte de productos de joyer\u00eda y cosm\u00e9tica de primera calidad y alto precio. Desde relieves florales hasta dise\u00f1os met\u00e1licos y acabados degradados, captan la atenci\u00f3n del usuario cuando abre la caja.<\/p>\n\n\n\n<p><strong>Personalizado con alineaci\u00f3n de marca:<\/strong> Nuestras cajas de regalo con cierre magn\u00e9tico de primera calidad a granel ofrecen un nivel de personalizaci\u00f3n que puede hacer coincidir con su marca. Podemos personalizar el tama\u00f1o y el color, incorporar logotipos de marca o motivos art\u00edsticos y seleccionar acabados de superficie para satisfacer los requisitos de marca espec\u00edficos de una marca de joyer\u00eda o belleza.<\/p>\n<\/div>\n\n\n\n<div class=\"wp-block-column is-layout-flow wp-block-column-is-layout-flow\">\n<figure class=\"wp-block-image size-full\"><img decoding=\"async\" width=\"2048\" height=\"2048\" src=\"https:\/\/www.yishengpack.com\/wp-content\/uploads\/2025\/10\/High-End-Magnetic-Gift-Boxes-Wholesale-Custom-Deluxe-Bijouterie-Package-Paper-Box-2.webp\" alt=\"cajas-regalo-con-cierre-magnetico-cajas-regalo-impresas-a-la-medida-2\" class=\"wp-image-2236\" srcset=\"https:\/\/www.yishengpack.com\/wp-content\/uploads\/2025\/10\/High-End-Magnetic-Gift-Boxes-Wholesale-Custom-Deluxe-Bijouterie-Package-Paper-Box-2.webp 2048w, https:\/\/www.yishengpack.com\/wp-content\/uploads\/2025\/10\/High-End-Magnetic-Gift-Boxes-Wholesale-Custom-Deluxe-Bijouterie-Package-Paper-Box-2-300x300.webp 300w, https:\/\/www.yishengpack.com\/wp-content\/uploads\/2025\/10\/High-End-Magnetic-Gift-Boxes-Wholesale-Custom-Deluxe-Bijouterie-Package-Paper-Box-2-150x150.webp 150w, https:\/\/www.yishengpack.com\/wp-content\/uploads\/2025\/10\/High-End-Magnetic-Gift-Boxes-Wholesale-Custom-Deluxe-Bijouterie-Package-Paper-Box-2-768x768.webp 768w, https:\/\/www.yishengpack.com\/wp-content\/uploads\/2025\/10\/High-End-Magnetic-Gift-Boxes-Wholesale-Custom-Deluxe-Bijouterie-Package-Paper-Box-2-12x12.webp 12w, https:\/\/www.yishengpack.com\/wp-content\/uploads\/2025\/10\/High-End-Magnetic-Gift-Boxes-Wholesale-Custom-Deluxe-Bijouterie-Package-Paper-Box-2-1200x1200.webp 1200w, https:\/\/www.yishengpack.com\/wp-content\/uploads\/2025\/10\/High-End-Magnetic-Gift-Boxes-Wholesale-Custom-Deluxe-Bijouterie-Package-Paper-Box-2-600x600.webp 600w, https:\/\/www.yishengpack.com\/wp-content\/uploads\/2025\/10\/High-End-Magnetic-Gift-Boxes-Wholesale-Custom-Deluxe-Bijouterie-Package-Paper-Box-2-100x100.webp 100w\" sizes=\"(max-width: 2048px) 100vw, 2048px\" \/><\/figure>\n<\/div>\n<\/div>\n\n\n\n<div class=\"wp-block-columns is-layout-flex wp-container-core-columns-is-layout-9d6595d7 wp-block-columns-is-layout-flex\">\n<div class=\"wp-block-column is-layout-flow wp-block-column-is-layout-flow\">\n<figure class=\"wp-block-image size-full\"><img decoding=\"async\" width=\"2048\" height=\"2048\" src=\"https:\/\/www.yishengpack.com\/wp-content\/uploads\/2025\/10\/High-End-Magnetic-Gift-Boxes-Wholesale-Custom-Deluxe-Bijouterie-Package-Paper-Box-6.webp\" alt=\"cajas-regalo-con-cierre-magnetico-cajas-regalo-impresas-personalizadas-6\" class=\"wp-image-2240\" srcset=\"https:\/\/www.yishengpack.com\/wp-content\/uploads\/2025\/10\/High-End-Magnetic-Gift-Boxes-Wholesale-Custom-Deluxe-Bijouterie-Package-Paper-Box-6.webp 2048w, https:\/\/www.yishengpack.com\/wp-content\/uploads\/2025\/10\/High-End-Magnetic-Gift-Boxes-Wholesale-Custom-Deluxe-Bijouterie-Package-Paper-Box-6-300x300.webp 300w, https:\/\/www.yishengpack.com\/wp-content\/uploads\/2025\/10\/High-End-Magnetic-Gift-Boxes-Wholesale-Custom-Deluxe-Bijouterie-Package-Paper-Box-6-150x150.webp 150w, https:\/\/www.yishengpack.com\/wp-content\/uploads\/2025\/10\/High-End-Magnetic-Gift-Boxes-Wholesale-Custom-Deluxe-Bijouterie-Package-Paper-Box-6-768x768.webp 768w, https:\/\/www.yishengpack.com\/wp-content\/uploads\/2025\/10\/High-End-Magnetic-Gift-Boxes-Wholesale-Custom-Deluxe-Bijouterie-Package-Paper-Box-6-12x12.webp 12w, https:\/\/www.yishengpack.com\/wp-content\/uploads\/2025\/10\/High-End-Magnetic-Gift-Boxes-Wholesale-Custom-Deluxe-Bijouterie-Package-Paper-Box-6-1200x1200.webp 1200w, https:\/\/www.yishengpack.com\/wp-content\/uploads\/2025\/10\/High-End-Magnetic-Gift-Boxes-Wholesale-Custom-Deluxe-Bijouterie-Package-Paper-Box-6-600x600.webp 600w, https:\/\/www.yishengpack.com\/wp-content\/uploads\/2025\/10\/High-End-Magnetic-Gift-Boxes-Wholesale-Custom-Deluxe-Bijouterie-Package-Paper-Box-6-100x100.webp 100w\" sizes=\"(max-width: 2048px) 100vw, 2048px\" \/><\/figure>\n\n\n\n<div class=\"wp-block-buttons has-custom-font-size has-small-font-size is-content-justification-center is-layout-flex wp-container-core-buttons-is-layout-16018d1d wp-block-buttons-is-layout-flex\">\n<div class=\"wp-block-button has-custom-width wp-block-button__width-75\"><a class=\"wp-block-button__link has-background has-small-font-size has-custom-font-size wp-element-button\" href=\"https:\/\/www.yishengpack.com\/es\/custom-printed-box\/\" style=\"background:linear-gradient(135deg,rgb(254,205,165) 0%,rgb(254,45,45) 0%,rgb(94,15,15) 0%,rgb(94,15,15) 100%)\" target=\"_blank\" rel=\"noreferrer noopener\"><strong>Explorar las cajas impresas personalizadas<\/strong><\/a><\/div>\n<\/div>\n<\/div>\n\n\n\n<div class=\"wp-block-column is-layout-flow wp-block-column-is-layout-flow\">\n<figure class=\"wp-block-image size-full\"><img decoding=\"async\" width=\"2048\" height=\"2048\" src=\"https:\/\/www.yishengpack.com\/wp-content\/uploads\/2025\/10\/High-End-Magnetic-Gift-Boxes-Wholesale-Custom-Deluxe-Bijouterie-Package-Paper-Box-7.webp\" alt=\"cajas-regalo-de-cierre-magnetico-cajas-regalo-impresas-personalizadas-7\" class=\"wp-image-2241\" srcset=\"https:\/\/www.yishengpack.com\/wp-content\/uploads\/2025\/10\/High-End-Magnetic-Gift-Boxes-Wholesale-Custom-Deluxe-Bijouterie-Package-Paper-Box-7.webp 2048w, https:\/\/www.yishengpack.com\/wp-content\/uploads\/2025\/10\/High-End-Magnetic-Gift-Boxes-Wholesale-Custom-Deluxe-Bijouterie-Package-Paper-Box-7-300x300.webp 300w, https:\/\/www.yishengpack.com\/wp-content\/uploads\/2025\/10\/High-End-Magnetic-Gift-Boxes-Wholesale-Custom-Deluxe-Bijouterie-Package-Paper-Box-7-150x150.webp 150w, https:\/\/www.yishengpack.com\/wp-content\/uploads\/2025\/10\/High-End-Magnetic-Gift-Boxes-Wholesale-Custom-Deluxe-Bijouterie-Package-Paper-Box-7-768x768.webp 768w, https:\/\/www.yishengpack.com\/wp-content\/uploads\/2025\/10\/High-End-Magnetic-Gift-Boxes-Wholesale-Custom-Deluxe-Bijouterie-Package-Paper-Box-7-12x12.webp 12w, https:\/\/www.yishengpack.com\/wp-content\/uploads\/2025\/10\/High-End-Magnetic-Gift-Boxes-Wholesale-Custom-Deluxe-Bijouterie-Package-Paper-Box-7-1200x1200.webp 1200w, https:\/\/www.yishengpack.com\/wp-content\/uploads\/2025\/10\/High-End-Magnetic-Gift-Boxes-Wholesale-Custom-Deluxe-Bijouterie-Package-Paper-Box-7-600x600.webp 600w, https:\/\/www.yishengpack.com\/wp-content\/uploads\/2025\/10\/High-End-Magnetic-Gift-Boxes-Wholesale-Custom-Deluxe-Bijouterie-Package-Paper-Box-7-100x100.webp 100w\" sizes=\"(max-width: 2048px) 100vw, 2048px\" \/><\/figure>\n\n\n\n<div class=\"wp-block-buttons is-content-justification-center is-layout-flex wp-container-core-buttons-is-layout-16018d1d wp-block-buttons-is-layout-flex\">\n<div class=\"wp-block-button has-custom-width wp-block-button__width-75\"><a class=\"wp-block-button__link has-background has-small-font-size has-custom-font-size wp-element-button\" href=\"https:\/\/www.yishengpack.com\/es\/custom-box-inserts-accessories\/\" style=\"background:linear-gradient(135deg,rgb(254,205,165) 0%,rgb(254,45,45) 0%,rgb(94,15,15) 0%)\" target=\"_blank\" rel=\"noreferrer noopener\"><strong>Explorar los insertos personalizados para cajas<\/strong><\/a><\/div>\n<\/div>\n<\/div>\n<\/div>\n\n\n\n<p><\/p>","protected":false},"excerpt":{"rendered":"<p>Bienvenido a nuestras cajas de regalo con cierre magn\u00e9tico a granel, la soluci\u00f3n ideal para embalar y enviar joyas, cosm\u00e9ticos, perfumes y mucho m\u00e1s. Las cajas de joyer\u00eda impresas a medida cuentan con un cierre magn\u00e9tico, que proporciona una experiencia de apertura perfecta, lujosa y atractiva. Desde el tama\u00f1o, los colores y los dise\u00f1os intrincados hasta el logotipo y las configuraciones internas, son totalmente personalizables para alinearse con su marca. Perm\u00edtanos ayudarle a que sus regalos destaquen de forma elegante e impresionante.<\/p>\n<h2>Aspectos destacados de la caja de regalo con cierre magn\u00e9tico a granel<\/h2>\n<ul>\n<li>Personalizaci\u00f3n de gama alta<\/li>\n<li>Construcci\u00f3n robusta<\/li>\n<li>Materiales ecol\u00f3gicos<\/li>\n<li>Amplia artesan\u00eda de impresi\u00f3n<\/li>\n<li>Varios tipos de cajas<\/li>\n<li>M\u00faltiples opciones de color<\/li>\n<li>M\u00faltiples tipos de cajas<\/li>\n<\/ul>\n<p>&nbsp;<\/p>","protected":false},"featured_media":2235,"comment_status":"closed","ping_status":"closed","template":"","meta":{"_acf_changed":false},"box-type":[54,57],"product_brand":[],"product_cat":[19,65,40,39],"product_tag":[],"class_list":{"0":"post-2234","1":"product","2":"type-product","3":"status-publish","4":"has-post-thumbnail","6":"box-type-custom-magnetic-closure-boxes","7":"box-type-custom-rigid-box-with-lid","8":"product_cat-luxury-gift-boxes-wholesale","9":"product_cat-custom-cosmetic-boxes","10":"product_cat-custom-jewelry-boxes","11":"product_cat-custom-perfume-boxes","13":"first","14":"instock","15":"shipping-taxable","16":"product-type-simple"},"acf":[],"_links":{"self":[{"href":"https:\/\/www.yishengpack.com\/es\/wp-json\/wp\/v2\/product\/2234","targetHints":{"allow":["GET"]}}],"collection":[{"href":"https:\/\/www.yishengpack.com\/es\/wp-json\/wp\/v2\/product"}],"about":[{"href":"https:\/\/www.yishengpack.com\/es\/wp-json\/wp\/v2\/types\/product"}],"replies":[{"embeddable":true,"href":"https:\/\/www.yishengpack.com\/es\/wp-json\/wp\/v2\/comments?post=2234"}],"wp:featuredmedia":[{"embeddable":true,"href":"https:\/\/www.yishengpack.com\/es\/wp-json\/wp\/v2\/media\/2235"}],"wp:attachment":[{"href":"https:\/\/www.yishengpack.com\/es\/wp-json\/wp\/v2\/media?parent=2234"}],"wp:term":[{"taxonomy":"box-type","embeddable":true,"href":"https:\/\/www.yishengpack.com\/es\/wp-json\/wp\/v2\/box-type?post=2234"},{"taxonomy":"product_brand","embeddable":true,"href":"https:\/\/www.yishengpack.com\/es\/wp-json\/wp\/v2\/product_brand?post=2234"},{"taxonomy":"product_cat","embeddable":true,"href":"https:\/\/www.yishengpack.com\/es\/wp-json\/wp\/v2\/product_cat?post=2234"},{"taxonomy":"product_tag","embeddable":true,"href":"https:\/\/www.yishengpack.com\/es\/wp-json\/wp\/v2\/product_tag?post=2234"}],"curies":[{"name":"wp","href":"https:\/\/api.w.org\/{rel}","templated":true}]}}