{"id":2218,"date":"2025-10-24T01:54:21","date_gmt":"2025-10-24T01:54:21","guid":{"rendered":"https:\/\/www.yishengpack.com\/?post_type=product&#038;p=2218"},"modified":"2025-10-29T07:54:49","modified_gmt":"2025-10-29T07:54:49","slug":"custom-rigid-gift-boxes","status":"publish","type":"product","link":"https:\/\/www.yishengpack.com\/es\/producto\/custom-rigid-gift-boxes\/","title":{"rendered":"Cajas de regalo r\u00edgidas personalizadas con logotipo e inserto, Caja de dos piezas al por mayor"},"content":{"rendered":"<div class=\"wp-block-columns is-layout-flex wp-container-core-columns-is-layout-9d6595d7 wp-block-columns-is-layout-flex\">\n<div class=\"wp-block-column is-layout-flow wp-block-column-is-layout-flow\">\n<h3 class=\"wp-block-heading\">Caracter\u00edsticas de las cajas r\u00edgidas personalizadas para regalos<\/h3>\n\n\n\n<p><strong>Tapa abierta para una elegante presentaci\u00f3n:<\/strong> Las cajas de regalo r\u00edgidas personalizadas tienen un dise\u00f1o sin tapa que permite revelar con elegancia el producto que contienen. Son perfectas para presentar joyas, accesorios cosidos a mano y otros art\u00edculos de lujo, y ofrecen una experiencia de desembalaje elegante.<\/p>\n\n\n\n<p><strong>Forro interior suave para una protecci\u00f3n delicada:<\/strong> El suave revestimiento interior de las cajas r\u00edgidas personalizadas para regalos se a\u00f1ade como caracter\u00edstica especial. Proporciona una protecci\u00f3n delicada pero segura para joyas artesanales, accesorios y otros art\u00edculos delicados similares, manteni\u00e9ndolos intactos y sin ara\u00f1azos.<\/p>\n\n\n\n<p><strong>Construcci\u00f3n r\u00edgida y robusta:<\/strong> Fabricada con materiales resistentes y r\u00edgidos, la caja de regalo al por mayor es muy duradera. Ofrece una protecci\u00f3n s\u00f3lida a los accesorios y joyas artesanales, protegi\u00e9ndolos de los golpes durante su almacenamiento y entrega.<\/p>\n\n\n\n<p><strong>Opciones de dise\u00f1o orientadas al lujo: <\/strong>Las cajas de regalo r\u00edgidas personalizadas con varios colores, texturas como relieve en los patrones y tipos de acabado como met\u00e1lico o mate, a\u00f1aden un toque de lujo, ideal para joyas de alta gama y accesorios especiales.<\/p>\n\n\n\n<p><strong>Personalizaci\u00f3n completa espec\u00edfica para cada marca: <\/strong>Las cajas r\u00edgidas personalizadas para regalos se pueden personalizar completamente seg\u00fan las necesidades espec\u00edficas de cada marca. Puede modificar el tama\u00f1o, el color, insertar dise\u00f1os personalizados o logotipos de marca y seleccionar acabados superficiales de acuerdo con las necesidades espec\u00edficas de las marcas de joyer\u00eda y accesorios artesanales.<\/p>\n<\/div>\n\n\n\n<div class=\"wp-block-column is-layout-flow wp-block-column-is-layout-flow\">\n<figure class=\"wp-block-image size-full\"><img decoding=\"async\" width=\"2048\" height=\"2048\" src=\"https:\/\/www.yishengpack.com\/wp-content\/uploads\/2025\/10\/Customization-Rigid-Gift-Boxes-Wholesale-Package-Paper-Boxes-with-Logo-Insert-2.webp\" alt=\"Cajas r\u00edgidas personalizadas para regalo con logotipo, venta al por mayor, caja de dos piezas, 2\" class=\"wp-image-2220\" srcset=\"https:\/\/www.yishengpack.com\/wp-content\/uploads\/2025\/10\/Customization-Rigid-Gift-Boxes-Wholesale-Package-Paper-Boxes-with-Logo-Insert-2.webp 2048w, https:\/\/www.yishengpack.com\/wp-content\/uploads\/2025\/10\/Customization-Rigid-Gift-Boxes-Wholesale-Package-Paper-Boxes-with-Logo-Insert-2-300x300.webp 300w, https:\/\/www.yishengpack.com\/wp-content\/uploads\/2025\/10\/Customization-Rigid-Gift-Boxes-Wholesale-Package-Paper-Boxes-with-Logo-Insert-2-150x150.webp 150w, https:\/\/www.yishengpack.com\/wp-content\/uploads\/2025\/10\/Customization-Rigid-Gift-Boxes-Wholesale-Package-Paper-Boxes-with-Logo-Insert-2-768x768.webp 768w, https:\/\/www.yishengpack.com\/wp-content\/uploads\/2025\/10\/Customization-Rigid-Gift-Boxes-Wholesale-Package-Paper-Boxes-with-Logo-Insert-2-12x12.webp 12w, https:\/\/www.yishengpack.com\/wp-content\/uploads\/2025\/10\/Customization-Rigid-Gift-Boxes-Wholesale-Package-Paper-Boxes-with-Logo-Insert-2-1200x1200.webp 1200w, https:\/\/www.yishengpack.com\/wp-content\/uploads\/2025\/10\/Customization-Rigid-Gift-Boxes-Wholesale-Package-Paper-Boxes-with-Logo-Insert-2-600x600.webp 600w, https:\/\/www.yishengpack.com\/wp-content\/uploads\/2025\/10\/Customization-Rigid-Gift-Boxes-Wholesale-Package-Paper-Boxes-with-Logo-Insert-2-100x100.webp 100w\" sizes=\"(max-width: 2048px) 100vw, 2048px\" \/><\/figure>\n<\/div>\n<\/div>\n\n\n\n<div class=\"wp-block-columns is-layout-flex wp-container-core-columns-is-layout-9d6595d7 wp-block-columns-is-layout-flex\">\n<div class=\"wp-block-column is-layout-flow wp-block-column-is-layout-flow\">\n<figure class=\"wp-block-image size-full\"><img decoding=\"async\" width=\"2048\" height=\"2048\" src=\"https:\/\/www.yishengpack.com\/wp-content\/uploads\/2025\/10\/Customization-Rigid-Gift-Boxes-Wholesale-Package-Paper-Boxes-with-Logo-Insert-6.webp\" alt=\"Cajas r\u00edgidas personalizadas para regalo con logotipo, venta al por mayor, caja de dos piezas, 6\" class=\"wp-image-2224\" srcset=\"https:\/\/www.yishengpack.com\/wp-content\/uploads\/2025\/10\/Customization-Rigid-Gift-Boxes-Wholesale-Package-Paper-Boxes-with-Logo-Insert-6.webp 2048w, https:\/\/www.yishengpack.com\/wp-content\/uploads\/2025\/10\/Customization-Rigid-Gift-Boxes-Wholesale-Package-Paper-Boxes-with-Logo-Insert-6-300x300.webp 300w, https:\/\/www.yishengpack.com\/wp-content\/uploads\/2025\/10\/Customization-Rigid-Gift-Boxes-Wholesale-Package-Paper-Boxes-with-Logo-Insert-6-150x150.webp 150w, https:\/\/www.yishengpack.com\/wp-content\/uploads\/2025\/10\/Customization-Rigid-Gift-Boxes-Wholesale-Package-Paper-Boxes-with-Logo-Insert-6-768x768.webp 768w, https:\/\/www.yishengpack.com\/wp-content\/uploads\/2025\/10\/Customization-Rigid-Gift-Boxes-Wholesale-Package-Paper-Boxes-with-Logo-Insert-6-12x12.webp 12w, https:\/\/www.yishengpack.com\/wp-content\/uploads\/2025\/10\/Customization-Rigid-Gift-Boxes-Wholesale-Package-Paper-Boxes-with-Logo-Insert-6-1200x1200.webp 1200w, https:\/\/www.yishengpack.com\/wp-content\/uploads\/2025\/10\/Customization-Rigid-Gift-Boxes-Wholesale-Package-Paper-Boxes-with-Logo-Insert-6-600x600.webp 600w, https:\/\/www.yishengpack.com\/wp-content\/uploads\/2025\/10\/Customization-Rigid-Gift-Boxes-Wholesale-Package-Paper-Boxes-with-Logo-Insert-6-100x100.webp 100w\" sizes=\"(max-width: 2048px) 100vw, 2048px\" \/><\/figure>\n\n\n\n<div class=\"wp-block-buttons has-custom-font-size has-small-font-size is-content-justification-center is-layout-flex wp-container-core-buttons-is-layout-16018d1d wp-block-buttons-is-layout-flex\">\n<div class=\"wp-block-button has-custom-width wp-block-button__width-75\"><a class=\"wp-block-button__link has-background has-small-font-size has-custom-font-size wp-element-button\" href=\"https:\/\/www.yishengpack.com\/es\/custom-printed-box\/\" style=\"background:linear-gradient(135deg,rgb(254,205,165) 0%,rgb(254,45,45) 0%,rgb(94,15,15) 0%,rgb(94,15,15) 100%)\" target=\"_blank\" rel=\"noreferrer noopener\"><strong>Explorar las cajas impresas personalizadas<\/strong><\/a><\/div>\n<\/div>\n<\/div>\n\n\n\n<div class=\"wp-block-column is-layout-flow wp-block-column-is-layout-flow\">\n<figure class=\"wp-block-image size-full\"><img decoding=\"async\" width=\"2048\" height=\"2048\" src=\"https:\/\/www.yishengpack.com\/wp-content\/uploads\/2025\/10\/Customization-Rigid-Gift-Boxes-Wholesale-Package-Paper-Boxes-with-Logo-Insert-3.webp\" alt=\"Cajas r\u00edgidas personalizadas para regalo con logotipo, venta al por mayor, caja de dos piezas, 3\" class=\"wp-image-2221\" srcset=\"https:\/\/www.yishengpack.com\/wp-content\/uploads\/2025\/10\/Customization-Rigid-Gift-Boxes-Wholesale-Package-Paper-Boxes-with-Logo-Insert-3.webp 2048w, https:\/\/www.yishengpack.com\/wp-content\/uploads\/2025\/10\/Customization-Rigid-Gift-Boxes-Wholesale-Package-Paper-Boxes-with-Logo-Insert-3-300x300.webp 300w, https:\/\/www.yishengpack.com\/wp-content\/uploads\/2025\/10\/Customization-Rigid-Gift-Boxes-Wholesale-Package-Paper-Boxes-with-Logo-Insert-3-150x150.webp 150w, https:\/\/www.yishengpack.com\/wp-content\/uploads\/2025\/10\/Customization-Rigid-Gift-Boxes-Wholesale-Package-Paper-Boxes-with-Logo-Insert-3-768x768.webp 768w, https:\/\/www.yishengpack.com\/wp-content\/uploads\/2025\/10\/Customization-Rigid-Gift-Boxes-Wholesale-Package-Paper-Boxes-with-Logo-Insert-3-12x12.webp 12w, https:\/\/www.yishengpack.com\/wp-content\/uploads\/2025\/10\/Customization-Rigid-Gift-Boxes-Wholesale-Package-Paper-Boxes-with-Logo-Insert-3-1200x1200.webp 1200w, https:\/\/www.yishengpack.com\/wp-content\/uploads\/2025\/10\/Customization-Rigid-Gift-Boxes-Wholesale-Package-Paper-Boxes-with-Logo-Insert-3-600x600.webp 600w, https:\/\/www.yishengpack.com\/wp-content\/uploads\/2025\/10\/Customization-Rigid-Gift-Boxes-Wholesale-Package-Paper-Boxes-with-Logo-Insert-3-100x100.webp 100w\" sizes=\"(max-width: 2048px) 100vw, 2048px\" \/><\/figure>\n\n\n\n<div class=\"wp-block-buttons is-content-justification-center is-layout-flex wp-container-core-buttons-is-layout-16018d1d wp-block-buttons-is-layout-flex\">\n<div class=\"wp-block-button has-custom-width wp-block-button__width-75\"><a class=\"wp-block-button__link has-background has-small-font-size has-custom-font-size wp-element-button\" href=\"https:\/\/www.yishengpack.com\/es\/custom-box-inserts-accessories\/\" style=\"background:linear-gradient(135deg,rgb(254,205,165) 0%,rgb(254,45,45) 0%,rgb(94,15,15) 0%)\" target=\"_blank\" rel=\"noreferrer noopener\"><strong>Explorar los insertos personalizados para cajas<\/strong><\/a><\/div>\n<\/div>\n<\/div>\n<\/div>","protected":false},"excerpt":{"rendered":"<p>Bienvenido a la compra de nuestras cajas de regalo r\u00edgidas personalizadas con tapa. Descubra estas elegantes cajas de regalo, ideales para empaquetar joyas, accesorios hechos a mano y mucho m\u00e1s. Con un dise\u00f1o elegante, combinan el lujo con la comodidad. Desde el tama\u00f1o, los colores y el logotipo hasta los insertos internos, son totalmente personalizables para adaptarse a su marca. D\u00e9jenos ayudarle a que sus regalos destaquen de forma hermosa e impresionante.<\/p>\n<h2>Aspectos destacados de las cajas r\u00edgidas personalizadas para regalos<\/h2>\n<ul>\n<li>Personalizaci\u00f3n<\/li>\n<li>Materiales impermeables<\/li>\n<li>M\u00faltiples opciones de impresi\u00f3n<\/li>\n<li>Varios tipos de cajas<\/li>\n<li>Colores vivos<\/li>\n<li>Construcci\u00f3n robusta<\/li>\n<li>Varios tama\u00f1os de caja<\/li>\n<\/ul>\n<p>&nbsp;<\/p>","protected":false},"featured_media":2219,"comment_status":"closed","ping_status":"closed","template":"","meta":{"_acf_changed":false},"box-type":[57,61],"product_brand":[],"product_cat":[19,41,65,40,39,46,44],"product_tag":[],"class_list":{"0":"post-2218","1":"product","2":"type-product","3":"status-publish","4":"has-post-thumbnail","6":"box-type-custom-rigid-box-with-lid","7":"box-type-custom-two-piece-boxes","8":"product_cat-luxury-gift-boxes-wholesale","9":"product_cat-candy-gift-boxes-wholesale","10":"product_cat-custom-cosmetic-boxes","11":"product_cat-custom-jewelry-boxes","12":"product_cat-custom-perfume-boxes","13":"product_cat-wholesale-paper-boxes","14":"product_cat-custom-snack-box","16":"first","17":"instock","18":"shipping-taxable","19":"product-type-simple"},"acf":[],"_links":{"self":[{"href":"https:\/\/www.yishengpack.com\/es\/wp-json\/wp\/v2\/product\/2218","targetHints":{"allow":["GET"]}}],"collection":[{"href":"https:\/\/www.yishengpack.com\/es\/wp-json\/wp\/v2\/product"}],"about":[{"href":"https:\/\/www.yishengpack.com\/es\/wp-json\/wp\/v2\/types\/product"}],"replies":[{"embeddable":true,"href":"https:\/\/www.yishengpack.com\/es\/wp-json\/wp\/v2\/comments?post=2218"}],"wp:featuredmedia":[{"embeddable":true,"href":"https:\/\/www.yishengpack.com\/es\/wp-json\/wp\/v2\/media\/2219"}],"wp:attachment":[{"href":"https:\/\/www.yishengpack.com\/es\/wp-json\/wp\/v2\/media?parent=2218"}],"wp:term":[{"taxonomy":"box-type","embeddable":true,"href":"https:\/\/www.yishengpack.com\/es\/wp-json\/wp\/v2\/box-type?post=2218"},{"taxonomy":"product_brand","embeddable":true,"href":"https:\/\/www.yishengpack.com\/es\/wp-json\/wp\/v2\/product_brand?post=2218"},{"taxonomy":"product_cat","embeddable":true,"href":"https:\/\/www.yishengpack.com\/es\/wp-json\/wp\/v2\/product_cat?post=2218"},{"taxonomy":"product_tag","embeddable":true,"href":"https:\/\/www.yishengpack.com\/es\/wp-json\/wp\/v2\/product_tag?post=2218"}],"curies":[{"name":"wp","href":"https:\/\/api.w.org\/{rel}","templated":true}]}}