{"id":219,"date":"2025-01-03T03:35:14","date_gmt":"2025-01-03T03:35:14","guid":{"rendered":"https:\/\/www.yishengpack.com\/?post_type=product&#038;p=219"},"modified":"2025-10-29T02:49:34","modified_gmt":"2025-10-29T02:49:34","slug":"individual-cake-boxes-wholesale","status":"publish","type":"product","link":"https:\/\/www.yishengpack.com\/es\/producto\/individual-cake-boxes-wholesale\/","title":{"rendered":"Cajas Individuales para Pasteles al por mayor, Cajas PET para Postres al por mayor"},"content":{"rendered":"<div class=\"wp-block-columns is-layout-flex wp-container-core-columns-is-layout-9d6595d7 wp-block-columns-is-layout-flex\">\n<div class=\"wp-block-column is-layout-flow wp-block-column-is-layout-flow\">\n<h3 class=\"wp-block-heading\">Caracter\u00edsticas de las cajas individuales para tartas al por mayor<\/h3>\n\n\n\n<p><strong>PET transparente Material:<\/strong> Estas cajas individuales para tartas al por mayor est\u00e1n fabricadas con material PET transparente de alta calidad para exponer de forma atractiva sus tartas y postres.<\/p>\n\n\n\n<p><strong>Robusto y protector:<\/strong> Estas cajas individuales para tartas al por mayor ofrecen una excelente protecci\u00f3n contra los golpes y garantizan que su tarta permanezca intacta durante el transporte.<\/p>\n\n\n\n<p><strong>Embalaje individual: <\/strong>Nuestras cajas para envasar postres a granel son ideales para tartas individuales, pasteles y otros postres. Su marca podr\u00e1 exponer sus postres con facilidad.<\/p>\n\n\n\n<p><strong>Personalizable:<\/strong> Opciones como la impresi\u00f3n de logotipos o el dise\u00f1o de adhesivos para tarjeteros que se adapten a su marca y realcen el atractivo de sus productos.<\/p>\n\n\n\n<p><strong>Dise\u00f1o Snap:<\/strong> Nuestras cajas individuales para pasteles al por mayor tienen un dise\u00f1o a presi\u00f3n para una mayor protecci\u00f3n, a fin de garantizar que no se da\u00f1en durante el transporte, preservando su frescura e integridad.<\/p>\n\n\n\n<p><strong>Versatilidad:<\/strong> Estas cajas de pl\u00e1stico transparente ofrecen una mayor durabilidad y un envasado elegante para pasteles y boller\u00eda por igual para su panader\u00eda\/cafeter\u00eda\/tienda de golosinas.<\/p>\n<\/div>\n\n\n\n<div class=\"wp-block-column is-layout-flow wp-block-column-is-layout-flow\">\n<figure class=\"wp-block-image size-full\"><img decoding=\"async\" width=\"800\" height=\"800\" src=\"https:\/\/www.yishengpack.com\/wp-content\/uploads\/2025\/01\/individual-cake-boxes-wholesale-transparent-pet-dessert-packaging-boxes-with-lids-6.webp\" alt=\"cajas de postres para mascotas con tapa (6)\" class=\"wp-image-226\" srcset=\"https:\/\/www.yishengpack.com\/wp-content\/uploads\/2025\/01\/individual-cake-boxes-wholesale-transparent-pet-dessert-packaging-boxes-with-lids-6.webp 800w, https:\/\/www.yishengpack.com\/wp-content\/uploads\/2025\/01\/individual-cake-boxes-wholesale-transparent-pet-dessert-packaging-boxes-with-lids-6-300x300.webp 300w, https:\/\/www.yishengpack.com\/wp-content\/uploads\/2025\/01\/individual-cake-boxes-wholesale-transparent-pet-dessert-packaging-boxes-with-lids-6-150x150.webp 150w, https:\/\/www.yishengpack.com\/wp-content\/uploads\/2025\/01\/individual-cake-boxes-wholesale-transparent-pet-dessert-packaging-boxes-with-lids-6-768x768.webp 768w, https:\/\/www.yishengpack.com\/wp-content\/uploads\/2025\/01\/individual-cake-boxes-wholesale-transparent-pet-dessert-packaging-boxes-with-lids-6-600x600.webp 600w, https:\/\/www.yishengpack.com\/wp-content\/uploads\/2025\/01\/individual-cake-boxes-wholesale-transparent-pet-dessert-packaging-boxes-with-lids-6-100x100.webp 100w\" sizes=\"(max-width: 800px) 100vw, 800px\" \/><\/figure>\n<\/div>\n<\/div>","protected":false},"excerpt":{"rendered":"<p>Nuestras cajas individuales para tartas al por mayor est\u00e1n fabricadas con material PET transparente de alta calidad para una presentaci\u00f3n resistente y segura de tartas y productos de pasteler\u00eda. Gracias a su dise\u00f1o con mosquet\u00f3n, los pasteles permanecen bien embalados cuando se transportan. En cada caja cabe un trozo de tarta individual para garantizar su frescura y mantener las tartas o pasteles almacenados en su sitio de forma segura. Para pedidos al por mayor, tambi\u00e9n podemos proporcionar un tarjetero que se puede personalizar.<\/p>\n<h2>Cajas Individuales Transparentes para Pasteles al por mayor Especificaciones:<\/h2>\n<table width=\"528\">\n<tbody>\n<tr>\n<td width=\"215\">Fabricante:<\/td>\n<td colspan=\"2\" width=\"313\">Yisheng<\/td>\n<\/tr>\n<tr>\n<td>Modelo:<\/td>\n<td colspan=\"2\">H1014<\/td>\n<\/tr>\n<tr>\n<td>Material:\u00a0<\/td>\n<td colspan=\"2\">PET<\/td>\n<\/tr>\n<tr>\n<td>Color:\u00a0<\/td>\n<td colspan=\"2\">Claro<\/td>\n<\/tr>\n<tr>\n<td>Tama\u00f1o:\u00a0<\/td>\n<td colspan=\"2\" width=\"313\">12.5cm*11.5cm*14.5cm<\/td>\n<\/tr>\n<tr>\n<td>Peso:\u00a0<\/td>\n<td colspan=\"2\">22,3 g\/pc<\/td>\n<\/tr>\n<tr>\n<td>Forma:\u00a0<\/td>\n<td colspan=\"2\" width=\"313\">Rect\u00e1ngulo con compartimentos<\/td>\n<\/tr>\n<tr>\n<td>Embalaje:\u00a0<\/td>\n<td colspan=\"2\">50 unidades\/bolsa<\/td>\n<\/tr>\n<tr>\n<td>MOQ:\u00a0<\/td>\n<td colspan=\"2\">1200 unidades<\/td>\n<\/tr>\n<tr>\n<td>OEM&amp;ODM:\u00a0<\/td>\n<td colspan=\"2\">Personalizado, bienvenido OEM&amp;ODM<\/td>\n<\/tr>\n<tr>\n<td>Muestra\uff1a<\/td>\n<td colspan=\"2\">Se puede solicitar una muestra gratuita de 10 unidades<\/td>\n<\/tr>\n<\/tbody>\n<\/table>","protected":false},"featured_media":221,"comment_status":"closed","ping_status":"closed","template":"","meta":{"_acf_changed":false},"box-type":[61],"product_brand":[],"product_cat":[30,21,33,45],"product_tag":[],"class_list":{"0":"post-219","1":"product","2":"type-product","3":"status-publish","4":"has-post-thumbnail","6":"box-type-custom-two-piece-boxes","7":"product_cat-cake-containers-wholesale","8":"product_cat-plastic-cake-containers-wholesale","9":"product_cat-food-packaging-boxes-wholesale","10":"product_cat-bulk-disposable-food-containers","12":"first","13":"instock","14":"shipping-taxable","15":"product-type-simple"},"acf":[],"_links":{"self":[{"href":"https:\/\/www.yishengpack.com\/es\/wp-json\/wp\/v2\/product\/219","targetHints":{"allow":["GET"]}}],"collection":[{"href":"https:\/\/www.yishengpack.com\/es\/wp-json\/wp\/v2\/product"}],"about":[{"href":"https:\/\/www.yishengpack.com\/es\/wp-json\/wp\/v2\/types\/product"}],"replies":[{"embeddable":true,"href":"https:\/\/www.yishengpack.com\/es\/wp-json\/wp\/v2\/comments?post=219"}],"wp:featuredmedia":[{"embeddable":true,"href":"https:\/\/www.yishengpack.com\/es\/wp-json\/wp\/v2\/media\/221"}],"wp:attachment":[{"href":"https:\/\/www.yishengpack.com\/es\/wp-json\/wp\/v2\/media?parent=219"}],"wp:term":[{"taxonomy":"box-type","embeddable":true,"href":"https:\/\/www.yishengpack.com\/es\/wp-json\/wp\/v2\/box-type?post=219"},{"taxonomy":"product_brand","embeddable":true,"href":"https:\/\/www.yishengpack.com\/es\/wp-json\/wp\/v2\/product_brand?post=219"},{"taxonomy":"product_cat","embeddable":true,"href":"https:\/\/www.yishengpack.com\/es\/wp-json\/wp\/v2\/product_cat?post=219"},{"taxonomy":"product_tag","embeddable":true,"href":"https:\/\/www.yishengpack.com\/es\/wp-json\/wp\/v2\/product_tag?post=219"}],"curies":[{"name":"wp","href":"https:\/\/api.w.org\/{rel}","templated":true}]}}