{"id":2175,"date":"2025-09-20T02:20:06","date_gmt":"2025-09-20T02:20:06","guid":{"rendered":"https:\/\/www.yishengpack.com\/?post_type=product&#038;p=2175"},"modified":"2025-10-29T08:00:43","modified_gmt":"2025-10-29T08:00:43","slug":"wholesale-folding-packaging-boxes","status":"publish","type":"product","link":"https:\/\/www.yishengpack.com\/es\/producto\/wholesale-folding-packaging-boxes\/","title":{"rendered":"Mayorista Cajas de Embalaje Plegables, Cajas de Papel Alimentario a Granel"},"content":{"rendered":"<div class=\"wp-block-columns is-layout-flex wp-container-core-columns-is-layout-9d6595d7 wp-block-columns-is-layout-flex\">\n<div class=\"wp-block-column is-layout-flow wp-block-column-is-layout-flow\">\n<h3 class=\"wp-block-heading\">Caracter\u00edsticas de las cajas plegables al por mayor<\/h3>\n\n\n\n<p><strong>Dise\u00f1o de tapa f\u00e1cil de abrir:<\/strong> Estas cajas plegables al por mayor tienen una tapa f\u00e1cil de abrir. Permiten un acceso r\u00e1pido y c\u00f3modo a golosinas como galletas, tartas de huevo y pasteles peque\u00f1os, mejorando la experiencia de desembalaje.<\/p>\n\n\n\n<p><strong>Construcci\u00f3n de material seguro para los alimentos:<\/strong> Fabricadas con material apto para alimentos, las cajas de embalaje plegables al por mayor protegen y limpian productos como galletas, tartas de huevo y peque\u00f1os pasteles envasados en ellas.<\/p>\n\n\n\n<p><strong>Almacenamiento apilable: <\/strong>La caja de envasado de alimentos al por mayor est\u00e1 dise\u00f1ada para ser apilable. Ahorra espacio y permite a las panader\u00edas o tiendas mantener c\u00f3modamente un stock de paquetes de galletas, tartas de huevo y pasteles peque\u00f1os.<\/p>\n\n\n\n<p><strong>Dise\u00f1o minimalista atractivo:<\/strong> Con su dise\u00f1o minimalista, la caja para envasar alimentos al por mayor resulta sencilla y ordenada. Resulta atractiva y adecuada para presentar deliciosos dulces como galletas, tartas de huevo y mini pasteles.<\/p>\n\n\n\n<p><strong>Totalmente de marca para alimentos:<\/strong> La caja de envasado de alimentos personalizada puede ser totalmente personalizable. Tiene libertad para modificar el tama\u00f1o, el color, imprimir logotipos o dise\u00f1os y elegir acabados superficiales para satisfacer las necesidades de marca espec\u00edficas de panader\u00edas y marcas de alimentaci\u00f3n.<\/p>\n<\/div>\n\n\n\n<div class=\"wp-block-column is-layout-flow wp-block-column-is-layout-flow\">\n<figure class=\"wp-block-image size-full\"><img decoding=\"async\" width=\"2048\" height=\"1940\" src=\"https:\/\/www.yishengpack.com\/wp-content\/uploads\/2025\/09\/Wholesale-Folding-Packaging-Boxes-Custom-Eco-friendly-Food-Grade-Paper-Box-for-Snacks-2.webp\" alt=\"mayorista-cajas-embalaje-plegables-caja-de-papel-grada-alimentaria-bulk-2\" class=\"wp-image-2177\" srcset=\"https:\/\/www.yishengpack.com\/wp-content\/uploads\/2025\/09\/Wholesale-Folding-Packaging-Boxes-Custom-Eco-friendly-Food-Grade-Paper-Box-for-Snacks-2.webp 2048w, https:\/\/www.yishengpack.com\/wp-content\/uploads\/2025\/09\/Wholesale-Folding-Packaging-Boxes-Custom-Eco-friendly-Food-Grade-Paper-Box-for-Snacks-2-300x284.webp 300w, https:\/\/www.yishengpack.com\/wp-content\/uploads\/2025\/09\/Wholesale-Folding-Packaging-Boxes-Custom-Eco-friendly-Food-Grade-Paper-Box-for-Snacks-2-768x728.webp 768w, https:\/\/www.yishengpack.com\/wp-content\/uploads\/2025\/09\/Wholesale-Folding-Packaging-Boxes-Custom-Eco-friendly-Food-Grade-Paper-Box-for-Snacks-2-13x12.webp 13w, https:\/\/www.yishengpack.com\/wp-content\/uploads\/2025\/09\/Wholesale-Folding-Packaging-Boxes-Custom-Eco-friendly-Food-Grade-Paper-Box-for-Snacks-2-1200x1137.webp 1200w, https:\/\/www.yishengpack.com\/wp-content\/uploads\/2025\/09\/Wholesale-Folding-Packaging-Boxes-Custom-Eco-friendly-Food-Grade-Paper-Box-for-Snacks-2-600x568.webp 600w\" sizes=\"(max-width: 2048px) 100vw, 2048px\" \/><\/figure>\n<\/div>\n<\/div>\n\n\n\n<p><\/p>","protected":false},"excerpt":{"rendered":"<p>Bienvenido a comprar al por mayor nuestras cajas de embalaje plegables en varios colores. Descubra estas cajas para envasado de alimentos de dise\u00f1o pr\u00e1ctico, que combinan funcionalidad y atractivo. Desde el tama\u00f1o y los colores hasta el logotipo y la disposici\u00f3n interna, son totalmente personalizables para adaptarse a su marca. Perm\u00edtanos ayudarle a que sus productos alimentarios destaquen con belleza y eficacia.<\/p>\n<h2>Aspectos destacados de las cajas de embalaje plegables al por mayor<\/h2>\n<ul>\n<li>Personalizaci\u00f3n<\/li>\n<li>Artesan\u00eda duradera<\/li>\n<li>Materiales reciclados<\/li>\n<li>Impresi\u00f3n exquisita<\/li>\n<li>M\u00faltiples opciones de color<\/li>\n<li>Papel marfil alimentario<\/li>\n<li>C\u00f3modo almacenamiento de alimentos<\/li>\n<\/ul>\n<p>&nbsp;<\/p>\n<p>&nbsp;<\/p>","protected":false},"featured_media":2176,"comment_status":"closed","ping_status":"closed","template":"","meta":{"_acf_changed":false},"box-type":[55,48],"product_brand":[],"product_cat":[46,30,32,33,44],"product_tag":[],"class_list":{"0":"post-2175","1":"product","2":"type-product","3":"status-publish","4":"has-post-thumbnail","6":"box-type-custom-foldable-boxes","7":"box-type-custom-tuck-top-boxes","8":"product_cat-wholesale-paper-boxes","9":"product_cat-cake-containers-wholesale","10":"product_cat-bakery-packaging-wholesale","11":"product_cat-food-packaging-boxes-wholesale","12":"product_cat-custom-snack-box","14":"first","15":"instock","16":"shipping-taxable","17":"product-type-simple"},"acf":[],"_links":{"self":[{"href":"https:\/\/www.yishengpack.com\/es\/wp-json\/wp\/v2\/product\/2175","targetHints":{"allow":["GET"]}}],"collection":[{"href":"https:\/\/www.yishengpack.com\/es\/wp-json\/wp\/v2\/product"}],"about":[{"href":"https:\/\/www.yishengpack.com\/es\/wp-json\/wp\/v2\/types\/product"}],"replies":[{"embeddable":true,"href":"https:\/\/www.yishengpack.com\/es\/wp-json\/wp\/v2\/comments?post=2175"}],"wp:featuredmedia":[{"embeddable":true,"href":"https:\/\/www.yishengpack.com\/es\/wp-json\/wp\/v2\/media\/2176"}],"wp:attachment":[{"href":"https:\/\/www.yishengpack.com\/es\/wp-json\/wp\/v2\/media?parent=2175"}],"wp:term":[{"taxonomy":"box-type","embeddable":true,"href":"https:\/\/www.yishengpack.com\/es\/wp-json\/wp\/v2\/box-type?post=2175"},{"taxonomy":"product_brand","embeddable":true,"href":"https:\/\/www.yishengpack.com\/es\/wp-json\/wp\/v2\/product_brand?post=2175"},{"taxonomy":"product_cat","embeddable":true,"href":"https:\/\/www.yishengpack.com\/es\/wp-json\/wp\/v2\/product_cat?post=2175"},{"taxonomy":"product_tag","embeddable":true,"href":"https:\/\/www.yishengpack.com\/es\/wp-json\/wp\/v2\/product_tag?post=2175"}],"curies":[{"name":"wp","href":"https:\/\/api.w.org\/{rel}","templated":true}]}}