{"id":2167,"date":"2025-09-20T04:13:20","date_gmt":"2025-09-20T04:13:20","guid":{"rendered":"https:\/\/www.yishengpack.com\/?post_type=product&#038;p=2167"},"modified":"2025-10-29T04:04:27","modified_gmt":"2025-10-29T04:04:27","slug":"drawer-box-wholesale","status":"publish","type":"product","link":"https:\/\/www.yishengpack.com\/es\/producto\/drawer-box-wholesale\/","title":{"rendered":"Cajas de Cajones R\u00edgidas al por mayor, Cajas de Cosm\u00e9ticos y Joyer\u00eda a medida"},"content":{"rendered":"<div class=\"wp-block-columns is-layout-flex wp-container-core-columns-is-layout-9d6595d7 wp-block-columns-is-layout-flex\">\n<div class=\"wp-block-column is-layout-flow wp-block-column-is-layout-flow\">\n<h3 class=\"wp-block-heading\">Caracter\u00edsticas de la caja de cajones r\u00edgidos al por mayor:<\/h3>\n\n\n\n<p><strong>Funcionamiento suave de los cajones:<\/strong> Esta caja de cajones personalizada cuenta con un caj\u00f3n de funcionamiento suave que puede deslizarse f\u00e1cilmente hacia fuera al abrirlo, creando una excelente experiencia al abrir la caja, ideal para exponer productos como cosm\u00e9ticos, productos para la piel, perfumes y joyas.<\/p>\n\n\n\n<p><strong>Opciones de bandeja interior personalizada: <\/strong>La caja de cajones r\u00edgida al por mayor dispone de numerosas soluciones de bandejas interiores. Puede adquirir bandejas hechas a medida de pl\u00e1stico, cart\u00f3n o esponja. Las bandejas pueden dise\u00f1arse para sujetar firmemente cosm\u00e9ticos, productos para el cuidado de la piel, perfumes y joyas, proporcion\u00e1ndoles un lugar donde descansar.<\/p>\n\n\n\n<p><strong>Vers\u00e1til para art\u00edculos de lujo: <\/strong>Proporcionamos cajas caj\u00f3n personalizadas flexibles para productos de lujo. Desde maquillaje, cuidado de la piel y perfumes hasta joyas, nuestras cajas regalo se adaptan a las distintas necesidades de envasado para regalos y venta minorista de lujo.<\/p>\n\n\n\n<p><strong>Opciones de color chic: <\/strong>La caja de cajones al por mayor tambi\u00e9n se ofrece en opciones de color a la moda. Los tonos lavanda p\u00e1lido, azul claro y verde menta son agradables y hacen de la caja una opci\u00f3n ideal para guardar art\u00edculos de gama alta, como perfumes o joyas de alta gama.<\/p>\n\n\n\n<p><strong>Personalizaci\u00f3n totalmente alineada con la marca:<\/strong> La caja caj\u00f3n personalizada al por mayor ofrece una personalizaci\u00f3n completa adaptada a la marca. Puede cambiar el tama\u00f1o, el color, los gr\u00e1ficos, el logotipo, los acabados superficiales y el dise\u00f1o de la bandeja interior para adaptarse a los requisitos de marca \u00fanicos de diferentes marcas de belleza y joyer\u00eda.<\/p>\n<\/div>\n\n\n\n<div class=\"wp-block-column is-layout-flow wp-block-column-is-layout-flow\">\n<figure class=\"wp-block-image size-full\"><img decoding=\"async\" width=\"2234\" height=\"2234\" src=\"https:\/\/www.yishengpack.com\/wp-content\/uploads\/2025\/09\/Recyclable-Drawer-Boxes-Wholesale-Customized-Rigid-Gift-Packaging-Paper-Box-for-Cosmetics-Jewelry-2.webp\" alt=\"estuche-caj\u00f3n r\u00edgido-mayorista-estuches-cosm\u00e9ticos-para-objetos-cosm\u00e9ticos-2\" class=\"wp-image-2169\" srcset=\"https:\/\/www.yishengpack.com\/wp-content\/uploads\/2025\/09\/Recyclable-Drawer-Boxes-Wholesale-Customized-Rigid-Gift-Packaging-Paper-Box-for-Cosmetics-Jewelry-2.webp 2234w, https:\/\/www.yishengpack.com\/wp-content\/uploads\/2025\/09\/Recyclable-Drawer-Boxes-Wholesale-Customized-Rigid-Gift-Packaging-Paper-Box-for-Cosmetics-Jewelry-2-300x300.webp 300w, https:\/\/www.yishengpack.com\/wp-content\/uploads\/2025\/09\/Recyclable-Drawer-Boxes-Wholesale-Customized-Rigid-Gift-Packaging-Paper-Box-for-Cosmetics-Jewelry-2-150x150.webp 150w, https:\/\/www.yishengpack.com\/wp-content\/uploads\/2025\/09\/Recyclable-Drawer-Boxes-Wholesale-Customized-Rigid-Gift-Packaging-Paper-Box-for-Cosmetics-Jewelry-2-768x768.webp 768w, https:\/\/www.yishengpack.com\/wp-content\/uploads\/2025\/09\/Recyclable-Drawer-Boxes-Wholesale-Customized-Rigid-Gift-Packaging-Paper-Box-for-Cosmetics-Jewelry-2-12x12.webp 12w, https:\/\/www.yishengpack.com\/wp-content\/uploads\/2025\/09\/Recyclable-Drawer-Boxes-Wholesale-Customized-Rigid-Gift-Packaging-Paper-Box-for-Cosmetics-Jewelry-2-1200x1200.webp 1200w, https:\/\/www.yishengpack.com\/wp-content\/uploads\/2025\/09\/Recyclable-Drawer-Boxes-Wholesale-Customized-Rigid-Gift-Packaging-Paper-Box-for-Cosmetics-Jewelry-2-600x600.webp 600w, https:\/\/www.yishengpack.com\/wp-content\/uploads\/2025\/09\/Recyclable-Drawer-Boxes-Wholesale-Customized-Rigid-Gift-Packaging-Paper-Box-for-Cosmetics-Jewelry-2-100x100.webp 100w\" sizes=\"(max-width: 2234px) 100vw, 2234px\" \/><\/figure>\n<\/div>\n<\/div>\n\n\n\n<p><\/p>","protected":false},"excerpt":{"rendered":"<p>Bienvenido a nuestra compra al por mayor de cajas de cajones r\u00edgidos. Descubra estas coloridas cajas de regalo para cosm\u00e9ticos y joyas con un deslizamiento suave; equilibran elegantemente el lujo con la facilidad. Se pueden personalizar seg\u00fan el tama\u00f1o, el color y el logotipo de su marca. Perm\u00edtanos ayudar a que sus productos causen una impresi\u00f3n impactante y eficaz.<\/p>\n<h2>Aspectos destacados de la caja de cajones reciclable al por mayor<\/h2>\n<ul>\n<li>Construcci\u00f3n robusta<\/li>\n<li>Personalizaci\u00f3n de gama alta<\/li>\n<li>Materiales reciclados<\/li>\n<li>Amplia artesan\u00eda de impresi\u00f3n<\/li>\n<li>M\u00faltiples opciones de color<\/li>\n<li>F\u00e1cil almacenamiento<\/li>\n<li>Uso c\u00f3modo<\/li>\n<\/ul>\n<p>&nbsp;<\/p>\n<p>&nbsp;<\/p>","protected":false},"featured_media":2168,"comment_status":"closed","ping_status":"closed","template":"","meta":{"_acf_changed":false},"box-type":[47,61],"product_brand":[],"product_cat":[19,65,40,39],"product_tag":[],"class_list":{"0":"post-2167","1":"product","2":"type-product","3":"status-publish","4":"has-post-thumbnail","6":"box-type-custom-drawer-boxes","7":"box-type-custom-two-piece-boxes","8":"product_cat-luxury-gift-boxes-wholesale","9":"product_cat-custom-cosmetic-boxes","10":"product_cat-custom-jewelry-boxes","11":"product_cat-custom-perfume-boxes","13":"first","14":"instock","15":"shipping-taxable","16":"product-type-simple"},"acf":[],"_links":{"self":[{"href":"https:\/\/www.yishengpack.com\/es\/wp-json\/wp\/v2\/product\/2167","targetHints":{"allow":["GET"]}}],"collection":[{"href":"https:\/\/www.yishengpack.com\/es\/wp-json\/wp\/v2\/product"}],"about":[{"href":"https:\/\/www.yishengpack.com\/es\/wp-json\/wp\/v2\/types\/product"}],"replies":[{"embeddable":true,"href":"https:\/\/www.yishengpack.com\/es\/wp-json\/wp\/v2\/comments?post=2167"}],"wp:featuredmedia":[{"embeddable":true,"href":"https:\/\/www.yishengpack.com\/es\/wp-json\/wp\/v2\/media\/2168"}],"wp:attachment":[{"href":"https:\/\/www.yishengpack.com\/es\/wp-json\/wp\/v2\/media?parent=2167"}],"wp:term":[{"taxonomy":"box-type","embeddable":true,"href":"https:\/\/www.yishengpack.com\/es\/wp-json\/wp\/v2\/box-type?post=2167"},{"taxonomy":"product_brand","embeddable":true,"href":"https:\/\/www.yishengpack.com\/es\/wp-json\/wp\/v2\/product_brand?post=2167"},{"taxonomy":"product_cat","embeddable":true,"href":"https:\/\/www.yishengpack.com\/es\/wp-json\/wp\/v2\/product_cat?post=2167"},{"taxonomy":"product_tag","embeddable":true,"href":"https:\/\/www.yishengpack.com\/es\/wp-json\/wp\/v2\/product_tag?post=2167"}],"curies":[{"name":"wp","href":"https:\/\/api.w.org\/{rel}","templated":true}]}}