{"id":2053,"date":"2025-09-13T03:05:19","date_gmt":"2025-09-13T03:05:19","guid":{"rendered":"https:\/\/www.yishengpack.com\/?post_type=product&#038;p=2053"},"modified":"2025-09-13T03:05:22","modified_gmt":"2025-09-13T03:05:22","slug":"custom-bakery-boxes-with-logo","status":"publish","type":"product","link":"https:\/\/www.yishengpack.com\/es\/producto\/custom-bakery-boxes-with-logo\/","title":{"rendered":"Cajas de pasteler\u00eda personalizadas con logotipo, Cajas de pasteler\u00eda impresas a granel"},"content":{"rendered":"<div class=\"wp-block-columns is-layout-flex wp-container-core-columns-is-layout-9d6595d7 wp-block-columns-is-layout-flex\">\n<div class=\"wp-block-column is-layout-flow wp-block-column-is-layout-flow\">\n<h3 class=\"wp-block-heading\">Caracter\u00edsticas de las cajas personalizadas para panader\u00eda con logotipo<\/h3>\n\n\n\n<p><strong>Dise\u00f1o de compartimentos divididos:<\/strong> Estas cajas para pasteles a granel tienen un dise\u00f1o de compartimentos divididos. Puede contener ordenadamente diferentes pasteles como chocolates, galletas, pasteles peque\u00f1os y tartas de huevo, evitando que se mezclen o se da\u00f1en.<\/p>\n\n\n\n<p><strong>Material ecol\u00f3gico apto para alimentos: <\/strong>Fabricadas con materiales ecol\u00f3gicos, estas cajas personalizadas para pasteler\u00eda con logotipo son aptas para alimentos. Es lo mejor para envolver reposter\u00eda variada, como bombones, galletas, pasteles peque\u00f1os y tartas de huevo, para que los alimentos est\u00e9n seguros y limpios.<\/p>\n\n\n\n<p><strong>Cierre seguro para mayor frescura: <\/strong>Las cajas personalizadas para pasteler\u00eda con logotipo tienen un dise\u00f1o de cierre seguro. Mantiene la boller\u00eda a trav\u00e9s del cierre, conservando sus sabores por separado y evitando que entren en contacto con el aire, perfecto para productos como chocolates y peque\u00f1os pasteles que necesitan frescura.<\/p>\n\n\n\n<p><strong>Est\u00e9tica elegante para regalar:<\/strong> Con su elegante aspecto, estas cajas personalizadas para pasteler\u00eda con logotipo son ideales para regalar. Sus ordenados compartimentos y su atractivo aspecto las hacen perfectas para regalar pasteles, tartas de huevo y galletas.<\/p>\n\n\n\n<p><strong>Totalmente personalizable para la marca:<\/strong> Las cajas ecol\u00f3gicas para pasteles a granel son totalmente personalizables. Puede ajustar el tama\u00f1o, el color y a\u00f1adir logotipos o motivos. Esto permite adaptarlas a las necesidades de marca de panader\u00edas o pasteler\u00edas.<\/p>\n<\/div>\n\n\n\n<div class=\"wp-block-column is-layout-flow wp-block-column-is-layout-flow\">\n<figure class=\"wp-block-image size-full\"><img decoding=\"async\" width=\"1024\" height=\"1024\" src=\"https:\/\/www.yishengpack.com\/wp-content\/uploads\/2025\/09\/Customized-Bulk-Eco-friendly-Packaging-Pastry-Boxes-Portable-Dessert-Box-with-Logo-Wholesale-2.webp\" alt=\"cajas de pasteler\u00eda personalizadas con logo impreso-cajas de pasteler\u00eda a granel-2\" class=\"wp-image-2055\" srcset=\"https:\/\/www.yishengpack.com\/wp-content\/uploads\/2025\/09\/Customized-Bulk-Eco-friendly-Packaging-Pastry-Boxes-Portable-Dessert-Box-with-Logo-Wholesale-2.webp 1024w, https:\/\/www.yishengpack.com\/wp-content\/uploads\/2025\/09\/Customized-Bulk-Eco-friendly-Packaging-Pastry-Boxes-Portable-Dessert-Box-with-Logo-Wholesale-2-300x300.webp 300w, https:\/\/www.yishengpack.com\/wp-content\/uploads\/2025\/09\/Customized-Bulk-Eco-friendly-Packaging-Pastry-Boxes-Portable-Dessert-Box-with-Logo-Wholesale-2-150x150.webp 150w, https:\/\/www.yishengpack.com\/wp-content\/uploads\/2025\/09\/Customized-Bulk-Eco-friendly-Packaging-Pastry-Boxes-Portable-Dessert-Box-with-Logo-Wholesale-2-768x768.webp 768w, https:\/\/www.yishengpack.com\/wp-content\/uploads\/2025\/09\/Customized-Bulk-Eco-friendly-Packaging-Pastry-Boxes-Portable-Dessert-Box-with-Logo-Wholesale-2-12x12.webp 12w, https:\/\/www.yishengpack.com\/wp-content\/uploads\/2025\/09\/Customized-Bulk-Eco-friendly-Packaging-Pastry-Boxes-Portable-Dessert-Box-with-Logo-Wholesale-2-600x600.webp 600w, https:\/\/www.yishengpack.com\/wp-content\/uploads\/2025\/09\/Customized-Bulk-Eco-friendly-Packaging-Pastry-Boxes-Portable-Dessert-Box-with-Logo-Wholesale-2-100x100.webp 100w\" sizes=\"(max-width: 1024px) 100vw, 1024px\" \/><\/figure>\n<\/div>\n<\/div>\n\n\n\n<p><\/p>","protected":false},"excerpt":{"rendered":"<p>Bienvenido a comprar nuestras cajas de pasteler\u00eda personalizadas impresas con logotipo. Descubra estas impresionantes cajas para pasteler\u00eda a granel, ideales para envasar bombones, galletas, pasteles en miniatura, tartas de huevo, etc. Las componen materiales ecol\u00f3gicos, con una estructura interna de dise\u00f1o profesional para un almacenamiento seguro. Personalizables en todos los aspectos, desde el tama\u00f1o, el color y el logotipo hasta los insertos, seguro que satisfacen las necesidades de su marca. Haga que su oferta de pasteler\u00eda destaque con belleza y sea respetuosa con el medio ambiente.<\/p>\n<h2>Aspectos destacados de las cajas personalizadas para panader\u00eda con logotipo<\/h2>\n<ul>\n<li>Perfecto para mini pasteles, pan, tartas de huevo, galletas, etc.<\/li>\n<li>Materiales ecol\u00f3gicos<\/li>\n<li>Personalizaci\u00f3n total permitida<\/li>\n<li>Con compartimentos divididos para un almacenamiento organizado<\/li>\n<li>Dise\u00f1o port\u00e1til para facilitar el transporte<\/li>\n<li>Varias opciones de color<\/li>\n<\/ul>\n<p>&nbsp;<\/p>\n<p>&nbsp;<\/p>","protected":false},"featured_media":2054,"comment_status":"closed","ping_status":"closed","template":"","meta":{"_acf_changed":false},"box-type":[55,61],"product_brand":[],"product_cat":[19,41,46,30,21,32,33,44],"product_tag":[],"class_list":{"0":"post-2053","1":"product","2":"type-product","3":"status-publish","4":"has-post-thumbnail","6":"box-type-custom-foldable-boxes","7":"box-type-custom-two-piece-boxes","8":"product_cat-luxury-gift-boxes-wholesale","9":"product_cat-candy-gift-boxes-wholesale","10":"product_cat-wholesale-paper-boxes","11":"product_cat-cake-containers-wholesale","12":"product_cat-plastic-cake-containers-wholesale","13":"product_cat-bakery-packaging-wholesale","14":"product_cat-food-packaging-boxes-wholesale","15":"product_cat-custom-snack-box","17":"first","18":"instock","19":"shipping-taxable","20":"product-type-simple"},"acf":[],"_links":{"self":[{"href":"https:\/\/www.yishengpack.com\/es\/wp-json\/wp\/v2\/product\/2053","targetHints":{"allow":["GET"]}}],"collection":[{"href":"https:\/\/www.yishengpack.com\/es\/wp-json\/wp\/v2\/product"}],"about":[{"href":"https:\/\/www.yishengpack.com\/es\/wp-json\/wp\/v2\/types\/product"}],"replies":[{"embeddable":true,"href":"https:\/\/www.yishengpack.com\/es\/wp-json\/wp\/v2\/comments?post=2053"}],"wp:featuredmedia":[{"embeddable":true,"href":"https:\/\/www.yishengpack.com\/es\/wp-json\/wp\/v2\/media\/2054"}],"wp:attachment":[{"href":"https:\/\/www.yishengpack.com\/es\/wp-json\/wp\/v2\/media?parent=2053"}],"wp:term":[{"taxonomy":"box-type","embeddable":true,"href":"https:\/\/www.yishengpack.com\/es\/wp-json\/wp\/v2\/box-type?post=2053"},{"taxonomy":"product_brand","embeddable":true,"href":"https:\/\/www.yishengpack.com\/es\/wp-json\/wp\/v2\/product_brand?post=2053"},{"taxonomy":"product_cat","embeddable":true,"href":"https:\/\/www.yishengpack.com\/es\/wp-json\/wp\/v2\/product_cat?post=2053"},{"taxonomy":"product_tag","embeddable":true,"href":"https:\/\/www.yishengpack.com\/es\/wp-json\/wp\/v2\/product_tag?post=2053"}],"curies":[{"name":"wp","href":"https:\/\/api.w.org\/{rel}","templated":true}]}}