{"id":203,"date":"2025-01-02T10:05:14","date_gmt":"2025-01-02T10:05:14","guid":{"rendered":"https:\/\/www.yishengpack.com\/?post_type=product&#038;p=203"},"modified":"2025-10-29T01:40:38","modified_gmt":"2025-10-29T01:40:38","slug":"roll-cake-boxes-wholesale","status":"publish","type":"product","link":"https:\/\/www.yishengpack.com\/es\/producto\/roll-cake-boxes-wholesale\/","title":{"rendered":"Cajas de Pastel al por Mayor, C\u00fapula Transparente Cajas Suizas Individuales"},"content":{"rendered":"<div class=\"wp-block-columns is-layout-flex wp-container-core-columns-is-layout-9d6595d7 wp-block-columns-is-layout-flex\">\n<div class=\"wp-block-column is-layout-flow wp-block-column-is-layout-flow\">\n<h3 class=\"wp-block-heading\">Caracter\u00edsticas de Roll Cake Cajas al por mayor<\/h3>\n\n\n\n<p><strong>Estabilidad mejorada: <\/strong>El fondo de la caja de rollos suizos al por mayor est\u00e1 rebajado para adaptarse a la forma del alimento. Esto permite que el rollo suizo se mantenga en su sitio, reduciendo los incidentes de da\u00f1os o deformaciones durante el transporte o el almacenamiento.<\/p>\n\n\n\n<p><strong>Dise\u00f1o antivaho: <\/strong>El uso de material antivaho en la tapa de c\u00fapula transparente de las cajas para pasteles al por mayor har\u00e1 que sea transparente incluso despu\u00e9s de un largo almacenamiento, de modo que se pueda mostrar la belleza del rollo suizo.<\/p>\n\n\n\n<p><strong>Tarjetero personalizado:<\/strong> Nuestras cajas para tartas en rollo al por mayor pueden equiparse con un tarjetero personalizado, adecuado para imprimir logotipos de marcas, informaci\u00f3n sobre productos, promociones o mensajes especiales.<\/p>\n\n\n\n<p><strong>Dise\u00f1o individual:<\/strong> Los dise\u00f1os individuales de la caja de rollo suizo al por mayor garantizan que cada pastel tenga un almacenamiento independiente para evitar colisiones o da\u00f1os en cualquiera de los pasteles.<\/p>\n\n\n\n<p><strong>Resistente y duradero:<\/strong> El pl\u00e1stico utilizado para fabricar las cajas para roll cake al por mayor ofrece un fuerte soporte, por lo que no se rompe al trasladarlas de un sitio a otro o durante el almacenamiento.<\/p>\n\n\n\n<p><strong>Ampliamente aplicable: <\/strong>Nuestras cajas para tartas al por mayor son adecuadas para tiendas, restaurantes, pasteler\u00edas y eventos, y pueden satisfacer las necesidades de diferentes ocasiones.<\/p>\n<\/div>\n\n\n\n<div class=\"wp-block-column is-layout-flow wp-block-column-is-layout-flow\">\n<figure class=\"wp-block-image size-full\"><img decoding=\"async\" width=\"800\" height=\"800\" src=\"https:\/\/www.yishengpack.com\/wp-content\/uploads\/2025\/01\/Roll-Cake-Boxes-Wholesale-Clear-Dome-Individual-Swiss-Roll-Packaging-Boxes.webp\" alt=\"Cajas para Rollos de Tarta al por mayor C\u00fapula transparente Cajas individuales para rollitos suizos\" class=\"wp-image-210\" srcset=\"https:\/\/www.yishengpack.com\/wp-content\/uploads\/2025\/01\/Roll-Cake-Boxes-Wholesale-Clear-Dome-Individual-Swiss-Roll-Packaging-Boxes.webp 800w, https:\/\/www.yishengpack.com\/wp-content\/uploads\/2025\/01\/Roll-Cake-Boxes-Wholesale-Clear-Dome-Individual-Swiss-Roll-Packaging-Boxes-300x300.webp 300w, https:\/\/www.yishengpack.com\/wp-content\/uploads\/2025\/01\/Roll-Cake-Boxes-Wholesale-Clear-Dome-Individual-Swiss-Roll-Packaging-Boxes-150x150.webp 150w, https:\/\/www.yishengpack.com\/wp-content\/uploads\/2025\/01\/Roll-Cake-Boxes-Wholesale-Clear-Dome-Individual-Swiss-Roll-Packaging-Boxes-768x768.webp 768w, https:\/\/www.yishengpack.com\/wp-content\/uploads\/2025\/01\/Roll-Cake-Boxes-Wholesale-Clear-Dome-Individual-Swiss-Roll-Packaging-Boxes-600x600.webp 600w, https:\/\/www.yishengpack.com\/wp-content\/uploads\/2025\/01\/Roll-Cake-Boxes-Wholesale-Clear-Dome-Individual-Swiss-Roll-Packaging-Boxes-100x100.webp 100w\" sizes=\"(max-width: 800px) 100vw, 800px\" \/><\/figure>\n<\/div>\n<\/div>","protected":false},"excerpt":{"rendered":"<p>Yisheng suministra al por mayor estas cajas para tartas enrolladas, con tapa de c\u00fapula transparente dise\u00f1ada para tartas enrolladas suizas individuales. Estas cajas para tartas est\u00e1n fabricadas en PET de calidad alimentaria. Este envase transparente resistente, resistente a la niebla asegura que sus pasteles se ven incre\u00edbles y hemos dise\u00f1ado la base para mantener los rollos suizos en su lugar y se deslice. Estas cajas son ideales para pasteler\u00edas, eventos o comercios minoristas.<\/p>\n<h2>Roll Cake Cajas Especificaciones:<\/h2>\n<table width=\"528\">\n<tbody>\n<tr>\n<td width=\"215\">Fabricante:<\/td>\n<td colspan=\"2\" width=\"313\">Yisheng<\/td>\n<\/tr>\n<tr>\n<td>Modelo:<\/td>\n<td colspan=\"2\">H591-J<\/td>\n<\/tr>\n<tr>\n<td>Material:\u00a0<\/td>\n<td colspan=\"2\">PET<\/td>\n<\/tr>\n<tr>\n<td>Color:\u00a0<\/td>\n<td colspan=\"2\">Blanco<\/td>\n<\/tr>\n<tr>\n<td>Tama\u00f1o:\u00a0<\/td>\n<td colspan=\"2\" width=\"313\">9cm*7cm*7cm<\/td>\n<\/tr>\n<tr>\n<td>Peso:\u00a0<\/td>\n<td colspan=\"2\">12g\/pz<\/td>\n<\/tr>\n<tr>\n<td>Forma:\u00a0<\/td>\n<td colspan=\"2\">Arch<\/td>\n<\/tr>\n<tr>\n<td>Embalaje:\u00a0<\/td>\n<td colspan=\"2\">50 unidades\/bolsa<\/td>\n<\/tr>\n<tr>\n<td>MOQ:\u00a0<\/td>\n<td colspan=\"2\">1000 unidades<\/td>\n<\/tr>\n<tr>\n<td>OEM&amp;ODM:\u00a0<\/td>\n<td colspan=\"2\">Personalizado, bienvenido OEM&amp;ODM<\/td>\n<\/tr>\n<tr>\n<td>Muestra\uff1a<\/td>\n<td colspan=\"2\">Se puede solicitar una muestra gratuita de 10 unidades<\/td>\n<\/tr>\n<\/tbody>\n<\/table>","protected":false},"featured_media":206,"comment_status":"closed","ping_status":"closed","template":"","meta":{"_acf_changed":false},"box-type":[61],"product_brand":[],"product_cat":[30,21],"product_tag":[],"class_list":{"0":"post-203","1":"product","2":"type-product","3":"status-publish","4":"has-post-thumbnail","6":"box-type-custom-two-piece-boxes","7":"product_cat-cake-containers-wholesale","8":"product_cat-plastic-cake-containers-wholesale","10":"first","11":"instock","12":"shipping-taxable","13":"product-type-simple"},"acf":[],"_links":{"self":[{"href":"https:\/\/www.yishengpack.com\/es\/wp-json\/wp\/v2\/product\/203","targetHints":{"allow":["GET"]}}],"collection":[{"href":"https:\/\/www.yishengpack.com\/es\/wp-json\/wp\/v2\/product"}],"about":[{"href":"https:\/\/www.yishengpack.com\/es\/wp-json\/wp\/v2\/types\/product"}],"replies":[{"embeddable":true,"href":"https:\/\/www.yishengpack.com\/es\/wp-json\/wp\/v2\/comments?post=203"}],"wp:featuredmedia":[{"embeddable":true,"href":"https:\/\/www.yishengpack.com\/es\/wp-json\/wp\/v2\/media\/206"}],"wp:attachment":[{"href":"https:\/\/www.yishengpack.com\/es\/wp-json\/wp\/v2\/media?parent=203"}],"wp:term":[{"taxonomy":"box-type","embeddable":true,"href":"https:\/\/www.yishengpack.com\/es\/wp-json\/wp\/v2\/box-type?post=203"},{"taxonomy":"product_brand","embeddable":true,"href":"https:\/\/www.yishengpack.com\/es\/wp-json\/wp\/v2\/product_brand?post=203"},{"taxonomy":"product_cat","embeddable":true,"href":"https:\/\/www.yishengpack.com\/es\/wp-json\/wp\/v2\/product_cat?post=203"},{"taxonomy":"product_tag","embeddable":true,"href":"https:\/\/www.yishengpack.com\/es\/wp-json\/wp\/v2\/product_tag?post=203"}],"curies":[{"name":"wp","href":"https:\/\/api.w.org\/{rel}","templated":true}]}}