{"id":2003,"date":"2025-09-13T07:56:44","date_gmt":"2025-09-13T07:56:44","guid":{"rendered":"https:\/\/www.yishengpack.com\/?post_type=product&#038;p=2003"},"modified":"2025-09-13T07:56:47","modified_gmt":"2025-09-13T07:56:47","slug":"bulk-mailer-boxes","status":"publish","type":"product","link":"https:\/\/www.yishengpack.com\/es\/producto\/bulk-mailer-boxes\/","title":{"rendered":"Cajas de env\u00edo a granel de f\u00e1brica, cajas de env\u00edo impresas personalizadas"},"content":{"rendered":"<div class=\"wp-block-columns is-layout-flex wp-container-core-columns-is-layout-9d6595d7 wp-block-columns-is-layout-flex\">\n<div class=\"wp-block-column is-layout-flow wp-block-column-is-layout-flow\">\n<h3 class=\"wp-block-heading\">Caracter\u00edsticas de las cajas Bulk Mailer<\/h3>\n\n\n\n<p><strong>Comodidad de env\u00edo en plano:<\/strong> Estas cajas de env\u00edo a granel tienen un dise\u00f1o de env\u00edo plano. Pueden enviarse planas, lo que ahorra una gran cantidad de espacio y costes de env\u00edo. Son ideales para env\u00edos a granel y env\u00edos internacionales de art\u00edculos como zapatos, ropa, calcetines y cosm\u00e9ticos.<\/p>\n\n\n\n<p><strong>Vers\u00e1til para una gran variedad de productos:<\/strong> Ya sean zapatos, ropa, calcetines o cosm\u00e9ticos, estas cajas postales impresas personalizadas de diferentes dise\u00f1os pueden satisfacer una gran variedad de necesidades de embalaje. Son perfectas para regalar, empaquetar accesorios, ropa y art\u00edculos de lujo.<\/p>\n\n\n\n<p><strong>Inserciones personalizadas para mayor seguridad:<\/strong> Nuestra f\u00e1brica suministra cajas postales a granel que permiten insertos personalizados, fabricados con materiales como cart\u00f3n o flocado. Estos insertos pueden tener la forma y el tama\u00f1o exactos para sus productos, sujetarse con seguridad y protegerse durante el transporte.<\/p>\n\n\n\n<p><strong>Construcci\u00f3n robusta de cart\u00f3n: <\/strong>Estas cajas de env\u00edo impresas personalizadas est\u00e1n fabricadas con cart\u00f3n gris grueso o cartulina de primera calidad, r\u00edgidas y resistentes a la presi\u00f3n. Ofrecen una s\u00f3lida protecci\u00f3n para sus productos, tanto si se env\u00edan como si se exponen.<\/p>\n\n\n\n<p><strong>Personalizaci\u00f3n totalmente alineada con la marca: <\/strong>Las cajas para env\u00edos masivos pueden personalizarse por completo. Puede ajustar el tama\u00f1o, el color y utilizar acabados superficiales como estampaci\u00f3n, laminaci\u00f3n o UV localizado. La impresi\u00f3n art\u00edstica tambi\u00e9n es una opci\u00f3n, para que las cajas se adapten perfectamente a la imagen de su marca y a las preferencias del mercado.<\/p>\n<\/div>\n\n\n\n<div class=\"wp-block-column is-layout-flow wp-block-column-is-layout-flow\">\n<figure class=\"wp-block-image size-full\"><img decoding=\"async\" width=\"1328\" height=\"1328\" src=\"https:\/\/www.yishengpack.com\/wp-content\/uploads\/2025\/09\/Bulk-Hot-selling-Mailer-Boxes-Custom-Print-Logo-and-Pattern-Packaging-Shipping-Box-2.webp\" alt=\"factory-bulk-mailer-boxes-custom-printed-shipping-boxes-2\" class=\"wp-image-2006\" srcset=\"https:\/\/www.yishengpack.com\/wp-content\/uploads\/2025\/09\/Bulk-Hot-selling-Mailer-Boxes-Custom-Print-Logo-and-Pattern-Packaging-Shipping-Box-2.webp 1328w, https:\/\/www.yishengpack.com\/wp-content\/uploads\/2025\/09\/Bulk-Hot-selling-Mailer-Boxes-Custom-Print-Logo-and-Pattern-Packaging-Shipping-Box-2-300x300.webp 300w, https:\/\/www.yishengpack.com\/wp-content\/uploads\/2025\/09\/Bulk-Hot-selling-Mailer-Boxes-Custom-Print-Logo-and-Pattern-Packaging-Shipping-Box-2-150x150.webp 150w, https:\/\/www.yishengpack.com\/wp-content\/uploads\/2025\/09\/Bulk-Hot-selling-Mailer-Boxes-Custom-Print-Logo-and-Pattern-Packaging-Shipping-Box-2-768x768.webp 768w, https:\/\/www.yishengpack.com\/wp-content\/uploads\/2025\/09\/Bulk-Hot-selling-Mailer-Boxes-Custom-Print-Logo-and-Pattern-Packaging-Shipping-Box-2-12x12.webp 12w, https:\/\/www.yishengpack.com\/wp-content\/uploads\/2025\/09\/Bulk-Hot-selling-Mailer-Boxes-Custom-Print-Logo-and-Pattern-Packaging-Shipping-Box-2-1200x1200.webp 1200w, https:\/\/www.yishengpack.com\/wp-content\/uploads\/2025\/09\/Bulk-Hot-selling-Mailer-Boxes-Custom-Print-Logo-and-Pattern-Packaging-Shipping-Box-2-600x600.webp 600w, https:\/\/www.yishengpack.com\/wp-content\/uploads\/2025\/09\/Bulk-Hot-selling-Mailer-Boxes-Custom-Print-Logo-and-Pattern-Packaging-Shipping-Box-2-100x100.webp 100w\" sizes=\"(max-width: 1328px) 100vw, 1328px\" \/><\/figure>\n<\/div>\n<\/div>\n\n\n\n<p><\/p>","protected":false},"excerpt":{"rendered":"<p>Bienvenido a comprar nuestras cajas de env\u00edo a granel de suministros de f\u00e1brica. Nuestras cajas de env\u00edo r\u00edgidas con impresi\u00f3n personalizada est\u00e1n disponibles en varios colores atractivos y ofrecen dise\u00f1os visualmente atractivos que resultan muy pr\u00e1cticos para los requisitos de env\u00edo y embalaje. Esto garantiza que sus productos est\u00e9n bien protegidos y tengan una presentaci\u00f3n excelente durante el transporte. <br \/>Yisheng es su socio profesional de cajas de embalaje de papel personalizadas, donde integramos una estructura \u00fanica, una artesan\u00eda refinada y una fabricaci\u00f3n adaptable para ayudar a que su empresa destaque en el campo del correo y el embalaje.<\/p>\n<h2>Aspectos destacados de las cajas Bulk Mailer<\/h2>\n<ul>\n<li>Posibilidad de personalizaci\u00f3n completa<\/li>\n<li>Materiales impermeables<\/li>\n<li>Artesan\u00eda duradera<\/li>\n<li>Varios tama\u00f1os de caja<\/li>\n<li>M\u00faltiples opciones de color<\/li>\n<li>Construcci\u00f3n robusta<\/li>\n<li>Uso c\u00f3modo<\/li>\n<\/ul>\n<p>&nbsp;<\/p>","protected":false},"featured_media":2005,"comment_status":"closed","ping_status":"closed","template":"","meta":{"_acf_changed":false},"box-type":[55,59],"product_brand":[],"product_cat":[46,19,65,40,39],"product_tag":[],"class_list":{"0":"post-2003","1":"product","2":"type-product","3":"status-publish","4":"has-post-thumbnail","6":"box-type-custom-foldable-boxes","7":"box-type-custom-mailer-boxes","8":"product_cat-wholesale-paper-boxes","9":"product_cat-luxury-gift-boxes-wholesale","10":"product_cat-custom-cosmetic-boxes","11":"product_cat-custom-jewelry-boxes","12":"product_cat-custom-perfume-boxes","14":"first","15":"instock","16":"shipping-taxable","17":"product-type-simple"},"acf":[],"_links":{"self":[{"href":"https:\/\/www.yishengpack.com\/es\/wp-json\/wp\/v2\/product\/2003","targetHints":{"allow":["GET"]}}],"collection":[{"href":"https:\/\/www.yishengpack.com\/es\/wp-json\/wp\/v2\/product"}],"about":[{"href":"https:\/\/www.yishengpack.com\/es\/wp-json\/wp\/v2\/types\/product"}],"replies":[{"embeddable":true,"href":"https:\/\/www.yishengpack.com\/es\/wp-json\/wp\/v2\/comments?post=2003"}],"wp:featuredmedia":[{"embeddable":true,"href":"https:\/\/www.yishengpack.com\/es\/wp-json\/wp\/v2\/media\/2005"}],"wp:attachment":[{"href":"https:\/\/www.yishengpack.com\/es\/wp-json\/wp\/v2\/media?parent=2003"}],"wp:term":[{"taxonomy":"box-type","embeddable":true,"href":"https:\/\/www.yishengpack.com\/es\/wp-json\/wp\/v2\/box-type?post=2003"},{"taxonomy":"product_brand","embeddable":true,"href":"https:\/\/www.yishengpack.com\/es\/wp-json\/wp\/v2\/product_brand?post=2003"},{"taxonomy":"product_cat","embeddable":true,"href":"https:\/\/www.yishengpack.com\/es\/wp-json\/wp\/v2\/product_cat?post=2003"},{"taxonomy":"product_tag","embeddable":true,"href":"https:\/\/www.yishengpack.com\/es\/wp-json\/wp\/v2\/product_tag?post=2003"}],"curies":[{"name":"wp","href":"https:\/\/api.w.org\/{rel}","templated":true}]}}