{"id":193,"date":"2025-01-02T08:55:39","date_gmt":"2025-01-02T08:55:39","guid":{"rendered":"https:\/\/www.yishengpack.com\/?post_type=product&#038;p=193"},"modified":"2025-10-29T02:20:30","modified_gmt":"2025-10-29T02:20:30","slug":"bulk-plastic-cupcake-containers","status":"publish","type":"product","link":"https:\/\/www.yishengpack.com\/es\/producto\/bulk-plastic-cupcake-containers\/","title":{"rendered":"Envases de pl\u00e1stico a granel para magdalenas con tapa de c\u00fapula en paquetes de 2 unidades"},"content":{"rendered":"<div class=\"wp-block-columns is-layout-flex wp-container-core-columns-is-layout-9d6595d7 wp-block-columns-is-layout-flex\">\n<div class=\"wp-block-column is-layout-flow wp-block-column-is-layout-flow\">\n<h3 class=\"wp-block-heading\">Caracter\u00edsticas de los recipientes de pl\u00e1stico a granel para magdalenas<\/h3>\n\n\n\n<p><strong>Dise\u00f1o de tapa de c\u00fapula transparente:<\/strong> Estos envases de pl\u00e1stico para magdalenas a granel proporcionan una buena visibilidad del producto y hacen que las magdalenas tengan un aspecto m\u00e1s atractivo.<\/p>\n\n\n\n<p><strong>Espacio extra:<\/strong> Estos recipientes de pl\u00e1stico a granel para cupcakes con dise\u00f1o en forma de c\u00fapula ofrecen mucho espacio para decoraciones superiores como crema de mantequilla, frutas u otros adornos.<\/p>\n\n\n\n<p><strong>F\u00e1cil de apilar y almacenar:<\/strong> Esta caja de postres de 2 compartimentos est\u00e1 optimizada para facilitar su almacenamiento y exposici\u00f3n, ahorrando espacio de almacenamiento.<\/p>\n\n\n\n<p><strong>Bien sellado:<\/strong> En el transporte, la estructura r\u00edgida y la tapa herm\u00e9tica pueden evitar la colisi\u00f3n y extrusi\u00f3n de las magdalenas para que permanezcan intactas.<\/p>\n\n\n\n<p><strong>Adecuado para m\u00faltiples usos: <\/strong>Los recipientes de pl\u00e1stico para magdalenas al por mayor se utilizan tanto para fines comerciales como para uso individual, ya sea en panader\u00edas, cafeter\u00edas o incluso en reuniones familiares; estos recipientes se adaptan perfectamente a diversas necesidades.<\/p>\n\n\n\n<p><strong>Dise\u00f1o de separaci\u00f3n circular doble: <\/strong>En el fondo de cada recipiente hay marcadas zonas circulares dobles para garantizar que cada magdalena se coloca individualmente en su interior con su forma y estructura intactas.<\/p>\n<\/div>\n\n\n\n<div class=\"wp-block-column is-layout-flow wp-block-column-is-layout-flow\">\n<figure class=\"wp-block-image size-full\"><img decoding=\"async\" width=\"800\" height=\"800\" src=\"https:\/\/www.yishengpack.com\/wp-content\/uploads\/2025\/01\/Bulk-Plastic-Cupcake-Containers-with-Clear-Dome-Lids-in-2-Packs-7.webp\" alt=\"Envases de pl\u00e1stico a granel para magdalenas con tapas de c\u00fapula transparentes en paquetes de 2 (7)\" class=\"wp-image-201\" srcset=\"https:\/\/www.yishengpack.com\/wp-content\/uploads\/2025\/01\/Bulk-Plastic-Cupcake-Containers-with-Clear-Dome-Lids-in-2-Packs-7.webp 800w, https:\/\/www.yishengpack.com\/wp-content\/uploads\/2025\/01\/Bulk-Plastic-Cupcake-Containers-with-Clear-Dome-Lids-in-2-Packs-7-300x300.webp 300w, https:\/\/www.yishengpack.com\/wp-content\/uploads\/2025\/01\/Bulk-Plastic-Cupcake-Containers-with-Clear-Dome-Lids-in-2-Packs-7-150x150.webp 150w, https:\/\/www.yishengpack.com\/wp-content\/uploads\/2025\/01\/Bulk-Plastic-Cupcake-Containers-with-Clear-Dome-Lids-in-2-Packs-7-768x768.webp 768w, https:\/\/www.yishengpack.com\/wp-content\/uploads\/2025\/01\/Bulk-Plastic-Cupcake-Containers-with-Clear-Dome-Lids-in-2-Packs-7-600x600.webp 600w, https:\/\/www.yishengpack.com\/wp-content\/uploads\/2025\/01\/Bulk-Plastic-Cupcake-Containers-with-Clear-Dome-Lids-in-2-Packs-7-100x100.webp 100w\" sizes=\"(max-width: 800px) 100vw, 800px\" \/><\/figure>\n<\/div>\n<\/div>","protected":false},"excerpt":{"rendered":"<p>Estos envases de pl\u00e1stico para magdalenas a granel de 2 unidades con tapa de c\u00fapula transparente son una soluci\u00f3n de envasado de alta calidad dise\u00f1ada para ventas a granel o fiestas en casa, pasteler\u00edas, cafeter\u00edas y mucho m\u00e1s. Cada caja contiene dos recipientes individuales para magdalenas, lo que resulta econ\u00f3mico y pr\u00e1ctico, y garantiza que las magdalenas est\u00e9n seguras y no sufran da\u00f1os. Le invitamos a ponerse en contacto con Yisheng.<\/p>\n<h2>Recipientes de pl\u00e1stico a granel para magdalenas Especificaciones:<\/h2>\n<table width=\"528\">\n<tbody>\n<tr>\n<td width=\"215\">Fabricante:<\/td>\n<td colspan=\"2\" width=\"313\">Yisheng<\/td>\n<\/tr>\n<tr>\n<td>Modelo:<\/td>\n<td colspan=\"2\">H141<\/td>\n<\/tr>\n<tr>\n<td>Material:\u00a0<\/td>\n<td colspan=\"2\">PET<\/td>\n<\/tr>\n<tr>\n<td>Color:\u00a0<\/td>\n<td colspan=\"2\">Blanco, Negro<\/td>\n<\/tr>\n<tr>\n<td>Tama\u00f1o:\u00a0<\/td>\n<td colspan=\"2\" width=\"313\">16cm\u21799cm\u21796,5cm<\/td>\n<\/tr>\n<tr>\n<td>Peso:\u00a0<\/td>\n<td colspan=\"2\">16,6 g\/pc<\/td>\n<\/tr>\n<tr>\n<td>Forma:\u00a0<\/td>\n<td colspan=\"2\">Rect\u00e1ngulo<\/td>\n<\/tr>\n<tr>\n<td>Embalaje:\u00a0<\/td>\n<td colspan=\"2\">50 unidades\/bolsa<\/td>\n<\/tr>\n<tr>\n<td>MOQ:\u00a0<\/td>\n<td colspan=\"2\">1200 unidades<\/td>\n<\/tr>\n<tr>\n<td>OEM&amp;ODM:\u00a0<\/td>\n<td colspan=\"2\">Personalizado, bienvenido OEM&amp;ODM<\/td>\n<\/tr>\n<tr>\n<td>Muestra\uff1a<\/td>\n<td colspan=\"2\">Se puede solicitar una muestra gratuita de 10 unidades<\/td>\n<\/tr>\n<\/tbody>\n<\/table>\n<p>&nbsp;<\/p>","protected":false},"featured_media":198,"comment_status":"closed","ping_status":"closed","template":"","meta":{"_acf_changed":false},"box-type":[61],"product_brand":[],"product_cat":[30,21],"product_tag":[],"class_list":{"0":"post-193","1":"product","2":"type-product","3":"status-publish","4":"has-post-thumbnail","6":"box-type-custom-two-piece-boxes","7":"product_cat-cake-containers-wholesale","8":"product_cat-plastic-cake-containers-wholesale","10":"first","11":"instock","12":"shipping-taxable","13":"product-type-simple"},"acf":[],"_links":{"self":[{"href":"https:\/\/www.yishengpack.com\/es\/wp-json\/wp\/v2\/product\/193","targetHints":{"allow":["GET"]}}],"collection":[{"href":"https:\/\/www.yishengpack.com\/es\/wp-json\/wp\/v2\/product"}],"about":[{"href":"https:\/\/www.yishengpack.com\/es\/wp-json\/wp\/v2\/types\/product"}],"replies":[{"embeddable":true,"href":"https:\/\/www.yishengpack.com\/es\/wp-json\/wp\/v2\/comments?post=193"}],"wp:featuredmedia":[{"embeddable":true,"href":"https:\/\/www.yishengpack.com\/es\/wp-json\/wp\/v2\/media\/198"}],"wp:attachment":[{"href":"https:\/\/www.yishengpack.com\/es\/wp-json\/wp\/v2\/media?parent=193"}],"wp:term":[{"taxonomy":"box-type","embeddable":true,"href":"https:\/\/www.yishengpack.com\/es\/wp-json\/wp\/v2\/box-type?post=193"},{"taxonomy":"product_brand","embeddable":true,"href":"https:\/\/www.yishengpack.com\/es\/wp-json\/wp\/v2\/product_brand?post=193"},{"taxonomy":"product_cat","embeddable":true,"href":"https:\/\/www.yishengpack.com\/es\/wp-json\/wp\/v2\/product_cat?post=193"},{"taxonomy":"product_tag","embeddable":true,"href":"https:\/\/www.yishengpack.com\/es\/wp-json\/wp\/v2\/product_tag?post=193"}],"curies":[{"name":"wp","href":"https:\/\/api.w.org\/{rel}","templated":true}]}}