{"id":1845,"date":"2025-09-11T09:56:18","date_gmt":"2025-09-11T09:56:18","guid":{"rendered":"https:\/\/www.yishengpack.com\/?post_type=product&#038;p=1845"},"modified":"2025-09-11T09:56:22","modified_gmt":"2025-09-11T09:56:22","slug":"wholesale-drawer-boxes","status":"publish","type":"product","link":"https:\/\/www.yishengpack.com\/es\/producto\/wholesale-drawer-boxes\/","title":{"rendered":"Cajas de Cajones al por mayor, Cajas de regalo a granel personalizadas para ropa"},"content":{"rendered":"<div class=\"wp-block-columns is-layout-flex wp-container-core-columns-is-layout-9d6595d7 wp-block-columns-is-layout-flex\">\n<div class=\"wp-block-column is-layout-flow wp-block-column-is-layout-flow\">\n<h3 class=\"wp-block-heading\">Caracter\u00edsticas de las cajas de cajones al por mayor<\/h3>\n\n\n\n<p><strong>Caj\u00f3n Liso - Apertura Estilo:<\/strong> La caja de cajones a medida adopta un dise\u00f1o tipo caj\u00f3n, lo que permite una apertura suave y c\u00f3moda. Es perfecta para disfrutar de una experiencia de apertura elegante al sacar art\u00edculos como ropa, zapatos o cosm\u00e9ticos.<\/p>\n\n\n\n<p><strong>Espacio interior vers\u00e1til para varios objetos: <\/strong>Estas cajoneras al por mayor tienen un amplio espacio interior que puede contener ropa, zapatos, calcetines, cosm\u00e9ticos, joyas y mucho m\u00e1s. Y tambi\u00e9n puede personalizar los insertos para adaptarse mejor a diferentes art\u00edculos.<\/p>\n\n\n\n<p><strong>Marco resistente para protecci\u00f3n:<\/strong> Las cajas para cajones al por mayor tienen un marco resistente que puede proteger los contenidos de su interior, como joyas delicadas, maquillaje o ropa, de forma que se mantengan en buen estado cuando se almacenen o env\u00eden.<\/p>\n\n\n\n<p><strong>Refinadas opciones de color para distinguirse: <\/strong>Las cajas de cajones al por mayor ofrecen una gama de sofisticadas opciones de color, por ejemplo, el burdeos oscuro o el verde menta p\u00e1lido pueden hacer que la caja destaque visualmente, adecuada para el envasado de productos de gama alta, como cosm\u00e9ticos o joyas caros.<\/p>\n\n\n\n<p><strong>Totalmente personalizable: <\/strong>La caja de cajones es totalmente personalizable en tama\u00f1o, color, dise\u00f1o, logotipo, acabado de la superficie y construcci\u00f3n interna. Es ideal para satisfacer los requisitos de marca de distintos productos, como marcas de moda o cosm\u00e9ticos.<\/p>\n<\/div>\n\n\n\n<div class=\"wp-block-column is-layout-flow wp-block-column-is-layout-flow\">\n<figure class=\"wp-block-image size-full\"><img decoding=\"async\" width=\"1328\" height=\"1328\" src=\"https:\/\/www.yishengpack.com\/wp-content\/uploads\/2025\/09\/Wholesale-Bulk-Custom-Storage-Drawer-Boxes-Hot-Sale-Gift-Packaging-Boxes-for-Clothes-and-Shoes-2.webp\" alt=\"mayorista-cajas-cajones-granel-cajas-regalo-para-ropa-2\" class=\"wp-image-1847\" srcset=\"https:\/\/www.yishengpack.com\/wp-content\/uploads\/2025\/09\/Wholesale-Bulk-Custom-Storage-Drawer-Boxes-Hot-Sale-Gift-Packaging-Boxes-for-Clothes-and-Shoes-2.webp 1328w, https:\/\/www.yishengpack.com\/wp-content\/uploads\/2025\/09\/Wholesale-Bulk-Custom-Storage-Drawer-Boxes-Hot-Sale-Gift-Packaging-Boxes-for-Clothes-and-Shoes-2-300x300.webp 300w, https:\/\/www.yishengpack.com\/wp-content\/uploads\/2025\/09\/Wholesale-Bulk-Custom-Storage-Drawer-Boxes-Hot-Sale-Gift-Packaging-Boxes-for-Clothes-and-Shoes-2-150x150.webp 150w, https:\/\/www.yishengpack.com\/wp-content\/uploads\/2025\/09\/Wholesale-Bulk-Custom-Storage-Drawer-Boxes-Hot-Sale-Gift-Packaging-Boxes-for-Clothes-and-Shoes-2-768x768.webp 768w, https:\/\/www.yishengpack.com\/wp-content\/uploads\/2025\/09\/Wholesale-Bulk-Custom-Storage-Drawer-Boxes-Hot-Sale-Gift-Packaging-Boxes-for-Clothes-and-Shoes-2-12x12.webp 12w, https:\/\/www.yishengpack.com\/wp-content\/uploads\/2025\/09\/Wholesale-Bulk-Custom-Storage-Drawer-Boxes-Hot-Sale-Gift-Packaging-Boxes-for-Clothes-and-Shoes-2-1200x1200.webp 1200w, https:\/\/www.yishengpack.com\/wp-content\/uploads\/2025\/09\/Wholesale-Bulk-Custom-Storage-Drawer-Boxes-Hot-Sale-Gift-Packaging-Boxes-for-Clothes-and-Shoes-2-600x600.webp 600w, https:\/\/www.yishengpack.com\/wp-content\/uploads\/2025\/09\/Wholesale-Bulk-Custom-Storage-Drawer-Boxes-Hot-Sale-Gift-Packaging-Boxes-for-Clothes-and-Shoes-2-100x100.webp 100w\" sizes=\"(max-width: 1328px) 100vw, 1328px\" \/><\/figure>\n<\/div>\n<\/div>\n\n\n\n<p><\/p>","protected":false},"excerpt":{"rendered":"<p>Bienvenido a comprar nuestras cajas de cajones personalizadas. Nuestras cajas de cajones al por mayor con tiradores de cinta en una gama de colores impresionantes son perfectas para empaquetar una gran variedad de productos. Con su opci\u00f3n de caj\u00f3n de deslizamiento suave, combinan lujo y comodidad. Desde el tama\u00f1o, los colores y el logotipo hasta las inserciones internas, son totalmente personalizables para adaptarse a su marca. Perm\u00edtanos ayudarle a que sus productos destaquen con belleza y eficacia.<\/p>\n<h2>Aspectos destacados de las cajas de cajones al por mayor<\/h2>\n<ul>\n<li>Ideal para ropa, zapatos, joyas, cosm\u00e9ticos, etc.<\/li>\n<li>Suave - Dise\u00f1o de caj\u00f3n deslizante<\/li>\n<li>Personalizaci\u00f3n completa disponible<\/li>\n<li>M\u00faltiples tipos de cajas<\/li>\n<li>Varios colores<\/li>\n<li>Impresi\u00f3n sofisticada<\/li>\n<\/ul>\n<p>&nbsp;<\/p>\n<p>&nbsp;<\/p>\n<p>&nbsp;<\/p>","protected":false},"featured_media":1846,"comment_status":"closed","ping_status":"closed","template":"","meta":{"_acf_changed":false},"box-type":[47],"product_brand":[],"product_cat":[19,65,40,39,46],"product_tag":[],"class_list":{"0":"post-1845","1":"product","2":"type-product","3":"status-publish","4":"has-post-thumbnail","6":"box-type-custom-drawer-boxes","7":"product_cat-luxury-gift-boxes-wholesale","8":"product_cat-custom-cosmetic-boxes","9":"product_cat-custom-jewelry-boxes","10":"product_cat-custom-perfume-boxes","11":"product_cat-wholesale-paper-boxes","13":"first","14":"instock","15":"shipping-taxable","16":"product-type-simple"},"acf":[],"_links":{"self":[{"href":"https:\/\/www.yishengpack.com\/es\/wp-json\/wp\/v2\/product\/1845","targetHints":{"allow":["GET"]}}],"collection":[{"href":"https:\/\/www.yishengpack.com\/es\/wp-json\/wp\/v2\/product"}],"about":[{"href":"https:\/\/www.yishengpack.com\/es\/wp-json\/wp\/v2\/types\/product"}],"replies":[{"embeddable":true,"href":"https:\/\/www.yishengpack.com\/es\/wp-json\/wp\/v2\/comments?post=1845"}],"wp:featuredmedia":[{"embeddable":true,"href":"https:\/\/www.yishengpack.com\/es\/wp-json\/wp\/v2\/media\/1846"}],"wp:attachment":[{"href":"https:\/\/www.yishengpack.com\/es\/wp-json\/wp\/v2\/media?parent=1845"}],"wp:term":[{"taxonomy":"box-type","embeddable":true,"href":"https:\/\/www.yishengpack.com\/es\/wp-json\/wp\/v2\/box-type?post=1845"},{"taxonomy":"product_brand","embeddable":true,"href":"https:\/\/www.yishengpack.com\/es\/wp-json\/wp\/v2\/product_brand?post=1845"},{"taxonomy":"product_cat","embeddable":true,"href":"https:\/\/www.yishengpack.com\/es\/wp-json\/wp\/v2\/product_cat?post=1845"},{"taxonomy":"product_tag","embeddable":true,"href":"https:\/\/www.yishengpack.com\/es\/wp-json\/wp\/v2\/product_tag?post=1845"}],"curies":[{"name":"wp","href":"https:\/\/api.w.org\/{rel}","templated":true}]}}