{"id":178,"date":"2025-01-02T03:33:55","date_gmt":"2025-01-02T03:33:55","guid":{"rendered":"https:\/\/www.yishengpack.com\/?post_type=product&#038;p=178"},"modified":"2025-10-29T02:34:06","modified_gmt":"2025-10-29T02:34:06","slug":"rectangular-bakery-container-wholesale","status":"publish","type":"product","link":"https:\/\/www.yishengpack.com\/es\/producto\/rectangular-bakery-container-wholesale\/","title":{"rendered":"PET Bakery Container al por mayor, envases de alimentos con tapa"},"content":{"rendered":"<div class=\"wp-block-columns is-layout-flex wp-container-core-columns-is-layout-9d6595d7 wp-block-columns-is-layout-flex\">\n<div class=\"wp-block-column is-layout-flow wp-block-column-is-layout-flow\">\n<h3 class=\"wp-block-heading\">Features of Rectangular Bakery Container Wholesale<\/h3>\n\n\n\n<p><strong>Premium PET Material:<\/strong> The rectangular bakery container wholesale sturdy, clear plastic ensures product visibility while providing durability and protection.<\/p>\n\n\n\n<p><strong>Anti-Fog: <\/strong>The rectangular bakery container wholesale condensation from easily entering, hence assuring visibility without it being foggy inside the cover. And the clear lid make full view of baked delights, adding to the presentability<\/p>\n\n\n\n<p><strong>Cierre seguro: <\/strong>These PET food containers in bulk are closed tightly, and secure all contents fresh within. Helps avoid spillage and all other possible contamination<\/p>\n\n\n\n<p><strong>Vers\u00e1til:<\/strong> Perfect for cakes, pastries, sandwiches, and other baked goods, the rectangular bakery container wholesale is the perfect packaging choice for bakeries, cafes, and catering businesses.<\/p>\n\n\n\n<p><strong>Space-saving: <\/strong>The rectangular design of food plastic containers fits a wide range of items and makes more use of storage space.<\/p>\n<\/div>\n\n\n\n<div class=\"wp-block-column is-layout-flow wp-block-column-is-layout-flow\">\n<figure class=\"wp-block-image size-full\"><img decoding=\"async\" width=\"750\" height=\"500\" src=\"https:\/\/www.yishengpack.com\/wp-content\/uploads\/2025\/01\/Rectangular-Bakery-Container-Wholesale-PET-Food-Containers-with-Clear-Lids-3.webp\" alt=\"Rectangular Bakery Container Wholesale PET Food Containers with Clear Lids (3)\" class=\"wp-image-181\" srcset=\"https:\/\/www.yishengpack.com\/wp-content\/uploads\/2025\/01\/Rectangular-Bakery-Container-Wholesale-PET-Food-Containers-with-Clear-Lids-3.webp 750w, https:\/\/www.yishengpack.com\/wp-content\/uploads\/2025\/01\/Rectangular-Bakery-Container-Wholesale-PET-Food-Containers-with-Clear-Lids-3-300x200.webp 300w, https:\/\/www.yishengpack.com\/wp-content\/uploads\/2025\/01\/Rectangular-Bakery-Container-Wholesale-PET-Food-Containers-with-Clear-Lids-3-600x400.webp 600w\" sizes=\"(max-width: 750px) 100vw, 750px\" \/><\/figure>\n<\/div>\n<\/div>","protected":false},"excerpt":{"rendered":"<p>Bienvenido a comprar nuestros envases rectangulares para panader\u00eda al por mayor. Estos recipientes est\u00e1n fabricados con pl\u00e1stico PET de primera calidad que es duradero y a prueba de niebla para mantener sus productos horneados frescos y visibles para sus clientes. Cada tapa transparente le permite mostrar los productos horneados en el interior mientras mantiene alejados los contaminantes nocivos del exterior. Estos recipientes son ideales para tartas, pasteles, s\u00e1ndwiches u otros productos horneados.<\/p>\n<h2>Contenedor rectangular para panader\u00eda al por mayor Especificaciones:<\/h2>\n<table width=\"528\">\n<tbody>\n<tr>\n<td width=\"215\">Fabricante:<\/td>\n<td colspan=\"2\" width=\"313\">Yisheng<\/td>\n<\/tr>\n<tr>\n<td>Modelo:<\/td>\n<td colspan=\"2\">H1722<\/td>\n<\/tr>\n<tr>\n<td>Material:\u00a0<\/td>\n<td colspan=\"2\">PET<\/td>\n<\/tr>\n<tr>\n<td>Color:\u00a0<\/td>\n<td colspan=\"2\">Negro, Blanco<\/td>\n<\/tr>\n<tr>\n<td>Tama\u00f1o:\u00a0<\/td>\n<td colspan=\"2\" width=\"313\">21cm\u217916cm\u21795cm<\/td>\n<\/tr>\n<tr>\n<td>Peso:\u00a0<\/td>\n<td colspan=\"2\">44g\/pc<\/td>\n<\/tr>\n<tr>\n<td>Forma:\u00a0<\/td>\n<td colspan=\"2\">Rect\u00e1ngulo<\/td>\n<\/tr>\n<tr>\n<td>Embalaje:\u00a0<\/td>\n<td colspan=\"2\">100 unidades\/bolsa<\/td>\n<\/tr>\n<tr>\n<td>MOQ:\u00a0<\/td>\n<td colspan=\"2\">600 unidades<\/td>\n<\/tr>\n<tr>\n<td>OEM&amp;ODM:\u00a0<\/td>\n<td colspan=\"2\">Personalizado, bienvenido OEM&amp;ODM<\/td>\n<\/tr>\n<tr>\n<td>Muestra\uff1a<\/td>\n<td colspan=\"2\">Se puede solicitar una muestra gratuita de 10 unidades<\/td>\n<\/tr>\n<\/tbody>\n<\/table>","protected":false},"featured_media":183,"comment_status":"closed","ping_status":"closed","template":"","meta":{"_acf_changed":false},"box-type":[61],"product_brand":[],"product_cat":[21,30,33,45],"product_tag":[],"class_list":{"0":"post-178","1":"product","2":"type-product","3":"status-publish","4":"has-post-thumbnail","6":"box-type-custom-two-piece-boxes","7":"product_cat-plastic-cake-containers-wholesale","8":"product_cat-cake-containers-wholesale","9":"product_cat-food-packaging-boxes-wholesale","10":"product_cat-bulk-disposable-food-containers","12":"first","13":"instock","14":"shipping-taxable","15":"product-type-simple"},"acf":[],"_links":{"self":[{"href":"https:\/\/www.yishengpack.com\/es\/wp-json\/wp\/v2\/product\/178","targetHints":{"allow":["GET"]}}],"collection":[{"href":"https:\/\/www.yishengpack.com\/es\/wp-json\/wp\/v2\/product"}],"about":[{"href":"https:\/\/www.yishengpack.com\/es\/wp-json\/wp\/v2\/types\/product"}],"replies":[{"embeddable":true,"href":"https:\/\/www.yishengpack.com\/es\/wp-json\/wp\/v2\/comments?post=178"}],"wp:featuredmedia":[{"embeddable":true,"href":"https:\/\/www.yishengpack.com\/es\/wp-json\/wp\/v2\/media\/183"}],"wp:attachment":[{"href":"https:\/\/www.yishengpack.com\/es\/wp-json\/wp\/v2\/media?parent=178"}],"wp:term":[{"taxonomy":"box-type","embeddable":true,"href":"https:\/\/www.yishengpack.com\/es\/wp-json\/wp\/v2\/box-type?post=178"},{"taxonomy":"product_brand","embeddable":true,"href":"https:\/\/www.yishengpack.com\/es\/wp-json\/wp\/v2\/product_brand?post=178"},{"taxonomy":"product_cat","embeddable":true,"href":"https:\/\/www.yishengpack.com\/es\/wp-json\/wp\/v2\/product_cat?post=178"},{"taxonomy":"product_tag","embeddable":true,"href":"https:\/\/www.yishengpack.com\/es\/wp-json\/wp\/v2\/product_tag?post=178"}],"curies":[{"name":"wp","href":"https:\/\/api.w.org\/{rel}","templated":true}]}}