{"id":1642,"date":"2025-08-09T08:48:53","date_gmt":"2025-08-09T08:48:53","guid":{"rendered":"https:\/\/www.yishengpack.com\/?post_type=product&#038;p=1642"},"modified":"2025-08-09T11:15:06","modified_gmt":"2025-08-09T11:15:06","slug":"wholesale-folding-boxes","status":"publish","type":"product","link":"https:\/\/www.yishengpack.com\/es\/producto\/wholesale-folding-boxes\/","title":{"rendered":"Mayorista Cajas Plegables, Caja de Papel con Tapa y Base Personalizadas y Bandeja Insertada"},"content":{"rendered":"<div class=\"wp-block-columns is-layout-flex wp-container-core-columns-is-layout-9d6595d7 wp-block-columns-is-layout-flex\">\n<div class=\"wp-block-column is-layout-flow wp-block-column-is-layout-flow\">\n<h3 class=\"wp-block-heading\">Caracter\u00edsticas de las cajas plegables al por mayor<\/h3>\n\n\n\n<p><strong>Estructura plegable:<\/strong> Estas cajas plegables al por mayor presentan un dise\u00f1o plegable que puede enviarse en plano, lo que reduce en gran medida el volumen y los costes de transporte. Ideales para pedidos al por mayor y env\u00edos internacionales.<\/p>\n\n\n\n<p><strong>Hay disponibles varios dise\u00f1os de cajas:<\/strong> Ofrecemos cajas de papel con tapa y base personalizadas y elegantes cajas extra\u00edbles para satisfacer diversas necesidades de envasado de productos. Perfectas para regalos, accesorios, ropa y envases premium para minoristas.<\/p>\n\n\n\n<p><strong>Inserciones personalizables:<\/strong> Estas cajas plegables al por mayor pueden personalizar insertos (de cart\u00f3n, flocado y otros) con la forma y el tama\u00f1o de su producto, guard\u00e1ndolo y protegi\u00e9ndolo de forma segura.<\/p>\n\n\n\n<p><strong>Cart\u00f3n reforzado:<\/strong> Estas cajas plegables al por mayor est\u00e1n fabricadas con cart\u00f3n gris grueso o cartulina de primera calidad; la caja es r\u00edgida y resistente a la presi\u00f3n, por lo que protege sus productos durante el env\u00edo y la exposici\u00f3n.<\/p>\n\n\n\n<p><strong>Totalmente personalizable:<\/strong> La atemporal caja de papel con tapa y base personalizadas se puede personalizar por completo: tama\u00f1o, color, acabado de la superficie (estampado, laminado, UV directo, etc.) e impresi\u00f3n de dise\u00f1os para adaptarse a sus preferencias de marca y de mercado.<\/p>\n<\/div>\n\n\n\n<div class=\"wp-block-column is-layout-flow wp-block-column-is-layout-flow\">\n<figure class=\"wp-block-image size-full\"><img decoding=\"async\" width=\"2355\" height=\"2355\" src=\"https:\/\/www.yishengpack.com\/wp-content\/uploads\/2025\/07\/Wholesale-Foldable-Clothing-Dessert-Cookies-Chocolate-Lid-and-Base-Gift-Box-with-Lid-Customized-Insert-Tray4.webp\" alt=\"mayorista-cajas plegables-caja de papel con tapa y base personalizadas-con-bandeja de inserci\u00f3n-4\" class=\"wp-image-1646\" srcset=\"https:\/\/www.yishengpack.com\/wp-content\/uploads\/2025\/07\/Wholesale-Foldable-Clothing-Dessert-Cookies-Chocolate-Lid-and-Base-Gift-Box-with-Lid-Customized-Insert-Tray4.webp 2355w, https:\/\/www.yishengpack.com\/wp-content\/uploads\/2025\/07\/Wholesale-Foldable-Clothing-Dessert-Cookies-Chocolate-Lid-and-Base-Gift-Box-with-Lid-Customized-Insert-Tray4-300x300.webp 300w, https:\/\/www.yishengpack.com\/wp-content\/uploads\/2025\/07\/Wholesale-Foldable-Clothing-Dessert-Cookies-Chocolate-Lid-and-Base-Gift-Box-with-Lid-Customized-Insert-Tray4-150x150.webp 150w, https:\/\/www.yishengpack.com\/wp-content\/uploads\/2025\/07\/Wholesale-Foldable-Clothing-Dessert-Cookies-Chocolate-Lid-and-Base-Gift-Box-with-Lid-Customized-Insert-Tray4-768x768.webp 768w, https:\/\/www.yishengpack.com\/wp-content\/uploads\/2025\/07\/Wholesale-Foldable-Clothing-Dessert-Cookies-Chocolate-Lid-and-Base-Gift-Box-with-Lid-Customized-Insert-Tray4-12x12.webp 12w, https:\/\/www.yishengpack.com\/wp-content\/uploads\/2025\/07\/Wholesale-Foldable-Clothing-Dessert-Cookies-Chocolate-Lid-and-Base-Gift-Box-with-Lid-Customized-Insert-Tray4-1200x1200.webp 1200w, https:\/\/www.yishengpack.com\/wp-content\/uploads\/2025\/07\/Wholesale-Foldable-Clothing-Dessert-Cookies-Chocolate-Lid-and-Base-Gift-Box-with-Lid-Customized-Insert-Tray4-600x600.webp 600w, https:\/\/www.yishengpack.com\/wp-content\/uploads\/2025\/07\/Wholesale-Foldable-Clothing-Dessert-Cookies-Chocolate-Lid-and-Base-Gift-Box-with-Lid-Customized-Insert-Tray4-100x100.webp 100w\" sizes=\"(max-width: 2355px) 100vw, 2355px\" \/><\/figure>\n<\/div>\n<\/div>\n\n\n\n<p><\/p>","protected":false},"excerpt":{"rendered":"<p>Bienvenido a comprar nuestras cajas plegables al por mayor. Nuestra caja de regalo r\u00edgida plegable es un tierno tono rosa rubor con tapa cl\u00e1sica y la construcci\u00f3n de base, tanto est\u00e9tico y conveniente para las necesidades de embalaje contempor\u00e1neo. Yisheng es su socio profesional de embalaje de papel personalizado - donde integramos la estructura inteligente, la artesan\u00eda refinada, y la fabricaci\u00f3n adaptable para ayudar a su negocio se destaque.<\/p>\n<h2>Aspectos destacados de las cajas plegables al por mayor<\/h2>\n<ul>\n<li>Personalizaci\u00f3n total<\/li>\n<li>Materiales de alta calidad<\/li>\n<li>Impresi\u00f3n exquisita<\/li>\n<li>M\u00faltiples tipos de cajas<\/li>\n<li>Colores vivos<\/li>\n<li>Servicio OEM&amp;ODM<\/li>\n<\/ul>\n<p>\n<script src=\"chrome-extension:\/\/fpelahbljekknahkcaegamhcndkfpfnc\/iFrame.js\" type=\"text\/javascript\"><\/script><\/p>","protected":false},"featured_media":1643,"comment_status":"closed","ping_status":"closed","template":"","meta":{"_acf_changed":false},"box-type":[47,55,57],"product_brand":[],"product_cat":[30,19,41,40,46],"product_tag":[],"class_list":{"0":"post-1642","1":"product","2":"type-product","3":"status-publish","4":"has-post-thumbnail","6":"box-type-custom-drawer-boxes","7":"box-type-custom-foldable-boxes","8":"box-type-custom-rigid-box-with-lid","9":"product_cat-cake-containers-wholesale","10":"product_cat-luxury-gift-boxes-wholesale","11":"product_cat-candy-gift-boxes-wholesale","12":"product_cat-custom-jewelry-boxes","13":"product_cat-wholesale-paper-boxes","15":"first","16":"instock","17":"shipping-taxable","18":"product-type-simple"},"acf":[],"_links":{"self":[{"href":"https:\/\/www.yishengpack.com\/es\/wp-json\/wp\/v2\/product\/1642","targetHints":{"allow":["GET"]}}],"collection":[{"href":"https:\/\/www.yishengpack.com\/es\/wp-json\/wp\/v2\/product"}],"about":[{"href":"https:\/\/www.yishengpack.com\/es\/wp-json\/wp\/v2\/types\/product"}],"replies":[{"embeddable":true,"href":"https:\/\/www.yishengpack.com\/es\/wp-json\/wp\/v2\/comments?post=1642"}],"wp:featuredmedia":[{"embeddable":true,"href":"https:\/\/www.yishengpack.com\/es\/wp-json\/wp\/v2\/media\/1643"}],"wp:attachment":[{"href":"https:\/\/www.yishengpack.com\/es\/wp-json\/wp\/v2\/media?parent=1642"}],"wp:term":[{"taxonomy":"box-type","embeddable":true,"href":"https:\/\/www.yishengpack.com\/es\/wp-json\/wp\/v2\/box-type?post=1642"},{"taxonomy":"product_brand","embeddable":true,"href":"https:\/\/www.yishengpack.com\/es\/wp-json\/wp\/v2\/product_brand?post=1642"},{"taxonomy":"product_cat","embeddable":true,"href":"https:\/\/www.yishengpack.com\/es\/wp-json\/wp\/v2\/product_cat?post=1642"},{"taxonomy":"product_tag","embeddable":true,"href":"https:\/\/www.yishengpack.com\/es\/wp-json\/wp\/v2\/product_tag?post=1642"}],"curies":[{"name":"wp","href":"https:\/\/api.w.org\/{rel}","templated":true}]}}