{"id":1620,"date":"2025-08-16T02:35:17","date_gmt":"2025-08-16T02:35:17","guid":{"rendered":"https:\/\/www.yishengpack.com\/?post_type=product&#038;p=1620"},"modified":"2025-09-04T09:01:48","modified_gmt":"2025-09-04T09:01:48","slug":"custom-pull-out-boxes","status":"publish","type":"product","link":"https:\/\/www.yishengpack.com\/es\/producto\/custom-pull-out-boxes\/","title":{"rendered":"Venta al por mayor de cajas de papel plegables para galletas de chocolate"},"content":{"rendered":"<div class=\"wp-block-columns is-layout-flex wp-container-core-columns-is-layout-9d6595d7 wp-block-columns-is-layout-flex\">\n<div class=\"wp-block-column is-layout-flow wp-block-column-is-layout-flow\">\n<h3 class=\"wp-block-heading\">Caracter\u00edsticas de las cajas extra\u00edbles a medida<\/h3>\n\n\n\n<p><strong>Elegante dise\u00f1o tipo caj\u00f3n: <\/strong>El dise\u00f1o tipo caj\u00f3n de las cajas extra\u00edbles personalizadas ofrece un mecanismo de apertura suave y pr\u00e1ctico, perfecto para ofrecer una experiencia de desembalaje refinada.<\/p>\n\n\n\n<p><strong>Bandeja interior apta para alimentos incluida: <\/strong>Las cajas extra\u00edbles personalizadas incluyen una bandeja de papel extra\u00edble apta para alimentos, ideal para guardar bombones, caramelos o peque\u00f1os postres; puede cambiarse por un inserto para joyas.<\/p>\n\n\n\n<p><strong>Dise\u00f1o Flat-Pack para un env\u00edo econ\u00f3mico:<\/strong> El fondo plegable de la caja de embalaje de papel plegable al por mayor conserva el espacio de env\u00edo, ahorrando a su vez costes de almacenamiento y entrega.<\/p>\n\n\n\n<p><strong>Elegancia de doble tono en chocolate y rosa nude: <\/strong>El elegante contraste de colores entre el marr\u00f3n chocolate y el rosa nude de la caja plegable al por mayor confiere a la caja un atractivo visual delicado pero elegante, ideal para regalos de lujo.<\/p>\n\n\n\n<p><strong>Caracter\u00edsticas totalmente personalizables:<\/strong> Las cajas extra\u00edbles personalizadas son totalmente personalizables en tama\u00f1o, color, gr\u00e1ficos, logotipo, acabados de superficie y configuraci\u00f3n de bandeja para satisfacer diversas necesidades de marca.<\/p>\n<\/div>\n\n\n\n<div class=\"wp-block-column is-layout-flow wp-block-column-is-layout-flow\">\n<figure class=\"wp-block-image size-full\"><img decoding=\"async\" width=\"2562\" height=\"2562\" src=\"https:\/\/www.yishengpack.com\/wp-content\/uploads\/2025\/06\/Hot-Sale-Wholesale-Foldable-Chocolate-Cookies-Jewelry-Pillowcase-Paper-Packaging-Box-Drawer-Storage-Boxes-Brand-Promotion3.webp\" alt=\"hot-sale-cajas-desenfundables-personalizadas-mayoristas-cajas-de-papel-plegables-para-galletas-de-chocolate-3\" class=\"wp-image-1623\" srcset=\"https:\/\/www.yishengpack.com\/wp-content\/uploads\/2025\/06\/Hot-Sale-Wholesale-Foldable-Chocolate-Cookies-Jewelry-Pillowcase-Paper-Packaging-Box-Drawer-Storage-Boxes-Brand-Promotion3.webp 2562w, https:\/\/www.yishengpack.com\/wp-content\/uploads\/2025\/06\/Hot-Sale-Wholesale-Foldable-Chocolate-Cookies-Jewelry-Pillowcase-Paper-Packaging-Box-Drawer-Storage-Boxes-Brand-Promotion3-300x300.webp 300w, https:\/\/www.yishengpack.com\/wp-content\/uploads\/2025\/06\/Hot-Sale-Wholesale-Foldable-Chocolate-Cookies-Jewelry-Pillowcase-Paper-Packaging-Box-Drawer-Storage-Boxes-Brand-Promotion3-150x150.webp 150w, https:\/\/www.yishengpack.com\/wp-content\/uploads\/2025\/06\/Hot-Sale-Wholesale-Foldable-Chocolate-Cookies-Jewelry-Pillowcase-Paper-Packaging-Box-Drawer-Storage-Boxes-Brand-Promotion3-768x768.webp 768w, https:\/\/www.yishengpack.com\/wp-content\/uploads\/2025\/06\/Hot-Sale-Wholesale-Foldable-Chocolate-Cookies-Jewelry-Pillowcase-Paper-Packaging-Box-Drawer-Storage-Boxes-Brand-Promotion3-12x12.webp 12w, https:\/\/www.yishengpack.com\/wp-content\/uploads\/2025\/06\/Hot-Sale-Wholesale-Foldable-Chocolate-Cookies-Jewelry-Pillowcase-Paper-Packaging-Box-Drawer-Storage-Boxes-Brand-Promotion3-1200x1200.webp 1200w, https:\/\/www.yishengpack.com\/wp-content\/uploads\/2025\/06\/Hot-Sale-Wholesale-Foldable-Chocolate-Cookies-Jewelry-Pillowcase-Paper-Packaging-Box-Drawer-Storage-Boxes-Brand-Promotion3-600x600.webp 600w, https:\/\/www.yishengpack.com\/wp-content\/uploads\/2025\/06\/Hot-Sale-Wholesale-Foldable-Chocolate-Cookies-Jewelry-Pillowcase-Paper-Packaging-Box-Drawer-Storage-Boxes-Brand-Promotion3-100x100.webp 100w\" sizes=\"(max-width: 2562px) 100vw, 2562px\" \/><\/figure>\n<\/div>\n<\/div>\n\n\n\n<p><\/p>","protected":false},"excerpt":{"rendered":"<p>Bienvenido a comprar nuestras cajas extra\u00edbles personalizadas. Descubra nuestra elegante caja extra\u00edble de chocolate y rosa nude, perfecta para envasar bombones, dulces o joyas. Con un dise\u00f1o de deslizamiento suave y bandeja de papel alimentario, es lujo y comodidad combinados. Desde el tama\u00f1o y los colores hasta el logotipo y el encarte, es totalmente personalizable para adaptarse a su marca. Perm\u00edtanos ayudarle a que su producto destaque de forma atractiva y eficaz.<\/p>\n<h2>Aspectos destacados de las cajas plegables al por mayor<\/h2>\n<ul>\n<li>Personalizaci\u00f3n total<\/li>\n<li>Materiales de alta calidad<\/li>\n<li>Impresi\u00f3n exquisita<\/li>\n<li>M\u00faltiples tipos de cajas<\/li>\n<li>Colores vivos<\/li>\n<li>Servicio OEM&amp;ODM<\/li>\n<\/ul>\n<p>&nbsp;<\/p><\/p>","protected":false},"featured_media":1621,"comment_status":"closed","ping_status":"closed","template":"","meta":{"_acf_changed":false},"box-type":[47,55,61],"product_brand":[],"product_cat":[19,41,40,46,33,44],"product_tag":[],"class_list":{"0":"post-1620","1":"product","2":"type-product","3":"status-publish","4":"has-post-thumbnail","6":"box-type-custom-drawer-boxes","7":"box-type-custom-foldable-boxes","8":"box-type-custom-two-piece-boxes","9":"product_cat-luxury-gift-boxes-wholesale","10":"product_cat-candy-gift-boxes-wholesale","11":"product_cat-custom-jewelry-boxes","12":"product_cat-wholesale-paper-boxes","13":"product_cat-food-packaging-boxes-wholesale","14":"product_cat-custom-snack-box","16":"first","17":"instock","18":"shipping-taxable","19":"product-type-simple"},"acf":[],"_links":{"self":[{"href":"https:\/\/www.yishengpack.com\/es\/wp-json\/wp\/v2\/product\/1620","targetHints":{"allow":["GET"]}}],"collection":[{"href":"https:\/\/www.yishengpack.com\/es\/wp-json\/wp\/v2\/product"}],"about":[{"href":"https:\/\/www.yishengpack.com\/es\/wp-json\/wp\/v2\/types\/product"}],"replies":[{"embeddable":true,"href":"https:\/\/www.yishengpack.com\/es\/wp-json\/wp\/v2\/comments?post=1620"}],"wp:featuredmedia":[{"embeddable":true,"href":"https:\/\/www.yishengpack.com\/es\/wp-json\/wp\/v2\/media\/1621"}],"wp:attachment":[{"href":"https:\/\/www.yishengpack.com\/es\/wp-json\/wp\/v2\/media?parent=1620"}],"wp:term":[{"taxonomy":"box-type","embeddable":true,"href":"https:\/\/www.yishengpack.com\/es\/wp-json\/wp\/v2\/box-type?post=1620"},{"taxonomy":"product_brand","embeddable":true,"href":"https:\/\/www.yishengpack.com\/es\/wp-json\/wp\/v2\/product_brand?post=1620"},{"taxonomy":"product_cat","embeddable":true,"href":"https:\/\/www.yishengpack.com\/es\/wp-json\/wp\/v2\/product_cat?post=1620"},{"taxonomy":"product_tag","embeddable":true,"href":"https:\/\/www.yishengpack.com\/es\/wp-json\/wp\/v2\/product_tag?post=1620"}],"curies":[{"name":"wp","href":"https:\/\/api.w.org\/{rel}","templated":true}]}}