{"id":162,"date":"2024-12-26T10:07:20","date_gmt":"2024-12-26T10:07:20","guid":{"rendered":"https:\/\/www.yishengpack.com\/?post_type=product&#038;p=162"},"modified":"2025-10-29T02:35:19","modified_gmt":"2025-10-29T02:35:19","slug":"wholesale-cake-box-rectangular","status":"publish","type":"product","link":"https:\/\/www.yishengpack.com\/es\/producto\/wholesale-cake-box-rectangular\/","title":{"rendered":"Mayorista Cake Box Rectangular, Caja Embalaje Antivaho Granel"},"content":{"rendered":"<div class=\"wp-block-columns is-layout-flex wp-container-core-columns-is-layout-9d6595d7 wp-block-columns-is-layout-flex\">\n<div class=\"wp-block-column is-layout-flow wp-block-column-is-layout-flow\">\n<h3 class=\"wp-block-heading\">Caracter\u00edsticas de Cake Box Rectangular al por mayor<\/h3>\n\n\n\n<p><strong>Construcci\u00f3n duradera: <\/strong>Esta caja rectangular al por mayor de la torta se hace de los materiales de alta calidad, comida-seguros del ANIMAL DOM\u00c9STICO para embalar con seguridad los productos horneados del\u3001 de las tortas Sushi, el etc.<\/p>\n\n\n\n<p><strong>Tapa antivaho:<\/strong> Dise\u00f1ado para evitar la acumulaci\u00f3n de humedad, garantizando que la tapa permanezca transparente y mantenga una presentaci\u00f3n atractiva.<\/p>\n\n\n\n<p><strong>Transparencia cristalina: <\/strong>La tapa transparente ofrece una excelente visibilidad, mostrando la frescura y calidad de sus tartas o pasteles.<\/p>\n\n\n\n<p><strong>Cierre seguro: <\/strong>Ofrece un cierre herm\u00e9tico para evitar derrames y mantener sus productos frescos durante el transporte y la exposici\u00f3n.<\/p>\n\n\n\n<p><strong>Uso vers\u00e1til:<\/strong> Esta caja de embalaje es perfecta para panader\u00edas, catering, venta al por menor y uso dom\u00e9stico, ya que admite una gran variedad de postres y alimentos horneados.<\/p>\n\n\n\n<p><strong>Base antideslizante: <\/strong>Estas cajas rectangulares para tartas al por mayor pueden evitar eficazmente que la caja se deslice durante el transporte o la colocaci\u00f3n y garantizan un almacenamiento estable y seguro de tartas, sushi, etc., al tiempo que protegen la superficie inferior de ara\u00f1azos o da\u00f1os.<\/p>\n<\/div>\n\n\n\n<div class=\"wp-block-column is-layout-flow wp-block-column-is-layout-flow\">\n<figure class=\"wp-block-image size-full\"><img decoding=\"async\" width=\"750\" height=\"684\" src=\"https:\/\/www.yishengpack.com\/wp-content\/uploads\/2024\/12\/Wholesale-Cake-Box-Rectangular-Anti-fog-Packaging-Box-with-Transparent-Lid-5.webp\" alt=\"Mayorista Caja para Pasteles Caja Rectangular Antivaho con Tapa Transparente (5)\" class=\"wp-image-168\" srcset=\"https:\/\/www.yishengpack.com\/wp-content\/uploads\/2024\/12\/Wholesale-Cake-Box-Rectangular-Anti-fog-Packaging-Box-with-Transparent-Lid-5.webp 750w, https:\/\/www.yishengpack.com\/wp-content\/uploads\/2024\/12\/Wholesale-Cake-Box-Rectangular-Anti-fog-Packaging-Box-with-Transparent-Lid-5-300x274.webp 300w, https:\/\/www.yishengpack.com\/wp-content\/uploads\/2024\/12\/Wholesale-Cake-Box-Rectangular-Anti-fog-Packaging-Box-with-Transparent-Lid-5-600x547.webp 600w\" sizes=\"(max-width: 750px) 100vw, 750px\" \/><\/figure>\n<\/div>\n<\/div>","protected":false},"excerpt":{"rendered":"<p>Yisheng suministra estas cajas rectangulares para tartas al por mayor con tapa transparente antivaho, que ofrecen la soluci\u00f3n perfecta para exponer y envasar tartas, pasteles y otros productos horneados. Dise\u00f1ado para una mayor durabilidad y comodidad, esta caja de alta calidad asegura que sus productos se mantienen frescos sin dejar de ofrecer una visi\u00f3n clara de sus deliciosas creaciones.<\/p>\n<h2>Caja para tartas rectangular Especificaciones:<\/h2>\n<table width=\"528\">\n<tbody>\n<tr>\n<td width=\"215\">Fabricante:<\/td>\n<td colspan=\"2\" width=\"313\">Yisheng<\/td>\n<\/tr>\n<tr>\n<td>Modelo:<\/td>\n<td colspan=\"2\">H9<\/td>\n<\/tr>\n<tr>\n<td>Material:\u00a0<\/td>\n<td colspan=\"2\">PET<\/td>\n<\/tr>\n<tr>\n<td>Color:\u00a0<\/td>\n<td colspan=\"2\">Negro<\/td>\n<\/tr>\n<tr>\n<td>Tama\u00f1o:\u00a0<\/td>\n<td colspan=\"2\" width=\"313\">23.5cm*13.5cm*7.5cm<\/td>\n<\/tr>\n<tr>\n<td>Peso:\u00a0<\/td>\n<td colspan=\"2\">47,2 g\/pc<\/td>\n<\/tr>\n<tr>\n<td>Forma:\u00a0<\/td>\n<td colspan=\"2\">Rect\u00e1ngulo<\/td>\n<\/tr>\n<tr>\n<td>Embalaje:\u00a0<\/td>\n<td colspan=\"2\">50 unidades\/bolsa<\/td>\n<\/tr>\n<tr>\n<td>MOQ:\u00a0<\/td>\n<td colspan=\"2\">600 unidades<\/td>\n<\/tr>\n<tr>\n<td>OEM&amp;ODM:\u00a0<\/td>\n<td colspan=\"2\">Personalizado, bienvenido OEM&amp;ODM<\/td>\n<\/tr>\n<tr>\n<td>Muestra\uff1a<\/td>\n<td colspan=\"2\">Se puede solicitar una muestra gratuita de 10 unidades<\/td>\n<\/tr>\n<\/tbody>\n<\/table>\n<p>&nbsp;<\/p>","protected":false},"featured_media":166,"comment_status":"closed","ping_status":"closed","template":"","meta":{"_acf_changed":false},"box-type":[61],"product_brand":[],"product_cat":[21,30,33,45],"product_tag":[],"class_list":{"0":"post-162","1":"product","2":"type-product","3":"status-publish","4":"has-post-thumbnail","6":"box-type-custom-two-piece-boxes","7":"product_cat-plastic-cake-containers-wholesale","8":"product_cat-cake-containers-wholesale","9":"product_cat-food-packaging-boxes-wholesale","10":"product_cat-bulk-disposable-food-containers","12":"first","13":"instock","14":"shipping-taxable","15":"product-type-simple"},"acf":[],"_links":{"self":[{"href":"https:\/\/www.yishengpack.com\/es\/wp-json\/wp\/v2\/product\/162","targetHints":{"allow":["GET"]}}],"collection":[{"href":"https:\/\/www.yishengpack.com\/es\/wp-json\/wp\/v2\/product"}],"about":[{"href":"https:\/\/www.yishengpack.com\/es\/wp-json\/wp\/v2\/types\/product"}],"replies":[{"embeddable":true,"href":"https:\/\/www.yishengpack.com\/es\/wp-json\/wp\/v2\/comments?post=162"}],"wp:featuredmedia":[{"embeddable":true,"href":"https:\/\/www.yishengpack.com\/es\/wp-json\/wp\/v2\/media\/166"}],"wp:attachment":[{"href":"https:\/\/www.yishengpack.com\/es\/wp-json\/wp\/v2\/media?parent=162"}],"wp:term":[{"taxonomy":"box-type","embeddable":true,"href":"https:\/\/www.yishengpack.com\/es\/wp-json\/wp\/v2\/box-type?post=162"},{"taxonomy":"product_brand","embeddable":true,"href":"https:\/\/www.yishengpack.com\/es\/wp-json\/wp\/v2\/product_brand?post=162"},{"taxonomy":"product_cat","embeddable":true,"href":"https:\/\/www.yishengpack.com\/es\/wp-json\/wp\/v2\/product_cat?post=162"},{"taxonomy":"product_tag","embeddable":true,"href":"https:\/\/www.yishengpack.com\/es\/wp-json\/wp\/v2\/product_tag?post=162"}],"curies":[{"name":"wp","href":"https:\/\/api.w.org\/{rel}","templated":true}]}}