{"id":155,"date":"2024-12-26T09:00:12","date_gmt":"2024-12-26T09:00:12","guid":{"rendered":"https:\/\/www.yishengpack.com\/?post_type=product&#038;p=155"},"modified":"2025-10-29T02:35:04","modified_gmt":"2025-10-29T02:35:04","slug":"wholesale-3-compartment-containers","status":"publish","type":"product","link":"https:\/\/www.yishengpack.com\/es\/producto\/wholesale-3-compartment-containers\/","title":{"rendered":"Envases redondos de pl\u00e1stico al por mayor de 3 compartimentos con tapa"},"content":{"rendered":"<div class=\"wp-block-columns is-layout-flex wp-container-core-columns-is-layout-9d6595d7 wp-block-columns-is-layout-flex\">\n<div class=\"wp-block-column is-layout-flow wp-block-column-is-layout-flow\">\n<h3 class=\"wp-block-heading\">Features of Wholesale 3 Compartment Containers<\/h3>\n\n\n\n<p><strong>Premium PET Material:<\/strong> The wholesale 3 compartment containers are made of food-grade plastic, safe and non-toxic, durable and lightweight, suitable for long-time use to ensure food safety.<\/p>\n\n\n\n<p><strong>Concave Bottom Design:<\/strong> The concave bottom design of this 3-compartment container is effective at preventing slipping and placing firmly.<\/p>\n\n\n\n<p><strong>Sealed Lid Design:<\/strong> Comes with a strong lid with a snap-on design for a tight fit to keep food fresh and away from the possibility of outside contamination.<\/p>\n\n\n\n<p><strong>Three Compartment Design:<\/strong> With three independent compartments, easy to keep different types of food separated so flavors do not mix.<\/p>\n\n\n\n<p><strong>Multi-purpose:<\/strong> The wholesale 3 compartment containers are suitable for restaurants, takeaways, food processing plants, family meal preparation and other scenarios, multi-functional to meet different food packaging needs<\/p>\n\n\n\n<p><strong>Stacking and Space Saving: <\/strong>The plastic tray with lid has a round design and a stable base, making the containers easy to stack for storage and space-saving, suitable for bulk purchase.<\/p>\n<\/div>\n\n\n\n<div class=\"wp-block-column is-layout-flow wp-block-column-is-layout-flow\">\n<figure class=\"wp-block-image size-full\"><img decoding=\"async\" width=\"750\" height=\"879\" src=\"https:\/\/www.yishengpack.com\/wp-content\/uploads\/2024\/12\/Wholesale-3-Compartment-Containers-Round-Plastic-Food-Containers-with-Lids-3.webp\" alt=\"Wholesale 3 Compartment Containers Round Plastic Food Containers with Lids (3)\" class=\"wp-image-158\" srcset=\"https:\/\/www.yishengpack.com\/wp-content\/uploads\/2024\/12\/Wholesale-3-Compartment-Containers-Round-Plastic-Food-Containers-with-Lids-3.webp 750w, https:\/\/www.yishengpack.com\/wp-content\/uploads\/2024\/12\/Wholesale-3-Compartment-Containers-Round-Plastic-Food-Containers-with-Lids-3-256x300.webp 256w, https:\/\/www.yishengpack.com\/wp-content\/uploads\/2024\/12\/Wholesale-3-Compartment-Containers-Round-Plastic-Food-Containers-with-Lids-3-600x703.webp 600w\" sizes=\"(max-width: 750px) 100vw, 750px\" \/><\/figure>\n<\/div>\n<\/div>","protected":false},"excerpt":{"rendered":"<p>Bienvenido a comprar estos envases de 3 compartimentos al por mayor. Las Cajas redondas con tapa para envases de pl\u00e1stico para alimentos est\u00e1n fabricadas en pl\u00e1stico duradero de alta calidad con tapas seguras para mantener los alimentos frescos evitando eficazmente la mezcla de sabores entre los alimentos. Perfectos para restaurantes, catering e industrias de servicios alimentarios. Disponibles a granel y se pueden personalizar para satisfacer las necesidades de la marca.<\/p>\n<h2>Contenedores de 3 compartimentos al por mayor Especificaciones:<\/h2>\n<table width=\"528\">\n<tbody>\n<tr>\n<td width=\"215\">Fabricante:<\/td>\n<td colspan=\"2\" width=\"313\">Yisheng<\/td>\n<\/tr>\n<tr>\n<td>Modelo:<\/td>\n<td colspan=\"2\">B513<\/td>\n<\/tr>\n<tr>\n<td>Material:\u00a0<\/td>\n<td colspan=\"2\">PET<\/td>\n<\/tr>\n<tr>\n<td>Color:\u00a0<\/td>\n<td colspan=\"2\">Claro<\/td>\n<\/tr>\n<tr>\n<td>Tama\u00f1o:\u00a0<\/td>\n<td colspan=\"2\" width=\"313\">15,5 cm*5 cm<br \/>(marco interior:11,2cm*6,7cm)<\/td>\n<\/tr>\n<tr>\n<td>Peso:\u00a0<\/td>\n<td colspan=\"2\">24,4 g\/pc<\/td>\n<\/tr>\n<tr>\n<td>Forma:\u00a0<\/td>\n<td colspan=\"2\">Redondo<\/td>\n<\/tr>\n<tr>\n<td>Embalaje:\u00a0<\/td>\n<td colspan=\"2\">50 unidades\/bolsa<\/td>\n<\/tr>\n<tr>\n<td>MOQ:\u00a0<\/td>\n<td colspan=\"2\">800 unidades<\/td>\n<\/tr>\n<tr>\n<td>OEM&amp;ODM:\u00a0<\/td>\n<td colspan=\"2\">Personalizado, bienvenido OEM&amp;ODM<\/td>\n<\/tr>\n<tr>\n<td>Muestra\uff1a<\/td>\n<td colspan=\"2\">Se puede solicitar una muestra gratuita de 10 unidades<\/td>\n<\/tr>\n<\/tbody>\n<\/table>\n<p>&nbsp;<\/p>","protected":false},"featured_media":898,"comment_status":"closed","ping_status":"closed","template":"","meta":{"_acf_changed":false},"box-type":[61],"product_brand":[],"product_cat":[30,21,33,45],"product_tag":[],"class_list":{"0":"post-155","1":"product","2":"type-product","3":"status-publish","4":"has-post-thumbnail","6":"box-type-custom-two-piece-boxes","7":"product_cat-cake-containers-wholesale","8":"product_cat-plastic-cake-containers-wholesale","9":"product_cat-food-packaging-boxes-wholesale","10":"product_cat-bulk-disposable-food-containers","12":"first","13":"instock","14":"shipping-taxable","15":"product-type-simple"},"acf":[],"_links":{"self":[{"href":"https:\/\/www.yishengpack.com\/es\/wp-json\/wp\/v2\/product\/155","targetHints":{"allow":["GET"]}}],"collection":[{"href":"https:\/\/www.yishengpack.com\/es\/wp-json\/wp\/v2\/product"}],"about":[{"href":"https:\/\/www.yishengpack.com\/es\/wp-json\/wp\/v2\/types\/product"}],"replies":[{"embeddable":true,"href":"https:\/\/www.yishengpack.com\/es\/wp-json\/wp\/v2\/comments?post=155"}],"wp:featuredmedia":[{"embeddable":true,"href":"https:\/\/www.yishengpack.com\/es\/wp-json\/wp\/v2\/media\/898"}],"wp:attachment":[{"href":"https:\/\/www.yishengpack.com\/es\/wp-json\/wp\/v2\/media?parent=155"}],"wp:term":[{"taxonomy":"box-type","embeddable":true,"href":"https:\/\/www.yishengpack.com\/es\/wp-json\/wp\/v2\/box-type?post=155"},{"taxonomy":"product_brand","embeddable":true,"href":"https:\/\/www.yishengpack.com\/es\/wp-json\/wp\/v2\/product_brand?post=155"},{"taxonomy":"product_cat","embeddable":true,"href":"https:\/\/www.yishengpack.com\/es\/wp-json\/wp\/v2\/product_cat?post=155"},{"taxonomy":"product_tag","embeddable":true,"href":"https:\/\/www.yishengpack.com\/es\/wp-json\/wp\/v2\/product_tag?post=155"}],"curies":[{"name":"wp","href":"https:\/\/api.w.org\/{rel}","templated":true}]}}