{"id":1510,"date":"2025-06-05T10:06:05","date_gmt":"2025-06-05T10:06:05","guid":{"rendered":"https:\/\/www.yishengpack.com\/?post_type=product&#038;p=1510"},"modified":"2025-09-13T06:53:42","modified_gmt":"2025-09-13T06:53:42","slug":"custom-candy-gift-box","status":"publish","type":"product","link":"https:\/\/www.yishengpack.com\/es\/producto\/custom-candy-gift-box\/","title":{"rendered":"Caja de regalo personalizada para caramelos con separadores extra\u00edbles y acabado en papel de aluminio, Cajas de regalo magn\u00e9ticas al por mayor"},"content":{"rendered":"<div class=\"wp-block-columns is-layout-flex wp-container-core-columns-is-layout-9d6595d7 wp-block-columns-is-layout-flex\">\n<div class=\"wp-block-column is-layout-flow wp-block-column-is-layout-flow\">\n<h3 class=\"wp-block-heading\">Caracter\u00edsticas de la caja de regalo personalizada para caramelos<\/h3>\n\n\n\n<p><strong>Dise\u00f1o totalmente personalizable: <\/strong>Esta caja de regalo para caramelos personalizada adapta cada detalle a su marca, desde el tama\u00f1o y el color de la caja hasta el dise\u00f1o, los separadores interiores y los acabados superficiales como el estampado en l\u00e1mina, el gofrado o el UV localizado.<\/p>\n\n\n\n<p><strong>Cierre magn\u00e9tico de alta calidad:<\/strong> Las cajas magn\u00e9ticas para regalo al por mayor son plegables, lo que ofrece una experiencia de desembalaje de primera calidad, ideal para regalar bombones, trufas y otros dulces.<\/p>\n\n\n\n<p><strong>Compartimentos modulares de uso vers\u00e1til: <\/strong>Las cajas magn\u00e9ticas para regalo al por mayor son separadores extra\u00edbles y reorganizables para adaptarse a distintas configuraciones, de modo que se puedan guardar f\u00e1cilmente m\u00faltiples dulces o peque\u00f1as exquisiteces con estilo y organizaci\u00f3n.<\/p>\n\n\n\n<p><strong>Aspecto lujoso con acabados de superficie personalizados:<\/strong> Esta caja de regalo personalizada para caramelos viene con detalles en papel de aluminio, logotipos en relieve, laminados mates o brillantes, o acabados de textura personalizados para dar a la presentaci\u00f3n de su marca ese aspecto lujoso.<\/p>\n\n\n\n<p><strong>Construcci\u00f3n r\u00edgida duradera y apta para regalo: <\/strong>Esta caja de regalo personalizada para caramelos est\u00e1 fabricada con un robusto cart\u00f3n gris y revestida con papel estucado de primera calidad. Esta caja combina una fuerte protecci\u00f3n con un aspecto lujoso, perfecto para un embalaje de lujo.<\/p>\n<\/div>\n\n\n\n<div class=\"wp-block-column is-layout-flow wp-block-column-is-layout-flow\">\n<figure class=\"wp-block-image size-full\"><img decoding=\"async\" width=\"2892\" height=\"2892\" src=\"https:\/\/www.yishengpack.com\/wp-content\/uploads\/2025\/05\/Wholesale-Custom-Luxury-Magnetic-Confectionery-Chocolate-Rigid-Paper-Packaging-Gift-Box-with-Removable-Dividers-and-Foil-Finish10.webp\" alt=\"caja de caramelos personalizada con separadores extra\u00edbles y acabado de papel de aluminio-10\" class=\"wp-image-1520\" srcset=\"https:\/\/www.yishengpack.com\/wp-content\/uploads\/2025\/05\/Wholesale-Custom-Luxury-Magnetic-Confectionery-Chocolate-Rigid-Paper-Packaging-Gift-Box-with-Removable-Dividers-and-Foil-Finish10.webp 2892w, https:\/\/www.yishengpack.com\/wp-content\/uploads\/2025\/05\/Wholesale-Custom-Luxury-Magnetic-Confectionery-Chocolate-Rigid-Paper-Packaging-Gift-Box-with-Removable-Dividers-and-Foil-Finish10-300x300.webp 300w, https:\/\/www.yishengpack.com\/wp-content\/uploads\/2025\/05\/Wholesale-Custom-Luxury-Magnetic-Confectionery-Chocolate-Rigid-Paper-Packaging-Gift-Box-with-Removable-Dividers-and-Foil-Finish10-150x150.webp 150w, https:\/\/www.yishengpack.com\/wp-content\/uploads\/2025\/05\/Wholesale-Custom-Luxury-Magnetic-Confectionery-Chocolate-Rigid-Paper-Packaging-Gift-Box-with-Removable-Dividers-and-Foil-Finish10-768x768.webp 768w, https:\/\/www.yishengpack.com\/wp-content\/uploads\/2025\/05\/Wholesale-Custom-Luxury-Magnetic-Confectionery-Chocolate-Rigid-Paper-Packaging-Gift-Box-with-Removable-Dividers-and-Foil-Finish10-12x12.webp 12w, https:\/\/www.yishengpack.com\/wp-content\/uploads\/2025\/05\/Wholesale-Custom-Luxury-Magnetic-Confectionery-Chocolate-Rigid-Paper-Packaging-Gift-Box-with-Removable-Dividers-and-Foil-Finish10-1200x1200.webp 1200w, https:\/\/www.yishengpack.com\/wp-content\/uploads\/2025\/05\/Wholesale-Custom-Luxury-Magnetic-Confectionery-Chocolate-Rigid-Paper-Packaging-Gift-Box-with-Removable-Dividers-and-Foil-Finish10-600x600.webp 600w, https:\/\/www.yishengpack.com\/wp-content\/uploads\/2025\/05\/Wholesale-Custom-Luxury-Magnetic-Confectionery-Chocolate-Rigid-Paper-Packaging-Gift-Box-with-Removable-Dividers-and-Foil-Finish10-100x100.webp 100w\" sizes=\"(max-width: 2892px) 100vw, 2892px\" \/><\/figure>\n<\/div>\n<\/div>\n\n\n\n<p><\/p>","protected":false},"excerpt":{"rendered":"<p>Bienvenido a la compra de nuestra caja de regalo personalizada para dulces. Ideales para productos de confiter\u00eda de alta gama, como chips de chocolate y trufas, estas cajas de regalo magn\u00e9ticas al por mayor proporcionan un cierre magn\u00e9tico limpio, divisores interiores desmontables y un acabado rojo de alta gama realzado con estampado en caliente y relieve opcionales. Todas las caracter\u00edsticas se pueden personalizar seg\u00fan las especificaciones de su empresa, desde el tama\u00f1o, el color y la configuraci\u00f3n hasta los insertos y el tratamiento de la superficie, lo que proporciona a sus clientes una experiencia inolvidable al abrir la caja.<\/p>\n<h2>Lo m\u00e1s destacado de la caja de regalo personalizada para dulces<\/h2>\n<ul>\n<li>Personalizaci\u00f3n total<\/li>\n<li>Materiales de alta calidad<\/li>\n<li>Impresi\u00f3n exquisita<\/li>\n<li>Varios tama\u00f1os de caja<\/li>\n<li>M\u00faltiples opciones de color<\/li>\n<li>M\u00faltiples opciones de inserci\u00f3n<\/li>\n<li>Cierre magn\u00e9tico<\/li>\n<li>Servicio OEM&amp;ODM<\/li>\n<\/ul>","protected":false},"featured_media":1511,"comment_status":"closed","ping_status":"closed","template":"","meta":{"_acf_changed":false},"box-type":[54],"product_brand":[],"product_cat":[19,41,46,33,44],"product_tag":[],"class_list":{"0":"post-1510","1":"product","2":"type-product","3":"status-publish","4":"has-post-thumbnail","6":"box-type-custom-magnetic-closure-boxes","7":"product_cat-luxury-gift-boxes-wholesale","8":"product_cat-candy-gift-boxes-wholesale","9":"product_cat-wholesale-paper-boxes","10":"product_cat-food-packaging-boxes-wholesale","11":"product_cat-custom-snack-box","13":"first","14":"instock","15":"shipping-taxable","16":"product-type-simple"},"acf":[],"_links":{"self":[{"href":"https:\/\/www.yishengpack.com\/es\/wp-json\/wp\/v2\/product\/1510","targetHints":{"allow":["GET"]}}],"collection":[{"href":"https:\/\/www.yishengpack.com\/es\/wp-json\/wp\/v2\/product"}],"about":[{"href":"https:\/\/www.yishengpack.com\/es\/wp-json\/wp\/v2\/types\/product"}],"replies":[{"embeddable":true,"href":"https:\/\/www.yishengpack.com\/es\/wp-json\/wp\/v2\/comments?post=1510"}],"wp:featuredmedia":[{"embeddable":true,"href":"https:\/\/www.yishengpack.com\/es\/wp-json\/wp\/v2\/media\/1511"}],"wp:attachment":[{"href":"https:\/\/www.yishengpack.com\/es\/wp-json\/wp\/v2\/media?parent=1510"}],"wp:term":[{"taxonomy":"box-type","embeddable":true,"href":"https:\/\/www.yishengpack.com\/es\/wp-json\/wp\/v2\/box-type?post=1510"},{"taxonomy":"product_brand","embeddable":true,"href":"https:\/\/www.yishengpack.com\/es\/wp-json\/wp\/v2\/product_brand?post=1510"},{"taxonomy":"product_cat","embeddable":true,"href":"https:\/\/www.yishengpack.com\/es\/wp-json\/wp\/v2\/product_cat?post=1510"},{"taxonomy":"product_tag","embeddable":true,"href":"https:\/\/www.yishengpack.com\/es\/wp-json\/wp\/v2\/product_tag?post=1510"}],"curies":[{"name":"wp","href":"https:\/\/api.w.org\/{rel}","templated":true}]}}