{"id":1501,"date":"2025-06-05T08:30:06","date_gmt":"2025-06-05T08:30:06","guid":{"rendered":"https:\/\/www.yishengpack.com\/?post_type=product&#038;p=1501"},"modified":"2025-09-13T06:46:53","modified_gmt":"2025-09-13T06:46:53","slug":"customized-chocolate-gift-boxes","status":"publish","type":"product","link":"https:\/\/www.yishengpack.com\/es\/producto\/customized-chocolate-gift-boxes\/","title":{"rendered":"Cajas de regalo de chocolate personalizadas,Caja magn\u00e9tica a granel 3\/6\/12 unidades"},"content":{"rendered":"<div class=\"wp-block-columns is-layout-flex wp-container-core-columns-is-layout-9d6595d7 wp-block-columns-is-layout-flex\">\n<div class=\"wp-block-column is-layout-flow wp-block-column-is-layout-flow\">\n<h3 class=\"wp-block-heading\">Caracter\u00edsticas de las cajas de regalo de chocolate personalizadas<\/h3>\n\n\n\n<p><strong>Lujosa tapa abatible magn\u00e9tica de alta gama:<\/strong> Estas cajas de regalo para bombones personalizadas con tapa de cierre magn\u00e9tico se abaten sin esfuerzo y se cierran a presi\u00f3n de forma consistente, lo que ofrece una experiencia de desembalaje de primera calidad para bombones, dulces o joyas.<\/p>\n\n\n\n<p><strong>La superficie en relieve ofrece refinamiento:<\/strong> Las cajas magn\u00e9ticas al por mayor presentan un relieve que a\u00f1ade un toque m\u00e1s refinado al aspecto general, perfecto para situar su producto en una posici\u00f3n de lujo y calidad de regalo.<\/p>\n\n\n\n<p><strong>Los compartimentos interiores mantienen los bombones ordenados y seguros:<\/strong> Estas cajas de regalo para bombones personalizadas disponen de rejillas interiores que ayudan a organizar los bombones, trufas u otros dulces de forma segura y sin que se muevan, garantizando una presentaci\u00f3n ordenada y un transporte seguro.<\/p>\n\n\n\n<p><strong>Cinta o asa opcionales para a\u00f1adir encanto: <\/strong>Las cajas magn\u00e9ticas al por mayor pueden realzarse con un lazo de cinta con hilo lateral o un asa de transporte, lo que las hace m\u00e1s elegantes para regalar y c\u00f3modas para llevar.<\/p>\n\n\n\n<p><strong>Totalmente personalizable para diversas necesidades de productos: <\/strong>Estas cajas de regalo para bombones personalizadas admiten tama\u00f1os, colores, acabados superficiales (gofrado, estampado en l\u00e1mina, UV), logotipos e incluso tipos de caja (con caj\u00f3n, abatible, con asa), ya sea para bombones o para joyas.<\/p>\n<\/div>\n\n\n\n<div class=\"wp-block-column is-layout-flow wp-block-column-is-layout-flow\">\n<figure class=\"wp-block-image size-full\"><img decoding=\"async\" width=\"3024\" height=\"3026\" src=\"https:\/\/www.yishengpack.com\/wp-content\/uploads\/2025\/05\/Wholesale-Romantic-Customized-Embossing-Cardboard-3-6-12-Piece-Premium-Nut-Brittle-Truffle-Chocolate-Packaging-Magnetic-Closure-Boxes2.webp\" alt=\"cajas de regalo de chocolate personalizadas-cajas magn\u00e9ticas al por mayor-3-6-12-piezas-2\" class=\"wp-image-1503\" srcset=\"https:\/\/www.yishengpack.com\/wp-content\/uploads\/2025\/05\/Wholesale-Romantic-Customized-Embossing-Cardboard-3-6-12-Piece-Premium-Nut-Brittle-Truffle-Chocolate-Packaging-Magnetic-Closure-Boxes2.webp 3024w, https:\/\/www.yishengpack.com\/wp-content\/uploads\/2025\/05\/Wholesale-Romantic-Customized-Embossing-Cardboard-3-6-12-Piece-Premium-Nut-Brittle-Truffle-Chocolate-Packaging-Magnetic-Closure-Boxes2-300x300.webp 300w, https:\/\/www.yishengpack.com\/wp-content\/uploads\/2025\/05\/Wholesale-Romantic-Customized-Embossing-Cardboard-3-6-12-Piece-Premium-Nut-Brittle-Truffle-Chocolate-Packaging-Magnetic-Closure-Boxes2-150x150.webp 150w, https:\/\/www.yishengpack.com\/wp-content\/uploads\/2025\/05\/Wholesale-Romantic-Customized-Embossing-Cardboard-3-6-12-Piece-Premium-Nut-Brittle-Truffle-Chocolate-Packaging-Magnetic-Closure-Boxes2-768x769.webp 768w, https:\/\/www.yishengpack.com\/wp-content\/uploads\/2025\/05\/Wholesale-Romantic-Customized-Embossing-Cardboard-3-6-12-Piece-Premium-Nut-Brittle-Truffle-Chocolate-Packaging-Magnetic-Closure-Boxes2-12x12.webp 12w, https:\/\/www.yishengpack.com\/wp-content\/uploads\/2025\/05\/Wholesale-Romantic-Customized-Embossing-Cardboard-3-6-12-Piece-Premium-Nut-Brittle-Truffle-Chocolate-Packaging-Magnetic-Closure-Boxes2-1200x1200.webp 1200w, https:\/\/www.yishengpack.com\/wp-content\/uploads\/2025\/05\/Wholesale-Romantic-Customized-Embossing-Cardboard-3-6-12-Piece-Premium-Nut-Brittle-Truffle-Chocolate-Packaging-Magnetic-Closure-Boxes2-600x600.webp 600w, https:\/\/www.yishengpack.com\/wp-content\/uploads\/2025\/05\/Wholesale-Romantic-Customized-Embossing-Cardboard-3-6-12-Piece-Premium-Nut-Brittle-Truffle-Chocolate-Packaging-Magnetic-Closure-Boxes2-100x100.webp 100w\" sizes=\"(max-width: 3024px) 100vw, 3024px\" \/><\/figure>\n<\/div>\n<\/div>\n\n\n\n<p><\/p>","protected":false},"excerpt":{"rendered":"<p>Bienvenido a comprar nuestras cajas magn\u00e9ticas al por mayor. Estas cajas de regalo de chocolate personalizadas est\u00e1n dise\u00f1adas para trufas, galletas y frutas confitadas. Con cierre de solapa magn\u00e9tica para garantizar que los alimentos no se derramen durante el env\u00edo. Una opci\u00f3n de envasado elegante y funcional para bombones de lujo o joyas, totalmente personalizable para reforzar su marca y su experiencia de regalo. Es perfecto para compras al por mayor y est\u00e1 disponible en varios tama\u00f1os para adaptarse a los requisitos de envasado de distintas situaciones.<\/p>\n<h2>Aspectos destacados de las cajas de regalo de chocolate personalizadas<\/h2>\n<ul>\n<li>Personalizaci\u00f3n total<\/li>\n<li>Materiales de alta calidad<\/li>\n<li>Impresi\u00f3n exquisita<\/li>\n<li>Varios tama\u00f1os de caja<\/li>\n<li>Construcci\u00f3n robusta<\/li>\n<li>Cierre magn\u00e9tico<\/li>\n<li>Servicio OEM&amp;ODM<\/li>\n<\/ul>","protected":false},"featured_media":1502,"comment_status":"closed","ping_status":"closed","template":"","meta":{"_acf_changed":false},"box-type":[54],"product_brand":[],"product_cat":[19,41,33,44],"product_tag":[],"class_list":{"0":"post-1501","1":"product","2":"type-product","3":"status-publish","4":"has-post-thumbnail","6":"box-type-custom-magnetic-closure-boxes","7":"product_cat-luxury-gift-boxes-wholesale","8":"product_cat-candy-gift-boxes-wholesale","9":"product_cat-food-packaging-boxes-wholesale","10":"product_cat-custom-snack-box","12":"first","13":"instock","14":"shipping-taxable","15":"product-type-simple"},"acf":[],"_links":{"self":[{"href":"https:\/\/www.yishengpack.com\/es\/wp-json\/wp\/v2\/product\/1501","targetHints":{"allow":["GET"]}}],"collection":[{"href":"https:\/\/www.yishengpack.com\/es\/wp-json\/wp\/v2\/product"}],"about":[{"href":"https:\/\/www.yishengpack.com\/es\/wp-json\/wp\/v2\/types\/product"}],"replies":[{"embeddable":true,"href":"https:\/\/www.yishengpack.com\/es\/wp-json\/wp\/v2\/comments?post=1501"}],"wp:featuredmedia":[{"embeddable":true,"href":"https:\/\/www.yishengpack.com\/es\/wp-json\/wp\/v2\/media\/1502"}],"wp:attachment":[{"href":"https:\/\/www.yishengpack.com\/es\/wp-json\/wp\/v2\/media?parent=1501"}],"wp:term":[{"taxonomy":"box-type","embeddable":true,"href":"https:\/\/www.yishengpack.com\/es\/wp-json\/wp\/v2\/box-type?post=1501"},{"taxonomy":"product_brand","embeddable":true,"href":"https:\/\/www.yishengpack.com\/es\/wp-json\/wp\/v2\/product_brand?post=1501"},{"taxonomy":"product_cat","embeddable":true,"href":"https:\/\/www.yishengpack.com\/es\/wp-json\/wp\/v2\/product_cat?post=1501"},{"taxonomy":"product_tag","embeddable":true,"href":"https:\/\/www.yishengpack.com\/es\/wp-json\/wp\/v2\/product_tag?post=1501"}],"curies":[{"name":"wp","href":"https:\/\/api.w.org\/{rel}","templated":true}]}}