{"id":1428,"date":"2025-05-21T10:02:19","date_gmt":"2025-05-21T10:02:19","guid":{"rendered":"https:\/\/www.yishengpack.com\/?post_type=product&#038;p=1428"},"modified":"2025-09-13T03:40:42","modified_gmt":"2025-09-13T03:40:42","slug":"rigid-boxes-wholesale","status":"publish","type":"product","link":"https:\/\/www.yishengpack.com\/es\/producto\/rigid-boxes-wholesale\/","title":{"rendered":"Cajas R\u00edgidas al por mayor con tapa transparente, cajas de regalo personalizadas y borla china"},"content":{"rendered":"<div class=\"wp-block-columns is-layout-flex wp-container-core-columns-is-layout-9d6595d7 wp-block-columns-is-layout-flex\">\n<div class=\"wp-block-column is-layout-flow wp-block-column-is-layout-flow\">\n<h3 class=\"wp-block-heading\">Caracter\u00edsticas de las cajas r\u00edgidas al por mayor<\/h3>\n\n\n\n<p><strong>Dise\u00f1o tradicional chino:<\/strong> Estas cajas r\u00edgidas al por mayor llenas de esp\u00edritu festivo, con un tema rojo brillante con caligraf\u00eda, borlas y motivos auspiciosos, expresan alegr\u00eda y prosperidad. Perfectas para A\u00f1o Nuevo, bodas y celebraciones<\/p>\n\n\n\n<p><strong>Totalmente personalizable:<\/strong> Nuestras cajas de regalo personalizadas pueden personalizar el tama\u00f1o, el color, el n\u00famero de compartimentos, el dise\u00f1o de la superficie y la marca para adaptarse a cualquier ocasi\u00f3n festiva, \u00a1y satisfacer todas sus necesidades!<\/p>\n\n\n\n<p><strong>Disposici\u00f3n de los compartimentos:<\/strong> Estas cajas r\u00edgidas al por mayor son ordenadas y pr\u00e1cticas. Tienen varias secciones interiores ideales para caramelos, frutos secos, aperitivos o peque\u00f1os regalos; perfectas para regalos festivos.<\/p>\n\n\n\n<p><strong>Tapa transparente Display: <\/strong>Nuestras cajas de regalo personalizadas tienen una atractiva presentaci\u00f3n. La tapa de PET transparente permite ver claramente el interior, lo que mejora el atractivo y la presentaci\u00f3n del regalo.<\/p>\n\n\n\n<p><strong>Material ecol\u00f3gico:<\/strong> Estas cajas r\u00edgidas est\u00e1n fabricadas al por mayor con cart\u00f3n r\u00edgido reciclable para ofrecer una soluci\u00f3n de embalaje sostenible a la par que elegante.<\/p>\n<\/div>\n\n\n\n<div class=\"wp-block-column is-layout-flow wp-block-column-is-layout-flow\">\n<figure class=\"wp-block-image size-full\"><img decoding=\"async\" width=\"3024\" height=\"3024\" src=\"https:\/\/www.yishengpack.com\/wp-content\/uploads\/2025\/05\/Wholesales-Chinese-Gift-Packaging-Boxes-with-Clear-Lid-Customized-Tassel-Compartments-for-Mid-Autumn-New-Year-Wedding-Holiday-Party-Favors4.webp\" alt=\"cajas r\u00edgidas al por mayor con tapa transparente-4\" class=\"wp-image-1432\" srcset=\"https:\/\/www.yishengpack.com\/wp-content\/uploads\/2025\/05\/Wholesales-Chinese-Gift-Packaging-Boxes-with-Clear-Lid-Customized-Tassel-Compartments-for-Mid-Autumn-New-Year-Wedding-Holiday-Party-Favors4.webp 3024w, https:\/\/www.yishengpack.com\/wp-content\/uploads\/2025\/05\/Wholesales-Chinese-Gift-Packaging-Boxes-with-Clear-Lid-Customized-Tassel-Compartments-for-Mid-Autumn-New-Year-Wedding-Holiday-Party-Favors4-300x300.webp 300w, https:\/\/www.yishengpack.com\/wp-content\/uploads\/2025\/05\/Wholesales-Chinese-Gift-Packaging-Boxes-with-Clear-Lid-Customized-Tassel-Compartments-for-Mid-Autumn-New-Year-Wedding-Holiday-Party-Favors4-150x150.webp 150w, https:\/\/www.yishengpack.com\/wp-content\/uploads\/2025\/05\/Wholesales-Chinese-Gift-Packaging-Boxes-with-Clear-Lid-Customized-Tassel-Compartments-for-Mid-Autumn-New-Year-Wedding-Holiday-Party-Favors4-768x768.webp 768w, https:\/\/www.yishengpack.com\/wp-content\/uploads\/2025\/05\/Wholesales-Chinese-Gift-Packaging-Boxes-with-Clear-Lid-Customized-Tassel-Compartments-for-Mid-Autumn-New-Year-Wedding-Holiday-Party-Favors4-12x12.webp 12w, https:\/\/www.yishengpack.com\/wp-content\/uploads\/2025\/05\/Wholesales-Chinese-Gift-Packaging-Boxes-with-Clear-Lid-Customized-Tassel-Compartments-for-Mid-Autumn-New-Year-Wedding-Holiday-Party-Favors4-1200x1200.webp 1200w, https:\/\/www.yishengpack.com\/wp-content\/uploads\/2025\/05\/Wholesales-Chinese-Gift-Packaging-Boxes-with-Clear-Lid-Customized-Tassel-Compartments-for-Mid-Autumn-New-Year-Wedding-Holiday-Party-Favors4-600x600.webp 600w, https:\/\/www.yishengpack.com\/wp-content\/uploads\/2025\/05\/Wholesales-Chinese-Gift-Packaging-Boxes-with-Clear-Lid-Customized-Tassel-Compartments-for-Mid-Autumn-New-Year-Wedding-Holiday-Party-Favors4-100x100.webp 100w\" sizes=\"(max-width: 3024px) 100vw, 3024px\" \/><\/figure>\n<\/div>\n<\/div>\n\n\n\n<p><\/p>","protected":false},"excerpt":{"rendered":"<p>Bienvenido a comprar nuestras cajas r\u00edgidas al por mayor. Ofrecemos cajas de regalo personalizadas, dise\u00f1adas para envases de m\u00faltiples compartimentos, que combinan textura de alta gama y practicidad. \u00a1Estructura plegable para facilitar el almacenamiento, materiales duraderos para garantizar un transporte seguro, apoyar una variedad de artesan\u00edas exquisitas y personalizaci\u00f3n personalizada, y ayudar a las marcas a crear un embalaje de regalo de vacaciones \u00fanico e inolvidable!<\/p>\n<h2>Aspectos destacados de las cajas r\u00edgidas al por mayor<\/h2>\n<ul>\n<li>Personalizaci\u00f3n total<\/li>\n<li>Materiales de alta calidad<\/li>\n<li>Impresi\u00f3n exquisita<\/li>\n<li>Construcci\u00f3n de caja r\u00edgida<\/li>\n<li>Dise\u00f1o de tapa transparente<\/li>\n<li>Decoraci\u00f3n china con borlas<\/li>\n<li>Servicio OEM&amp;ODM<\/li>\n<\/ul>\n<p>&nbsp;<\/p>","protected":false},"featured_media":1429,"comment_status":"closed","ping_status":"closed","template":"","meta":{"_acf_changed":false},"box-type":[64,61],"product_brand":[],"product_cat":[19,41,46,33,44],"product_tag":[],"class_list":{"0":"post-1428","1":"product","2":"type-product","3":"status-publish","4":"has-post-thumbnail","6":"box-type-custom-clear-lid-paper-boxes","7":"box-type-custom-two-piece-boxes","8":"product_cat-luxury-gift-boxes-wholesale","9":"product_cat-candy-gift-boxes-wholesale","10":"product_cat-wholesale-paper-boxes","11":"product_cat-food-packaging-boxes-wholesale","12":"product_cat-custom-snack-box","14":"first","15":"instock","16":"shipping-taxable","17":"product-type-simple"},"acf":[],"_links":{"self":[{"href":"https:\/\/www.yishengpack.com\/es\/wp-json\/wp\/v2\/product\/1428","targetHints":{"allow":["GET"]}}],"collection":[{"href":"https:\/\/www.yishengpack.com\/es\/wp-json\/wp\/v2\/product"}],"about":[{"href":"https:\/\/www.yishengpack.com\/es\/wp-json\/wp\/v2\/types\/product"}],"replies":[{"embeddable":true,"href":"https:\/\/www.yishengpack.com\/es\/wp-json\/wp\/v2\/comments?post=1428"}],"wp:featuredmedia":[{"embeddable":true,"href":"https:\/\/www.yishengpack.com\/es\/wp-json\/wp\/v2\/media\/1429"}],"wp:attachment":[{"href":"https:\/\/www.yishengpack.com\/es\/wp-json\/wp\/v2\/media?parent=1428"}],"wp:term":[{"taxonomy":"box-type","embeddable":true,"href":"https:\/\/www.yishengpack.com\/es\/wp-json\/wp\/v2\/box-type?post=1428"},{"taxonomy":"product_brand","embeddable":true,"href":"https:\/\/www.yishengpack.com\/es\/wp-json\/wp\/v2\/product_brand?post=1428"},{"taxonomy":"product_cat","embeddable":true,"href":"https:\/\/www.yishengpack.com\/es\/wp-json\/wp\/v2\/product_cat?post=1428"},{"taxonomy":"product_tag","embeddable":true,"href":"https:\/\/www.yishengpack.com\/es\/wp-json\/wp\/v2\/product_tag?post=1428"}],"curies":[{"name":"wp","href":"https:\/\/api.w.org\/{rel}","templated":true}]}}