{"id":1412,"date":"2025-05-14T02:38:16","date_gmt":"2025-05-14T02:38:16","guid":{"rendered":"https:\/\/www.yishengpack.com\/?post_type=product&#038;p=1412"},"modified":"2025-08-11T06:06:01","modified_gmt":"2025-08-11T06:06:01","slug":"wholesale-wine-shipping-boxes","status":"publish","type":"product","link":"https:\/\/www.yishengpack.com\/es\/producto\/wholesale-wine-shipping-boxes\/","title":{"rendered":"Cajas reutilizables al por mayor para el env\u00edo de vino, cajas magn\u00e9ticas personalizadas con logotipo"},"content":{"rendered":"<div class=\"wp-block-columns is-layout-flex wp-container-core-columns-is-layout-9d6595d7 wp-block-columns-is-layout-flex\">\n<div class=\"wp-block-column is-layout-flow wp-block-column-is-layout-flow\">\n<h3 class=\"wp-block-heading\">Caracter\u00edsticas de las cajas para env\u00edo de vino al por mayor<\/h3>\n\n\n\n<p><strong>Dise\u00f1o magn\u00e9tico de alta gama: <\/strong>Estas cajas de env\u00edo de vino al por mayor de gama alta adoptan una estructura de tapa abatible magn\u00e9tica, que se abre suavemente y mejora la sensaci\u00f3n de la ceremonia de desembalaje. Ampliamente utilizado en cajas de regalo festival, comercio electr\u00f3nico y regalos personalizados corporativos.<\/p>\n\n\n\n<p><strong>Una gran variedad de personalizaciones:<\/strong> Estas cajas de env\u00edo de vino al por mayor de gama alta tambi\u00e9n pueden personalizarse completamente en cuanto a tama\u00f1o, color y dise\u00f1o, con opciones potenciales que var\u00edan desde la estampaci\u00f3n en caliente, UV, serigraf\u00eda y relieve para transmitir la singularidad de la marca.<\/p>\n\n\n\n<p><strong>Estructura estable: <\/strong>Nuestras cajas magn\u00e9ticas personalizadas se fabrican con cart\u00f3n de alta calidad para ofrecer la m\u00e1xima estructura y protecci\u00f3n del producto durante el env\u00edo y el almacenamiento.<\/p>\n\n\n\n<p><strong>Dise\u00f1o de caja de regalo de lujo:<\/strong> Nuestras cajas magn\u00e9ticas personalizadas aumentan el valor de la marca. Utilizando materiales ecol\u00f3gicos, la caja mantiene un aspecto premium con una estructura r\u00edgida y elegante, lo que aumenta el valor percibido de los productos de gama media-alta.<\/p>\n\n\n\n<p><strong>Desarrollo sostenible:<\/strong> Nuestras cajas magn\u00e9ticas personalizadas impulsan el valor de la marca. Con la aplicaci\u00f3n de materiales ecol\u00f3gicos, la caja presenta un aspecto de gama alta con un dise\u00f1o r\u00edgido y elegante, que aumenta el valor percibido de los productos de gama media-alta.<\/p>\n<\/div>\n\n\n\n<div class=\"wp-block-column is-layout-flow wp-block-column-is-layout-flow\">\n<figure class=\"wp-block-image size-full\"><img decoding=\"async\" width=\"1000\" height=\"1000\" src=\"https:\/\/www.yishengpack.com\/wp-content\/uploads\/2025\/05\/Custom-Logo-High-Quality-Rectangular-Magnetic-Flip-Cover-Folding-Gift-Wine-Packaging-Box-Reusable-Wine-Shipping-Box4.webp\" alt=\"cajas de env\u00edo reutilizables al por mayor con logotipo-1\" class=\"wp-image-1416\" srcset=\"https:\/\/www.yishengpack.com\/wp-content\/uploads\/2025\/05\/Custom-Logo-High-Quality-Rectangular-Magnetic-Flip-Cover-Folding-Gift-Wine-Packaging-Box-Reusable-Wine-Shipping-Box4.webp 1000w, https:\/\/www.yishengpack.com\/wp-content\/uploads\/2025\/05\/Custom-Logo-High-Quality-Rectangular-Magnetic-Flip-Cover-Folding-Gift-Wine-Packaging-Box-Reusable-Wine-Shipping-Box4-300x300.webp 300w, https:\/\/www.yishengpack.com\/wp-content\/uploads\/2025\/05\/Custom-Logo-High-Quality-Rectangular-Magnetic-Flip-Cover-Folding-Gift-Wine-Packaging-Box-Reusable-Wine-Shipping-Box4-150x150.webp 150w, https:\/\/www.yishengpack.com\/wp-content\/uploads\/2025\/05\/Custom-Logo-High-Quality-Rectangular-Magnetic-Flip-Cover-Folding-Gift-Wine-Packaging-Box-Reusable-Wine-Shipping-Box4-768x768.webp 768w, https:\/\/www.yishengpack.com\/wp-content\/uploads\/2025\/05\/Custom-Logo-High-Quality-Rectangular-Magnetic-Flip-Cover-Folding-Gift-Wine-Packaging-Box-Reusable-Wine-Shipping-Box4-12x12.webp 12w, https:\/\/www.yishengpack.com\/wp-content\/uploads\/2025\/05\/Custom-Logo-High-Quality-Rectangular-Magnetic-Flip-Cover-Folding-Gift-Wine-Packaging-Box-Reusable-Wine-Shipping-Box4-600x600.webp 600w, https:\/\/www.yishengpack.com\/wp-content\/uploads\/2025\/05\/Custom-Logo-High-Quality-Rectangular-Magnetic-Flip-Cover-Folding-Gift-Wine-Packaging-Box-Reusable-Wine-Shipping-Box4-100x100.webp 100w\" sizes=\"(max-width: 1000px) 100vw, 1000px\" \/><\/figure>\n<\/div>\n<\/div>\n\n\n\n<p><\/p>","protected":false},"excerpt":{"rendered":"<p>Bienvenido a comprar nuestras cajas magn\u00e9ticas personalizadas. Eleve su experiencia de dar regalos con estas cajas de env\u00edo de vino al por mayor de gama alta que tienen un dise\u00f1o elegante y un inserto de posici\u00f3n de cart\u00f3n seguro para la m\u00e1xima protecci\u00f3n. Reutilizables y ecol\u00f3gicas, son perfectas para regalos de lujo, bodas, regalos de empresa o celebraciones navide\u00f1as.<\/p>\n<h2>Cajas de env\u00edo de vino al por mayor Especificaciones:<\/h2>\n<table width=\"528\">\n<tbody>\n<tr>\n<td width=\"215\">Fabricante:<\/td>\n<td colspan=\"2\" width=\"313\">Yisheng<\/td>\n<\/tr>\n<tr>\n<td>Dise\u00f1o:<\/td>\n<td colspan=\"2\">Cajas magn\u00e9ticas<\/td>\n<\/tr>\n<tr>\n<td>Material:\u00a0<\/td>\n<td colspan=\"2\">Cart\u00f3n y papel art\u00edstico<\/td>\n<\/tr>\n<tr>\n<td>Color:\u00a0<\/td>\n<td colspan=\"2\">Impresi\u00f3n offset a 4 colores CMYK<\/td>\n<\/tr>\n<tr>\n<td>Tama\u00f1o:\u00a0<\/td>\n<td colspan=\"2\" width=\"313\">Personalizado Aceptar<\/td>\n<\/tr>\n<tr>\n<td>Uso general:<\/td>\n<td colspan=\"2\" width=\"313\">Vino, whisky, brandy, tequila, etc.<\/td>\n<\/tr>\n<tr>\n<td>Forma:\u00a0<\/td>\n<td colspan=\"2\" width=\"313\">Rectangular y personalizado<\/td>\n<\/tr>\n<tr>\n<td>Logotipo:\u00a0<\/td>\n<td colspan=\"2\">A medida<\/td>\n<\/tr>\n<tr>\n<td>MOQ:\u00a0<\/td>\n<td colspan=\"2\">1000 unidades<\/td>\n<\/tr>\n<tr>\n<td>OEM y ODM:<\/td>\n<td colspan=\"2\">Personalizado, bienvenido OEM y ODM<\/td>\n<\/tr>\n<tr>\n<td>Muestra\uff1a<\/td>\n<td colspan=\"2\">Se pueden solicitar 5 muestras gratuitas<\/td>\n<\/tr>\n<\/tbody>\n<\/table>\n<p>\n<script src=\"chrome-extension:\/\/fpelahbljekknahkcaegamhcndkfpfnc\/iFrame.js\" type=\"text\/javascript\"><\/script><\/p>","protected":false},"featured_media":1419,"comment_status":"closed","ping_status":"closed","template":"","meta":{"_acf_changed":false},"box-type":[55,54],"product_brand":[],"product_cat":[36,19],"product_tag":[],"class_list":{"0":"post-1412","1":"product","2":"type-product","3":"status-publish","4":"has-post-thumbnail","6":"box-type-custom-foldable-boxes","7":"box-type-custom-magnetic-closure-boxes","8":"product_cat-wine-boxes-wholesale","9":"product_cat-luxury-gift-boxes-wholesale","11":"first","12":"instock","13":"shipping-taxable","14":"product-type-simple"},"acf":[],"_links":{"self":[{"href":"https:\/\/www.yishengpack.com\/es\/wp-json\/wp\/v2\/product\/1412","targetHints":{"allow":["GET"]}}],"collection":[{"href":"https:\/\/www.yishengpack.com\/es\/wp-json\/wp\/v2\/product"}],"about":[{"href":"https:\/\/www.yishengpack.com\/es\/wp-json\/wp\/v2\/types\/product"}],"replies":[{"embeddable":true,"href":"https:\/\/www.yishengpack.com\/es\/wp-json\/wp\/v2\/comments?post=1412"}],"wp:featuredmedia":[{"embeddable":true,"href":"https:\/\/www.yishengpack.com\/es\/wp-json\/wp\/v2\/media\/1419"}],"wp:attachment":[{"href":"https:\/\/www.yishengpack.com\/es\/wp-json\/wp\/v2\/media?parent=1412"}],"wp:term":[{"taxonomy":"box-type","embeddable":true,"href":"https:\/\/www.yishengpack.com\/es\/wp-json\/wp\/v2\/box-type?post=1412"},{"taxonomy":"product_brand","embeddable":true,"href":"https:\/\/www.yishengpack.com\/es\/wp-json\/wp\/v2\/product_brand?post=1412"},{"taxonomy":"product_cat","embeddable":true,"href":"https:\/\/www.yishengpack.com\/es\/wp-json\/wp\/v2\/product_cat?post=1412"},{"taxonomy":"product_tag","embeddable":true,"href":"https:\/\/www.yishengpack.com\/es\/wp-json\/wp\/v2\/product_tag?post=1412"}],"curies":[{"name":"wp","href":"https:\/\/api.w.org\/{rel}","templated":true}]}}