{"id":141,"date":"2024-12-26T06:38:21","date_gmt":"2024-12-26T06:38:21","guid":{"rendered":"https:\/\/www.yishengpack.com\/?post_type=product&#038;p=141"},"modified":"2025-10-29T01:53:06","modified_gmt":"2025-10-29T01:53:06","slug":"plastic-cake-slice-container-wholesale","status":"publish","type":"product","link":"https:\/\/www.yishengpack.com\/es\/producto\/plastic-cake-slice-container-wholesale\/","title":{"rendered":"Envase de Pl\u00e1stico para Porciones de Tarta al por Mayor Caja para Tarta de Queso Negra"},"content":{"rendered":"<div class=\"wp-block-columns is-layout-flex wp-container-core-columns-is-layout-9d6595d7 wp-block-columns-is-layout-flex\">\n<div class=\"wp-block-column is-layout-flow wp-block-column-is-layout-flow\">\n<h3 class=\"wp-block-heading\">Caracter\u00edsticas del envase de pl\u00e1stico para porciones de tarta al por mayor<\/h3>\n\n\n\n<p><strong>Material seguro para uso alimentario: <\/strong>Este recipiente de pl\u00e1stico para rebanadas de tarta al por mayor est\u00e1 compuesto de pl\u00e1stico de calidad alimentaria seguro y no t\u00f3xico, que favorece la seguridad alimentaria y la higiene de los alimentos.<\/p>\n\n\n\n<p><strong>Forma triangular: <\/strong>La forma triangular tradicional facilita el almacenamiento y la exposici\u00f3n de tartas o pasteles de queso por trozos, proporcionando una forma agradable y sencilla a la que es f\u00e1cil acceder mientras se apilan para su almacenamiento.<\/p>\n\n\n\n<p><strong>Tapa transparente:<\/strong> Este recipiente de pl\u00e1stico para porciones de tarta al por mayor permite lucir la tarta o el postre en su interior, ya que la tapa superior es transparente, al tiempo que evita que los contaminantes o los da\u00f1os lleguen a la tarta.<\/p>\n\n\n\n<p><strong>Buen sellado:<\/strong> La tapa de este recipiente de pl\u00e1stico para porciones de tarta al por mayor tiene un dise\u00f1o herm\u00e9tico para mantener la tarta fresca y evitar la entrada de aire, prolongando la frescura de los alimentos.<\/p>\n\n\n\n<p><strong>Uso multifuncional:<\/strong> El recipiente de pl\u00e1stico para porciones de tarta al por mayor sirve para tartas de cumplea\u00f1os, tartas de boda, tartas de queso y tantos otros postres, y se utiliza habitualmente en catering, pasteler\u00edas y para compartir en familia, entre otros.<\/p>\n<\/div>\n\n\n\n<div class=\"wp-block-column is-layout-flow wp-block-column-is-layout-flow\">\n<figure class=\"wp-block-image size-full\"><img decoding=\"async\" width=\"800\" height=\"800\" src=\"https:\/\/www.yishengpack.com\/wp-content\/uploads\/2024\/12\/Plastic-Cake-Slice-Container-Wholesale-Black-Triangle-Cheesecake-Containers-2.webp\" alt=\"Envase de Pl\u00e1stico para Porciones de Tarta Tri\u00e1ngulo Negro al por Mayor Envases para Tarta de Queso (2)\" class=\"wp-image-143\" srcset=\"https:\/\/www.yishengpack.com\/wp-content\/uploads\/2024\/12\/Plastic-Cake-Slice-Container-Wholesale-Black-Triangle-Cheesecake-Containers-2.webp 800w, https:\/\/www.yishengpack.com\/wp-content\/uploads\/2024\/12\/Plastic-Cake-Slice-Container-Wholesale-Black-Triangle-Cheesecake-Containers-2-300x300.webp 300w, https:\/\/www.yishengpack.com\/wp-content\/uploads\/2024\/12\/Plastic-Cake-Slice-Container-Wholesale-Black-Triangle-Cheesecake-Containers-2-150x150.webp 150w, https:\/\/www.yishengpack.com\/wp-content\/uploads\/2024\/12\/Plastic-Cake-Slice-Container-Wholesale-Black-Triangle-Cheesecake-Containers-2-768x768.webp 768w, https:\/\/www.yishengpack.com\/wp-content\/uploads\/2024\/12\/Plastic-Cake-Slice-Container-Wholesale-Black-Triangle-Cheesecake-Containers-2-600x600.webp 600w, https:\/\/www.yishengpack.com\/wp-content\/uploads\/2024\/12\/Plastic-Cake-Slice-Container-Wholesale-Black-Triangle-Cheesecake-Containers-2-100x100.webp 100w\" sizes=\"(max-width: 800px) 100vw, 800px\" \/><\/figure>\n<\/div>\n<\/div>","protected":false},"excerpt":{"rendered":"<p>Bienvenido a comprar nuestro tri\u00e1ngulo negro recipiente de pl\u00e1stico rebanada de pastel al por mayor est\u00e1 dise\u00f1ado para proporcionar una soluci\u00f3n de envasado sofisticado y pr\u00e1ctico. Estos recipientes triangulares para tajadas de tarta de queso est\u00e1n fabricados con pl\u00e1stico alimentario de alta calidad para garantizar la seguridad y la higiene. Est\u00e1n disponibles en dos tama\u00f1os para restaurantes, cafeter\u00edas, panader\u00edas y todo tipo de establecimientos de venta de alimentos al por menor.<\/p>\n<h2>Recipiente de pl\u00e1stico para rebanadas de pastel al por mayor Especificaciones:<\/h2>\n<table width=\"528\">\n<tbody>\n<tr>\n<td width=\"215\">Fabricaci\u00f3n:<\/td>\n<td colspan=\"2\" width=\"313\">Yisheng<\/td>\n<\/tr>\n<tr>\n<td>Modelo:<\/td>\n<td colspan=\"2\">A03<\/td>\n<\/tr>\n<tr>\n<td>Material:\u00a0<\/td>\n<td colspan=\"2\">PET<\/td>\n<\/tr>\n<tr>\n<td>Color:\u00a0<\/td>\n<td colspan=\"2\">Negro<\/td>\n<\/tr>\n<tr>\n<td rowspan=\"2\">Tama\u00f1o:\u00a0<\/td>\n<td colspan=\"2\" width=\"313\">13.5cm*10cm*6cm<\/td>\n<\/tr>\n<tr>\n<td colspan=\"2\">14.5cm*11cm*6.5cm<\/td>\n<\/tr>\n<tr>\n<td>Peso:\u00a0<\/td>\n<td colspan=\"2\">9,2 g\/pc<\/td>\n<\/tr>\n<tr>\n<td>Forma:\u00a0<\/td>\n<td colspan=\"2\">Tri\u00e1ngulo<\/td>\n<\/tr>\n<tr>\n<td>Embalaje:\u00a0<\/td>\n<td colspan=\"2\">50 unidades\/bolsa<\/td>\n<\/tr>\n<tr>\n<td>MOQ:\u00a0<\/td>\n<td colspan=\"2\">3000 unidades<\/td>\n<\/tr>\n<tr>\n<td>OEM&amp;ODM:\u00a0<\/td>\n<td colspan=\"2\">Personalizado, bienvenido OEM&amp;ODM<\/td>\n<\/tr>\n<tr>\n<td>Muestra\uff1a<\/td>\n<td colspan=\"2\">Se puede solicitar una muestra gratuita de 10 unidades<\/td>\n<\/tr>\n<\/tbody>\n<\/table>\n<p>&nbsp;<\/p>\n<p>&nbsp;<\/p>","protected":false},"featured_media":145,"comment_status":"closed","ping_status":"closed","template":"","meta":{"_acf_changed":false},"box-type":[61],"product_brand":[],"product_cat":[21,30],"product_tag":[],"class_list":{"0":"post-141","1":"product","2":"type-product","3":"status-publish","4":"has-post-thumbnail","6":"box-type-custom-two-piece-boxes","7":"product_cat-plastic-cake-containers-wholesale","8":"product_cat-cake-containers-wholesale","10":"first","11":"instock","12":"shipping-taxable","13":"product-type-simple"},"acf":[],"_links":{"self":[{"href":"https:\/\/www.yishengpack.com\/es\/wp-json\/wp\/v2\/product\/141","targetHints":{"allow":["GET"]}}],"collection":[{"href":"https:\/\/www.yishengpack.com\/es\/wp-json\/wp\/v2\/product"}],"about":[{"href":"https:\/\/www.yishengpack.com\/es\/wp-json\/wp\/v2\/types\/product"}],"replies":[{"embeddable":true,"href":"https:\/\/www.yishengpack.com\/es\/wp-json\/wp\/v2\/comments?post=141"}],"wp:featuredmedia":[{"embeddable":true,"href":"https:\/\/www.yishengpack.com\/es\/wp-json\/wp\/v2\/media\/145"}],"wp:attachment":[{"href":"https:\/\/www.yishengpack.com\/es\/wp-json\/wp\/v2\/media?parent=141"}],"wp:term":[{"taxonomy":"box-type","embeddable":true,"href":"https:\/\/www.yishengpack.com\/es\/wp-json\/wp\/v2\/box-type?post=141"},{"taxonomy":"product_brand","embeddable":true,"href":"https:\/\/www.yishengpack.com\/es\/wp-json\/wp\/v2\/product_brand?post=141"},{"taxonomy":"product_cat","embeddable":true,"href":"https:\/\/www.yishengpack.com\/es\/wp-json\/wp\/v2\/product_cat?post=141"},{"taxonomy":"product_tag","embeddable":true,"href":"https:\/\/www.yishengpack.com\/es\/wp-json\/wp\/v2\/product_tag?post=141"}],"curies":[{"name":"wp","href":"https:\/\/api.w.org\/{rel}","templated":true}]}}