{"id":1397,"date":"2025-05-14T02:05:00","date_gmt":"2025-05-14T02:05:00","guid":{"rendered":"https:\/\/www.yishengpack.com\/?post_type=product&#038;p=1397"},"modified":"2025-08-11T06:15:44","modified_gmt":"2025-08-11T06:15:44","slug":"custom-printed-wine-boxes","status":"publish","type":"product","link":"https:\/\/www.yishengpack.com\/es\/producto\/custom-printed-wine-boxes\/","title":{"rendered":"Cajas de Vino Personalizadas de Lujo Impresas para Champ\u00e1n Whisky Licor con Asa Bolsas"},"content":{"rendered":"<div class=\"wp-block-columns is-layout-flex wp-container-core-columns-is-layout-9d6595d7 wp-block-columns-is-layout-flex\">\n<div class=\"wp-block-column is-layout-flow wp-block-column-is-layout-flow\">\n<h3 class=\"wp-block-heading\">Caracter\u00edsticas de las cajas de vino impresas a medida<\/h3>\n\n\n\n<p><strong>Totalmente personalizable en cada detalle: <\/strong>Estas cajas de vino impresas personalizadas son totalmente personalizables hasta el \u00faltimo aspecto del interior de la caja, desde el tama\u00f1o, el color y la estructura de la caja hasta el acabado de impresi\u00f3n, como relieve, UV y estampado. Perfectas para la marca.<\/p>\n\n\n\n<p><strong>Materiales seguros para los alimentos y respetuosos con el medio ambiente:<\/strong> Estas cajas de regalo al por mayor de primera calidad est\u00e1n fabricadas con papel kraft de calidad alimentaria y cart\u00f3n de alta calidad, que son reciclables y biodegradables, por lo que no s\u00f3lo el producto final es seguro, sino tambi\u00e9n respetuoso con el medio ambiente.<\/p>\n\n\n\n<p><strong>Diferentes acabados de superficie para una sensaci\u00f3n de lujo: <\/strong>Estas cajas de vino impresas personalizadas incluyen laminado mate\/brillante, l\u00e1mina de oro, UV directo, relieve y eliminaci\u00f3n de relieve para proporcionar un valor visual y un toque adicionales a su envase.<\/p>\n\n\n\n<p><strong>Dise\u00f1o robusto con tipos de apertura personalizados: <\/strong>Estas cajas de regalo de lujo al por mayor ofrecen la posibilidad de elegir entre cajas con tapa, con caj\u00f3n, con cierre magn\u00e9tico o con tapa abatible para proporcionar el m\u00e1ximo cuidado y comodidad al consumidor.<\/p>\n<\/div>\n\n\n\n<div class=\"wp-block-column is-layout-flow wp-block-column-is-layout-flow\">\n<figure class=\"wp-block-image size-full\"><img decoding=\"async\" width=\"632\" height=\"632\" src=\"https:\/\/www.yishengpack.com\/wp-content\/uploads\/2025\/05\/126.webp\" alt=\"estuches de vino de lujo personalizados con bolsas con asa-1\" class=\"wp-image-1407\" srcset=\"https:\/\/www.yishengpack.com\/wp-content\/uploads\/2025\/05\/126.webp 632w, https:\/\/www.yishengpack.com\/wp-content\/uploads\/2025\/05\/126-300x300.webp 300w, https:\/\/www.yishengpack.com\/wp-content\/uploads\/2025\/05\/126-150x150.webp 150w, https:\/\/www.yishengpack.com\/wp-content\/uploads\/2025\/05\/126-12x12.webp 12w, https:\/\/www.yishengpack.com\/wp-content\/uploads\/2025\/05\/126-600x600.webp 600w, https:\/\/www.yishengpack.com\/wp-content\/uploads\/2025\/05\/126-100x100.webp 100w\" sizes=\"(max-width: 632px) 100vw, 632px\" \/><\/figure>\n<\/div>\n<\/div>\n\n\n\n<p><\/p>","protected":false},"excerpt":{"rendered":"<p>Bienvenido a comprar nuestras cajas de vino impresas personalizadas. Eleve su juego de regalos con estas cajas de regalo de lujo para vino al por mayor con un dise\u00f1o de primera calidad y una ranura de cart\u00f3n resistente para una protecci\u00f3n \u00f3ptima. Ya sea vino, whisky o licores, la caja no s\u00f3lo aporta un valor a\u00f1adido de presentaci\u00f3n a su regalo, sino que tambi\u00e9n garantiza una entrega segura. Reutilizable y ecol\u00f3gica, es perfecta para regalos de lujo, bodas, regalos de empresa u ocasiones festivas.<\/p>\n<h2>Cajas de vino impresas personalizadas Especificaciones:<\/h2>\n<table width=\"528\">\n<tbody>\n<tr>\n<td width=\"215\">Fabricante:<\/td>\n<td colspan=\"2\" width=\"313\">Yisheng<\/td>\n<\/tr>\n<tr>\n<td>Dise\u00f1o:<\/td>\n<td colspan=\"2\">Cajas abatibles<\/td>\n<\/tr>\n<tr>\n<td>Material:\u00a0<\/td>\n<td colspan=\"2\">Cart\u00f3n y papel art\u00edstico<\/td>\n<\/tr>\n<tr>\n<td>Color:\u00a0<\/td>\n<td colspan=\"2\">Impresi\u00f3n offset a 4 colores CMYK<\/td>\n<\/tr>\n<tr>\n<td>Tama\u00f1o:\u00a0<\/td>\n<td colspan=\"2\" width=\"313\">Personalizado Aceptar<\/td>\n<\/tr>\n<tr>\n<td>Uso general:<\/td>\n<td colspan=\"2\" width=\"313\">Vino, whisky, brandy, tequila, etc.<\/td>\n<\/tr>\n<tr>\n<td>Forma:\u00a0<\/td>\n<td colspan=\"2\" width=\"313\">Rectangular y personalizado<\/td>\n<\/tr>\n<tr>\n<td>Logotipo:\u00a0<\/td>\n<td colspan=\"2\">A medida<\/td>\n<\/tr>\n<tr>\n<td>MOQ:\u00a0<\/td>\n<td colspan=\"2\">1000 unidades<\/td>\n<\/tr>\n<tr>\n<td>OEM y ODM:<\/td>\n<td colspan=\"2\">Personalizado, bienvenido OEM y ODM<\/td>\n<\/tr>\n<tr>\n<td>Muestra\uff1a<\/td>\n<td colspan=\"2\">Se pueden solicitar 5 muestras gratuitas<\/td>\n<\/tr>\n<\/tbody>\n<\/table>\n<p>\n<script src=\"chrome-extension:\/\/fpelahbljekknahkcaegamhcndkfpfnc\/iFrame.js\" type=\"text\/javascript\"><\/script><\/p>","protected":false},"featured_media":1399,"comment_status":"closed","ping_status":"closed","template":"","meta":{"_acf_changed":false},"box-type":[52,48],"product_brand":[],"product_cat":[36,19,33,34,37],"product_tag":[],"class_list":{"0":"post-1397","1":"product","2":"type-product","3":"status-publish","4":"has-post-thumbnail","6":"box-type-custom-rope-handle-paper-bags","7":"box-type-custom-tuck-top-boxes","8":"product_cat-wine-boxes-wholesale","9":"product_cat-luxury-gift-boxes-wholesale","10":"product_cat-food-packaging-boxes-wholesale","11":"product_cat-paper-bags-wholesale","12":"product_cat-paper-gift-bags-bulk","14":"first","15":"instock","16":"shipping-taxable","17":"product-type-simple"},"acf":[],"_links":{"self":[{"href":"https:\/\/www.yishengpack.com\/es\/wp-json\/wp\/v2\/product\/1397","targetHints":{"allow":["GET"]}}],"collection":[{"href":"https:\/\/www.yishengpack.com\/es\/wp-json\/wp\/v2\/product"}],"about":[{"href":"https:\/\/www.yishengpack.com\/es\/wp-json\/wp\/v2\/types\/product"}],"replies":[{"embeddable":true,"href":"https:\/\/www.yishengpack.com\/es\/wp-json\/wp\/v2\/comments?post=1397"}],"wp:featuredmedia":[{"embeddable":true,"href":"https:\/\/www.yishengpack.com\/es\/wp-json\/wp\/v2\/media\/1399"}],"wp:attachment":[{"href":"https:\/\/www.yishengpack.com\/es\/wp-json\/wp\/v2\/media?parent=1397"}],"wp:term":[{"taxonomy":"box-type","embeddable":true,"href":"https:\/\/www.yishengpack.com\/es\/wp-json\/wp\/v2\/box-type?post=1397"},{"taxonomy":"product_brand","embeddable":true,"href":"https:\/\/www.yishengpack.com\/es\/wp-json\/wp\/v2\/product_brand?post=1397"},{"taxonomy":"product_cat","embeddable":true,"href":"https:\/\/www.yishengpack.com\/es\/wp-json\/wp\/v2\/product_cat?post=1397"},{"taxonomy":"product_tag","embeddable":true,"href":"https:\/\/www.yishengpack.com\/es\/wp-json\/wp\/v2\/product_tag?post=1397"}],"curies":[{"name":"wp","href":"https:\/\/api.w.org\/{rel}","templated":true}]}}