{"id":1380,"date":"2025-05-06T10:26:03","date_gmt":"2025-05-06T10:26:03","guid":{"rendered":"https:\/\/www.yishengpack.com\/?post_type=product&#038;p=1380"},"modified":"2025-08-11T06:16:11","modified_gmt":"2025-08-11T06:16:11","slug":"custom-cardboard-beer-carrier","status":"publish","type":"product","link":"https:\/\/www.yishengpack.com\/es\/producto\/custom-cardboard-beer-carrier\/","title":{"rendered":"Caja de Cart\u00f3n para Cerveza con Asa Personalizada, Paquete de 6 Cajas de Cart\u00f3n para Bebidas Personalizadas"},"content":{"rendered":"<div class=\"wp-block-columns is-layout-flex wp-container-core-columns-is-layout-9d6595d7 wp-block-columns-is-layout-flex\">\n<div class=\"wp-block-column is-layout-flow wp-block-column-is-layout-flow\">\n<h3 class=\"wp-block-heading\">Caracter\u00edsticas del portabotellas de cart\u00f3n personalizado<\/h3>\n\n\n\n<p><strong>Materiales respetuosos con el medio ambiente: <\/strong>Estos portabotellas de cart\u00f3n personalizados est\u00e1n fabricados con papel kraft resistente y reciclable, sin componentes pl\u00e1sticos, lo que cumple con los est\u00e1ndares modernos de sostenibilidad.<\/p>\n\n\n\n<p><strong>Protecci\u00f3n s\u00f3lida:<\/strong> Estas cajas portabebidas personalizadas cuentan con compartimentos individuales que evitan colisiones y roturas de botellas durante el transporte y exponen las bebidas envasadas en vidrio de forma segura.<\/p>\n\n\n\n<p><strong>F\u00e1cil de sujetar: <\/strong>El asa troquelada de los portabotellas de cart\u00f3n personalizados proporciona un agarre firme y una resistencia estable, lo que permite a los usuarios transportarlos f\u00e1cilmente.<\/p>\n\n\n\n<p><strong>Artesan\u00eda refinada: <\/strong>Estos portabotellas de cart\u00f3n personalizados est\u00e1n troquelados con precisi\u00f3n para obtener pliegues y ranuras n\u00edtidos, combinados con serigraf\u00eda monocrom\u00e1tica para una fuerte adhesi\u00f3n de la tinta y legibilidad en papel kraft, lo que ofrece resistencia e identificaci\u00f3n de la marca.<\/p>\n\n\n\n<p><strong>Personalizaci\u00f3n de marca:<\/strong> Estas cajas portabebidas personalizadas presentan diversas marcas de cerveza para aportar inter\u00e9s visual y coherencia, y son compatibles con logotipos personalizados y gr\u00e1ficos promocionales.<\/p>\n<\/div>\n\n\n\n<div class=\"wp-block-column is-layout-flow wp-block-column-is-layout-flow\">\n<figure class=\"wp-block-image size-full\"><img decoding=\"async\" width=\"750\" height=\"750\" src=\"https:\/\/www.yishengpack.com\/wp-content\/uploads\/2025\/05\/Eco-friendly-Beverage-Organic-Juice-Carrier-Boxes-with-Handle-Kraft-Paper-Drink-Holder-for-Smoothies-Cold-Brew-Beer-Fresh-Juices9.webp\" alt=\"Cajas ecol\u00f3gicas para zumos org\u00e1nicos con asa. Portabebidas de papel kraft para batidos, cerveza fr\u00eda y zumos naturales.\" class=\"wp-image-1389\" srcset=\"https:\/\/www.yishengpack.com\/wp-content\/uploads\/2025\/05\/Eco-friendly-Beverage-Organic-Juice-Carrier-Boxes-with-Handle-Kraft-Paper-Drink-Holder-for-Smoothies-Cold-Brew-Beer-Fresh-Juices9.webp 750w, https:\/\/www.yishengpack.com\/wp-content\/uploads\/2025\/05\/Eco-friendly-Beverage-Organic-Juice-Carrier-Boxes-with-Handle-Kraft-Paper-Drink-Holder-for-Smoothies-Cold-Brew-Beer-Fresh-Juices9-300x300.webp 300w, https:\/\/www.yishengpack.com\/wp-content\/uploads\/2025\/05\/Eco-friendly-Beverage-Organic-Juice-Carrier-Boxes-with-Handle-Kraft-Paper-Drink-Holder-for-Smoothies-Cold-Brew-Beer-Fresh-Juices9-150x150.webp 150w, https:\/\/www.yishengpack.com\/wp-content\/uploads\/2025\/05\/Eco-friendly-Beverage-Organic-Juice-Carrier-Boxes-with-Handle-Kraft-Paper-Drink-Holder-for-Smoothies-Cold-Brew-Beer-Fresh-Juices9-12x12.webp 12w, https:\/\/www.yishengpack.com\/wp-content\/uploads\/2025\/05\/Eco-friendly-Beverage-Organic-Juice-Carrier-Boxes-with-Handle-Kraft-Paper-Drink-Holder-for-Smoothies-Cold-Brew-Beer-Fresh-Juices9-600x600.webp 600w, https:\/\/www.yishengpack.com\/wp-content\/uploads\/2025\/05\/Eco-friendly-Beverage-Organic-Juice-Carrier-Boxes-with-Handle-Kraft-Paper-Drink-Holder-for-Smoothies-Cold-Brew-Beer-Fresh-Juices9-100x100.webp 100w\" sizes=\"(max-width: 750px) 100vw, 750px\" \/><\/figure>\n<\/div>\n<\/div>\n\n\n\n<p><\/p>","protected":false},"excerpt":{"rendered":"<p>Bienvenido a la compra de nuestras cajas portabebidas personalizadas. Estas cajas portabebidas de cart\u00f3n ecol\u00f3gicas ofrecen funcionalidad y un dise\u00f1o sutil, con un asa troquelada para mayor comodidad y separadores internos para insertar las botellas de forma segura. Ideales para transportar batidos, zumos o botellas de vidrio de cerveza fr\u00eda, perfectas para tiendas de zumos, bares de zumos, mercados de agricultores o empresas de embalaje ecol\u00f3gico. Compatibles con logotipos personalizados, son la combinaci\u00f3n ideal de resistencia, publicidad y ecolog\u00eda.<\/p>\n<h2>Especificaciones del portabotellas de cart\u00f3n personalizado:<\/h2>\n<table width=\"528\">\n<tbody>\n<tr>\n<td width=\"215\">Fabricante:<\/td>\n<td colspan=\"2\" width=\"313\">Yisheng<\/td>\n<\/tr>\n<tr>\n<td>Dise\u00f1o:<\/td>\n<td colspan=\"2\">Tabiques interiores<\/td>\n<\/tr>\n<tr>\n<td>Material:\u00a0<\/td>\n<td colspan=\"2\">Cart\u00f3n y papel art\u00edstico<\/td>\n<\/tr>\n<tr>\n<td>Color:\u00a0<\/td>\n<td colspan=\"2\">Impresi\u00f3n offset a 4 colores CMYK<\/td>\n<\/tr>\n<tr>\n<td>Tama\u00f1o:\u00a0<\/td>\n<td colspan=\"2\" width=\"313\">Personalizado Aceptar<\/td>\n<\/tr>\n<tr>\n<td>Uso general:<\/td>\n<td colspan=\"2\" width=\"313\">Vino, cerveza, zumo, etc.<\/td>\n<\/tr>\n<tr>\n<td>Forma:\u00a0<\/td>\n<td colspan=\"2\" width=\"313\">Rectangular y personalizado<\/td>\n<\/tr>\n<tr>\n<td>Logotipo:\u00a0<\/td>\n<td colspan=\"2\">A medida<\/td>\n<\/tr>\n<tr>\n<td>MOQ:\u00a0<\/td>\n<td colspan=\"2\">1000 unidades<\/td>\n<\/tr>\n<tr>\n<td>OEM y ODM:<\/td>\n<td colspan=\"2\">Personalizado, bienvenido OEM y ODM<\/td>\n<\/tr>\n<tr>\n<td>Muestra\uff1a<\/td>\n<td colspan=\"2\">Se pueden solicitar 5 muestras gratuitas<\/td>\n<\/tr>\n<\/tbody>\n<\/table>\n<p>\n<script src=\"chrome-extension:\/\/fpelahbljekknahkcaegamhcndkfpfnc\/iFrame.js\" type=\"text\/javascript\"><\/script><\/p>","protected":false},"featured_media":1381,"comment_status":"closed","ping_status":"closed","template":"","meta":{"_acf_changed":false},"box-type":[49],"product_brand":[],"product_cat":[33,19,36],"product_tag":[],"class_list":{"0":"post-1380","1":"product","2":"type-product","3":"status-publish","4":"has-post-thumbnail","6":"box-type-custom-die-cut-paper-bag","7":"product_cat-food-packaging-boxes-wholesale","8":"product_cat-luxury-gift-boxes-wholesale","9":"product_cat-wine-boxes-wholesale","11":"first","12":"instock","13":"shipping-taxable","14":"product-type-simple"},"acf":[],"_links":{"self":[{"href":"https:\/\/www.yishengpack.com\/es\/wp-json\/wp\/v2\/product\/1380","targetHints":{"allow":["GET"]}}],"collection":[{"href":"https:\/\/www.yishengpack.com\/es\/wp-json\/wp\/v2\/product"}],"about":[{"href":"https:\/\/www.yishengpack.com\/es\/wp-json\/wp\/v2\/types\/product"}],"replies":[{"embeddable":true,"href":"https:\/\/www.yishengpack.com\/es\/wp-json\/wp\/v2\/comments?post=1380"}],"wp:featuredmedia":[{"embeddable":true,"href":"https:\/\/www.yishengpack.com\/es\/wp-json\/wp\/v2\/media\/1381"}],"wp:attachment":[{"href":"https:\/\/www.yishengpack.com\/es\/wp-json\/wp\/v2\/media?parent=1380"}],"wp:term":[{"taxonomy":"box-type","embeddable":true,"href":"https:\/\/www.yishengpack.com\/es\/wp-json\/wp\/v2\/box-type?post=1380"},{"taxonomy":"product_brand","embeddable":true,"href":"https:\/\/www.yishengpack.com\/es\/wp-json\/wp\/v2\/product_brand?post=1380"},{"taxonomy":"product_cat","embeddable":true,"href":"https:\/\/www.yishengpack.com\/es\/wp-json\/wp\/v2\/product_cat?post=1380"},{"taxonomy":"product_tag","embeddable":true,"href":"https:\/\/www.yishengpack.com\/es\/wp-json\/wp\/v2\/product_tag?post=1380"}],"curies":[{"name":"wp","href":"https:\/\/api.w.org\/{rel}","templated":true}]}}