{"id":1372,"date":"2025-05-06T06:23:21","date_gmt":"2025-05-06T06:23:21","guid":{"rendered":"https:\/\/www.yishengpack.com\/?post_type=product&#038;p=1372"},"modified":"2025-08-11T06:16:22","modified_gmt":"2025-08-11T06:16:22","slug":"wine-gift-boxes-wholesale","status":"publish","type":"product","link":"https:\/\/www.yishengpack.com\/es\/producto\/wine-gift-boxes-wholesale\/","title":{"rendered":"Cajas de regalo de vino de gama alta al por mayor, cajas magn\u00e9ticas personalizadas para una sola botella de vino"},"content":{"rendered":"<div class=\"wp-block-columns is-layout-flex wp-container-core-columns-is-layout-9d6595d7 wp-block-columns-is-layout-flex\">\n<div class=\"wp-block-column is-layout-flow wp-block-column-is-layout-flow\">\n<h3 class=\"wp-block-heading\">Caracter\u00edsticas de las cajas de regalo para vino al por mayor<\/h3>\n\n\n\n<p><strong>Dise\u00f1o magn\u00e9tico de alta gama:<\/strong> Estas cajas de regalo de vino al por mayor de gama alta adoptan una estructura de tapa abatible magn\u00e9tica, que se abre suavemente y mejora la sensaci\u00f3n de la ceremonia de desembalaje. Ampliamente utilizado en cajas de regalo festival, comercio electr\u00f3nico y regalos personalizados corporativos.<\/p>\n\n\n\n<p><strong>Una gran variedad de personalizaciones: <\/strong>Estas cajas de regalo para vino al por mayor de gama alta tambi\u00e9n se pueden personalizar por completo en cuanto a tama\u00f1o, color y dise\u00f1o con opciones potenciales que var\u00edan desde la estampaci\u00f3n en caliente, UV, serigraf\u00eda y gofrado para transmitir la singularidad de la marca.<\/p>\n\n\n\n<p><strong>Estructura estable:<\/strong> Nuestras cajas magn\u00e9ticas personalizadas se fabrican con cart\u00f3n de alto gramaje para ofrecer la m\u00e1xima estructura y protecci\u00f3n del producto durante el env\u00edo y el almacenamiento.<\/p>\n\n\n\n<p><strong>Dise\u00f1o de caja de regalo de lujo: <\/strong>Nuestras cajas magn\u00e9ticas personalizadas aumentan el valor de la marca. Utilizando materiales ecol\u00f3gicos, la caja mantiene un aspecto premium con una estructura r\u00edgida y elegante, lo que aumenta el valor percibido de los productos de gama media-alta.<\/p>\n\n\n\n<p><strong>Desarrollo sostenible: <\/strong>Estas cajas de regalo de lujo para vino al por mayor est\u00e1n fabricadas con materiales biodegradables, como cart\u00f3n reciclado, papel kraft o cartulina ecol\u00f3gica, en l\u00ednea con las tendencias mundiales de sostenibilidad y los requisitos del mercado de la UE y EE.UU.<\/p>\n<\/div>\n\n\n\n<div class=\"wp-block-column is-layout-flow wp-block-column-is-layout-flow\">\n<figure class=\"wp-block-image size-full\"><img decoding=\"async\" width=\"720\" height=\"720\" src=\"https:\/\/www.yishengpack.com\/wp-content\/uploads\/2025\/05\/Wholesale-High-end-Luxury-Customized-Paper-Cardboard-Single-Wine-Bottle-Magnetic-Container-Folding-Gift-Packaging-Box7.webp\" alt=\"high-end-wine-gift-boxes-wholesale-custom-magnetic-boxes-for-single-wine-bottle-1\" class=\"wp-image-1379\" srcset=\"https:\/\/www.yishengpack.com\/wp-content\/uploads\/2025\/05\/Wholesale-High-end-Luxury-Customized-Paper-Cardboard-Single-Wine-Bottle-Magnetic-Container-Folding-Gift-Packaging-Box7.webp 720w, https:\/\/www.yishengpack.com\/wp-content\/uploads\/2025\/05\/Wholesale-High-end-Luxury-Customized-Paper-Cardboard-Single-Wine-Bottle-Magnetic-Container-Folding-Gift-Packaging-Box7-300x300.webp 300w, https:\/\/www.yishengpack.com\/wp-content\/uploads\/2025\/05\/Wholesale-High-end-Luxury-Customized-Paper-Cardboard-Single-Wine-Bottle-Magnetic-Container-Folding-Gift-Packaging-Box7-150x150.webp 150w, https:\/\/www.yishengpack.com\/wp-content\/uploads\/2025\/05\/Wholesale-High-end-Luxury-Customized-Paper-Cardboard-Single-Wine-Bottle-Magnetic-Container-Folding-Gift-Packaging-Box7-12x12.webp 12w, https:\/\/www.yishengpack.com\/wp-content\/uploads\/2025\/05\/Wholesale-High-end-Luxury-Customized-Paper-Cardboard-Single-Wine-Bottle-Magnetic-Container-Folding-Gift-Packaging-Box7-600x600.webp 600w, https:\/\/www.yishengpack.com\/wp-content\/uploads\/2025\/05\/Wholesale-High-end-Luxury-Customized-Paper-Cardboard-Single-Wine-Bottle-Magnetic-Container-Folding-Gift-Packaging-Box7-100x100.webp 100w\" sizes=\"(max-width: 720px) 100vw, 720px\" \/><\/figure>\n<\/div>\n<\/div>\n\n\n\n<p><\/p>","protected":false},"excerpt":{"rendered":"<p>Bienvenido a comprar nuestras cajas magn\u00e9ticas personalizadas. Eleve su experiencia de regalo con estas cajas de regalo para vino al por mayor de alta gama que tienen un elegante dise\u00f1o geom\u00e9trico en blanco y negro y un inserto de espuma seguro para la m\u00e1xima protecci\u00f3n. Ya sea vino, whisky o licores, la caja no s\u00f3lo da a su regalo una presentaci\u00f3n extra, sino que tambi\u00e9n garantiza una entrega segura. Reutilizable y ecol\u00f3gica, es perfecta para regalos de lujo, bodas, regalos de empresa o celebraciones navide\u00f1as.<\/p>\n<h2>Cajas de regalo de vino al por mayor Especificaciones:<\/h2>\n<table width=\"528\">\n<tbody>\n<tr>\n<td width=\"215\">Fabricante:<\/td>\n<td colspan=\"2\" width=\"313\">Yisheng<\/td>\n<\/tr>\n<tr>\n<td>Dise\u00f1o:<\/td>\n<td colspan=\"2\">Cajas magn\u00e9ticas<\/td>\n<\/tr>\n<tr>\n<td>Material:\u00a0<\/td>\n<td colspan=\"2\">Cart\u00f3n y papel art\u00edstico<\/td>\n<\/tr>\n<tr>\n<td>Color:\u00a0<\/td>\n<td colspan=\"2\">Impresi\u00f3n offset a 4 colores CMYK<\/td>\n<\/tr>\n<tr>\n<td>Tama\u00f1o:\u00a0<\/td>\n<td colspan=\"2\" width=\"313\">Personalizado Aceptar<\/td>\n<\/tr>\n<tr>\n<td>Uso general:<\/td>\n<td colspan=\"2\" width=\"313\">Vino, whisky, brandy, tequila, etc.<\/td>\n<\/tr>\n<tr>\n<td>Forma:\u00a0<\/td>\n<td colspan=\"2\" width=\"313\">Rectangular y personalizado<\/td>\n<\/tr>\n<tr>\n<td>Logotipo:\u00a0<\/td>\n<td colspan=\"2\">A medida<\/td>\n<\/tr>\n<tr>\n<td>MOQ:\u00a0<\/td>\n<td colspan=\"2\">1000 unidades<\/td>\n<\/tr>\n<tr>\n<td>OEM y ODM:<\/td>\n<td colspan=\"2\">Personalizado, bienvenido OEM y ODM<\/td>\n<\/tr>\n<tr>\n<td>Muestra\uff1a<\/td>\n<td colspan=\"2\">Se pueden solicitar 5 muestras gratuitas<\/td>\n<\/tr>\n<\/tbody>\n<\/table>\n<p>\n<script src=\"chrome-extension:\/\/fpelahbljekknahkcaegamhcndkfpfnc\/iFrame.js\" type=\"text\/javascript\"><\/script><\/p>","protected":false},"featured_media":1373,"comment_status":"closed","ping_status":"closed","template":"","meta":{"_acf_changed":false},"box-type":[54],"product_brand":[],"product_cat":[36,19],"product_tag":[],"class_list":{"0":"post-1372","1":"product","2":"type-product","3":"status-publish","4":"has-post-thumbnail","6":"box-type-custom-magnetic-closure-boxes","7":"product_cat-wine-boxes-wholesale","8":"product_cat-luxury-gift-boxes-wholesale","10":"first","11":"instock","12":"shipping-taxable","13":"product-type-simple"},"acf":[],"_links":{"self":[{"href":"https:\/\/www.yishengpack.com\/es\/wp-json\/wp\/v2\/product\/1372","targetHints":{"allow":["GET"]}}],"collection":[{"href":"https:\/\/www.yishengpack.com\/es\/wp-json\/wp\/v2\/product"}],"about":[{"href":"https:\/\/www.yishengpack.com\/es\/wp-json\/wp\/v2\/types\/product"}],"replies":[{"embeddable":true,"href":"https:\/\/www.yishengpack.com\/es\/wp-json\/wp\/v2\/comments?post=1372"}],"wp:featuredmedia":[{"embeddable":true,"href":"https:\/\/www.yishengpack.com\/es\/wp-json\/wp\/v2\/media\/1373"}],"wp:attachment":[{"href":"https:\/\/www.yishengpack.com\/es\/wp-json\/wp\/v2\/media?parent=1372"}],"wp:term":[{"taxonomy":"box-type","embeddable":true,"href":"https:\/\/www.yishengpack.com\/es\/wp-json\/wp\/v2\/box-type?post=1372"},{"taxonomy":"product_brand","embeddable":true,"href":"https:\/\/www.yishengpack.com\/es\/wp-json\/wp\/v2\/product_brand?post=1372"},{"taxonomy":"product_cat","embeddable":true,"href":"https:\/\/www.yishengpack.com\/es\/wp-json\/wp\/v2\/product_cat?post=1372"},{"taxonomy":"product_tag","embeddable":true,"href":"https:\/\/www.yishengpack.com\/es\/wp-json\/wp\/v2\/product_tag?post=1372"}],"curies":[{"name":"wp","href":"https:\/\/api.w.org\/{rel}","templated":true}]}}