{"id":1330,"date":"2025-04-19T09:38:57","date_gmt":"2025-04-19T09:38:57","guid":{"rendered":"https:\/\/www.yishengpack.com\/?post_type=product&#038;p=1330"},"modified":"2025-08-11T06:20:08","modified_gmt":"2025-08-11T06:20:08","slug":"bulk-charcuterie-boxes","status":"publish","type":"product","link":"https:\/\/www.yishengpack.com\/es\/producto\/bulk-charcuterie-boxes\/","title":{"rendered":"Cajas de Embutidos a Granel Impermeables con Tapa Transparente, Cajas de Papel Personalizadas para Pasteles con Logotipo"},"content":{"rendered":"<div class=\"wp-block-columns is-layout-flex wp-container-core-columns-is-layout-9d6595d7 wp-block-columns-is-layout-flex\">\n<div class=\"wp-block-column is-layout-flow wp-block-column-is-layout-flow\">\n<h3 class=\"wp-block-heading\">Caracter\u00edsticas de las cajas de embutidos a granel<\/h3>\n\n\n\n<p><strong>Pantalla transparente: <\/strong>Estas cajas de papel personalizadas para tartas est\u00e1n equipadas con una tapa de pl\u00e1stico transparente, que es sencilla y bonita en su conjunto. Puede mostrar la comida dentro de la caja de forma transparente, aumentar el aspecto visual del producto, y tambi\u00e9n puede evocar eficazmente el deseo de compra de los clientes.<\/p>\n\n\n\n<p><strong>Construcci\u00f3n impermeable: <\/strong>Estas cajas para tartas de papel recubiertas a prueba de agua y aceite impiden eficazmente que penetre la grasa y la humedad, mantienen frescos y limpios contenidos como tartas, frutas, queso, etc., y evitan fugas.<\/p>\n\n\n\n<p><strong>Estructura de papel reforzada:<\/strong> Nuestras cajas de embutidos a granel utilizan cart\u00f3n de alto gramaje, que es compresivo y adecuado para el transporte pesado y de larga distancia. La entrega a granel se realiza sin preocupaciones y es adecuada para supermercados, tiendas de postres, eventos y fiestas y otros escenarios.<\/p>\n\n\n\n<p><strong>M\u00faltiples tama\u00f1os disponibles: <\/strong>Nuestras cajas de embutidos a granel ofrecen una gran variedad de especificaciones y tama\u00f1os, para satisfacer diferentes necesidades de envasado de alimentos, desde peque\u00f1os pasteles y macarons hasta grandes tablas de embutidos, y se adaptan con flexibilidad a diferentes escenarios empresariales.<\/p>\n\n\n\n<p><strong>Admite logotipo personalizado:<\/strong> Nuestras cajas de embutidos a granel pueden imprimir logotipos exclusivos de la marca, dise\u00f1os e informaci\u00f3n seg\u00fan las necesidades del cliente para mejorar el reconocimiento de la marca, mejorar la impresi\u00f3n del cliente y ayudar al marketing de la marca.<\/p>\n<\/div>\n\n\n\n<div class=\"wp-block-column is-layout-flow wp-block-column-is-layout-flow\">\n<figure class=\"wp-block-image size-full\"><img decoding=\"async\" width=\"1500\" height=\"1500\" src=\"https:\/\/www.yishengpack.com\/wp-content\/uploads\/2025\/04\/Customized-Logo-Reusable-Gift-Box-Waterproof-and-Charcuterie-Paper-Boxes-Snack-Candy-Cookies-Cake-Boxes-with-Transparent-Lid7.webp\" alt=\"bulk-charcuterie-boxes-with-a-clear-lid-custom-paper-cake-boxes-with-logo-1\" class=\"wp-image-1338\" srcset=\"https:\/\/www.yishengpack.com\/wp-content\/uploads\/2025\/04\/Customized-Logo-Reusable-Gift-Box-Waterproof-and-Charcuterie-Paper-Boxes-Snack-Candy-Cookies-Cake-Boxes-with-Transparent-Lid7.webp 1500w, https:\/\/www.yishengpack.com\/wp-content\/uploads\/2025\/04\/Customized-Logo-Reusable-Gift-Box-Waterproof-and-Charcuterie-Paper-Boxes-Snack-Candy-Cookies-Cake-Boxes-with-Transparent-Lid7-300x300.webp 300w, https:\/\/www.yishengpack.com\/wp-content\/uploads\/2025\/04\/Customized-Logo-Reusable-Gift-Box-Waterproof-and-Charcuterie-Paper-Boxes-Snack-Candy-Cookies-Cake-Boxes-with-Transparent-Lid7-150x150.webp 150w, https:\/\/www.yishengpack.com\/wp-content\/uploads\/2025\/04\/Customized-Logo-Reusable-Gift-Box-Waterproof-and-Charcuterie-Paper-Boxes-Snack-Candy-Cookies-Cake-Boxes-with-Transparent-Lid7-768x768.webp 768w, https:\/\/www.yishengpack.com\/wp-content\/uploads\/2025\/04\/Customized-Logo-Reusable-Gift-Box-Waterproof-and-Charcuterie-Paper-Boxes-Snack-Candy-Cookies-Cake-Boxes-with-Transparent-Lid7-12x12.webp 12w, https:\/\/www.yishengpack.com\/wp-content\/uploads\/2025\/04\/Customized-Logo-Reusable-Gift-Box-Waterproof-and-Charcuterie-Paper-Boxes-Snack-Candy-Cookies-Cake-Boxes-with-Transparent-Lid7-1200x1200.webp 1200w, https:\/\/www.yishengpack.com\/wp-content\/uploads\/2025\/04\/Customized-Logo-Reusable-Gift-Box-Waterproof-and-Charcuterie-Paper-Boxes-Snack-Candy-Cookies-Cake-Boxes-with-Transparent-Lid7-600x600.webp 600w, https:\/\/www.yishengpack.com\/wp-content\/uploads\/2025\/04\/Customized-Logo-Reusable-Gift-Box-Waterproof-and-Charcuterie-Paper-Boxes-Snack-Candy-Cookies-Cake-Boxes-with-Transparent-Lid7-100x100.webp 100w\" sizes=\"(max-width: 1500px) 100vw, 1500px\" \/><\/figure>\n<\/div>\n<\/div>\n\n\n\n<p><\/p>","protected":false},"excerpt":{"rendered":"<p>Bienvenido a comprar nuestras cajas de embutidos a granel. Estas cajas de papel para tartas personalizadas con tapa transparente e impermeable est\u00e1n dise\u00f1adas para tartas y bandejas de embutidos. Est\u00e1 hecha de material impermeable y resistente al aceite, con una tapa superior clara y transparente, que muestra perfectamente los alimentos mientras los mantiene frescos. Admite la personalizaci\u00f3n con el logotipo de la marca para mejorar la imagen de marca, es apta para compras al por mayor y dispone de varios tama\u00f1os para satisfacer las necesidades de envasado en m\u00faltiples escenarios.<\/p>\n<h2>Cajas de embutidos a granel Especificaciones:<\/h2>\n<table width=\"528\">\n<tbody>\n<tr>\n<td width=\"215\">Fabricante:<\/td>\n<td colspan=\"2\" width=\"313\">Yisheng<\/td>\n<\/tr>\n<tr>\n<td>Modelo:<\/td>\n<td colspan=\"2\">1314-H<\/td>\n<\/tr>\n<tr>\n<td>Material:\u00a0<\/td>\n<td colspan=\"2\">Papel+PET<\/td>\n<\/tr>\n<tr>\n<td>Color:\u00a0<\/td>\n<td colspan=\"2\">Rosa\u00a0<\/td>\n<\/tr>\n<tr>\n<td>Tama\u00f1o:\u00a0<\/td>\n<td colspan=\"2\" width=\"313\">12*11*8,5 cm<\/td>\n<\/tr>\n<tr>\n<td>Peso:\u00a0<\/td>\n<td colspan=\"2\" width=\"313\">25 g\/unidad<\/td>\n<\/tr>\n<tr>\n<td>Forma:\u00a0<\/td>\n<td colspan=\"2\" width=\"313\">Cuadrado<\/td>\n<\/tr>\n<tr>\n<td>Logotipo:\u00a0<\/td>\n<td colspan=\"2\">A medida<\/td>\n<\/tr>\n<tr>\n<td>MOQ:\u00a0<\/td>\n<td colspan=\"2\">1000 unidades<\/td>\n<\/tr>\n<tr>\n<td>OEM&amp;ODM:\u00a0<\/td>\n<td colspan=\"2\">Personalizado, bienvenido OEM y ODM<\/td>\n<\/tr>\n<tr>\n<td>Muestra\uff1a<\/td>\n<td colspan=\"2\">Se pueden solicitar 5 muestras gratuitas<\/td>\n<\/tr>\n<\/tbody>\n<\/table>\n<p>\n<script src=\"chrome-extension:\/\/fpelahbljekknahkcaegamhcndkfpfnc\/iFrame.js\" type=\"text\/javascript\"><\/script><\/p>","protected":false},"featured_media":1335,"comment_status":"closed","ping_status":"closed","template":"","meta":{"_acf_changed":false},"box-type":[64,61],"product_brand":[],"product_cat":[30,46,31],"product_tag":[],"class_list":{"0":"post-1330","1":"product","2":"type-product","3":"status-publish","4":"has-post-thumbnail","6":"box-type-custom-clear-lid-paper-boxes","7":"box-type-custom-two-piece-boxes","8":"product_cat-cake-containers-wholesale","9":"product_cat-wholesale-paper-boxes","10":"product_cat-wholesale-charcuterie-boxes","12":"first","13":"instock","14":"shipping-taxable","15":"product-type-simple"},"acf":[],"_links":{"self":[{"href":"https:\/\/www.yishengpack.com\/es\/wp-json\/wp\/v2\/product\/1330","targetHints":{"allow":["GET"]}}],"collection":[{"href":"https:\/\/www.yishengpack.com\/es\/wp-json\/wp\/v2\/product"}],"about":[{"href":"https:\/\/www.yishengpack.com\/es\/wp-json\/wp\/v2\/types\/product"}],"replies":[{"embeddable":true,"href":"https:\/\/www.yishengpack.com\/es\/wp-json\/wp\/v2\/comments?post=1330"}],"wp:featuredmedia":[{"embeddable":true,"href":"https:\/\/www.yishengpack.com\/es\/wp-json\/wp\/v2\/media\/1335"}],"wp:attachment":[{"href":"https:\/\/www.yishengpack.com\/es\/wp-json\/wp\/v2\/media?parent=1330"}],"wp:term":[{"taxonomy":"box-type","embeddable":true,"href":"https:\/\/www.yishengpack.com\/es\/wp-json\/wp\/v2\/box-type?post=1330"},{"taxonomy":"product_brand","embeddable":true,"href":"https:\/\/www.yishengpack.com\/es\/wp-json\/wp\/v2\/product_brand?post=1330"},{"taxonomy":"product_cat","embeddable":true,"href":"https:\/\/www.yishengpack.com\/es\/wp-json\/wp\/v2\/product_cat?post=1330"},{"taxonomy":"product_tag","embeddable":true,"href":"https:\/\/www.yishengpack.com\/es\/wp-json\/wp\/v2\/product_tag?post=1330"}],"curies":[{"name":"wp","href":"https:\/\/api.w.org\/{rel}","templated":true}]}}