{"id":1310,"date":"2025-04-16T10:06:46","date_gmt":"2025-04-16T10:06:46","guid":{"rendered":"https:\/\/www.yishengpack.com\/?post_type=product&#038;p=1310"},"modified":"2025-08-11T06:25:15","modified_gmt":"2025-08-11T06:25:15","slug":"customized-cake-boxes","status":"publish","type":"product","link":"https:\/\/www.yishengpack.com\/es\/producto\/customized-cake-boxes\/","title":{"rendered":"Cajas personalizadas para tartas, cajas cuadradas para embutidos al por mayor"},"content":{"rendered":"<div class=\"wp-block-columns is-layout-flex wp-container-core-columns-is-layout-9d6595d7 wp-block-columns-is-layout-flex\">\n<div class=\"wp-block-column is-layout-flow wp-block-column-is-layout-flow\">\n<h3 class=\"wp-block-heading\">Caracter\u00edsticas de las cajas para pasteles personalizadas<\/h3>\n\n\n\n<p><strong>F\u00e1cil de usar:<\/strong> Estas cajas para pasteles personalizadas tienen un dise\u00f1o sin plegados, listas para usar, lo que elimina la necesidad de realizar tediosos pasos de plegado y mejora considerablemente la eficiencia del embalaje.<\/p>\n\n\n\n<p><strong>Pantalla transparente: <\/strong>Nuestras cajas de charcuter\u00eda al por mayor est\u00e1n equipadas con tapas de pl\u00e1stico transparente, sencillas y bonitas en general, que permiten ver claramente los alimentos que hay dentro de la caja, mejoran el atractivo visual del producto y estimulan eficazmente el deseo de compra del cliente.<\/p>\n\n\n\n<p><strong>Material apto para uso alimentario y respetuoso con el medio ambiente:<\/strong> Estas cajas para pasteles personalizadas est\u00e1n fabricadas con papel grueso apto para uso alimentario y respetuoso con el medio ambiente, sin olores ni contaminaci\u00f3n, para garantizar la seguridad en el contacto con los alimentos.<\/p>\n\n\n\n<p><strong>Resistente al aceite y a las filtraciones: <\/strong>Estas cajas para pasteles personalizadas est\u00e1n recubiertas con un revestimiento resistente al aceite en la pared interior, que a\u00edsla eficazmente la grasa y la salsa, evita filtraciones o colapsos y mantiene el envase bonito y ordenado. Adecuadas para postres, pasteles, carnes, bandejas de queso y otros alimentos que contienen aceite.<\/p>\n\n\n\n<p><strong>Personalizaci\u00f3n de la asistencia:<\/strong> Nuestras cajas de charcuter\u00eda al por mayor se pueden personalizar de diversas formas seg\u00fan las necesidades de su marca, incluyendo la impresi\u00f3n del logotipo, la impresi\u00f3n a todo color, la modificaci\u00f3n del tama\u00f1o, etc., para satisfacer las necesidades de embalaje de diversas categor\u00edas y estilos y crear un embalaje de marca distintivo.<\/p>\n<\/div>\n\n\n\n<div class=\"wp-block-column is-layout-flow wp-block-column-is-layout-flow\">\n<figure class=\"wp-block-image size-full\"><img decoding=\"async\" width=\"800\" height=\"800\" src=\"https:\/\/www.yishengpack.com\/wp-content\/uploads\/2025\/04\/wholesale-customized-cake-boxes-food-packaging-square-charcuterie-boxes3.jpg\" alt=\"cajas personalizadas para tartas-embalaje-alimentario-cajas-cuadradas-charcuter\u00eda-mayorista-1\" class=\"wp-image-1313\" srcset=\"https:\/\/www.yishengpack.com\/wp-content\/uploads\/2025\/04\/wholesale-customized-cake-boxes-food-packaging-square-charcuterie-boxes3.jpg 800w, https:\/\/www.yishengpack.com\/wp-content\/uploads\/2025\/04\/wholesale-customized-cake-boxes-food-packaging-square-charcuterie-boxes3-300x300.jpg 300w, https:\/\/www.yishengpack.com\/wp-content\/uploads\/2025\/04\/wholesale-customized-cake-boxes-food-packaging-square-charcuterie-boxes3-150x150.jpg 150w, https:\/\/www.yishengpack.com\/wp-content\/uploads\/2025\/04\/wholesale-customized-cake-boxes-food-packaging-square-charcuterie-boxes3-768x768.jpg 768w, https:\/\/www.yishengpack.com\/wp-content\/uploads\/2025\/04\/wholesale-customized-cake-boxes-food-packaging-square-charcuterie-boxes3-12x12.jpg 12w, https:\/\/www.yishengpack.com\/wp-content\/uploads\/2025\/04\/wholesale-customized-cake-boxes-food-packaging-square-charcuterie-boxes3-600x600.jpg 600w, https:\/\/www.yishengpack.com\/wp-content\/uploads\/2025\/04\/wholesale-customized-cake-boxes-food-packaging-square-charcuterie-boxes3-100x100.jpg 100w\" sizes=\"(max-width: 800px) 100vw, 800px\" \/><\/figure>\n<\/div>\n<\/div>\n\n\n\n<p><\/p>","protected":false},"excerpt":{"rendered":"<p>Bienvenido a comprar nuestras cajas para pasteles personalizadas. Estas cajas cuadradas para charcuter\u00eda al por mayor con tapa transparente son cajas de papel listas para usar, dise\u00f1adas para postres, pasteles y otros aperitivos. Aseg\u00farese de que sus alimentos est\u00e9n bien protegidos y tengan una buena ventilaci\u00f3n para mantenerlos frescos. Adecuadas para panader\u00edas, pasteler\u00edas, cafeter\u00edas y puestos de comida. \u00a1Compre hoy al por mayor y disfrute de excelentes precios y entrega r\u00e1pida!<\/p>\n<h2>Especificaciones de las cajas para tartas personalizadas:<\/h2>\n<table width=\"528\">\n<tbody>\n<tr>\n<td width=\"215\">Fabricante:<\/td>\n<td colspan=\"2\" width=\"313\">Yisheng<\/td>\n<\/tr>\n<tr>\n<td>Modelo:<\/td>\n<td colspan=\"2\">1212 (011)<\/td>\n<\/tr>\n<tr>\n<td>Material:\u00a0<\/td>\n<td colspan=\"2\">Papel+PET<\/td>\n<\/tr>\n<tr>\n<td>Color:\u00a0<\/td>\n<td colspan=\"2\">Blanco\u00a0<\/td>\n<\/tr>\n<tr>\n<td>Tama\u00f1o:\u00a0<\/td>\n<td colspan=\"2\" width=\"313\">11,5 x 11,5 x 6,5 cm<\/td>\n<\/tr>\n<tr>\n<td>Peso:\u00a0<\/td>\n<td colspan=\"2\" width=\"313\">17 g, 17,5 g\/unidad<\/td>\n<\/tr>\n<tr>\n<td>Forma:\u00a0<\/td>\n<td colspan=\"2\" width=\"313\">Cuadrado<\/td>\n<\/tr>\n<tr>\n<td>Logotipo:\u00a0<\/td>\n<td colspan=\"2\">A medida<\/td>\n<\/tr>\n<tr>\n<td>MOQ:\u00a0<\/td>\n<td colspan=\"2\">1000 unidades<\/td>\n<\/tr>\n<tr>\n<td>OEM&amp;ODM:\u00a0<\/td>\n<td colspan=\"2\">Personalizado, bienvenido OEM y ODM<\/td>\n<\/tr>\n<tr>\n<td>Muestra\uff1a<\/td>\n<td colspan=\"2\">Se pueden solicitar 5 muestras gratuitas<\/td>\n<\/tr>\n<\/tbody>\n<\/table>\n<p>\n<script src=\"chrome-extension:\/\/fpelahbljekknahkcaegamhcndkfpfnc\/iFrame.js\" type=\"text\/javascript\"><\/script><\/p>","protected":false},"featured_media":1315,"comment_status":"closed","ping_status":"closed","template":"","meta":{"_acf_changed":false},"box-type":[64,61],"product_brand":[],"product_cat":[30,31],"product_tag":[],"class_list":{"0":"post-1310","1":"product","2":"type-product","3":"status-publish","4":"has-post-thumbnail","6":"box-type-custom-clear-lid-paper-boxes","7":"box-type-custom-two-piece-boxes","8":"product_cat-cake-containers-wholesale","9":"product_cat-wholesale-charcuterie-boxes","11":"first","12":"instock","13":"shipping-taxable","14":"product-type-simple"},"acf":[],"_links":{"self":[{"href":"https:\/\/www.yishengpack.com\/es\/wp-json\/wp\/v2\/product\/1310","targetHints":{"allow":["GET"]}}],"collection":[{"href":"https:\/\/www.yishengpack.com\/es\/wp-json\/wp\/v2\/product"}],"about":[{"href":"https:\/\/www.yishengpack.com\/es\/wp-json\/wp\/v2\/types\/product"}],"replies":[{"embeddable":true,"href":"https:\/\/www.yishengpack.com\/es\/wp-json\/wp\/v2\/comments?post=1310"}],"wp:featuredmedia":[{"embeddable":true,"href":"https:\/\/www.yishengpack.com\/es\/wp-json\/wp\/v2\/media\/1315"}],"wp:attachment":[{"href":"https:\/\/www.yishengpack.com\/es\/wp-json\/wp\/v2\/media?parent=1310"}],"wp:term":[{"taxonomy":"box-type","embeddable":true,"href":"https:\/\/www.yishengpack.com\/es\/wp-json\/wp\/v2\/box-type?post=1310"},{"taxonomy":"product_brand","embeddable":true,"href":"https:\/\/www.yishengpack.com\/es\/wp-json\/wp\/v2\/product_brand?post=1310"},{"taxonomy":"product_cat","embeddable":true,"href":"https:\/\/www.yishengpack.com\/es\/wp-json\/wp\/v2\/product_cat?post=1310"},{"taxonomy":"product_tag","embeddable":true,"href":"https:\/\/www.yishengpack.com\/es\/wp-json\/wp\/v2\/product_tag?post=1310"}],"curies":[{"name":"wp","href":"https:\/\/api.w.org\/{rel}","templated":true}]}}