{"id":1296,"date":"2025-04-11T08:10:07","date_gmt":"2025-04-11T08:10:07","guid":{"rendered":"https:\/\/www.yishengpack.com\/?post_type=product&#038;p=1296"},"modified":"2025-08-11T06:32:56","modified_gmt":"2025-08-11T06:32:56","slug":"custom-printed-boxes","status":"publish","type":"product","link":"https:\/\/www.yishengpack.com\/es\/producto\/custom-printed-boxes\/","title":{"rendered":"Cajas de lujo impresas personalizadas para marcas y minoristas, Cajas de regalo port\u00e1tiles al por mayor"},"content":{"rendered":"<div class=\"wp-block-columns is-layout-flex wp-container-core-columns-is-layout-9d6595d7 wp-block-columns-is-layout-flex\">\n<div class=\"wp-block-column is-layout-flow wp-block-column-is-layout-flow\">\n<h3 class=\"wp-block-heading\">Features of Custom Printed Boxes<\/h3>\n\n\n\n<p><strong>High-end custom printing: <\/strong>This portable gift box wholesale supports full-color printing, hot stamping, UV and other surface treatments to enhance brand recognition.<\/p>\n\n\n\n<p><strong>Portable handheld design: <\/strong>Our custom printed boxes can be fitted with rope, ribbon or paper handles, which is both beautiful and practical, enhancing the user experience, suitable for gift packaging boxes.<\/p>\n\n\n\n<p><strong>Various materials available: <\/strong>Our custom printed boxes are made of high-quality gray board + art paper, kraft paper or environmentally friendly materials, sturdy and beautiful.<\/p>\n\n\n\n<p><strong>Support OEM\/ODM: <\/strong>This portable gift box wholesale size, color, structure, and LOGO can be personalized to meet the exclusive needs of the brand.<\/p>\n\n\n\n<p><strong>Innovative folding structure: <\/strong>Our custom printed boxes can be folded and stowed in a style that reduces transportation volume and cost, suitable for e-commerce shipments or bulk exports.<\/p>\n<\/div>\n\n\n\n<div class=\"wp-block-column is-layout-flow wp-block-column-is-layout-flow\">\n<figure class=\"wp-block-image size-full\"><img decoding=\"async\" width=\"1024\" height=\"1024\" src=\"https:\/\/www.yishengpack.com\/wp-content\/uploads\/2025\/04\/luxury-custom-printed-boxes-portable-gift-box-wholesale-7.webp\" alt=\"cajas de lujo con impresi\u00f3n personalizada - cajas de regalo port\u00e1tiles - mayorista-7\" class=\"wp-image-1304\" srcset=\"https:\/\/www.yishengpack.com\/wp-content\/uploads\/2025\/04\/luxury-custom-printed-boxes-portable-gift-box-wholesale-7.webp 1024w, https:\/\/www.yishengpack.com\/wp-content\/uploads\/2025\/04\/luxury-custom-printed-boxes-portable-gift-box-wholesale-7-300x300.webp 300w, https:\/\/www.yishengpack.com\/wp-content\/uploads\/2025\/04\/luxury-custom-printed-boxes-portable-gift-box-wholesale-7-150x150.webp 150w, https:\/\/www.yishengpack.com\/wp-content\/uploads\/2025\/04\/luxury-custom-printed-boxes-portable-gift-box-wholesale-7-768x768.webp 768w, https:\/\/www.yishengpack.com\/wp-content\/uploads\/2025\/04\/luxury-custom-printed-boxes-portable-gift-box-wholesale-7-12x12.webp 12w, https:\/\/www.yishengpack.com\/wp-content\/uploads\/2025\/04\/luxury-custom-printed-boxes-portable-gift-box-wholesale-7-600x600.webp 600w, https:\/\/www.yishengpack.com\/wp-content\/uploads\/2025\/04\/luxury-custom-printed-boxes-portable-gift-box-wholesale-7-100x100.webp 100w\" sizes=\"(max-width: 1024px) 100vw, 1024px\" \/><\/figure>\n<\/div>\n<\/div>\n\n\n\n<p><\/p>","protected":false},"excerpt":{"rendered":"<p>Bulk orders of our luxury custom printed boxes are designed for brands seeking high-end portable packaging. These gift box wholesale are made of high-quality materials, are foldable in design, are cost-effective for transportation, are made of environmentally friendly materials, are elegant, and are suitable for branded gift boxes, holiday gifting, luxury packaging, high-end flash packaging and many other scenarios.<\/p>\n<h2>Custom Printed Boxes Specification:<\/h2>\n<table width=\"554\">\n<tbody>\n<tr>\n<td width=\"215\">Fabricante:<\/td>\n<td colspan=\"2\" width=\"339\">Yisheng<\/td>\n<\/tr>\n<tr>\n<td>Estilo:<\/td>\n<td colspan=\"2\">Cajas plegables<\/td>\n<\/tr>\n<tr>\n<td>Material:\u00a0<\/td>\n<td colspan=\"2\">Papel kraft, cart\u00f3n ondulado, cart\u00f3n, papel art\u00edstico, etc.<\/td>\n<\/tr>\n<tr>\n<td>Tama\u00f1o:<\/td>\n<td colspan=\"2\">Personalizado<\/td>\n<\/tr>\n<tr>\n<td>Color:\u00a0<\/td>\n<td colspan=\"2\">Personalizado<\/td>\n<\/tr>\n<tr>\n<td>Forma:\u00a0<\/td>\n<td colspan=\"2\">Rect\u00e1ngulo, Personalizado<\/td>\n<\/tr>\n<tr>\n<td>MOQ:\u00a0<\/td>\n<td colspan=\"2\">1000 unidades<\/td>\n<\/tr>\n<tr>\n<td>OEM&amp;ODM:\u00a0<\/td>\n<td colspan=\"2\">Personalizado, bienvenido OEM&amp;ODM<\/td>\n<\/tr>\n<tr>\n<td>Aplicaciones:<\/td>\n<td colspan=\"2\">Jewelry packaging, cosmetics and beauty samples, high-end desserts, tea gift boxes, etc.<\/td>\n<\/tr>\n<\/tbody>\n<\/table>\n<p>&nbsp;<\/p>\n<p>\n<script src=\"chrome-extension:\/\/fpelahbljekknahkcaegamhcndkfpfnc\/iFrame.js\" type=\"text\/javascript\"><\/script><\/p>","protected":false},"featured_media":1300,"comment_status":"closed","ping_status":"closed","template":"","meta":{"_acf_changed":false},"box-type":[55],"product_brand":[],"product_cat":[19,41,39],"product_tag":[],"class_list":{"0":"post-1296","1":"product","2":"type-product","3":"status-publish","4":"has-post-thumbnail","6":"box-type-custom-foldable-boxes","7":"product_cat-luxury-gift-boxes-wholesale","8":"product_cat-candy-gift-boxes-wholesale","9":"product_cat-custom-perfume-boxes","11":"first","12":"instock","13":"shipping-taxable","14":"product-type-simple"},"acf":[],"_links":{"self":[{"href":"https:\/\/www.yishengpack.com\/es\/wp-json\/wp\/v2\/product\/1296","targetHints":{"allow":["GET"]}}],"collection":[{"href":"https:\/\/www.yishengpack.com\/es\/wp-json\/wp\/v2\/product"}],"about":[{"href":"https:\/\/www.yishengpack.com\/es\/wp-json\/wp\/v2\/types\/product"}],"replies":[{"embeddable":true,"href":"https:\/\/www.yishengpack.com\/es\/wp-json\/wp\/v2\/comments?post=1296"}],"wp:featuredmedia":[{"embeddable":true,"href":"https:\/\/www.yishengpack.com\/es\/wp-json\/wp\/v2\/media\/1300"}],"wp:attachment":[{"href":"https:\/\/www.yishengpack.com\/es\/wp-json\/wp\/v2\/media?parent=1296"}],"wp:term":[{"taxonomy":"box-type","embeddable":true,"href":"https:\/\/www.yishengpack.com\/es\/wp-json\/wp\/v2\/box-type?post=1296"},{"taxonomy":"product_brand","embeddable":true,"href":"https:\/\/www.yishengpack.com\/es\/wp-json\/wp\/v2\/product_brand?post=1296"},{"taxonomy":"product_cat","embeddable":true,"href":"https:\/\/www.yishengpack.com\/es\/wp-json\/wp\/v2\/product_cat?post=1296"},{"taxonomy":"product_tag","embeddable":true,"href":"https:\/\/www.yishengpack.com\/es\/wp-json\/wp\/v2\/product_tag?post=1296"}],"curies":[{"name":"wp","href":"https:\/\/api.w.org\/{rel}","templated":true}]}}