{"id":1284,"date":"2025-04-06T09:05:49","date_gmt":"2025-04-06T09:05:49","guid":{"rendered":"https:\/\/www.yishengpack.com\/?post_type=product&#038;p=1284"},"modified":"2025-08-11T06:48:48","modified_gmt":"2025-08-11T06:48:48","slug":"custom-sushi-boxes","status":"publish","type":"product","link":"https:\/\/www.yishengpack.com\/es\/producto\/custom-sushi-boxes\/","title":{"rendered":"Cajas de Sushi Personalizadas Plegables, Cajas de Embalaje de Alimentos de Varios Tama\u00f1os al por Mayor"},"content":{"rendered":"<div class=\"wp-block-columns is-layout-flex wp-container-core-columns-is-layout-9d6595d7 wp-block-columns-is-layout-flex\">\n<div class=\"wp-block-column is-layout-flow wp-block-column-is-layout-flow\">\n<h3 class=\"wp-block-heading\">Caracter\u00edsticas de las cajas de sushi personalizadas<\/h3>\n\n\n\n<p><strong>Dise\u00f1o plegable:<\/strong> Estas cajas de sushi personalizadas ahorran espacio de transporte y almacenamiento, y son c\u00f3modas para el uso en lotes y el montaje r\u00e1pido.<\/p>\n\n\n\n<p><strong>Tallas disponibles: <\/strong>Estas cajas de sushi personalizadas son adecuadas para las necesidades de envasado de sushi y comida para llevar con distintas especificaciones.<\/p>\n\n\n\n<p><strong>Impresi\u00f3n personalizable: <\/strong>Nuestras cajas para envasado de alimentos al por mayor permiten la personalizaci\u00f3n exclusiva del logotipo de la marca, el dise\u00f1o, el color, etc. para mejorar el reconocimiento de la marca.<\/p>\n\n\n\n<p><strong>Material apto para uso alimentario: <\/strong>Estas cajas de sushi personalizadas son seguras, respetuosas con el medio ambiente e inodoras, por lo que mantienen los alimentos frescos y limpios.<\/p>\n\n\n\n<p><strong>Perfecto para una gran variedad de ocasiones:<\/strong> Nuestras cajas para envasado de alimentos al por mayor no s\u00f3lo son perfectas para sushi, sino tambi\u00e9n para bento, reposter\u00eda y otros tipos de envasado de alimentos.<\/p>\n<\/div>\n\n\n\n<div class=\"wp-block-column is-layout-flow wp-block-column-is-layout-flow\">\n<figure class=\"wp-block-image size-full\"><img decoding=\"async\" width=\"720\" height=\"720\" src=\"https:\/\/www.yishengpack.com\/wp-content\/uploads\/2025\/04\/foldable-custom-sushi-boxes-various-sizes-food-packaging-boxes-wholesale-1.webp\" alt=\"cajas de sushi personalizadas plegables de distintos tama\u00f1os para envasar alimentos al por mayor-1\" class=\"wp-image-1288\" srcset=\"https:\/\/www.yishengpack.com\/wp-content\/uploads\/2025\/04\/foldable-custom-sushi-boxes-various-sizes-food-packaging-boxes-wholesale-1.webp 720w, https:\/\/www.yishengpack.com\/wp-content\/uploads\/2025\/04\/foldable-custom-sushi-boxes-various-sizes-food-packaging-boxes-wholesale-1-300x300.webp 300w, https:\/\/www.yishengpack.com\/wp-content\/uploads\/2025\/04\/foldable-custom-sushi-boxes-various-sizes-food-packaging-boxes-wholesale-1-150x150.webp 150w, https:\/\/www.yishengpack.com\/wp-content\/uploads\/2025\/04\/foldable-custom-sushi-boxes-various-sizes-food-packaging-boxes-wholesale-1-12x12.webp 12w, https:\/\/www.yishengpack.com\/wp-content\/uploads\/2025\/04\/foldable-custom-sushi-boxes-various-sizes-food-packaging-boxes-wholesale-1-600x600.webp 600w, https:\/\/www.yishengpack.com\/wp-content\/uploads\/2025\/04\/foldable-custom-sushi-boxes-various-sizes-food-packaging-boxes-wholesale-1-100x100.webp 100w\" sizes=\"(max-width: 720px) 100vw, 720px\" \/><\/figure>\n<\/div>\n<\/div>\n\n\n\n<p><\/p>","protected":false},"excerpt":{"rendered":"<p>Bienvenido a nuestras cajas para envasar alimentos al por mayor. Las cajas de sushi personalizadas plegables est\u00e1n fabricadas con material ecol\u00f3gico de calidad alimentaria, permiten m\u00faltiples tama\u00f1os y personalizaci\u00f3n de impresi\u00f3n privada, y son adecuadas para sushi, bento y otros alimentos para llevar. El dise\u00f1o plegable es f\u00e1cil de almacenar y enviar, y es una opci\u00f3n adecuada para que las marcas de catering consigan un embalaje eficiente y una promoci\u00f3n de la marca.<\/p>\n<h2>Cajas de sushi personalizadas Especificaci\u00f3n:<\/h2>\n<table width=\"554\">\n<tbody>\n<tr>\n<td width=\"215\">Fabricante:<\/td>\n<td colspan=\"2\" width=\"339\">Yisheng<\/td>\n<\/tr>\n<tr>\n<td>Estilo:<\/td>\n<td colspan=\"2\">Cajas plegables<\/td>\n<\/tr>\n<tr>\n<td>Material:\u00a0<\/td>\n<td colspan=\"2\">Papel kraft, cart\u00f3n ondulado, cart\u00f3n, papel art\u00edstico, etc.<\/td>\n<\/tr>\n<tr>\n<td>Tama\u00f1o:<\/td>\n<td colspan=\"2\">Personalizado<\/td>\n<\/tr>\n<tr>\n<td>Color:\u00a0<\/td>\n<td colspan=\"2\">Personalizado<\/td>\n<\/tr>\n<tr>\n<td>Forma:\u00a0<\/td>\n<td colspan=\"2\">Rect\u00e1ngulo, Personalizado<\/td>\n<\/tr>\n<tr>\n<td>MOQ:\u00a0<\/td>\n<td colspan=\"2\">1000 unidades<\/td>\n<\/tr>\n<tr>\n<td>OEM&amp;ODM:\u00a0<\/td>\n<td colspan=\"2\">Personalizado, bienvenido OEM&amp;ODM<\/td>\n<\/tr>\n<tr>\n<td>Aplicaciones:<\/td>\n<td colspan=\"2\">Restaurantes de sushi y comida japonesa, servicios de bento para llevar, zonas de charcuter\u00eda de supermercados, marcas de postres y comida ligera, etc.<\/td>\n<\/tr>\n<\/tbody>\n<\/table>\n<p>\n<script src=\"chrome-extension:\/\/fpelahbljekknahkcaegamhcndkfpfnc\/iFrame.js\" type=\"text\/javascript\"><\/script><\/p>","protected":false},"featured_media":1289,"comment_status":"closed","ping_status":"closed","template":"","meta":{"_acf_changed":false},"box-type":[55,48],"product_brand":[],"product_cat":[33,46,45],"product_tag":[],"class_list":{"0":"post-1284","1":"product","2":"type-product","3":"status-publish","4":"has-post-thumbnail","6":"box-type-custom-foldable-boxes","7":"box-type-custom-tuck-top-boxes","8":"product_cat-food-packaging-boxes-wholesale","9":"product_cat-wholesale-paper-boxes","10":"product_cat-bulk-disposable-food-containers","12":"first","13":"instock","14":"shipping-taxable","15":"product-type-simple"},"acf":[],"_links":{"self":[{"href":"https:\/\/www.yishengpack.com\/es\/wp-json\/wp\/v2\/product\/1284","targetHints":{"allow":["GET"]}}],"collection":[{"href":"https:\/\/www.yishengpack.com\/es\/wp-json\/wp\/v2\/product"}],"about":[{"href":"https:\/\/www.yishengpack.com\/es\/wp-json\/wp\/v2\/types\/product"}],"replies":[{"embeddable":true,"href":"https:\/\/www.yishengpack.com\/es\/wp-json\/wp\/v2\/comments?post=1284"}],"wp:featuredmedia":[{"embeddable":true,"href":"https:\/\/www.yishengpack.com\/es\/wp-json\/wp\/v2\/media\/1289"}],"wp:attachment":[{"href":"https:\/\/www.yishengpack.com\/es\/wp-json\/wp\/v2\/media?parent=1284"}],"wp:term":[{"taxonomy":"box-type","embeddable":true,"href":"https:\/\/www.yishengpack.com\/es\/wp-json\/wp\/v2\/box-type?post=1284"},{"taxonomy":"product_brand","embeddable":true,"href":"https:\/\/www.yishengpack.com\/es\/wp-json\/wp\/v2\/product_brand?post=1284"},{"taxonomy":"product_cat","embeddable":true,"href":"https:\/\/www.yishengpack.com\/es\/wp-json\/wp\/v2\/product_cat?post=1284"},{"taxonomy":"product_tag","embeddable":true,"href":"https:\/\/www.yishengpack.com\/es\/wp-json\/wp\/v2\/product_tag?post=1284"}],"curies":[{"name":"wp","href":"https:\/\/api.w.org\/{rel}","templated":true}]}}