{"id":127,"date":"2024-12-25T10:26:44","date_gmt":"2024-12-25T10:26:44","guid":{"rendered":"https:\/\/www.yishengpack.com\/?post_type=product&#038;p=127"},"modified":"2025-10-29T01:42:55","modified_gmt":"2025-10-29T01:42:55","slug":"cake-slice-container-wholesale","status":"publish","type":"product","link":"https:\/\/www.yishengpack.com\/es\/producto\/cake-slice-container-wholesale\/","title":{"rendered":"Envase para porciones de tarta Tri\u00e1ngulo espesado al por mayor Caja de embalaje"},"content":{"rendered":"<div class=\"wp-block-columns is-layout-flex wp-container-core-columns-is-layout-9d6595d7 wp-block-columns-is-layout-flex\">\n<div class=\"wp-block-column is-layout-flow wp-block-column-is-layout-flow\">\n<h3 class=\"wp-block-heading\">Caracter\u00edsticas del recipiente para porciones de tarta al por mayor<\/h3>\n\n\n\n<p><strong>Tipo de espesamiento: <\/strong>El contenedor para rebanadas de tarta al por mayor utiliza material espesante de primera clase que hace que la estructura sea firme y evita que se deforme f\u00e1cilmente durante el transporte y el almacenamiento.<\/p>\n\n\n\n<p><strong>Dise\u00f1o triangular: <\/strong>El recipiente para rebanadas de pastel al por mayor tiene un dise\u00f1o triangular \u00fanico, no s\u00f3lo es hermoso sino que tambi\u00e9n utiliza eficazmente el espacio, f\u00e1cil de llevar y poner.<\/p>\n\n\n\n<p><strong>Dise\u00f1o de bayoneta:<\/strong> Ajuste herm\u00e9tico, eficaz para aislar y conservar la frescura.<\/p>\n\n\n\n<p><strong>Ventana transparente: <\/strong>Hay una ventana de pl\u00e1stico transparente para que los consumidores puedan ver el interior de los hermosos trozos de tarta y despertar su deseo de comprar.<\/p>\n\n\n\n<p><strong>Diferentes opciones de tama\u00f1o:<\/strong> Nuestro recipiente para rebanadas de pastel al por mayor tiene opciones de tama\u00f1o de 6\u201c y 8\u201d disponibles para acomodar rebanadas de pastel de diferentes tama\u00f1os.<\/p>\n\n\n\n<p><strong>Pegatinas impresas personalizadas:<\/strong> Encargue pegatinas impresas personalizadas en varios estilos, con el logotipo de su marca, un dise\u00f1o especial o un texto que ayude a su marca.<\/p>\n<\/div>\n\n\n\n<div class=\"wp-block-column is-layout-flow wp-block-column-is-layout-flow\">\n<figure class=\"wp-block-image size-full\"><img decoding=\"async\" width=\"750\" height=\"1080\" src=\"https:\/\/www.yishengpack.com\/wp-content\/uploads\/2024\/12\/cake-slice-container-wholesale-1.webp\" alt=\"cake-slice-container-wholesale (1)\" class=\"wp-image-128\" srcset=\"https:\/\/www.yishengpack.com\/wp-content\/uploads\/2024\/12\/cake-slice-container-wholesale-1.webp 750w, https:\/\/www.yishengpack.com\/wp-content\/uploads\/2024\/12\/cake-slice-container-wholesale-1-208x300.webp 208w, https:\/\/www.yishengpack.com\/wp-content\/uploads\/2024\/12\/cake-slice-container-wholesale-1-600x864.webp 600w\" sizes=\"(max-width: 750px) 100vw, 750px\" \/><\/figure>\n<\/div>\n<\/div>","protected":false},"excerpt":{"rendered":"<p>El recipiente triangular para rebanadas de tarta al por mayor est\u00e1 fabricado con material PET ecol\u00f3gico, espesado, pr\u00e1ctico y decorativo para sus tartas de una rebanada, protegiendo y presentando la tarta con estilo. Tenemos muchos tama\u00f1os de recipientes y podemos personalizar su pedido. Agradecemos sus pedidos al por mayor y p\u00f3ngase en contacto con nosotros para todas sus necesidades.<\/p>\n<h2>Recipiente para porciones de tarta Especificaciones:<\/h2>\n<table width=\"528\">\n<tbody>\n<tr>\n<td width=\"215\">Fabricante:<\/td>\n<td colspan=\"2\" width=\"313\">Yisheng<\/td>\n<\/tr>\n<tr>\n<td>Modelo:<\/td>\n<td colspan=\"2\">A02<\/td>\n<\/tr>\n<tr>\n<td>Material:\u00a0<\/td>\n<td colspan=\"2\">PET<\/td>\n<\/tr>\n<tr>\n<td>Color:\u00a0<\/td>\n<td colspan=\"2\">Disponible en verde, rosa y negro.<\/td>\n<\/tr>\n<tr>\n<td rowspan=\"2\">Tama\u00f1o:\u00a0<\/td>\n<td colspan=\"2\" width=\"313\">13,2cm*9,8cm*6<\/td>\n<\/tr>\n<tr>\n<td colspan=\"2\">14.3cm*10.8cm*7<\/td>\n<\/tr>\n<tr>\n<td>Peso:\u00a0<\/td>\n<td colspan=\"2\">7g\/pc<\/td>\n<\/tr>\n<tr>\n<td>Forma:\u00a0<\/td>\n<td colspan=\"2\">Tri\u00e1ngulo<\/td>\n<\/tr>\n<tr>\n<td>Embalaje:\u00a0<\/td>\n<td colspan=\"2\">50 unidades\/bolsa<\/td>\n<\/tr>\n<tr>\n<td>MOQ:\u00a0<\/td>\n<td colspan=\"2\">3000 unidades<\/td>\n<\/tr>\n<tr>\n<td>OEM&amp;ODM:\u00a0<\/td>\n<td colspan=\"2\">Personalizado, bienvenido OEM&amp;ODM<\/td>\n<\/tr>\n<tr>\n<td>Muestra\uff1a<\/td>\n<td colspan=\"2\">Se puede solicitar una muestra gratuita de 10 unidades<\/td>\n<\/tr>\n<\/tbody>\n<\/table>","protected":false},"featured_media":133,"comment_status":"closed","ping_status":"closed","template":"","meta":{"_acf_changed":false},"box-type":[61],"product_brand":[],"product_cat":[21,30],"product_tag":[],"class_list":{"0":"post-127","1":"product","2":"type-product","3":"status-publish","4":"has-post-thumbnail","6":"box-type-custom-two-piece-boxes","7":"product_cat-plastic-cake-containers-wholesale","8":"product_cat-cake-containers-wholesale","10":"first","11":"instock","12":"shipping-taxable","13":"product-type-simple"},"acf":[],"_links":{"self":[{"href":"https:\/\/www.yishengpack.com\/es\/wp-json\/wp\/v2\/product\/127","targetHints":{"allow":["GET"]}}],"collection":[{"href":"https:\/\/www.yishengpack.com\/es\/wp-json\/wp\/v2\/product"}],"about":[{"href":"https:\/\/www.yishengpack.com\/es\/wp-json\/wp\/v2\/types\/product"}],"replies":[{"embeddable":true,"href":"https:\/\/www.yishengpack.com\/es\/wp-json\/wp\/v2\/comments?post=127"}],"wp:featuredmedia":[{"embeddable":true,"href":"https:\/\/www.yishengpack.com\/es\/wp-json\/wp\/v2\/media\/133"}],"wp:attachment":[{"href":"https:\/\/www.yishengpack.com\/es\/wp-json\/wp\/v2\/media?parent=127"}],"wp:term":[{"taxonomy":"box-type","embeddable":true,"href":"https:\/\/www.yishengpack.com\/es\/wp-json\/wp\/v2\/box-type?post=127"},{"taxonomy":"product_brand","embeddable":true,"href":"https:\/\/www.yishengpack.com\/es\/wp-json\/wp\/v2\/product_brand?post=127"},{"taxonomy":"product_cat","embeddable":true,"href":"https:\/\/www.yishengpack.com\/es\/wp-json\/wp\/v2\/product_cat?post=127"},{"taxonomy":"product_tag","embeddable":true,"href":"https:\/\/www.yishengpack.com\/es\/wp-json\/wp\/v2\/product_tag?post=127"}],"curies":[{"name":"wp","href":"https:\/\/api.w.org\/{rel}","templated":true}]}}