{"id":1267,"date":"2025-04-06T06:43:36","date_gmt":"2025-04-06T06:43:36","guid":{"rendered":"https:\/\/www.yishengpack.com\/?post_type=product&#038;p=1267"},"modified":"2025-08-11T06:47:00","modified_gmt":"2025-08-11T06:47:00","slug":"custom-bakery-boxes","status":"publish","type":"product","link":"https:\/\/www.yishengpack.com\/es\/producto\/custom-bakery-boxes\/","title":{"rendered":"Pedido de cajas de panader\u00eda personalizada con ventana, Ptinted cajas de postre al por mayor"},"content":{"rendered":"<div class=\"wp-block-columns is-layout-flex wp-container-core-columns-is-layout-9d6595d7 wp-block-columns-is-layout-flex\">\n<div class=\"wp-block-column is-layout-flow wp-block-column-is-layout-flow\">\n<h3 class=\"wp-block-heading\">Caracter\u00edsticas de las cajas personalizadas para panader\u00eda<\/h3>\n\n\n\n<p><strong>Dise\u00f1o de ventana visible:<\/strong> La ventana transparente de estas cajas personalizadas para pasteler\u00eda muestra el aspecto de los postres, lo que mejora el atractivo del producto y el efecto de exposici\u00f3n.<\/p>\n\n\n\n<p><strong>Admite impresi\u00f3n personalizada: <\/strong>Nuestras cajas para postres al por mayor pueden imprimir logotipos, dise\u00f1os y colores personalizados seg\u00fan las necesidades de la marca para mejorar su reconocimiento.<\/p>\n\n\n\n<p><strong>Gama de especificaciones disponibles para elegir:<\/strong> Nuestras cajas para postres al por mayor est\u00e1n disponibles en diferentes tama\u00f1os y dise\u00f1os para satisfacer los distintos requisitos de envasado de postres, como pasteles, galletas, macarons, etc.<\/p>\n\n\n\n<p><strong>Varias opciones de color disponibles: <\/strong>Estas cajas personalizadas para panader\u00eda est\u00e1n disponibles en colores vivos para satisfacer los requisitos de embalaje de diferentes identidades de marca y ocasiones festivas.<\/p>\n\n\n\n<p><strong>Suministro directo a precio mayorista: <\/strong>Estas cajas personalizadas para panader\u00eda con ventana son suministradas directamente por el fabricante, admiten personalizaciones a gran escala, tienen un precio m\u00e1s ventajoso y satisfacen las necesidades de adquisici\u00f3n comercial.<\/p>\n<\/div>\n\n\n\n<div class=\"wp-block-column is-layout-flow wp-block-column-is-layout-flow\">\n<figure class=\"wp-block-image size-full\"><img decoding=\"async\" width=\"1500\" height=\"1500\" src=\"https:\/\/www.yishengpack.com\/wp-content\/uploads\/2025\/04\/order-custom-bakery-boxes-with-window-ptinted-dessert-boxes-wholesale-5.webp\" alt=\"Encargar cajas personalizadas para pasteler\u00eda con ventana, cajas para postres impresas, venta al por mayor 5\" class=\"wp-image-1283\" srcset=\"https:\/\/www.yishengpack.com\/wp-content\/uploads\/2025\/04\/order-custom-bakery-boxes-with-window-ptinted-dessert-boxes-wholesale-5.webp 1500w, https:\/\/www.yishengpack.com\/wp-content\/uploads\/2025\/04\/order-custom-bakery-boxes-with-window-ptinted-dessert-boxes-wholesale-5-300x300.webp 300w, https:\/\/www.yishengpack.com\/wp-content\/uploads\/2025\/04\/order-custom-bakery-boxes-with-window-ptinted-dessert-boxes-wholesale-5-150x150.webp 150w, https:\/\/www.yishengpack.com\/wp-content\/uploads\/2025\/04\/order-custom-bakery-boxes-with-window-ptinted-dessert-boxes-wholesale-5-768x768.webp 768w, https:\/\/www.yishengpack.com\/wp-content\/uploads\/2025\/04\/order-custom-bakery-boxes-with-window-ptinted-dessert-boxes-wholesale-5-12x12.webp 12w, https:\/\/www.yishengpack.com\/wp-content\/uploads\/2025\/04\/order-custom-bakery-boxes-with-window-ptinted-dessert-boxes-wholesale-5-1200x1200.webp 1200w, https:\/\/www.yishengpack.com\/wp-content\/uploads\/2025\/04\/order-custom-bakery-boxes-with-window-ptinted-dessert-boxes-wholesale-5-600x600.webp 600w, https:\/\/www.yishengpack.com\/wp-content\/uploads\/2025\/04\/order-custom-bakery-boxes-with-window-ptinted-dessert-boxes-wholesale-5-100x100.webp 100w\" sizes=\"(max-width: 1500px) 100vw, 1500px\" \/><\/figure>\n<\/div>\n<\/div>\n\n\n\n<p><\/p>","protected":false},"excerpt":{"rendered":"<p>Bienvenido a comprar nuestras cajas personalizadas para pasteler\u00eda con ventana. Estas cajas para postres al por mayor son una opci\u00f3n ideal para mejorar la imagen de marca y el efecto de presentaci\u00f3n del producto. Admiten impresi\u00f3n exclusiva, personalizaci\u00f3n de m\u00faltiples colores y especificaciones, uso de materiales aptos para uso alimentario y respetuosos con el medio ambiente, adecuados para pasteles, galletas y otros tipos de envases para postres. Ayudamos a las marcas de reposter\u00eda a crear soluciones de envasado profesionales y de alto valor.<\/p>\n<h2>Especificaciones de las cajas personalizadas para panader\u00eda:<\/h2>\n<table width=\"554\">\n<tbody>\n<tr>\n<td width=\"215\">Fabricante:<\/td>\n<td colspan=\"2\" width=\"339\">Yisheng<\/td>\n<\/tr>\n<tr>\n<td>Estilo:<\/td>\n<td colspan=\"2\">Cajas plegables<\/td>\n<\/tr>\n<tr>\n<td>Material:\u00a0<\/td>\n<td colspan=\"2\">Papel kraft, cart\u00f3n ondulado, cart\u00f3n, papel art\u00edstico, etc.<\/td>\n<\/tr>\n<tr>\n<td>Tama\u00f1o:<\/td>\n<td colspan=\"2\">Personalizado<\/td>\n<\/tr>\n<tr>\n<td>Color:\u00a0<\/td>\n<td colspan=\"2\">Personalizado<\/td>\n<\/tr>\n<tr>\n<td>Forma:\u00a0<\/td>\n<td colspan=\"2\">Rect\u00e1ngulo, Personalizado<\/td>\n<\/tr>\n<tr>\n<td>MOQ:\u00a0<\/td>\n<td colspan=\"2\">1000 unidades<\/td>\n<\/tr>\n<tr>\n<td>OEM&amp;ODM:\u00a0<\/td>\n<td colspan=\"2\">Personalizado, bienvenido OEM&amp;ODM<\/td>\n<\/tr>\n<tr>\n<td>Aplicaciones:<\/td>\n<td colspan=\"2\">Cafeter\u00eda, panader\u00eda, pasteler\u00eda, embalajes para regalos navide\u00f1os, embalajes personalizados para marcas.<\/td>\n<\/tr>\n<\/tbody>\n<\/table>\n<p>\n<script src=\"chrome-extension:\/\/fpelahbljekknahkcaegamhcndkfpfnc\/iFrame.js\" type=\"text\/javascript\"><\/script><\/p>","protected":false},"featured_media":1280,"comment_status":"closed","ping_status":"closed","template":"","meta":{"_acf_changed":false},"box-type":[58],"product_brand":[],"product_cat":[32,46,33,44],"product_tag":[],"class_list":{"0":"post-1267","1":"product","2":"type-product","3":"status-publish","4":"has-post-thumbnail","6":"box-type-custom-window-gift-box","7":"product_cat-bakery-packaging-wholesale","8":"product_cat-wholesale-paper-boxes","9":"product_cat-food-packaging-boxes-wholesale","10":"product_cat-custom-snack-box","12":"first","13":"instock","14":"shipping-taxable","15":"product-type-simple"},"acf":[],"_links":{"self":[{"href":"https:\/\/www.yishengpack.com\/es\/wp-json\/wp\/v2\/product\/1267","targetHints":{"allow":["GET"]}}],"collection":[{"href":"https:\/\/www.yishengpack.com\/es\/wp-json\/wp\/v2\/product"}],"about":[{"href":"https:\/\/www.yishengpack.com\/es\/wp-json\/wp\/v2\/types\/product"}],"replies":[{"embeddable":true,"href":"https:\/\/www.yishengpack.com\/es\/wp-json\/wp\/v2\/comments?post=1267"}],"wp:featuredmedia":[{"embeddable":true,"href":"https:\/\/www.yishengpack.com\/es\/wp-json\/wp\/v2\/media\/1280"}],"wp:attachment":[{"href":"https:\/\/www.yishengpack.com\/es\/wp-json\/wp\/v2\/media?parent=1267"}],"wp:term":[{"taxonomy":"box-type","embeddable":true,"href":"https:\/\/www.yishengpack.com\/es\/wp-json\/wp\/v2\/box-type?post=1267"},{"taxonomy":"product_brand","embeddable":true,"href":"https:\/\/www.yishengpack.com\/es\/wp-json\/wp\/v2\/product_brand?post=1267"},{"taxonomy":"product_cat","embeddable":true,"href":"https:\/\/www.yishengpack.com\/es\/wp-json\/wp\/v2\/product_cat?post=1267"},{"taxonomy":"product_tag","embeddable":true,"href":"https:\/\/www.yishengpack.com\/es\/wp-json\/wp\/v2\/product_tag?post=1267"}],"curies":[{"name":"wp","href":"https:\/\/api.w.org\/{rel}","templated":true}]}}