{"id":1238,"date":"2025-03-25T07:01:31","date_gmt":"2025-03-25T07:01:31","guid":{"rendered":"https:\/\/www.yishengpack.com\/?post_type=product&#038;p=1238"},"modified":"2026-02-25T08:35:20","modified_gmt":"2026-02-25T08:35:20","slug":"custom-donut-boxes","status":"publish","type":"product","link":"https:\/\/www.yishengpack.com\/es\/producto\/custom-donut-boxes\/","title":{"rendered":"Cajas personalizadas para donuts con ventanas, Suministro de envases para panader\u00eda"},"content":{"rendered":"<div class=\"wp-block-columns is-layout-flex wp-container-core-columns-is-layout-9d6595d7 wp-block-columns-is-layout-flex\">\n<div class=\"wp-block-column is-layout-flow wp-block-column-is-layout-flow\">\n<h3 class=\"wp-block-heading\">Caracter\u00edsticas de las cajas de donuts personalizadas<\/h3>\n\n\n\n<p><strong>Dise\u00f1o de ventana transparente:<\/strong> Nuestras cajas para donuts personalizadas con ventanas transparentes permiten ver los deliciosos donuts a simple vista, atraen la atenci\u00f3n de los clientes y aumentan la tasa de conversi\u00f3n de ventas.<\/p>\n\n\n\n<p><strong>Disponible en varias tallas: <\/strong>Este envase para panader\u00eda al por mayor puede aplicarse a un solo donut, a cajas peque\u00f1as o a grandes contenedores, en funci\u00f3n de las necesidades de las distintas empresas panaderas.<\/p>\n\n\n\n<p><strong>Material apto para uso alimentario:<\/strong> Nuestras cajas personalizadas para donuts est\u00e1n fabricadas con cart\u00f3n ecol\u00f3gico de primera calidad, no t\u00f3xico y duradero, para garantizar que los donuts se mantengan frescos y libres de contaminaci\u00f3n.<\/p>\n\n\n\n<p><strong>Servicio de personalizaci\u00f3n de la marca: <\/strong>Este envase de panader\u00eda al por mayor puede imprimirse con LOGO, patr\u00f3n e informaci\u00f3n de marca para mejorar la imagen de marca y el recuerdo del cliente.<\/p>\n\n\n\n<p><strong>C\u00f3modo dise\u00f1o plegable: <\/strong>Nuestras cajas personalizadas para donuts son f\u00e1ciles de montar, ahorran tiempo y son eficientes, y mejoran la eficacia del envasado en tienda.<\/p>\n<\/div>\n\n\n\n<div class=\"wp-block-column is-layout-flow wp-block-column-is-layout-flow\">\n<figure class=\"wp-block-image size-full\"><img decoding=\"async\" width=\"720\" height=\"720\" src=\"https:\/\/www.yishengpack.com\/wp-content\/uploads\/2025\/03\/custom-donut-boxes-with-clear-windows-wholesale-bakery-packaging-1.webp\" alt=\"cajas-donut-a-la-medida-con-ventanas-transparentes-envasado-mayorista-panader\u00eda-1\" class=\"wp-image-1239\" srcset=\"https:\/\/www.yishengpack.com\/wp-content\/uploads\/2025\/03\/custom-donut-boxes-with-clear-windows-wholesale-bakery-packaging-1.webp 720w, https:\/\/www.yishengpack.com\/wp-content\/uploads\/2025\/03\/custom-donut-boxes-with-clear-windows-wholesale-bakery-packaging-1-300x300.webp 300w, https:\/\/www.yishengpack.com\/wp-content\/uploads\/2025\/03\/custom-donut-boxes-with-clear-windows-wholesale-bakery-packaging-1-150x150.webp 150w, https:\/\/www.yishengpack.com\/wp-content\/uploads\/2025\/03\/custom-donut-boxes-with-clear-windows-wholesale-bakery-packaging-1-12x12.webp 12w, https:\/\/www.yishengpack.com\/wp-content\/uploads\/2025\/03\/custom-donut-boxes-with-clear-windows-wholesale-bakery-packaging-1-600x600.webp 600w, https:\/\/www.yishengpack.com\/wp-content\/uploads\/2025\/03\/custom-donut-boxes-with-clear-windows-wholesale-bakery-packaging-1-100x100.webp 100w\" sizes=\"(max-width: 720px) 100vw, 720px\" \/><\/figure>\n<\/div>\n<\/div>\n\n\n\n<div class=\"wp-block-columns is-layout-flex wp-container-core-columns-is-layout-9d6595d7 wp-block-columns-is-layout-flex\">\n<div class=\"wp-block-column is-layout-flow wp-block-column-is-layout-flow\">\n<figure class=\"wp-block-image size-full\"><img decoding=\"async\" width=\"720\" height=\"720\" src=\"https:\/\/www.yishengpack.com\/wp-content\/uploads\/2025\/03\/custom-donut-boxes-with-clear-windows-wholesale-bakery-packaging-3.webp\" alt=\"cajas de donuts personalizadas con ventanas transparentes - envases al por mayor para panader\u00edas - 3\" class=\"wp-image-1241\" srcset=\"https:\/\/www.yishengpack.com\/wp-content\/uploads\/2025\/03\/custom-donut-boxes-with-clear-windows-wholesale-bakery-packaging-3.webp 720w, https:\/\/www.yishengpack.com\/wp-content\/uploads\/2025\/03\/custom-donut-boxes-with-clear-windows-wholesale-bakery-packaging-3-300x300.webp 300w, https:\/\/www.yishengpack.com\/wp-content\/uploads\/2025\/03\/custom-donut-boxes-with-clear-windows-wholesale-bakery-packaging-3-150x150.webp 150w, https:\/\/www.yishengpack.com\/wp-content\/uploads\/2025\/03\/custom-donut-boxes-with-clear-windows-wholesale-bakery-packaging-3-12x12.webp 12w, https:\/\/www.yishengpack.com\/wp-content\/uploads\/2025\/03\/custom-donut-boxes-with-clear-windows-wholesale-bakery-packaging-3-600x600.webp 600w, https:\/\/www.yishengpack.com\/wp-content\/uploads\/2025\/03\/custom-donut-boxes-with-clear-windows-wholesale-bakery-packaging-3-100x100.webp 100w\" sizes=\"(max-width: 720px) 100vw, 720px\" \/><\/figure>\n\n\n\n<div class=\"wp-block-buttons has-custom-font-size has-small-font-size is-content-justification-center is-layout-flex wp-container-core-buttons-is-layout-16018d1d wp-block-buttons-is-layout-flex\">\n<div class=\"wp-block-button has-custom-width wp-block-button__width-75\"><a class=\"wp-block-button__link has-background has-small-font-size has-custom-font-size wp-element-button\" href=\"https:\/\/www.yishengpack.com\/es\/custom-printed-box\/\" style=\"background:linear-gradient(135deg,rgb(254,205,165) 0%,rgb(254,45,45) 0%,rgb(94,15,15) 0%,rgb(94,15,15) 100%)\" target=\"_blank\" rel=\"noreferrer noopener\"><strong>Explorar las cajas impresas personalizadas<\/strong><\/a><\/div>\n<\/div>\n<\/div>\n\n\n\n<div class=\"wp-block-column is-layout-flow wp-block-column-is-layout-flow\">\n<figure class=\"wp-block-image size-full\"><img decoding=\"async\" width=\"720\" height=\"720\" src=\"https:\/\/www.yishengpack.com\/wp-content\/uploads\/2025\/03\/custom-donut-boxes-with-clear-windows-wholesale-bakery-packaging-1.webp\" alt=\"cajas-donut-a-la-medida-con-ventanas-transparentes-envasado-mayorista-panader\u00eda-1\" class=\"wp-image-1239\" srcset=\"https:\/\/www.yishengpack.com\/wp-content\/uploads\/2025\/03\/custom-donut-boxes-with-clear-windows-wholesale-bakery-packaging-1.webp 720w, https:\/\/www.yishengpack.com\/wp-content\/uploads\/2025\/03\/custom-donut-boxes-with-clear-windows-wholesale-bakery-packaging-1-300x300.webp 300w, https:\/\/www.yishengpack.com\/wp-content\/uploads\/2025\/03\/custom-donut-boxes-with-clear-windows-wholesale-bakery-packaging-1-150x150.webp 150w, https:\/\/www.yishengpack.com\/wp-content\/uploads\/2025\/03\/custom-donut-boxes-with-clear-windows-wholesale-bakery-packaging-1-12x12.webp 12w, https:\/\/www.yishengpack.com\/wp-content\/uploads\/2025\/03\/custom-donut-boxes-with-clear-windows-wholesale-bakery-packaging-1-600x600.webp 600w, https:\/\/www.yishengpack.com\/wp-content\/uploads\/2025\/03\/custom-donut-boxes-with-clear-windows-wholesale-bakery-packaging-1-100x100.webp 100w\" sizes=\"(max-width: 720px) 100vw, 720px\" \/><\/figure>\n\n\n\n<div class=\"wp-block-buttons has-custom-font-size has-small-font-size is-content-justification-center is-layout-flex wp-container-core-buttons-is-layout-16018d1d wp-block-buttons-is-layout-flex\">\n<div class=\"wp-block-button has-custom-width wp-block-button__width-75\"><a class=\"wp-block-button__link has-background has-small-font-size has-custom-font-size wp-element-button\" href=\"https:\/\/www.yishengpack.com\/es\/custom-product-boxes-types\/\" style=\"background:linear-gradient(135deg,rgb(254,205,165) 0%,rgb(254,45,45) 0%,rgb(94,15,15) 0%,rgb(94,15,15) 100%)\" target=\"_blank\" rel=\"noreferrer noopener\"><strong>Explora los tipos de cajas personalizadas<\/strong><\/a><\/div>\n<\/div>\n<\/div>\n<\/div>","protected":false},"excerpt":{"rendered":"<p>Bienvenido a pedir envases de panader\u00eda al por mayor de Yisheng. Nuestras cajas de rosquillas personalizadas pueden equiparse con ventanas transparentes para ayudar a las marcas de panader\u00eda a aumentar las ventas. Fabricadas con materiales respetuosos con el medio ambiente, seguros y fiables. Disponible en varios tama\u00f1os, admite la impresi\u00f3n de LOGO, haciendo que su marca sea m\u00e1s reconocible.\u00a0<\/p>\n<h2>Cajas de rosquillas personalizadas Especificaci\u00f3n:<\/h2>\n<table width=\"554\">\n<tbody>\n<tr>\n<td width=\"215\">Fabricante:<\/td>\n<td colspan=\"2\" width=\"339\">Yisheng<\/td>\n<\/tr>\n<tr>\n<td>Estilo:<\/td>\n<td colspan=\"2\">Cajas plegables<\/td>\n<\/tr>\n<tr>\n<td>Material:\u00a0<\/td>\n<td colspan=\"2\">Papel kraft, cart\u00f3n ondulado, cart\u00f3n, papel art\u00edstico, etc.<\/td>\n<\/tr>\n<tr>\n<td>Tama\u00f1o:<\/td>\n<td colspan=\"2\">Personalizado<\/td>\n<\/tr>\n<tr>\n<td>Color:\u00a0<\/td>\n<td colspan=\"2\">Blanco, Personalizado<\/td>\n<\/tr>\n<tr>\n<td>Forma:\u00a0<\/td>\n<td colspan=\"2\">Rect\u00e1ngulo, Personalizado<\/td>\n<\/tr>\n<tr>\n<td>MOQ:\u00a0<\/td>\n<td colspan=\"2\">1000 unidades<\/td>\n<\/tr>\n<tr>\n<td>OEM&amp;ODM:\u00a0<\/td>\n<td colspan=\"2\">Personalizado, bienvenido OEM&amp;ODM<\/td>\n<\/tr>\n<tr>\n<td>Aplicaciones:<\/td>\n<td colspan=\"2\">Cafeter\u00eda, panader\u00eda, pasteler\u00eda, embalajes para regalos navide\u00f1os, embalajes personalizados para marcas.<\/td>\n<\/tr>\n<\/tbody>\n<\/table>\n<p><script src=\"chrome-extension:\/\/fpelahbljekknahkcaegamhcndkfpfnc\/iFrame.js\" type=\"text\/javascript\"><\/script><\/p>","protected":false},"featured_media":1240,"comment_status":"closed","ping_status":"closed","template":"","meta":{"_acf_changed":false},"box-type":[55,58],"product_brand":[],"product_cat":[32,46,33,44,45],"product_tag":[],"class_list":{"0":"post-1238","1":"product","2":"type-product","3":"status-publish","4":"has-post-thumbnail","6":"box-type-custom-foldable-boxes","7":"box-type-custom-window-gift-box","8":"product_cat-bakery-packaging-wholesale","9":"product_cat-wholesale-paper-boxes","10":"product_cat-food-packaging-boxes-wholesale","11":"product_cat-custom-snack-box","12":"product_cat-bulk-disposable-food-containers","14":"first","15":"instock","16":"shipping-taxable","17":"product-type-simple"},"acf":[],"_links":{"self":[{"href":"https:\/\/www.yishengpack.com\/es\/wp-json\/wp\/v2\/product\/1238","targetHints":{"allow":["GET"]}}],"collection":[{"href":"https:\/\/www.yishengpack.com\/es\/wp-json\/wp\/v2\/product"}],"about":[{"href":"https:\/\/www.yishengpack.com\/es\/wp-json\/wp\/v2\/types\/product"}],"replies":[{"embeddable":true,"href":"https:\/\/www.yishengpack.com\/es\/wp-json\/wp\/v2\/comments?post=1238"}],"wp:featuredmedia":[{"embeddable":true,"href":"https:\/\/www.yishengpack.com\/es\/wp-json\/wp\/v2\/media\/1240"}],"wp:attachment":[{"href":"https:\/\/www.yishengpack.com\/es\/wp-json\/wp\/v2\/media?parent=1238"}],"wp:term":[{"taxonomy":"box-type","embeddable":true,"href":"https:\/\/www.yishengpack.com\/es\/wp-json\/wp\/v2\/box-type?post=1238"},{"taxonomy":"product_brand","embeddable":true,"href":"https:\/\/www.yishengpack.com\/es\/wp-json\/wp\/v2\/product_brand?post=1238"},{"taxonomy":"product_cat","embeddable":true,"href":"https:\/\/www.yishengpack.com\/es\/wp-json\/wp\/v2\/product_cat?post=1238"},{"taxonomy":"product_tag","embeddable":true,"href":"https:\/\/www.yishengpack.com\/es\/wp-json\/wp\/v2\/product_tag?post=1238"}],"curies":[{"name":"wp","href":"https:\/\/api.w.org\/{rel}","templated":true}]}}