{"id":1232,"date":"2025-03-20T10:11:57","date_gmt":"2025-03-20T10:11:57","guid":{"rendered":"https:\/\/www.yishengpack.com\/?post_type=product&#038;p=1232"},"modified":"2025-08-16T02:37:55","modified_gmt":"2025-08-16T02:37:55","slug":"wholesale-paper-bags","status":"publish","type":"product","link":"https:\/\/www.yishengpack.com\/es\/producto\/wholesale-paper-bags\/","title":{"rendered":"Venta al por mayor de bolsas de papel, bolsas de papel de embalaje personalizadas para cafeter\u00eda tienda de t\u00e9 con leche"},"content":{"rendered":"<div class=\"wp-block-columns is-layout-flex wp-container-core-columns-is-layout-9d6595d7 wp-block-columns-is-layout-flex\">\n<div class=\"wp-block-column is-layout-flow wp-block-column-is-layout-flow\">\n<h3 class=\"wp-block-heading\">Features of Wholesale Paper Bags<\/h3>\n\n\n\n<p><strong>Duradera:<\/strong> These wholesale paper bags are made of high-quality kraft paper with strong load-bearing capacity, suitable for coffee, milk tea, baked goods, and so on.<\/p>\n\n\n\n<p><strong>Impresi\u00f3n personalizada:<\/strong> The wholesale paper bags support brand logo, pattern and text printing to enhance brand exposure and store image.<\/p>\n\n\n\n<p><strong>M\u00faltiples tama\u00f1os disponibles:<\/strong> Our custom packaging paper bags are suitable for single-cup milk tea, coffee takeaway, or large-capacity food packaging to meet different needs.<\/p>\n\n\n\n<p><strong>Comfortable Handle Design:<\/strong> Our custom packaging paper bags are equipped with twisted rope handles or flat rope handles, which are comfortable to hold and easy to carry for customers.<\/p>\n\n\n\n<p><strong>Dise\u00f1o plegable: <\/strong>These wholesale paper bags can be folded for storage, easy to store without taking up extra space.<\/p>\n<\/div>\n\n\n\n<div class=\"wp-block-column is-layout-flow wp-block-column-is-layout-flow\">\n<figure class=\"wp-block-image size-full\"><img decoding=\"async\" width=\"1256\" height=\"1256\" src=\"https:\/\/www.yishengpack.com\/wp-content\/uploads\/2025\/03\/wholesale-paper-bags-custom-packaging-paper-bags-for-coffee-shop-milk-tea-shop-2.webp\" alt=\"wholesale-paper-bags-custom-packaging-paper-bags-for-coffee-shop-milk-tea-shop (2)\" class=\"wp-image-1234\" srcset=\"https:\/\/www.yishengpack.com\/wp-content\/uploads\/2025\/03\/wholesale-paper-bags-custom-packaging-paper-bags-for-coffee-shop-milk-tea-shop-2.webp 1256w, https:\/\/www.yishengpack.com\/wp-content\/uploads\/2025\/03\/wholesale-paper-bags-custom-packaging-paper-bags-for-coffee-shop-milk-tea-shop-2-300x300.webp 300w, https:\/\/www.yishengpack.com\/wp-content\/uploads\/2025\/03\/wholesale-paper-bags-custom-packaging-paper-bags-for-coffee-shop-milk-tea-shop-2-150x150.webp 150w, https:\/\/www.yishengpack.com\/wp-content\/uploads\/2025\/03\/wholesale-paper-bags-custom-packaging-paper-bags-for-coffee-shop-milk-tea-shop-2-768x768.webp 768w, https:\/\/www.yishengpack.com\/wp-content\/uploads\/2025\/03\/wholesale-paper-bags-custom-packaging-paper-bags-for-coffee-shop-milk-tea-shop-2-12x12.webp 12w, https:\/\/www.yishengpack.com\/wp-content\/uploads\/2025\/03\/wholesale-paper-bags-custom-packaging-paper-bags-for-coffee-shop-milk-tea-shop-2-1200x1200.webp 1200w, https:\/\/www.yishengpack.com\/wp-content\/uploads\/2025\/03\/wholesale-paper-bags-custom-packaging-paper-bags-for-coffee-shop-milk-tea-shop-2-600x600.webp 600w, https:\/\/www.yishengpack.com\/wp-content\/uploads\/2025\/03\/wholesale-paper-bags-custom-packaging-paper-bags-for-coffee-shop-milk-tea-shop-2-100x100.webp 100w\" sizes=\"(max-width: 1256px) 100vw, 1256px\" \/><\/figure>\n<\/div>\n<\/div>\n\n\n\n<p><\/p>","protected":false},"excerpt":{"rendered":"<p>Welcome to purchase our custom packaging paper bags, this wholesale paper bags are suitable for coffee shops, milk tea stores, bakery, etc. Support brand logo printing, is sturdy and durable. Various sizes and colors are available to meet various food takeaway needs. Manufacturer direct supply, bulk purchase is more favorable! Customize immediately to help brand promotion!<\/p>\n<h2>Wholesale Paper Bags Specification:<\/h2>\n<table width=\"554\">\n<tbody>\n<tr>\n<td width=\"215\">Fabricante:<\/td>\n<td colspan=\"2\" width=\"339\">Yisheng<\/td>\n<\/tr>\n<tr>\n<td>Estilo:<\/td>\n<td colspan=\"2\">Bolsa de papel<\/td>\n<\/tr>\n<tr>\n<td>Material:\u00a0<\/td>\n<td colspan=\"2\">Papel kraft, cart\u00f3n ondulado, cart\u00f3n, papel art\u00edstico, etc.<\/td>\n<\/tr>\n<tr>\n<td>Color:\u00a0<\/td>\n<td colspan=\"2\">White, Black, Customized<\/td>\n<\/tr>\n<tr>\n<td>Tama\u00f1o:<\/td>\n<td colspan=\"2\">Personalizado<\/td>\n<\/tr>\n<tr>\n<td>MOQ:\u00a0<\/td>\n<td colspan=\"2\">1000 unidades<\/td>\n<\/tr>\n<tr>\n<td>OEM&amp;ODM:\u00a0<\/td>\n<td colspan=\"2\">Personalizado, bienvenido OEM&amp;ODM<\/td>\n<\/tr>\n<tr>\n<td>Aplicaciones:<\/td>\n<td colspan=\"2\">business, coffee shops, milk tea shops, etc.<\/td>\n<\/tr>\n<\/tbody>\n<\/table>\n<p>\n<script src=\"chrome-extension:\/\/fpelahbljekknahkcaegamhcndkfpfnc\/iFrame.js\" type=\"text\/javascript\"><\/script><\/p>","protected":false},"featured_media":1233,"comment_status":"closed","ping_status":"closed","template":"","meta":{"_acf_changed":false},"box-type":[52,50],"product_brand":[],"product_cat":[34,38],"product_tag":[],"class_list":{"0":"post-1232","1":"product","2":"type-product","3":"status-publish","4":"has-post-thumbnail","6":"box-type-custom-rope-handle-paper-bags","7":"box-type-custom-twisted-handle-paper-bags","8":"product_cat-paper-bags-wholesale","9":"product_cat-bakery-paper-bags-wholesale","11":"first","12":"instock","13":"shipping-taxable","14":"product-type-simple"},"acf":[],"_links":{"self":[{"href":"https:\/\/www.yishengpack.com\/es\/wp-json\/wp\/v2\/product\/1232","targetHints":{"allow":["GET"]}}],"collection":[{"href":"https:\/\/www.yishengpack.com\/es\/wp-json\/wp\/v2\/product"}],"about":[{"href":"https:\/\/www.yishengpack.com\/es\/wp-json\/wp\/v2\/types\/product"}],"replies":[{"embeddable":true,"href":"https:\/\/www.yishengpack.com\/es\/wp-json\/wp\/v2\/comments?post=1232"}],"wp:featuredmedia":[{"embeddable":true,"href":"https:\/\/www.yishengpack.com\/es\/wp-json\/wp\/v2\/media\/1233"}],"wp:attachment":[{"href":"https:\/\/www.yishengpack.com\/es\/wp-json\/wp\/v2\/media?parent=1232"}],"wp:term":[{"taxonomy":"box-type","embeddable":true,"href":"https:\/\/www.yishengpack.com\/es\/wp-json\/wp\/v2\/box-type?post=1232"},{"taxonomy":"product_brand","embeddable":true,"href":"https:\/\/www.yishengpack.com\/es\/wp-json\/wp\/v2\/product_brand?post=1232"},{"taxonomy":"product_cat","embeddable":true,"href":"https:\/\/www.yishengpack.com\/es\/wp-json\/wp\/v2\/product_cat?post=1232"},{"taxonomy":"product_tag","embeddable":true,"href":"https:\/\/www.yishengpack.com\/es\/wp-json\/wp\/v2\/product_tag?post=1232"}],"curies":[{"name":"wp","href":"https:\/\/api.w.org\/{rel}","templated":true}]}}