{"id":1229,"date":"2025-03-20T09:27:19","date_gmt":"2025-03-20T09:27:19","guid":{"rendered":"https:\/\/www.yishengpack.com\/?post_type=product&#038;p=1229"},"modified":"2026-02-07T02:53:37","modified_gmt":"2026-02-07T02:53:37","slug":"foldable-bakery-packaging-wholesale","status":"publish","type":"product","link":"https:\/\/www.yishengpack.com\/es\/producto\/foldable-bakery-packaging-wholesale\/","title":{"rendered":"Embalaje plegable para panader\u00eda al por mayor, cajas de galletas personalizadas con logotipo"},"content":{"rendered":"<div class=\"wp-block-columns is-layout-flex wp-container-core-columns-is-layout-9d6595d7 wp-block-columns-is-layout-flex\">\n<div class=\"wp-block-column is-layout-flow wp-block-column-is-layout-flow\">\n<h3 class=\"wp-block-heading\">Caracter\u00edsticas del embalaje para panader\u00eda al por mayor<\/h3>\n\n\n\n<p><strong>Dise\u00f1o plegable: <\/strong>Nuestros envases para panader\u00eda al por mayor son plegables, f\u00e1ciles de almacenar, ahorran espacio, son f\u00e1ciles de montar y mejoran la eficiencia del envasado.<\/p>\n\n\n\n<p><strong>Impresi\u00f3n personalizada:<\/strong> Este embalaje para panader\u00eda al por mayor se puede imprimir con logotipos y dise\u00f1os de marca para mejorar la exposici\u00f3n de la marca y el atractivo en el mercado.<\/p>\n\n\n\n<p><strong>Material apto para uso alimentario:<\/strong> Estas cajas personalizadas para galletas est\u00e1n fabricadas con papel apto para uso alimentario, seguro y respetuoso con el medio ambiente, para garantizar la frescura y la seguridad de las galletas, pasteles y otros alimentos.<\/p>\n\n\n\n<p><strong>Varios tama\u00f1os disponibles: <\/strong>Nuestras cajas personalizadas para galletas est\u00e1n disponibles en una variedad de tama\u00f1os, adecuadas para diferentes tipos de necesidades de embalaje de productos horneados.<\/p>\n<\/div>\n\n\n\n<div class=\"wp-block-column is-layout-flow wp-block-column-is-layout-flow\">\n<figure class=\"wp-block-image size-full\"><img decoding=\"async\" width=\"720\" height=\"720\" src=\"https:\/\/www.yishengpack.com\/wp-content\/uploads\/2025\/03\/foldable-bakery-packaging-wholesale-custom-cookie-boxes-with-logo-2.webp\" alt=\"empaquetado-panaderia-plegable-mayorista-cajas-personalizadas-de-galletas-con-logotipo (2)\" class=\"wp-image-1231\" srcset=\"https:\/\/www.yishengpack.com\/wp-content\/uploads\/2025\/03\/foldable-bakery-packaging-wholesale-custom-cookie-boxes-with-logo-2.webp 720w, https:\/\/www.yishengpack.com\/wp-content\/uploads\/2025\/03\/foldable-bakery-packaging-wholesale-custom-cookie-boxes-with-logo-2-300x300.webp 300w, https:\/\/www.yishengpack.com\/wp-content\/uploads\/2025\/03\/foldable-bakery-packaging-wholesale-custom-cookie-boxes-with-logo-2-150x150.webp 150w, https:\/\/www.yishengpack.com\/wp-content\/uploads\/2025\/03\/foldable-bakery-packaging-wholesale-custom-cookie-boxes-with-logo-2-12x12.webp 12w, https:\/\/www.yishengpack.com\/wp-content\/uploads\/2025\/03\/foldable-bakery-packaging-wholesale-custom-cookie-boxes-with-logo-2-600x600.webp 600w, https:\/\/www.yishengpack.com\/wp-content\/uploads\/2025\/03\/foldable-bakery-packaging-wholesale-custom-cookie-boxes-with-logo-2-100x100.webp 100w\" sizes=\"(max-width: 720px) 100vw, 720px\" \/><\/figure>\n<\/div>\n<\/div>\n\n\n\n<div class=\"wp-block-columns is-layout-flex wp-container-core-columns-is-layout-9d6595d7 wp-block-columns-is-layout-flex\">\n<div class=\"wp-block-column is-layout-flow wp-block-column-is-layout-flow\">\n<div class=\"wp-block-buttons has-custom-font-size has-small-font-size is-content-justification-center is-layout-flex wp-container-core-buttons-is-layout-16018d1d wp-block-buttons-is-layout-flex\">\n<div class=\"wp-block-button has-custom-width wp-block-button__width-75\"><a class=\"wp-block-button__link has-background has-small-font-size has-custom-font-size wp-element-button\" href=\"https:\/\/www.yishengpack.com\/es\/custom-printed-box\/\" style=\"background:linear-gradient(135deg,rgb(254,205,165) 0%,rgb(254,45,45) 0%,rgb(94,15,15) 0%,rgb(94,15,15) 100%)\" target=\"_blank\" rel=\"noreferrer noopener\"><strong>Explorar las cajas impresas personalizadas<\/strong><\/a><\/div>\n<\/div>\n<\/div>\n\n\n\n<div class=\"wp-block-column is-layout-flow wp-block-column-is-layout-flow\">\n<div class=\"wp-block-buttons has-custom-font-size has-small-font-size is-content-justification-center is-layout-flex wp-container-core-buttons-is-layout-16018d1d wp-block-buttons-is-layout-flex\">\n<div class=\"wp-block-button has-custom-width wp-block-button__width-75\"><a class=\"wp-block-button__link has-background has-small-font-size has-custom-font-size wp-element-button\" href=\"https:\/\/www.yishengpack.com\/es\/custom-paper-box-plastic-containers\/\" style=\"background:linear-gradient(135deg,rgb(254,205,165) 0%,rgb(254,45,45) 0%,rgb(94,15,15) 0%,rgb(94,15,15) 100%)\"><strong>Explorar el material de las cajas personalizadas<\/strong><\/a><\/div>\n<\/div>\n<\/div>\n<\/div>","protected":false},"excerpt":{"rendered":"<p>Bienvenido a comprar nuestro suministro directo de f\u00e1brica de cajas personalizadas para galletas. Este plegable panader\u00eda envases al por mayor est\u00e1 dise\u00f1ado para galletas, pasteles y otros productos horneados. Soporta la impresi\u00f3n del logotipo de la marca, el material de calidad alimentaria es seguro y fiable, f\u00e1cil de montar y ahorra espacio de almacenamiento. M\u00faltiples tama\u00f1os est\u00e1n disponibles para satisfacer diferentes necesidades de negocio. P\u00f3ngase en contacto con Yisheng para mejorar su imagen de marca.<\/p>\n<h2>Aspectos destacados de los envases plegables para panader\u00eda al por mayor<\/h2>\n<ul>\n<li>Dise\u00f1o plegable<\/li>\n<li>Especificaciones personalizables<\/li>\n<li>Materiales ecol\u00f3gicos<\/li>\n<li>Personalizaci\u00f3n de gama alta<\/li>\n<li>Procesos de impresi\u00f3n sofisticados<\/li>\n<li>Gran variedad de colores<\/li>\n<\/ul>","protected":false},"featured_media":1230,"comment_status":"closed","ping_status":"closed","template":"","meta":{"_acf_changed":false},"box-type":[55],"product_brand":[],"product_cat":[32,46,30,33,71,44,45],"product_tag":[],"class_list":{"0":"post-1229","1":"product","2":"type-product","3":"status-publish","4":"has-post-thumbnail","6":"box-type-custom-foldable-boxes","7":"product_cat-bakery-packaging-wholesale","8":"product_cat-wholesale-paper-boxes","9":"product_cat-cake-containers-wholesale","10":"product_cat-food-packaging-boxes-wholesale","11":"product_cat-custom-takeout-boxes","12":"product_cat-custom-snack-box","13":"product_cat-bulk-disposable-food-containers","15":"first","16":"instock","17":"shipping-taxable","18":"product-type-simple"},"acf":[],"_links":{"self":[{"href":"https:\/\/www.yishengpack.com\/es\/wp-json\/wp\/v2\/product\/1229","targetHints":{"allow":["GET"]}}],"collection":[{"href":"https:\/\/www.yishengpack.com\/es\/wp-json\/wp\/v2\/product"}],"about":[{"href":"https:\/\/www.yishengpack.com\/es\/wp-json\/wp\/v2\/types\/product"}],"replies":[{"embeddable":true,"href":"https:\/\/www.yishengpack.com\/es\/wp-json\/wp\/v2\/comments?post=1229"}],"wp:featuredmedia":[{"embeddable":true,"href":"https:\/\/www.yishengpack.com\/es\/wp-json\/wp\/v2\/media\/1230"}],"wp:attachment":[{"href":"https:\/\/www.yishengpack.com\/es\/wp-json\/wp\/v2\/media?parent=1229"}],"wp:term":[{"taxonomy":"box-type","embeddable":true,"href":"https:\/\/www.yishengpack.com\/es\/wp-json\/wp\/v2\/box-type?post=1229"},{"taxonomy":"product_brand","embeddable":true,"href":"https:\/\/www.yishengpack.com\/es\/wp-json\/wp\/v2\/product_brand?post=1229"},{"taxonomy":"product_cat","embeddable":true,"href":"https:\/\/www.yishengpack.com\/es\/wp-json\/wp\/v2\/product_cat?post=1229"},{"taxonomy":"product_tag","embeddable":true,"href":"https:\/\/www.yishengpack.com\/es\/wp-json\/wp\/v2\/product_tag?post=1229"}],"curies":[{"name":"wp","href":"https:\/\/api.w.org\/{rel}","templated":true}]}}