{"id":1220,"date":"2025-03-14T09:19:53","date_gmt":"2025-03-14T09:19:53","guid":{"rendered":"https:\/\/www.yishengpack.com\/?post_type=product&#038;p=1220"},"modified":"2025-08-16T02:39:07","modified_gmt":"2025-08-16T02:39:07","slug":"custom-tea-boxes","status":"publish","type":"product","link":"https:\/\/www.yishengpack.com\/es\/producto\/custom-tea-boxes\/","title":{"rendered":"Cajas de T\u00e9 Personalizadas Premium, Cajas de Caj\u00f3n Imprimibles al por Mayor"},"content":{"rendered":"<div class=\"wp-block-columns is-layout-flex wp-container-core-columns-is-layout-9d6595d7 wp-block-columns-is-layout-flex\">\n<div class=\"wp-block-column is-layout-flow wp-block-column-is-layout-flow\">\n<h3 class=\"wp-block-heading\">Caracter\u00edsticas de las cajas de t\u00e9 personalizadas<\/h3>\n\n\n\n<p><strong>Dise\u00f1o personalizado: <\/strong>Nuestras cajas de t\u00e9 personalizadas admiten una personalizaci\u00f3n completa en cuanto a tama\u00f1o, color, impresi\u00f3n y elaboraci\u00f3n para satisfacer las necesidades \u00fanicas de las marcas.<\/p>\n\n\n\n<p><strong>Estructura del caj\u00f3n:<\/strong> Nuestras cajas de t\u00e9 personalizadas son f\u00e1ciles de abrir, resistentes y duraderas para mejorar la experiencia del usuario al abrirlas.<\/p>\n\n\n\n<p><strong>Material de alta calidad: <\/strong>Las cajas con cajones al por mayor est\u00e1n fabricadas con cart\u00f3n resistente y biodegradable que garantiza un almacenamiento seguro de las hojas de t\u00e9 y las protege de la presi\u00f3n y la humedad.<\/p>\n\n\n\n<p><strong>Exquisito proceso de impresi\u00f3n: <\/strong>Todas estas cajas de cajones al por mayor pueden combinarse con estampado en caliente, UV, relieve, etc., para crear un resultado visual elegante.<\/p>\n\n\n\n<p><strong>Ventaja de la venta al por mayor a granel: <\/strong>Nuestras cajas de t\u00e9 personalizadas admiten la producci\u00f3n en masa y ofrecen precios competitivos, adecuados para marcas y comerciantes de t\u00e9.<\/p>\n<\/div>\n\n\n\n<div class=\"wp-block-column is-layout-flow wp-block-column-is-layout-flow\">\n<figure class=\"wp-block-image size-full\"><img decoding=\"async\" width=\"2000\" height=\"1644\" src=\"https:\/\/www.yishengpack.com\/wp-content\/uploads\/2025\/03\/custom-tea-boxes-printable-drawer-boxes-wholesale.webp\" alt=\"cajas de t\u00e9 personalizadas-cajas de cajones imprimibles-venta al por mayor\" class=\"wp-image-1221\" srcset=\"https:\/\/www.yishengpack.com\/wp-content\/uploads\/2025\/03\/custom-tea-boxes-printable-drawer-boxes-wholesale.webp 2000w, https:\/\/www.yishengpack.com\/wp-content\/uploads\/2025\/03\/custom-tea-boxes-printable-drawer-boxes-wholesale-300x247.webp 300w, https:\/\/www.yishengpack.com\/wp-content\/uploads\/2025\/03\/custom-tea-boxes-printable-drawer-boxes-wholesale-768x631.webp 768w, https:\/\/www.yishengpack.com\/wp-content\/uploads\/2025\/03\/custom-tea-boxes-printable-drawer-boxes-wholesale-15x12.webp 15w, https:\/\/www.yishengpack.com\/wp-content\/uploads\/2025\/03\/custom-tea-boxes-printable-drawer-boxes-wholesale-1200x986.webp 1200w, https:\/\/www.yishengpack.com\/wp-content\/uploads\/2025\/03\/custom-tea-boxes-printable-drawer-boxes-wholesale-600x493.webp 600w\" sizes=\"(max-width: 2000px) 100vw, 2000px\" \/><\/figure>\n<\/div>\n<\/div>\n\n\n\n<p><\/p>","protected":false},"excerpt":{"rendered":"<p>Bienvenido a la compra al por mayor de cajas con cajones. Nuestras cajas de t\u00e9 personalizadas est\u00e1n dise\u00f1adas para la venta al por mayor de marcas, admiten m\u00faltiples tama\u00f1os y soluciones de impresi\u00f3n, y est\u00e1n fabricadas con materiales resistentes y ecol\u00f3gicos con una artesan\u00eda de alta calidad, lo que las hace pr\u00e1cticas y bonitas. El dise\u00f1o del caj\u00f3n es pr\u00e1ctico y duradero, y equilibra a la perfecci\u00f3n la funcionalidad y la textura, \u00a1ideal para el envasado de t\u00e9!<\/p>\n<h2>Especificaciones de las cajas de t\u00e9 personalizadas:<\/h2>\n<table width=\"554\">\n<tbody>\n<tr>\n<td width=\"215\">Fabricante:<\/td>\n<td colspan=\"2\" width=\"339\">Yisheng<\/td>\n<\/tr>\n<tr>\n<td>Estilo:<\/td>\n<td colspan=\"2\">Cajas de cajones<\/td>\n<\/tr>\n<tr>\n<td>Material:\u00a0<\/td>\n<td colspan=\"2\">Papel kraft, cart\u00f3n ondulado, cart\u00f3n, papel art\u00edstico, etc.<\/td>\n<\/tr>\n<tr>\n<td>Tama\u00f1o:<\/td>\n<td colspan=\"2\">Personalizado<\/td>\n<\/tr>\n<tr>\n<td>Color:\u00a0<\/td>\n<td colspan=\"2\">Amarillo, personalizado<\/td>\n<\/tr>\n<tr>\n<td>Forma:\u00a0<\/td>\n<td colspan=\"2\">Rect\u00e1ngulo, Personalizado<\/td>\n<\/tr>\n<tr>\n<td>MOQ:\u00a0<\/td>\n<td colspan=\"2\">1000 unidades<\/td>\n<\/tr>\n<tr>\n<td>OEM&amp;ODM:\u00a0<\/td>\n<td colspan=\"2\">Personalizado, bienvenido OEM&amp;ODM<\/td>\n<\/tr>\n<tr>\n<td>Aplicaciones:<\/td>\n<td colspan=\"2\">Cajas de suscripci\u00f3n de marca, envases para venta al por menor y al por mayor de t\u00e9, \u00a1y mucho m\u00e1s!<\/td>\n<\/tr>\n<\/tbody>\n<\/table>\n<p><script src=\"chrome-extension:\/\/fpelahbljekknahkcaegamhcndkfpfnc\/iFrame.js\" type=\"text\/javascript\"><\/script><\/p>\n<p>\n<script src=\"chrome-extension:\/\/fpelahbljekknahkcaegamhcndkfpfnc\/iFrame.js\" type=\"text\/javascript\"><\/script><\/p>","protected":false},"featured_media":1221,"comment_status":"closed","ping_status":"closed","template":"","meta":{"_acf_changed":false},"box-type":[55,48],"product_brand":[],"product_cat":[33,46,43],"product_tag":[],"class_list":{"0":"post-1220","1":"product","2":"type-product","3":"status-publish","4":"has-post-thumbnail","6":"box-type-custom-foldable-boxes","7":"box-type-custom-tuck-top-boxes","8":"product_cat-food-packaging-boxes-wholesale","9":"product_cat-wholesale-paper-boxes","10":"product_cat-coffee-and-tea-packaging-boxes-wholesale","12":"first","13":"instock","14":"shipping-taxable","15":"product-type-simple"},"acf":[],"_links":{"self":[{"href":"https:\/\/www.yishengpack.com\/es\/wp-json\/wp\/v2\/product\/1220","targetHints":{"allow":["GET"]}}],"collection":[{"href":"https:\/\/www.yishengpack.com\/es\/wp-json\/wp\/v2\/product"}],"about":[{"href":"https:\/\/www.yishengpack.com\/es\/wp-json\/wp\/v2\/types\/product"}],"replies":[{"embeddable":true,"href":"https:\/\/www.yishengpack.com\/es\/wp-json\/wp\/v2\/comments?post=1220"}],"wp:featuredmedia":[{"embeddable":true,"href":"https:\/\/www.yishengpack.com\/es\/wp-json\/wp\/v2\/media\/1221"}],"wp:attachment":[{"href":"https:\/\/www.yishengpack.com\/es\/wp-json\/wp\/v2\/media?parent=1220"}],"wp:term":[{"taxonomy":"box-type","embeddable":true,"href":"https:\/\/www.yishengpack.com\/es\/wp-json\/wp\/v2\/box-type?post=1220"},{"taxonomy":"product_brand","embeddable":true,"href":"https:\/\/www.yishengpack.com\/es\/wp-json\/wp\/v2\/product_brand?post=1220"},{"taxonomy":"product_cat","embeddable":true,"href":"https:\/\/www.yishengpack.com\/es\/wp-json\/wp\/v2\/product_cat?post=1220"},{"taxonomy":"product_tag","embeddable":true,"href":"https:\/\/www.yishengpack.com\/es\/wp-json\/wp\/v2\/product_tag?post=1220"}],"curies":[{"name":"wp","href":"https:\/\/api.w.org\/{rel}","templated":true}]}}