{"id":1216,"date":"2025-03-14T08:23:00","date_gmt":"2025-03-14T08:23:00","guid":{"rendered":"https:\/\/www.yishengpack.com\/?post_type=product&#038;p=1216"},"modified":"2026-02-25T08:31:49","modified_gmt":"2026-02-25T08:31:49","slug":"custom-rigid-boxes","status":"publish","type":"product","link":"https:\/\/www.yishengpack.com\/es\/producto\/custom-rigid-boxes\/","title":{"rendered":"Cajas r\u00edgidas personalizadas, 8 cajas plegables para tarta de luna al por mayor"},"content":{"rendered":"<div class=\"wp-block-columns is-layout-flex wp-container-core-columns-is-layout-9d6595d7 wp-block-columns-is-layout-flex\">\n<div class=\"wp-block-column is-layout-flow wp-block-column-is-layout-flow\">\n<h3 class=\"wp-block-heading\">Caracter\u00edsticas de las cajas r\u00edgidas a medida<\/h3>\n\n\n\n<p><strong>Duradera:<\/strong> Estas cajas para mooncakes al por mayor est\u00e1n fabricadas con material de cart\u00f3n gris de alta resistencia, con una excelente protecci\u00f3n para mantener los mooncakes intactos durante el transporte y el almacenamiento.<\/p>\n\n\n\n<p><strong>Dise\u00f1o plegable: <\/strong>Nuestras cajas r\u00edgidas a medida de plegado flexible ahorran espacio de almacenamiento, reducen los gastos log\u00edsticos y facilitan el montaje.<\/p>\n\n\n\n<p><strong>Artesan\u00eda exquisita:<\/strong> Estas cajas para mooncake al por mayor admiten artesan\u00eda de alta gama, como estampaci\u00f3n en caliente, UV, gofrado, etc., lo que crea una textura de regalo lujosa y aumenta el valor de la marca.<\/p>\n\n\n\n<p><strong>Opciones de capacidad m\u00faltiple: <\/strong>Nuestras cajas r\u00edgidas personalizadas est\u00e1n especialmente dise\u00f1adas para 8 mooncakes con bandejas interiores separadas, que tienen una disposici\u00f3n razonable para una amplia gama de tama\u00f1os de mooncakes y garantizan la colocaci\u00f3n estable de los productos.<\/p>\n\n\n\n<p><strong>Personalizaci\u00f3n flexible:<\/strong> Nuestras cajas r\u00edgidas personalizadas ofrecen servicios de personalizaci\u00f3n multidimensional en tama\u00f1o, color, logotipo, revestimiento, etc., para satisfacer las necesidades individuales de las marcas y crear soluciones de envasado exclusivas.<\/p>\n<\/div>\n\n\n\n<div class=\"wp-block-column is-layout-flow wp-block-column-is-layout-flow\">\n<figure class=\"wp-block-image size-full\"><img decoding=\"async\" width=\"3024\" height=\"3024\" src=\"https:\/\/www.yishengpack.com\/wp-content\/uploads\/2025\/03\/custom-rigid-boxes-collapsible-mooncake-boxes-wholesale-8-pieces_1.webp\" alt=\"custom-rigid-boxes-collapsible-mooncake-boxes-wholesale-8-pieces_1\" class=\"wp-image-1218\" srcset=\"https:\/\/www.yishengpack.com\/wp-content\/uploads\/2025\/03\/custom-rigid-boxes-collapsible-mooncake-boxes-wholesale-8-pieces_1.webp 3024w, https:\/\/www.yishengpack.com\/wp-content\/uploads\/2025\/03\/custom-rigid-boxes-collapsible-mooncake-boxes-wholesale-8-pieces_1-300x300.webp 300w, https:\/\/www.yishengpack.com\/wp-content\/uploads\/2025\/03\/custom-rigid-boxes-collapsible-mooncake-boxes-wholesale-8-pieces_1-150x150.webp 150w, https:\/\/www.yishengpack.com\/wp-content\/uploads\/2025\/03\/custom-rigid-boxes-collapsible-mooncake-boxes-wholesale-8-pieces_1-768x768.webp 768w, https:\/\/www.yishengpack.com\/wp-content\/uploads\/2025\/03\/custom-rigid-boxes-collapsible-mooncake-boxes-wholesale-8-pieces_1-12x12.webp 12w, https:\/\/www.yishengpack.com\/wp-content\/uploads\/2025\/03\/custom-rigid-boxes-collapsible-mooncake-boxes-wholesale-8-pieces_1-1200x1200.webp 1200w, https:\/\/www.yishengpack.com\/wp-content\/uploads\/2025\/03\/custom-rigid-boxes-collapsible-mooncake-boxes-wholesale-8-pieces_1-600x600.webp 600w, https:\/\/www.yishengpack.com\/wp-content\/uploads\/2025\/03\/custom-rigid-boxes-collapsible-mooncake-boxes-wholesale-8-pieces_1-100x100.webp 100w\" sizes=\"(max-width: 3024px) 100vw, 3024px\" \/><\/figure>\n<\/div>\n<\/div>\n\n\n\n<div class=\"wp-block-columns is-layout-flex wp-container-core-columns-is-layout-9d6595d7 wp-block-columns-is-layout-flex\">\n<div class=\"wp-block-column is-layout-flow wp-block-column-is-layout-flow\">\n<div class=\"wp-block-buttons has-custom-font-size has-small-font-size is-content-justification-center is-layout-flex wp-container-core-buttons-is-layout-16018d1d wp-block-buttons-is-layout-flex\">\n<div class=\"wp-block-button has-custom-width wp-block-button__width-75\"><a class=\"wp-block-button__link has-background has-small-font-size has-custom-font-size wp-element-button\" href=\"https:\/\/www.yishengpack.com\/es\/custom-printed-box\/\" style=\"background:linear-gradient(135deg,rgb(254,205,165) 0%,rgb(254,45,45) 0%,rgb(94,15,15) 0%,rgb(94,15,15) 100%)\" target=\"_blank\" rel=\"noreferrer noopener\"><strong>Explorar las cajas impresas personalizadas<\/strong><\/a><\/div>\n<\/div>\n<\/div>\n\n\n\n<div class=\"wp-block-column is-layout-flow wp-block-column-is-layout-flow\">\n<div class=\"wp-block-buttons has-custom-font-size has-small-font-size is-content-justification-center is-layout-flex wp-container-core-buttons-is-layout-16018d1d wp-block-buttons-is-layout-flex\">\n<div class=\"wp-block-button has-custom-width wp-block-button__width-75\"><a class=\"wp-block-button__link has-background has-small-font-size has-custom-font-size wp-element-button\" href=\"https:\/\/www.yishengpack.com\/es\/custom-product-boxes-types\/\" style=\"background:linear-gradient(135deg,rgb(254,205,165) 0%,rgb(254,45,45) 0%,rgb(94,15,15) 0%,rgb(94,15,15) 100%)\" target=\"_blank\" rel=\"noreferrer noopener\"><strong>Explora los tipos de cajas personalizadas<\/strong><\/a><\/div>\n<\/div>\n<\/div>\n<\/div>","protected":false},"excerpt":{"rendered":"<p>Bienvenido a comprar nuestras cajas r\u00edgidas personalizadas. Ofrecemos cajas de mooncake al por mayor, dise\u00f1adas para paquetes de 8 piezas, que combinan textura de alta gama y practicidad. \u00a1Estructura plegable para facilitar el almacenamiento, materiales duraderos para garantizar un transporte seguro, apoyar una variedad de artesan\u00edas exquisitas y personalizaci\u00f3n personalizada, ayudar a las marcas para crear un embalaje de regalo de vacaciones \u00fanico e inolvidable!<\/p>\n<h2>Aspectos destacados de las cajas r\u00edgidas a medida<\/h2>\n<ul>\n<li>Se vende como juego (al por mayor)<\/li>\n<li>Especificaciones personalizables (4\/6\/8)<\/li>\n<li>M\u00faltiples tipos de cajas disponibles<\/li>\n<li>Materiales ecol\u00f3gicos<\/li>\n<li>Personalizaci\u00f3n de gama alta<\/li>\n<li>Procesos de impresi\u00f3n sofisticados<\/li>\n<li>Bolsas de papel a juego personalizadas<\/li>\n<li>Gran variedad de colores<\/li>\n<\/ul>","protected":false},"featured_media":1217,"comment_status":"closed","ping_status":"closed","template":"","meta":{"_acf_changed":false},"box-type":[55,57],"product_brand":[],"product_cat":[19,41,46,33,44],"product_tag":[],"class_list":{"0":"post-1216","1":"product","2":"type-product","3":"status-publish","4":"has-post-thumbnail","6":"box-type-custom-foldable-boxes","7":"box-type-custom-rigid-box-with-lid","8":"product_cat-luxury-gift-boxes-wholesale","9":"product_cat-candy-gift-boxes-wholesale","10":"product_cat-wholesale-paper-boxes","11":"product_cat-food-packaging-boxes-wholesale","12":"product_cat-custom-snack-box","14":"first","15":"instock","16":"shipping-taxable","17":"product-type-simple"},"acf":[],"_links":{"self":[{"href":"https:\/\/www.yishengpack.com\/es\/wp-json\/wp\/v2\/product\/1216","targetHints":{"allow":["GET"]}}],"collection":[{"href":"https:\/\/www.yishengpack.com\/es\/wp-json\/wp\/v2\/product"}],"about":[{"href":"https:\/\/www.yishengpack.com\/es\/wp-json\/wp\/v2\/types\/product"}],"replies":[{"embeddable":true,"href":"https:\/\/www.yishengpack.com\/es\/wp-json\/wp\/v2\/comments?post=1216"}],"wp:featuredmedia":[{"embeddable":true,"href":"https:\/\/www.yishengpack.com\/es\/wp-json\/wp\/v2\/media\/1217"}],"wp:attachment":[{"href":"https:\/\/www.yishengpack.com\/es\/wp-json\/wp\/v2\/media?parent=1216"}],"wp:term":[{"taxonomy":"box-type","embeddable":true,"href":"https:\/\/www.yishengpack.com\/es\/wp-json\/wp\/v2\/box-type?post=1216"},{"taxonomy":"product_brand","embeddable":true,"href":"https:\/\/www.yishengpack.com\/es\/wp-json\/wp\/v2\/product_brand?post=1216"},{"taxonomy":"product_cat","embeddable":true,"href":"https:\/\/www.yishengpack.com\/es\/wp-json\/wp\/v2\/product_cat?post=1216"},{"taxonomy":"product_tag","embeddable":true,"href":"https:\/\/www.yishengpack.com\/es\/wp-json\/wp\/v2\/product_tag?post=1216"}],"curies":[{"name":"wp","href":"https:\/\/api.w.org\/{rel}","templated":true}]}}