{"id":1190,"date":"2025-03-07T09:50:24","date_gmt":"2025-03-07T09:50:24","guid":{"rendered":"https:\/\/www.yishengpack.com\/?post_type=product&#038;p=1190"},"modified":"2026-02-07T02:48:06","modified_gmt":"2026-02-07T02:48:06","slug":"gift-boxes-wholesale","status":"publish","type":"product","link":"https:\/\/www.yishengpack.com\/es\/producto\/gift-boxes-wholesale\/","title":{"rendered":"Cajas de regalo Mailer al por mayor, caja de env\u00edo impresa personalizada"},"content":{"rendered":"<div class=\"wp-block-columns is-layout-flex wp-container-core-columns-is-layout-9d6595d7 wp-block-columns-is-layout-flex\">\n<div class=\"wp-block-column is-layout-flow wp-block-column-is-layout-flow\">\n<h3 class=\"wp-block-heading\">Caracter\u00edsticas de Exquisite Mailer Cajas de regalo al por mayor<\/h3>\n\n\n\n<p><strong>Dise\u00f1o personalizado de gama alta:<\/strong> Ofrecemos exquisitas cajas de regalo al por mayor y una amplia gama de servicios de personalizaci\u00f3n para satisfacer las distintas necesidades de marcas, regalos, etc.<\/p>\n\n\n\n<p><strong>Material de calidad:<\/strong> La caja personalizada est\u00e1 hecha de cart\u00f3n duro y resistente para proteger el paquete y evitar que se da\u00f1e durante el transporte.<\/p>\n\n\n\n<p><strong>Exquisita tecnolog\u00eda de impresi\u00f3n:<\/strong> Nuestras exquisitas cajas de regalo al por mayor utilizan la \u00faltima tecnolog\u00eda de impresi\u00f3n para que los envases parezcan delicados y contengan colores vivos con el fin de retratar el refinamiento de la marca.<\/p>\n\n\n\n<p><strong>Tama\u00f1os diversificados:<\/strong> La caja de correo personalizada ofrece diversos tama\u00f1os para que los clientes elijan en funci\u00f3n de sus necesidades y se adapte a diferentes productos y usos.<\/p>\n\n\n\n<p><strong>Respetuoso con el medio ambiente: <\/strong>Nuestras exquisitas cajas de regalo al por mayor est\u00e1n fabricadas con materiales ecol\u00f3gicos, lo que responde al concepto de desarrollo sostenible y a\u00f1ade puntos a la imagen de marca.<\/p>\n<\/div>\n\n\n\n<div class=\"wp-block-column is-layout-flow wp-block-column-is-layout-flow\">\n<figure class=\"wp-block-image size-full\"><img decoding=\"async\" width=\"1080\" height=\"1440\" src=\"https:\/\/www.yishengpack.com\/wp-content\/uploads\/2025\/03\/exquisite-gift-boxes-wholesale-custom-mailer-box-printing-2.webp\" alt=\"exquisitas-cajas-regalo-mayorista-impresion-de-cartones-personalizados (2)\" class=\"wp-image-1192\" srcset=\"https:\/\/www.yishengpack.com\/wp-content\/uploads\/2025\/03\/exquisite-gift-boxes-wholesale-custom-mailer-box-printing-2.webp 1080w, https:\/\/www.yishengpack.com\/wp-content\/uploads\/2025\/03\/exquisite-gift-boxes-wholesale-custom-mailer-box-printing-2-225x300.webp 225w, https:\/\/www.yishengpack.com\/wp-content\/uploads\/2025\/03\/exquisite-gift-boxes-wholesale-custom-mailer-box-printing-2-768x1024.webp 768w, https:\/\/www.yishengpack.com\/wp-content\/uploads\/2025\/03\/exquisite-gift-boxes-wholesale-custom-mailer-box-printing-2-9x12.webp 9w, https:\/\/www.yishengpack.com\/wp-content\/uploads\/2025\/03\/exquisite-gift-boxes-wholesale-custom-mailer-box-printing-2-600x800.webp 600w\" sizes=\"(max-width: 1080px) 100vw, 1080px\" \/><\/figure>\n<\/div>\n<\/div>\n\n\n\n<div class=\"wp-block-columns is-layout-flex wp-container-core-columns-is-layout-9d6595d7 wp-block-columns-is-layout-flex\">\n<div class=\"wp-block-column is-layout-flow wp-block-column-is-layout-flow\">\n<div class=\"wp-block-buttons has-custom-font-size has-small-font-size is-content-justification-center is-layout-flex wp-container-core-buttons-is-layout-16018d1d wp-block-buttons-is-layout-flex\">\n<div class=\"wp-block-button has-custom-width wp-block-button__width-75\"><a class=\"wp-block-button__link has-background has-small-font-size has-custom-font-size wp-element-button\" href=\"https:\/\/www.yishengpack.com\/es\/custom-printed-box\/\" style=\"background:linear-gradient(135deg,rgb(254,205,165) 0%,rgb(254,45,45) 0%,rgb(94,15,15) 0%,rgb(94,15,15) 100%)\" target=\"_blank\" rel=\"noreferrer noopener\"><strong>Explorar las cajas impresas personalizadas<\/strong><\/a><\/div>\n<\/div>\n<\/div>\n\n\n\n<div class=\"wp-block-column is-layout-flow wp-block-column-is-layout-flow\">\n<div class=\"wp-block-buttons has-custom-font-size has-small-font-size is-content-justification-center is-layout-flex wp-container-core-buttons-is-layout-16018d1d wp-block-buttons-is-layout-flex\">\n<div class=\"wp-block-button has-custom-width wp-block-button__width-75\"><a class=\"wp-block-button__link has-background has-small-font-size has-custom-font-size wp-element-button\" href=\"https:\/\/www.yishengpack.com\/es\/custom-box-inserts-accessories\/\" style=\"background:linear-gradient(135deg,rgb(254,205,165) 0%,rgb(254,45,45) 0%,rgb(94,15,15) 0%,rgb(94,15,15) 100%)\" target=\"_blank\" rel=\"noreferrer noopener\"><strong>Explorar los insertos personalizados para cajas<\/strong><\/a><\/div>\n<\/div>\n<\/div>\n<\/div>","protected":false},"excerpt":{"rendered":"<p>Bienvenido a comprar nuestra caja de regalo personalizada. Este exquisito servicio de cajas de regalo al por mayor ofrece varias opciones personalizadas, incluyendo dise\u00f1o personalizado e impresi\u00f3n de alta calidad, utilizando material de cart\u00f3n para garantizar la seguridad e integridad del producto durante el transporte. Adecuado para todo tipo de promoci\u00f3n de marca, embalaje de regalo y necesidades personalizadas, mostrando el encanto \u00fanico de su marca.<\/p>\n<h2>Puntos destacados de Mailer Cajas de regalo al por mayor<\/h2>\n<ul>\n<li>Dise\u00f1o plegable<\/li>\n<li>Materiales ecol\u00f3gicos<\/li>\n<li>Personalizaci\u00f3n de gama alta<\/li>\n<li>Procesos de impresi\u00f3n sofisticados<\/li>\n<li>Varios tama\u00f1os de caja<\/li>\n<li>Gran variedad de colores<\/li>\n<li>Forro interior de primera calidad<\/li>\n<li>Construcci\u00f3n robusta<\/li>\n<\/ul>","protected":false},"featured_media":1191,"comment_status":"closed","ping_status":"closed","template":"","meta":{"_acf_changed":false},"box-type":[55,59],"product_brand":[],"product_cat":[19,41,66,46,69,67],"product_tag":[],"class_list":{"0":"post-1190","1":"product","2":"type-product","3":"status-publish","4":"has-post-thumbnail","6":"box-type-custom-foldable-boxes","7":"box-type-custom-mailer-boxes","8":"product_cat-luxury-gift-boxes-wholesale","9":"product_cat-candy-gift-boxes-wholesale","10":"product_cat-custom-apparel-boxes","11":"product_cat-wholesale-paper-boxes","12":"product_cat-custom-retail-boxes","13":"product_cat-custom-shipping-boxes","15":"first","16":"instock","17":"shipping-taxable","18":"product-type-simple"},"acf":[],"_links":{"self":[{"href":"https:\/\/www.yishengpack.com\/es\/wp-json\/wp\/v2\/product\/1190","targetHints":{"allow":["GET"]}}],"collection":[{"href":"https:\/\/www.yishengpack.com\/es\/wp-json\/wp\/v2\/product"}],"about":[{"href":"https:\/\/www.yishengpack.com\/es\/wp-json\/wp\/v2\/types\/product"}],"replies":[{"embeddable":true,"href":"https:\/\/www.yishengpack.com\/es\/wp-json\/wp\/v2\/comments?post=1190"}],"wp:featuredmedia":[{"embeddable":true,"href":"https:\/\/www.yishengpack.com\/es\/wp-json\/wp\/v2\/media\/1191"}],"wp:attachment":[{"href":"https:\/\/www.yishengpack.com\/es\/wp-json\/wp\/v2\/media?parent=1190"}],"wp:term":[{"taxonomy":"box-type","embeddable":true,"href":"https:\/\/www.yishengpack.com\/es\/wp-json\/wp\/v2\/box-type?post=1190"},{"taxonomy":"product_brand","embeddable":true,"href":"https:\/\/www.yishengpack.com\/es\/wp-json\/wp\/v2\/product_brand?post=1190"},{"taxonomy":"product_cat","embeddable":true,"href":"https:\/\/www.yishengpack.com\/es\/wp-json\/wp\/v2\/product_cat?post=1190"},{"taxonomy":"product_tag","embeddable":true,"href":"https:\/\/www.yishengpack.com\/es\/wp-json\/wp\/v2\/product_tag?post=1190"}],"curies":[{"name":"wp","href":"https:\/\/api.w.org\/{rel}","templated":true}]}}