{"id":1185,"date":"2025-03-07T09:08:07","date_gmt":"2025-03-07T09:08:07","guid":{"rendered":"https:\/\/www.yishengpack.com\/?post_type=product&#038;p=1185"},"modified":"2025-08-16T02:40:19","modified_gmt":"2025-08-16T02:40:19","slug":"custom-paper-bags","status":"publish","type":"product","link":"https:\/\/www.yishengpack.com\/es\/producto\/custom-paper-bags\/","title":{"rendered":"Bolsas de Papel Personalizadas con Logotipo en M\u00faltiples Colores, Bolsas de la Compra al por Mayor"},"content":{"rendered":"<div class=\"wp-block-columns is-layout-flex wp-container-core-columns-is-layout-9d6595d7 wp-block-columns-is-layout-flex\">\n<div class=\"wp-block-column is-layout-flow wp-block-column-is-layout-flow\">\n<h3 class=\"wp-block-heading\">Caracter\u00edsticas de las bolsas de papel personalizadas<\/h3>\n\n\n\n<p><strong>Dise\u00f1os personalizados:<\/strong> Nuestras bolsas de papel personalizadas ofrecen una gama completa de servicios de personalizaci\u00f3n de logotipos para satisfacer las necesidades individuales de las marcas.<\/p>\n\n\n\n<p><strong>M\u00faltiples opciones de color: <\/strong>Estas bolsas de la compra al por mayor est\u00e1n disponibles en una gran variedad de colores para ayudarle a presentar el estilo de su marca.<\/p>\n\n\n\n<p><strong>Materiales ecol\u00f3gicos: <\/strong>Nuestras bolsas de papel personalizadas se fabrican con materiales de papel reciclable, lo que est\u00e1 en consonancia con el concepto de desarrollo sostenible.<\/p>\n\n\n\n<p><strong>Resistente y duradero:<\/strong> El material de papel de alta calidad y las asas reforzadas de estas bolsas de la compra al por mayor garantizan su resistencia y durabilidad.<\/p>\n\n\n\n<p><strong>Venta al por mayor a granel: <\/strong>Nuestras bolsas de papel personalizadas pueden comprarse a granel para satisfacer una amplia gama de necesidades en comercios, eventos, hoteles y restaurantes.<\/p>\n<\/div>\n\n\n\n<div class=\"wp-block-column is-layout-flow wp-block-column-is-layout-flow\">\n<figure class=\"wp-block-image size-full\"><img decoding=\"async\" width=\"704\" height=\"720\" src=\"https:\/\/www.yishengpack.com\/wp-content\/uploads\/2025\/03\/custom-paper-bags-with-logo-in-multiple-colors-wholesale-shopping-bags-3.webp\" alt=\"bolsas de papel personalizadas con logotipo en varios colores para mayoristas (3)\" class=\"wp-image-1189\" srcset=\"https:\/\/www.yishengpack.com\/wp-content\/uploads\/2025\/03\/custom-paper-bags-with-logo-in-multiple-colors-wholesale-shopping-bags-3.webp 704w, https:\/\/www.yishengpack.com\/wp-content\/uploads\/2025\/03\/custom-paper-bags-with-logo-in-multiple-colors-wholesale-shopping-bags-3-293x300.webp 293w, https:\/\/www.yishengpack.com\/wp-content\/uploads\/2025\/03\/custom-paper-bags-with-logo-in-multiple-colors-wholesale-shopping-bags-3-12x12.webp 12w, https:\/\/www.yishengpack.com\/wp-content\/uploads\/2025\/03\/custom-paper-bags-with-logo-in-multiple-colors-wholesale-shopping-bags-3-600x614.webp 600w\" sizes=\"(max-width: 704px) 100vw, 704px\" \/><\/figure>\n<\/div>\n<\/div>\n\n\n\n<p><\/p>","protected":false},"excerpt":{"rendered":"<p>Bienvenido a Yisheng, el proveedor especializado en bolsas de papel personalizadas. Esta bolsa de la compra al por mayor ofrece una amplia gama de colores y tama\u00f1os para elegir, se puede imprimir con logotipos de marca bajo petici\u00f3n, est\u00e1 hecha de material de papel respetuoso con el medio ambiente, es fuerte y duradera, y es adecuada para la venta al por mayor al por mayor. Ideal para mejorar la imagen de marca y satisfacer todo tipo de necesidades comerciales.<\/p>\n<h2>Bolsas de papel personalizadas Especificaci\u00f3n:<\/h2>\n<table width=\"554\">\n<tbody>\n<tr>\n<td width=\"215\">Fabricante:<\/td>\n<td colspan=\"2\" width=\"339\">Yisheng<\/td>\n<\/tr>\n<tr>\n<td>Estilo:<\/td>\n<td colspan=\"2\">Bolsa de papel<\/td>\n<\/tr>\n<tr>\n<td>Material:\u00a0<\/td>\n<td colspan=\"2\">Papel kraft, cart\u00f3n ondulado, cart\u00f3n, papel art\u00edstico, etc.<\/td>\n<\/tr>\n<tr>\n<td>Color:\u00a0<\/td>\n<td colspan=\"2\">Blanco, Negro, Personalizado<\/td>\n<\/tr>\n<tr>\n<td>Tama\u00f1o:<\/td>\n<td colspan=\"2\">Personalizado<\/td>\n<\/tr>\n<tr>\n<td>MOQ:\u00a0<\/td>\n<td colspan=\"2\">1000 unidades<\/td>\n<\/tr>\n<tr>\n<td>OEM&amp;ODM:\u00a0<\/td>\n<td colspan=\"2\">Personalizado, bienvenido OEM&amp;ODM<\/td>\n<\/tr>\n<tr>\n<td>Aplicaciones:<\/td>\n<td colspan=\"2\">negocio, tienda, etc.<\/td>\n<\/tr>\n<\/tbody>\n<\/table>\n<p>\n<script src=\"chrome-extension:\/\/fpelahbljekknahkcaegamhcndkfpfnc\/iFrame.js\" type=\"text\/javascript\"><\/script><\/p>","protected":false},"featured_media":1188,"comment_status":"closed","ping_status":"closed","template":"","meta":{"_acf_changed":false},"box-type":[52],"product_brand":[],"product_cat":[34,38],"product_tag":[],"class_list":{"0":"post-1185","1":"product","2":"type-product","3":"status-publish","4":"has-post-thumbnail","6":"box-type-custom-rope-handle-paper-bags","7":"product_cat-paper-bags-wholesale","8":"product_cat-bakery-paper-bags-wholesale","10":"first","11":"instock","12":"shipping-taxable","13":"product-type-simple"},"acf":[],"_links":{"self":[{"href":"https:\/\/www.yishengpack.com\/es\/wp-json\/wp\/v2\/product\/1185","targetHints":{"allow":["GET"]}}],"collection":[{"href":"https:\/\/www.yishengpack.com\/es\/wp-json\/wp\/v2\/product"}],"about":[{"href":"https:\/\/www.yishengpack.com\/es\/wp-json\/wp\/v2\/types\/product"}],"replies":[{"embeddable":true,"href":"https:\/\/www.yishengpack.com\/es\/wp-json\/wp\/v2\/comments?post=1185"}],"wp:featuredmedia":[{"embeddable":true,"href":"https:\/\/www.yishengpack.com\/es\/wp-json\/wp\/v2\/media\/1188"}],"wp:attachment":[{"href":"https:\/\/www.yishengpack.com\/es\/wp-json\/wp\/v2\/media?parent=1185"}],"wp:term":[{"taxonomy":"box-type","embeddable":true,"href":"https:\/\/www.yishengpack.com\/es\/wp-json\/wp\/v2\/box-type?post=1185"},{"taxonomy":"product_brand","embeddable":true,"href":"https:\/\/www.yishengpack.com\/es\/wp-json\/wp\/v2\/product_brand?post=1185"},{"taxonomy":"product_cat","embeddable":true,"href":"https:\/\/www.yishengpack.com\/es\/wp-json\/wp\/v2\/product_cat?post=1185"},{"taxonomy":"product_tag","embeddable":true,"href":"https:\/\/www.yishengpack.com\/es\/wp-json\/wp\/v2\/product_tag?post=1185"}],"curies":[{"name":"wp","href":"https:\/\/api.w.org\/{rel}","templated":true}]}}