{"id":1181,"date":"2025-03-07T07:15:29","date_gmt":"2025-03-07T07:15:29","guid":{"rendered":"https:\/\/www.yishengpack.com\/?post_type=product&#038;p=1181"},"modified":"2026-01-04T07:49:23","modified_gmt":"2026-01-04T07:49:23","slug":"custom-bakery-packaging","status":"publish","type":"product","link":"https:\/\/www.yishengpack.com\/es\/producto\/custom-bakery-packaging\/","title":{"rendered":"Embalajes de panader\u00eda a medida, Cajas de pasteler\u00eda con asa al por mayor"},"content":{"rendered":"<div class=\"wp-block-columns is-layout-flex wp-container-core-columns-is-layout-9d6595d7 wp-block-columns-is-layout-flex\">\n<div class=\"wp-block-column is-layout-flow wp-block-column-is-layout-flow\">\n<h3 class=\"wp-block-heading\">Caracter\u00edsticas de los envases personalizados para panader\u00eda<\/h3>\n\n\n\n<p><strong>Dise\u00f1o personalizado: <\/strong>Estos envases personalizados para panader\u00eda est\u00e1n disponibles en una gran variedad de estilos, tama\u00f1os y opciones de impresi\u00f3n para adaptarse perfectamente a la imagen de su marca.<\/p>\n\n\n\n<p><strong>Material de alta calidad: <\/strong>Nuestras cajas para pasteles al por mayor est\u00e1n fabricadas con material de papel apto para uso alimentario, lo que las hace seguras, duraderas y ecol\u00f3gicas.<\/p>\n\n\n\n<p><strong>F\u00e1cil de transportar: <\/strong>Los envases personalizados para panader\u00eda vienen con un asa firme, lo que facilita mucho su transporte a los clientes y a\u00f1ade mucha comodidad.<\/p>\n\n\n\n<p><strong>Resistente a la humedad y al aceite:<\/strong> Estas cajas para pasteler\u00eda al por mayor son muy resistentes a la humedad y al aceite, por lo que mantienen frescos los alimentos de su interior.<\/p>\n\n\n\n<p><strong>Uso polivalente:<\/strong> Este envase personalizado para panader\u00eda es vers\u00e1til para todo tipo de productos de panader\u00eda, como pasteles, galletas, pan y postres, y se adapta a todo tipo y tama\u00f1o de alimentos.<\/p>\n<\/div>\n\n\n\n<div class=\"wp-block-column is-layout-flow wp-block-column-is-layout-flow\">\n<figure class=\"wp-block-image size-full\"><img decoding=\"async\" width=\"700\" height=\"700\" src=\"https:\/\/www.yishengpack.com\/wp-content\/uploads\/2025\/03\/custom-bakery-packaging-wholesale-pastry-boxes-with-handles-1.webp\" alt=\"cajas de reposteria con asas (1)\" class=\"wp-image-1182\" srcset=\"https:\/\/www.yishengpack.com\/wp-content\/uploads\/2025\/03\/custom-bakery-packaging-wholesale-pastry-boxes-with-handles-1.webp 700w, https:\/\/www.yishengpack.com\/wp-content\/uploads\/2025\/03\/custom-bakery-packaging-wholesale-pastry-boxes-with-handles-1-300x300.webp 300w, https:\/\/www.yishengpack.com\/wp-content\/uploads\/2025\/03\/custom-bakery-packaging-wholesale-pastry-boxes-with-handles-1-150x150.webp 150w, https:\/\/www.yishengpack.com\/wp-content\/uploads\/2025\/03\/custom-bakery-packaging-wholesale-pastry-boxes-with-handles-1-12x12.webp 12w, https:\/\/www.yishengpack.com\/wp-content\/uploads\/2025\/03\/custom-bakery-packaging-wholesale-pastry-boxes-with-handles-1-600x600.webp 600w, https:\/\/www.yishengpack.com\/wp-content\/uploads\/2025\/03\/custom-bakery-packaging-wholesale-pastry-boxes-with-handles-1-100x100.webp 100w\" sizes=\"(max-width: 700px) 100vw, 700px\" \/><\/figure>\n<\/div>\n<\/div>\n\n\n\n<div class=\"wp-block-columns is-layout-flex wp-container-core-columns-is-layout-9d6595d7 wp-block-columns-is-layout-flex\">\n<div class=\"wp-block-column is-layout-flow wp-block-column-is-layout-flow\">\n<figure class=\"wp-block-image size-full\"><img decoding=\"async\" width=\"500\" height=\"550\" src=\"https:\/\/www.yishengpack.com\/wp-content\/uploads\/2025\/03\/custom-bakery-packaging-wholesale-pastry-boxes-with-handles-2.webp\" alt=\"cajas de reposter\u00eda con asas (2)\" class=\"wp-image-1183\" srcset=\"https:\/\/www.yishengpack.com\/wp-content\/uploads\/2025\/03\/custom-bakery-packaging-wholesale-pastry-boxes-with-handles-2.webp 500w, https:\/\/www.yishengpack.com\/wp-content\/uploads\/2025\/03\/custom-bakery-packaging-wholesale-pastry-boxes-with-handles-2-273x300.webp 273w, https:\/\/www.yishengpack.com\/wp-content\/uploads\/2025\/03\/custom-bakery-packaging-wholesale-pastry-boxes-with-handles-2-11x12.webp 11w\" sizes=\"(max-width: 500px) 100vw, 500px\" \/><\/figure>\n\n\n\n<div class=\"wp-block-buttons has-custom-font-size has-small-font-size is-content-justification-center is-layout-flex wp-container-core-buttons-is-layout-16018d1d wp-block-buttons-is-layout-flex\">\n<div class=\"wp-block-button has-custom-width wp-block-button__width-75\"><a class=\"wp-block-button__link has-background has-small-font-size has-custom-font-size wp-element-button\" href=\"https:\/\/www.yishengpack.com\/es\/custom-printed-box\/\" style=\"background:linear-gradient(135deg,rgb(254,205,165) 0%,rgb(254,45,45) 0%,rgb(94,15,15) 0%,rgb(94,15,15) 100%)\" target=\"_blank\" rel=\"noreferrer noopener\"><strong>Explorar las cajas impresas personalizadas<\/strong><\/a><\/div>\n<\/div>\n<\/div>\n\n\n\n<div class=\"wp-block-column is-layout-flow wp-block-column-is-layout-flow\">\n<figure class=\"wp-block-image size-full\"><img decoding=\"async\" width=\"720\" height=\"720\" src=\"https:\/\/www.yishengpack.com\/wp-content\/uploads\/2025\/03\/custom-bakery-packaging-wholesale-pastry-boxes-with-handles-3.webp\" alt=\"cajas de reposter\u00eda con asas (3)\" class=\"wp-image-1184\" srcset=\"https:\/\/www.yishengpack.com\/wp-content\/uploads\/2025\/03\/custom-bakery-packaging-wholesale-pastry-boxes-with-handles-3.webp 720w, https:\/\/www.yishengpack.com\/wp-content\/uploads\/2025\/03\/custom-bakery-packaging-wholesale-pastry-boxes-with-handles-3-300x300.webp 300w, https:\/\/www.yishengpack.com\/wp-content\/uploads\/2025\/03\/custom-bakery-packaging-wholesale-pastry-boxes-with-handles-3-150x150.webp 150w, https:\/\/www.yishengpack.com\/wp-content\/uploads\/2025\/03\/custom-bakery-packaging-wholesale-pastry-boxes-with-handles-3-12x12.webp 12w, https:\/\/www.yishengpack.com\/wp-content\/uploads\/2025\/03\/custom-bakery-packaging-wholesale-pastry-boxes-with-handles-3-600x600.webp 600w, https:\/\/www.yishengpack.com\/wp-content\/uploads\/2025\/03\/custom-bakery-packaging-wholesale-pastry-boxes-with-handles-3-100x100.webp 100w\" sizes=\"(max-width: 720px) 100vw, 720px\" \/><\/figure>\n\n\n\n<div class=\"wp-block-buttons has-custom-font-size has-small-font-size is-content-justification-center is-layout-flex wp-container-core-buttons-is-layout-16018d1d wp-block-buttons-is-layout-flex\">\n<div class=\"wp-block-button has-custom-width wp-block-button__width-75\"><a class=\"wp-block-button__link has-background has-small-font-size has-custom-font-size wp-element-button\" href=\"https:\/\/www.yishengpack.com\/es\/custom-product-boxes-types\/\" style=\"background:linear-gradient(135deg,rgb(254,205,165) 0%,rgb(254,45,45) 0%,rgb(94,15,15) 0%,rgb(94,15,15) 100%)\" target=\"_blank\" rel=\"noreferrer noopener\"><strong>Explora los tipos de cajas personalizadas<\/strong><\/a><\/div>\n<\/div>\n<\/div>\n<\/div>","protected":false},"excerpt":{"rendered":"<p>Bienvenido a nuestros envases personalizados para pasteler\u00eda. Estas cajas para pasteles al por mayor est\u00e1n fabricadas con material de papel apto para uso alimentario resistente a la humedad y el aceite, que protege perfectamente sus pasteles y los mantiene frescos. Equipadas con un asa resistente para facilitar su transporte, ofrecen una gran variedad de tama\u00f1os y opciones de impresi\u00f3n para una amplia gama de productos de pasteler\u00eda, ideales para mejorar su imagen de marca.<\/p>\n<h2>Highlights of Custom Bakery Packaging<\/h2>\n<ul>\n<li>Personalizaci\u00f3n<\/li>\n<li>Transparent Window Display<\/li>\n<li>Materiales de primera calidad<\/li>\n<li>Mano de obra cuidadosa<\/li>\n<li>Varias opciones de color<\/li>\n<li>Varios tama\u00f1os de caja<\/li>\n<li>C\u00f3modo almacenamiento de alimentos<\/li>\n<li>Protecci\u00f3n y comodidad<\/li>\n<\/ul>","protected":false},"featured_media":1183,"comment_status":"closed","ping_status":"closed","template":"","meta":{"_acf_changed":false},"box-type":[55,48,58],"product_brand":[],"product_cat":[32,46,30,33,44],"product_tag":[],"class_list":{"0":"post-1181","1":"product","2":"type-product","3":"status-publish","4":"has-post-thumbnail","6":"box-type-custom-foldable-boxes","7":"box-type-custom-tuck-top-boxes","8":"box-type-custom-window-gift-box","9":"product_cat-bakery-packaging-wholesale","10":"product_cat-wholesale-paper-boxes","11":"product_cat-cake-containers-wholesale","12":"product_cat-food-packaging-boxes-wholesale","13":"product_cat-custom-snack-box","15":"first","16":"instock","17":"shipping-taxable","18":"product-type-simple"},"acf":[],"_links":{"self":[{"href":"https:\/\/www.yishengpack.com\/es\/wp-json\/wp\/v2\/product\/1181","targetHints":{"allow":["GET"]}}],"collection":[{"href":"https:\/\/www.yishengpack.com\/es\/wp-json\/wp\/v2\/product"}],"about":[{"href":"https:\/\/www.yishengpack.com\/es\/wp-json\/wp\/v2\/types\/product"}],"replies":[{"embeddable":true,"href":"https:\/\/www.yishengpack.com\/es\/wp-json\/wp\/v2\/comments?post=1181"}],"wp:featuredmedia":[{"embeddable":true,"href":"https:\/\/www.yishengpack.com\/es\/wp-json\/wp\/v2\/media\/1183"}],"wp:attachment":[{"href":"https:\/\/www.yishengpack.com\/es\/wp-json\/wp\/v2\/media?parent=1181"}],"wp:term":[{"taxonomy":"box-type","embeddable":true,"href":"https:\/\/www.yishengpack.com\/es\/wp-json\/wp\/v2\/box-type?post=1181"},{"taxonomy":"product_brand","embeddable":true,"href":"https:\/\/www.yishengpack.com\/es\/wp-json\/wp\/v2\/product_brand?post=1181"},{"taxonomy":"product_cat","embeddable":true,"href":"https:\/\/www.yishengpack.com\/es\/wp-json\/wp\/v2\/product_cat?post=1181"},{"taxonomy":"product_tag","embeddable":true,"href":"https:\/\/www.yishengpack.com\/es\/wp-json\/wp\/v2\/product_tag?post=1181"}],"curies":[{"name":"wp","href":"https:\/\/api.w.org\/{rel}","templated":true}]}}