{"id":1177,"date":"2025-03-06T07:15:34","date_gmt":"2025-03-06T07:15:34","guid":{"rendered":"https:\/\/www.yishengpack.com\/?post_type=product&#038;p=1177"},"modified":"2026-01-04T07:46:25","modified_gmt":"2026-01-04T07:46:25","slug":"custom-cookie-boxes","status":"publish","type":"product","link":"https:\/\/www.yishengpack.com\/es\/producto\/custom-cookie-boxes\/","title":{"rendered":"Cajas de galletas personalizadas, Cajas plegables con ventana al por mayor"},"content":{"rendered":"<div class=\"wp-block-columns is-layout-flex wp-container-core-columns-is-layout-9d6595d7 wp-block-columns-is-layout-flex\">\n<div class=\"wp-block-column is-layout-flow wp-block-column-is-layout-flow\">\n<h3 class=\"wp-block-heading\">Caracter\u00edsticas de las cajas de galletas personalizadas<\/h3>\n\n\n\n<p><strong>Dise\u00f1o personalizado de ventanas:<\/strong> Nuestras cajas plegables al por mayor tienen un dise\u00f1o personalizado de ventana transparente, que permite a los clientes ver directamente el aspecto de las galletas y crea el impulso de compra.<\/p>\n\n\n\n<p><strong>Material de alta calidad: <\/strong>Estas cajas personalizadas para galletas est\u00e1n fabricadas con material de papel de alta calidad, lo que garantiza la seguridad y durabilidad del paquete, as\u00ed como la protecci\u00f3n del medio ambiente.<\/p>\n\n\n\n<p><strong>Plegable para guardarla c\u00f3modamente:<\/strong> El innovador mecanismo de plegado de nuestras cajas plegables al por mayor permite ahorrar espacio cuando se guardan, son f\u00e1ciles de almacenar y transportar y sencillas de montar.<\/p>\n\n\n\n<p><strong>Vers\u00e1tiles opciones de personalizaci\u00f3n: <\/strong>Estas cajas para galletas personalizadas se adaptan con una amplia gama de tama\u00f1os, colores, estilos de impresi\u00f3n y logotipos de empresa para personalizar, lo que est\u00e1 totalmente en consonancia con la imagen de la empresa.<\/p>\n\n\n\n<p><strong>Dise\u00f1o de sellado seguro: <\/strong>Estas cajas personalizadas para galletas adoptan una tecnolog\u00eda de sellado precisa para garantizar que las galletas queden bien empaquetadas y evitar la entrada de aire, polvo y humedad, manteniendo as\u00ed las galletas frescas e higi\u00e9nicas.<\/p>\n<\/div>\n\n\n\n<div class=\"wp-block-column is-layout-flow wp-block-column-is-layout-flow\">\n<figure class=\"wp-block-image size-full\"><img decoding=\"async\" width=\"800\" height=\"800\" src=\"https:\/\/www.yishengpack.com\/wp-content\/uploads\/2025\/03\/custom-cookie-boxes-wholesale-folding-boxes-with-customizable-window-3.webp\" alt=\"cajas-pegatinas-mayoristas-cajas-plegables-con-ventana-personalizable (3)\" class=\"wp-image-1180\" srcset=\"https:\/\/www.yishengpack.com\/wp-content\/uploads\/2025\/03\/custom-cookie-boxes-wholesale-folding-boxes-with-customizable-window-3.webp 800w, https:\/\/www.yishengpack.com\/wp-content\/uploads\/2025\/03\/custom-cookie-boxes-wholesale-folding-boxes-with-customizable-window-3-300x300.webp 300w, https:\/\/www.yishengpack.com\/wp-content\/uploads\/2025\/03\/custom-cookie-boxes-wholesale-folding-boxes-with-customizable-window-3-150x150.webp 150w, https:\/\/www.yishengpack.com\/wp-content\/uploads\/2025\/03\/custom-cookie-boxes-wholesale-folding-boxes-with-customizable-window-3-768x768.webp 768w, https:\/\/www.yishengpack.com\/wp-content\/uploads\/2025\/03\/custom-cookie-boxes-wholesale-folding-boxes-with-customizable-window-3-12x12.webp 12w, https:\/\/www.yishengpack.com\/wp-content\/uploads\/2025\/03\/custom-cookie-boxes-wholesale-folding-boxes-with-customizable-window-3-600x600.webp 600w, https:\/\/www.yishengpack.com\/wp-content\/uploads\/2025\/03\/custom-cookie-boxes-wholesale-folding-boxes-with-customizable-window-3-100x100.webp 100w\" sizes=\"(max-width: 800px) 100vw, 800px\" \/><\/figure>\n<\/div>\n<\/div>\n\n\n\n<div class=\"wp-block-columns is-layout-flex wp-container-core-columns-is-layout-9d6595d7 wp-block-columns-is-layout-flex\">\n<div class=\"wp-block-column is-layout-flow wp-block-column-is-layout-flow\">\n<figure class=\"wp-block-image size-full\"><img decoding=\"async\" width=\"800\" height=\"800\" src=\"https:\/\/www.yishengpack.com\/wp-content\/uploads\/2025\/03\/custom-cookie-boxes-wholesale-folding-boxes-with-customizable-window-3.webp\" alt=\"cajas-pegatinas-mayoristas-cajas-plegables-con-ventana-personalizable (3)\" class=\"wp-image-1180\" srcset=\"https:\/\/www.yishengpack.com\/wp-content\/uploads\/2025\/03\/custom-cookie-boxes-wholesale-folding-boxes-with-customizable-window-3.webp 800w, https:\/\/www.yishengpack.com\/wp-content\/uploads\/2025\/03\/custom-cookie-boxes-wholesale-folding-boxes-with-customizable-window-3-300x300.webp 300w, https:\/\/www.yishengpack.com\/wp-content\/uploads\/2025\/03\/custom-cookie-boxes-wholesale-folding-boxes-with-customizable-window-3-150x150.webp 150w, https:\/\/www.yishengpack.com\/wp-content\/uploads\/2025\/03\/custom-cookie-boxes-wholesale-folding-boxes-with-customizable-window-3-768x768.webp 768w, https:\/\/www.yishengpack.com\/wp-content\/uploads\/2025\/03\/custom-cookie-boxes-wholesale-folding-boxes-with-customizable-window-3-12x12.webp 12w, https:\/\/www.yishengpack.com\/wp-content\/uploads\/2025\/03\/custom-cookie-boxes-wholesale-folding-boxes-with-customizable-window-3-600x600.webp 600w, https:\/\/www.yishengpack.com\/wp-content\/uploads\/2025\/03\/custom-cookie-boxes-wholesale-folding-boxes-with-customizable-window-3-100x100.webp 100w\" sizes=\"(max-width: 800px) 100vw, 800px\" \/><\/figure>\n\n\n\n<div class=\"wp-block-buttons has-custom-font-size has-small-font-size is-content-justification-center is-layout-flex wp-container-core-buttons-is-layout-16018d1d wp-block-buttons-is-layout-flex\">\n<div class=\"wp-block-button has-custom-width wp-block-button__width-75\"><a class=\"wp-block-button__link has-background has-small-font-size has-custom-font-size wp-element-button\" href=\"https:\/\/www.yishengpack.com\/es\/custom-printed-box\/\" style=\"background:linear-gradient(135deg,rgb(254,205,165) 0%,rgb(254,45,45) 0%,rgb(94,15,15) 0%,rgb(94,15,15) 100%)\" target=\"_blank\" rel=\"noreferrer noopener\"><strong>Explorar las cajas impresas personalizadas<\/strong><\/a><\/div>\n<\/div>\n<\/div>\n\n\n\n<div class=\"wp-block-column is-layout-flow wp-block-column-is-layout-flow\">\n<figure class=\"wp-block-image size-full\"><img decoding=\"async\" width=\"800\" height=\"800\" src=\"https:\/\/www.yishengpack.com\/wp-content\/uploads\/2025\/03\/custom-cookie-boxes-wholesale-folding-boxes-with-customizable-window-2.webp\" alt=\"cajas-pegatinas-mayoristas-cajas-plegables-con-ventana-personalizable (2)\" class=\"wp-image-1179\" srcset=\"https:\/\/www.yishengpack.com\/wp-content\/uploads\/2025\/03\/custom-cookie-boxes-wholesale-folding-boxes-with-customizable-window-2.webp 800w, https:\/\/www.yishengpack.com\/wp-content\/uploads\/2025\/03\/custom-cookie-boxes-wholesale-folding-boxes-with-customizable-window-2-300x300.webp 300w, https:\/\/www.yishengpack.com\/wp-content\/uploads\/2025\/03\/custom-cookie-boxes-wholesale-folding-boxes-with-customizable-window-2-150x150.webp 150w, https:\/\/www.yishengpack.com\/wp-content\/uploads\/2025\/03\/custom-cookie-boxes-wholesale-folding-boxes-with-customizable-window-2-768x768.webp 768w, https:\/\/www.yishengpack.com\/wp-content\/uploads\/2025\/03\/custom-cookie-boxes-wholesale-folding-boxes-with-customizable-window-2-12x12.webp 12w, https:\/\/www.yishengpack.com\/wp-content\/uploads\/2025\/03\/custom-cookie-boxes-wholesale-folding-boxes-with-customizable-window-2-600x600.webp 600w, https:\/\/www.yishengpack.com\/wp-content\/uploads\/2025\/03\/custom-cookie-boxes-wholesale-folding-boxes-with-customizable-window-2-100x100.webp 100w\" sizes=\"(max-width: 800px) 100vw, 800px\" \/><\/figure>\n\n\n\n<div class=\"wp-block-buttons has-custom-font-size has-small-font-size is-content-justification-center is-layout-flex wp-container-core-buttons-is-layout-16018d1d wp-block-buttons-is-layout-flex\">\n<div class=\"wp-block-button has-custom-width wp-block-button__width-75\"><a class=\"wp-block-button__link has-background has-small-font-size has-custom-font-size wp-element-button\" href=\"https:\/\/www.yishengpack.com\/es\/custom-product-boxes-types\/\" style=\"background:linear-gradient(135deg,rgb(254,205,165) 0%,rgb(254,45,45) 0%,rgb(94,15,15) 0%,rgb(94,15,15) 100%)\" target=\"_blank\" rel=\"noreferrer noopener\"><strong>Explora los tipos de cajas personalizadas<\/strong><\/a><\/div>\n<\/div>\n<\/div>\n<\/div>","protected":false},"excerpt":{"rendered":"<p>Bienvenido a nuestras cajas plegables al por mayor. Estas cajas personalizadas para galletas presentan un dise\u00f1o plegable para facilitar su almacenamiento y transporte, y ofrecen la opci\u00f3n de una ventana para que los consumidores puedan ver el producto de un vistazo. Este envase no s\u00f3lo mejora el aspecto del producto, sino tambi\u00e9n la experiencia de compra del consumidor, por lo que ser\u00e1 una magn\u00edfica elecci\u00f3n para su negocio.<\/p>\n<h2>Aspectos destacados de las cajas de galletas personalizadas<\/h2>\n<ul>\n<li>Personalizaci\u00f3n de gama alta<\/li>\n<li>Materiales de primera calidad aptos para uso alimentario<\/li>\n<li>Dise\u00f1o plegable<\/li>\n<li>Procesos de impresi\u00f3n sofisticados<\/li>\n<li>Varios tama\u00f1os de caja<\/li>\n<li>Varias opciones de color<\/li>\n<li>Dise\u00f1o de ventanas transparentes<\/li>\n<\/ul>","protected":false},"featured_media":1178,"comment_status":"closed","ping_status":"closed","template":"","meta":{"_acf_changed":false},"box-type":[55,62,58],"product_brand":[],"product_cat":[33,46,44],"product_tag":[],"class_list":{"0":"post-1177","1":"product","2":"type-product","3":"status-publish","4":"has-post-thumbnail","6":"box-type-custom-foldable-boxes","7":"box-type-custom-tear-open-box","8":"box-type-custom-window-gift-box","9":"product_cat-food-packaging-boxes-wholesale","10":"product_cat-wholesale-paper-boxes","11":"product_cat-custom-snack-box","13":"first","14":"instock","15":"shipping-taxable","16":"product-type-simple"},"acf":[],"_links":{"self":[{"href":"https:\/\/www.yishengpack.com\/es\/wp-json\/wp\/v2\/product\/1177","targetHints":{"allow":["GET"]}}],"collection":[{"href":"https:\/\/www.yishengpack.com\/es\/wp-json\/wp\/v2\/product"}],"about":[{"href":"https:\/\/www.yishengpack.com\/es\/wp-json\/wp\/v2\/types\/product"}],"replies":[{"embeddable":true,"href":"https:\/\/www.yishengpack.com\/es\/wp-json\/wp\/v2\/comments?post=1177"}],"wp:featuredmedia":[{"embeddable":true,"href":"https:\/\/www.yishengpack.com\/es\/wp-json\/wp\/v2\/media\/1178"}],"wp:attachment":[{"href":"https:\/\/www.yishengpack.com\/es\/wp-json\/wp\/v2\/media?parent=1177"}],"wp:term":[{"taxonomy":"box-type","embeddable":true,"href":"https:\/\/www.yishengpack.com\/es\/wp-json\/wp\/v2\/box-type?post=1177"},{"taxonomy":"product_brand","embeddable":true,"href":"https:\/\/www.yishengpack.com\/es\/wp-json\/wp\/v2\/product_brand?post=1177"},{"taxonomy":"product_cat","embeddable":true,"href":"https:\/\/www.yishengpack.com\/es\/wp-json\/wp\/v2\/product_cat?post=1177"},{"taxonomy":"product_tag","embeddable":true,"href":"https:\/\/www.yishengpack.com\/es\/wp-json\/wp\/v2\/product_tag?post=1177"}],"curies":[{"name":"wp","href":"https:\/\/api.w.org\/{rel}","templated":true}]}}