{"id":1174,"date":"2025-03-06T03:49:55","date_gmt":"2025-03-06T03:49:55","guid":{"rendered":"https:\/\/www.yishengpack.com\/?post_type=product&#038;p=1174"},"modified":"2026-01-04T07:42:45","modified_gmt":"2026-01-04T07:42:45","slug":"cookie-boxes-wholesale","status":"publish","type":"product","link":"https:\/\/www.yishengpack.com\/es\/producto\/cookie-boxes-wholesale\/","title":{"rendered":"Cajas para galletas al por mayor, Producto personalizado Cajas plegables"},"content":{"rendered":"<div class=\"wp-block-columns is-layout-flex wp-container-core-columns-is-layout-9d6595d7 wp-block-columns-is-layout-flex\">\n<div class=\"wp-block-column is-layout-flow wp-block-column-is-layout-flow\">\n<h3 class=\"wp-block-heading\">Caracter\u00edsticas de las cajas de galletas al por mayor<\/h3>\n\n\n\n<p><strong>Material de alta calidad: <\/strong>Estas cajas para galletas al por mayor est\u00e1n fabricadas con un material de papel resistente y duradero, que garantiza la estabilidad y seguridad de la caja, as\u00ed como su funci\u00f3n a la hora de mantener frescas las galletas.<\/p>\n\n\n\n<p><strong>Dise\u00f1o personalizado:<\/strong> Nuestras cajas personalizadas para productos admiten una gran variedad de personalizaciones de impresi\u00f3n, color, tama\u00f1o y dise\u00f1o para satisfacer las necesidades de la marca y el posicionamiento en el mercado.<\/p>\n\n\n\n<p><strong>Plegable ecol\u00f3gicamente:<\/strong> Estas cajas para galletas de dise\u00f1o plegable al por mayor son f\u00e1ciles de guardar y transportar, ahorran espacio y est\u00e1n fabricadas con materiales respetuosos con el medio ambiente, en consonancia con las condiciones del desarrollo ecol\u00f3gico.<\/p>\n\n\n\n<p><strong>Muy utilizado:<\/strong> Nuestras cajas personalizadas para productos son adecuadas para el envasado de diversos alimentos de panader\u00eda, especialmente galletas, caramelos, pasteles y otros alimentos de peque\u00f1o tama\u00f1o.<\/p>\n\n\n\n<p><strong>Hermoso y exquisito: <\/strong>La apariencia de estas cajas para galletas al por mayor est\u00e1 bellamente dise\u00f1ada, en l\u00ednea con la est\u00e9tica moderna, para mejorar el atractivo del producto y la experiencia del cliente.<\/p>\n<\/div>\n\n\n\n<div class=\"wp-block-column is-layout-flow wp-block-column-is-layout-flow\">\n<figure class=\"wp-block-image size-full\"><img decoding=\"async\" width=\"2400\" height=\"2400\" src=\"https:\/\/www.yishengpack.com\/wp-content\/uploads\/2025\/03\/high-quality-cookie-boxes-wholesale-custom-bakery-boxes-foldable-2.webp\" alt=\"cajas para galletas al por mayor de productos personalizados de alta calidad plegables (2)\" class=\"wp-image-1176\" srcset=\"https:\/\/www.yishengpack.com\/wp-content\/uploads\/2025\/03\/high-quality-cookie-boxes-wholesale-custom-bakery-boxes-foldable-2.webp 2400w, https:\/\/www.yishengpack.com\/wp-content\/uploads\/2025\/03\/high-quality-cookie-boxes-wholesale-custom-bakery-boxes-foldable-2-300x300.webp 300w, https:\/\/www.yishengpack.com\/wp-content\/uploads\/2025\/03\/high-quality-cookie-boxes-wholesale-custom-bakery-boxes-foldable-2-150x150.webp 150w, https:\/\/www.yishengpack.com\/wp-content\/uploads\/2025\/03\/high-quality-cookie-boxes-wholesale-custom-bakery-boxes-foldable-2-768x768.webp 768w, https:\/\/www.yishengpack.com\/wp-content\/uploads\/2025\/03\/high-quality-cookie-boxes-wholesale-custom-bakery-boxes-foldable-2-12x12.webp 12w, https:\/\/www.yishengpack.com\/wp-content\/uploads\/2025\/03\/high-quality-cookie-boxes-wholesale-custom-bakery-boxes-foldable-2-1200x1200.webp 1200w, https:\/\/www.yishengpack.com\/wp-content\/uploads\/2025\/03\/high-quality-cookie-boxes-wholesale-custom-bakery-boxes-foldable-2-600x600.webp 600w, https:\/\/www.yishengpack.com\/wp-content\/uploads\/2025\/03\/high-quality-cookie-boxes-wholesale-custom-bakery-boxes-foldable-2-100x100.webp 100w\" sizes=\"(max-width: 2400px) 100vw, 2400px\" \/><\/figure>\n<\/div>\n<\/div>\n\n\n\n<div class=\"wp-block-columns is-layout-flex wp-container-core-columns-is-layout-9d6595d7 wp-block-columns-is-layout-flex\">\n<div class=\"wp-block-column is-layout-flow wp-block-column-is-layout-flow\">\n<figure class=\"wp-block-image size-full\"><img decoding=\"async\" width=\"2400\" height=\"2400\" src=\"https:\/\/www.yishengpack.com\/wp-content\/uploads\/2025\/03\/high-quality-cookie-boxes-wholesale-custom-bakery-boxes-foldable-2.webp\" alt=\"cajas para galletas al por mayor de productos personalizados de alta calidad plegables (2)\" class=\"wp-image-1176\" srcset=\"https:\/\/www.yishengpack.com\/wp-content\/uploads\/2025\/03\/high-quality-cookie-boxes-wholesale-custom-bakery-boxes-foldable-2.webp 2400w, https:\/\/www.yishengpack.com\/wp-content\/uploads\/2025\/03\/high-quality-cookie-boxes-wholesale-custom-bakery-boxes-foldable-2-300x300.webp 300w, https:\/\/www.yishengpack.com\/wp-content\/uploads\/2025\/03\/high-quality-cookie-boxes-wholesale-custom-bakery-boxes-foldable-2-150x150.webp 150w, https:\/\/www.yishengpack.com\/wp-content\/uploads\/2025\/03\/high-quality-cookie-boxes-wholesale-custom-bakery-boxes-foldable-2-768x768.webp 768w, https:\/\/www.yishengpack.com\/wp-content\/uploads\/2025\/03\/high-quality-cookie-boxes-wholesale-custom-bakery-boxes-foldable-2-12x12.webp 12w, https:\/\/www.yishengpack.com\/wp-content\/uploads\/2025\/03\/high-quality-cookie-boxes-wholesale-custom-bakery-boxes-foldable-2-1200x1200.webp 1200w, https:\/\/www.yishengpack.com\/wp-content\/uploads\/2025\/03\/high-quality-cookie-boxes-wholesale-custom-bakery-boxes-foldable-2-600x600.webp 600w, https:\/\/www.yishengpack.com\/wp-content\/uploads\/2025\/03\/high-quality-cookie-boxes-wholesale-custom-bakery-boxes-foldable-2-100x100.webp 100w\" sizes=\"(max-width: 2400px) 100vw, 2400px\" \/><\/figure>\n\n\n\n<div class=\"wp-block-buttons has-custom-font-size has-small-font-size is-content-justification-center is-layout-flex wp-container-core-buttons-is-layout-16018d1d wp-block-buttons-is-layout-flex\">\n<div class=\"wp-block-button has-custom-width wp-block-button__width-75\"><a class=\"wp-block-button__link has-background has-small-font-size has-custom-font-size wp-element-button\" href=\"https:\/\/www.yishengpack.com\/es\/custom-printed-box\/\" style=\"background:linear-gradient(135deg,rgb(254,205,165) 0%,rgb(254,45,45) 0%,rgb(94,15,15) 0%,rgb(94,15,15) 100%)\" target=\"_blank\" rel=\"noreferrer noopener\"><strong>Explorar las cajas impresas personalizadas<\/strong><\/a><\/div>\n<\/div>\n<\/div>\n\n\n\n<div class=\"wp-block-column is-layout-flow wp-block-column-is-layout-flow\">\n<figure class=\"wp-block-image size-full\"><img decoding=\"async\" width=\"612\" height=\"612\" src=\"https:\/\/www.yishengpack.com\/wp-content\/uploads\/2025\/03\/high-quality-cookie-boxes-wholesale-custom-bakery-boxes-foldable-1.webp\" alt=\"cajas de galletas al por mayor de productos personalizados de alta calidad plegables (1)\" class=\"wp-image-1175\" srcset=\"https:\/\/www.yishengpack.com\/wp-content\/uploads\/2025\/03\/high-quality-cookie-boxes-wholesale-custom-bakery-boxes-foldable-1.webp 612w, https:\/\/www.yishengpack.com\/wp-content\/uploads\/2025\/03\/high-quality-cookie-boxes-wholesale-custom-bakery-boxes-foldable-1-300x300.webp 300w, https:\/\/www.yishengpack.com\/wp-content\/uploads\/2025\/03\/high-quality-cookie-boxes-wholesale-custom-bakery-boxes-foldable-1-150x150.webp 150w, https:\/\/www.yishengpack.com\/wp-content\/uploads\/2025\/03\/high-quality-cookie-boxes-wholesale-custom-bakery-boxes-foldable-1-12x12.webp 12w, https:\/\/www.yishengpack.com\/wp-content\/uploads\/2025\/03\/high-quality-cookie-boxes-wholesale-custom-bakery-boxes-foldable-1-600x600.webp 600w, https:\/\/www.yishengpack.com\/wp-content\/uploads\/2025\/03\/high-quality-cookie-boxes-wholesale-custom-bakery-boxes-foldable-1-100x100.webp 100w\" sizes=\"(max-width: 612px) 100vw, 612px\" \/><\/figure>\n\n\n\n<div class=\"wp-block-buttons has-custom-font-size has-small-font-size is-content-justification-center is-layout-flex wp-container-core-buttons-is-layout-16018d1d wp-block-buttons-is-layout-flex\">\n<div class=\"wp-block-button has-custom-width wp-block-button__width-75\"><a class=\"wp-block-button__link has-background has-small-font-size has-custom-font-size wp-element-button\" href=\"https:\/\/www.yishengpack.com\/es\/custom-product-boxes-types\/\" style=\"background:linear-gradient(135deg,rgb(254,205,165) 0%,rgb(254,45,45) 0%,rgb(94,15,15) 0%,rgb(94,15,15) 100%)\" target=\"_blank\" rel=\"noreferrer noopener\"><strong>Explora los tipos de cajas personalizadas<\/strong><\/a><\/div>\n<\/div>\n<\/div>\n<\/div>\n\n\n\n<p><\/p>","protected":false},"excerpt":{"rendered":"<p>Nuestras cajas de galletas plegables de alta calidad al por mayor est\u00e1n hechas de materiales de papel resistente y ofrecen una amplia gama de opciones de dise\u00f1o personalizado para todo tipo de embalaje de productos de galletas. Si se utiliza para la promoci\u00f3n de la marca o para satisfacer las necesidades de venta al por mayor a granel, esta caja proporciona una protecci\u00f3n fiable para sus productos y mejora la competitividad en el mercado.<\/p>\n<h2>Aspectos destacados de las cajas de galletas al por mayor<\/h2>\n<ul>\n<li>Personalizaci\u00f3n de gama alta<\/li>\n<li>Materiales de primera calidad aptos para uso alimentario<\/li>\n<li>Dise\u00f1o plegable<\/li>\n<li>Procesos de impresi\u00f3n sofisticados<\/li>\n<li>Varios tama\u00f1os de caja<\/li>\n<li>Varias opciones de color<\/li>\n<\/ul>","protected":false},"featured_media":1175,"comment_status":"closed","ping_status":"closed","template":"","meta":{"_acf_changed":false},"box-type":[55,62,48],"product_brand":[],"product_cat":[33,46,44],"product_tag":[],"class_list":{"0":"post-1174","1":"product","2":"type-product","3":"status-publish","4":"has-post-thumbnail","6":"box-type-custom-foldable-boxes","7":"box-type-custom-tear-open-box","8":"box-type-custom-tuck-top-boxes","9":"product_cat-food-packaging-boxes-wholesale","10":"product_cat-wholesale-paper-boxes","11":"product_cat-custom-snack-box","13":"first","14":"instock","15":"shipping-taxable","16":"product-type-simple"},"acf":[],"_links":{"self":[{"href":"https:\/\/www.yishengpack.com\/es\/wp-json\/wp\/v2\/product\/1174","targetHints":{"allow":["GET"]}}],"collection":[{"href":"https:\/\/www.yishengpack.com\/es\/wp-json\/wp\/v2\/product"}],"about":[{"href":"https:\/\/www.yishengpack.com\/es\/wp-json\/wp\/v2\/types\/product"}],"replies":[{"embeddable":true,"href":"https:\/\/www.yishengpack.com\/es\/wp-json\/wp\/v2\/comments?post=1174"}],"wp:featuredmedia":[{"embeddable":true,"href":"https:\/\/www.yishengpack.com\/es\/wp-json\/wp\/v2\/media\/1175"}],"wp:attachment":[{"href":"https:\/\/www.yishengpack.com\/es\/wp-json\/wp\/v2\/media?parent=1174"}],"wp:term":[{"taxonomy":"box-type","embeddable":true,"href":"https:\/\/www.yishengpack.com\/es\/wp-json\/wp\/v2\/box-type?post=1174"},{"taxonomy":"product_brand","embeddable":true,"href":"https:\/\/www.yishengpack.com\/es\/wp-json\/wp\/v2\/product_brand?post=1174"},{"taxonomy":"product_cat","embeddable":true,"href":"https:\/\/www.yishengpack.com\/es\/wp-json\/wp\/v2\/product_cat?post=1174"},{"taxonomy":"product_tag","embeddable":true,"href":"https:\/\/www.yishengpack.com\/es\/wp-json\/wp\/v2\/product_tag?post=1174"}],"curies":[{"name":"wp","href":"https:\/\/api.w.org\/{rel}","templated":true}]}}