{"id":950,"date":"2025-03-01T10:24:11","date_gmt":"2025-03-01T10:24:11","guid":{"rendered":"https:\/\/www.yishengpack.com\/?post_type=product&#038;p=950"},"modified":"2026-01-04T07:03:19","modified_gmt":"2026-01-04T07:03:19","slug":"wholesale-chocolate-gift-boxes","status":"publish","type":"product","link":"https:\/\/www.yishengpack.com\/de\/produkt\/wholesale-chocolate-gift-boxes\/","title":{"rendered":"Gro\u00dfhandel Schokolade Geschenk-Boxen, benutzerdefinierte magnetische Boxen bunt"},"content":{"rendered":"<div class=\"wp-block-columns is-layout-flex wp-container-core-columns-is-layout-9d6595d7 wp-block-columns-is-layout-flex\">\n<div class=\"wp-block-column is-layout-flow wp-block-column-is-layout-flow\">\n<h3 class=\"wp-block-heading\">Eigenschaften von Gro\u00dfhandel Schokolade Geschenk-Boxen<\/h3>\n\n\n\n<p><strong>Hochwertiges magnetisches Design: <\/strong>Unsere Gro\u00dfhandel Schokolade Geschenk-Boxen mit magnetischen Klappen \u00f6ffnen und schlie\u00dfen reibungslos, die Verbesserung der Sinn des Geschenks Qualit\u00e4t.<\/p>\n\n\n\n<p><strong>Personalisierte Anpassung:<\/strong> Diese kundenspezifische Magnetbox kann in Gr\u00f6\u00dfe, Farbe, Druckverfahren und Logo angepasst werden, um die Anforderungen der Marke zu erf\u00fcllen.<\/p>\n\n\n\n<p><strong>Robustes und langlebiges Material:<\/strong> Unsere Gro\u00dfhandels-Schokoladen-Geschenkboxen sind aus dickem Karton gefertigt, um einen sicheren Transport der Pralinen ohne Verformung zu gew\u00e4hrleisten.<\/p>\n\n\n\n<p><strong>Lebensmittelechte Auskleidung:<\/strong> Diese kundenspezifische Magnetbox kann mit lebensmittelechtem PET, beflockten Schalen oder goldenem und silbernem Karton kombiniert werden, um sicherzustellen, dass die Schokolade sicher und hygienisch ist.<\/p>\n\n\n\n<p><strong>Geeignet f\u00fcr Gro\u00dfhandel und Gro\u00dflieferungen: <\/strong>Fabrik direktes Angebot von Gro\u00dfhandel Schokolade Geschenk-Boxen, stabile Produktionskapazit\u00e4t, unterst\u00fctzt gro\u00dfvolumige Auftr\u00e4ge, geeignet f\u00fcr Schokolade Markeninhaber, S\u00fc\u00dfwaren-Hersteller, Geschenk-Unternehmen, und Distributoren.<\/p>\n<\/div>\n\n\n\n<div class=\"wp-block-column is-layout-flow wp-block-column-is-layout-flow\">\n<figure class=\"wp-block-image size-full\"><img decoding=\"async\" width=\"650\" height=\"653\" src=\"https:\/\/www.yishengpack.com\/wp-content\/uploads\/2025\/03\/wholesale-chocolate-gift-boxescustom-magnetic-boxes-colourful-2.webp\" alt=\"Gro\u00dfhandel-Schokolade-Geschenk-Boxen,benutzerdefinierte-magnetische-Boxen-bunt-2\" class=\"wp-image-1156\" srcset=\"https:\/\/www.yishengpack.com\/wp-content\/uploads\/2025\/03\/wholesale-chocolate-gift-boxescustom-magnetic-boxes-colourful-2.webp 650w, https:\/\/www.yishengpack.com\/wp-content\/uploads\/2025\/03\/wholesale-chocolate-gift-boxescustom-magnetic-boxes-colourful-2-300x300.webp 300w, https:\/\/www.yishengpack.com\/wp-content\/uploads\/2025\/03\/wholesale-chocolate-gift-boxescustom-magnetic-boxes-colourful-2-150x150.webp 150w, https:\/\/www.yishengpack.com\/wp-content\/uploads\/2025\/03\/wholesale-chocolate-gift-boxescustom-magnetic-boxes-colourful-2-12x12.webp 12w, https:\/\/www.yishengpack.com\/wp-content\/uploads\/2025\/03\/wholesale-chocolate-gift-boxescustom-magnetic-boxes-colourful-2-600x603.webp 600w, https:\/\/www.yishengpack.com\/wp-content\/uploads\/2025\/03\/wholesale-chocolate-gift-boxescustom-magnetic-boxes-colourful-2-100x100.webp 100w\" sizes=\"(max-width: 650px) 100vw, 650px\" \/><\/figure>\n<\/div>\n<\/div>\n\n\n\n<div class=\"wp-block-columns is-layout-flex wp-container-core-columns-is-layout-9d6595d7 wp-block-columns-is-layout-flex\">\n<div class=\"wp-block-column is-layout-flow wp-block-column-is-layout-flow\">\n<figure class=\"wp-block-image size-full\"><img decoding=\"async\" width=\"650\" height=\"653\" src=\"https:\/\/www.yishengpack.com\/wp-content\/uploads\/2025\/03\/wholesale-chocolate-gift-boxescustom-magnetic-boxes-colourful-2.webp\" alt=\"Gro\u00dfhandel-Schokolade-Geschenk-Boxen,benutzerdefinierte-magnetische-Boxen-bunt-2\" class=\"wp-image-1156\" srcset=\"https:\/\/www.yishengpack.com\/wp-content\/uploads\/2025\/03\/wholesale-chocolate-gift-boxescustom-magnetic-boxes-colourful-2.webp 650w, https:\/\/www.yishengpack.com\/wp-content\/uploads\/2025\/03\/wholesale-chocolate-gift-boxescustom-magnetic-boxes-colourful-2-300x300.webp 300w, https:\/\/www.yishengpack.com\/wp-content\/uploads\/2025\/03\/wholesale-chocolate-gift-boxescustom-magnetic-boxes-colourful-2-150x150.webp 150w, https:\/\/www.yishengpack.com\/wp-content\/uploads\/2025\/03\/wholesale-chocolate-gift-boxescustom-magnetic-boxes-colourful-2-12x12.webp 12w, https:\/\/www.yishengpack.com\/wp-content\/uploads\/2025\/03\/wholesale-chocolate-gift-boxescustom-magnetic-boxes-colourful-2-600x603.webp 600w, https:\/\/www.yishengpack.com\/wp-content\/uploads\/2025\/03\/wholesale-chocolate-gift-boxescustom-magnetic-boxes-colourful-2-100x100.webp 100w\" sizes=\"(max-width: 650px) 100vw, 650px\" \/><\/figure>\n\n\n\n<div class=\"wp-block-buttons has-custom-font-size has-small-font-size is-content-justification-center is-layout-flex wp-container-core-buttons-is-layout-16018d1d wp-block-buttons-is-layout-flex\">\n<div class=\"wp-block-button has-custom-width wp-block-button__width-75\"><a class=\"wp-block-button__link has-background has-small-font-size has-custom-font-size wp-element-button\" href=\"https:\/\/www.yishengpack.com\/de\/custom-printed-box\/\" style=\"background:linear-gradient(135deg,rgb(254,205,165) 0%,rgb(254,45,45) 0%,rgb(94,15,15) 0%,rgb(94,15,15) 100%)\" target=\"_blank\" rel=\"noreferrer noopener\"><strong>Entdecken Sie individuell bedruckte Boxen<\/strong><\/a><\/div>\n<\/div>\n<\/div>\n\n\n\n<div class=\"wp-block-column is-layout-flow wp-block-column-is-layout-flow\">\n<figure class=\"wp-block-image size-full\"><img decoding=\"async\" width=\"720\" height=\"720\" src=\"https:\/\/www.yishengpack.com\/wp-content\/uploads\/2025\/03\/wholesale-chocolate-gift-boxescustom-magnetic-boxes-colourful-1.webp\" alt=\"Gro\u00dfhandel-Schokolade-Geschenk-Boxen,benutzerdefinierte-magnetische-Boxen-bunt-1\" class=\"wp-image-1155\" srcset=\"https:\/\/www.yishengpack.com\/wp-content\/uploads\/2025\/03\/wholesale-chocolate-gift-boxescustom-magnetic-boxes-colourful-1.webp 720w, https:\/\/www.yishengpack.com\/wp-content\/uploads\/2025\/03\/wholesale-chocolate-gift-boxescustom-magnetic-boxes-colourful-1-300x300.webp 300w, https:\/\/www.yishengpack.com\/wp-content\/uploads\/2025\/03\/wholesale-chocolate-gift-boxescustom-magnetic-boxes-colourful-1-150x150.webp 150w, https:\/\/www.yishengpack.com\/wp-content\/uploads\/2025\/03\/wholesale-chocolate-gift-boxescustom-magnetic-boxes-colourful-1-12x12.webp 12w, https:\/\/www.yishengpack.com\/wp-content\/uploads\/2025\/03\/wholesale-chocolate-gift-boxescustom-magnetic-boxes-colourful-1-600x600.webp 600w, https:\/\/www.yishengpack.com\/wp-content\/uploads\/2025\/03\/wholesale-chocolate-gift-boxescustom-magnetic-boxes-colourful-1-100x100.webp 100w\" sizes=\"(max-width: 720px) 100vw, 720px\" \/><\/figure>\n\n\n\n<div class=\"wp-block-buttons has-custom-font-size has-small-font-size is-content-justification-center is-layout-flex wp-container-core-buttons-is-layout-16018d1d wp-block-buttons-is-layout-flex\">\n<div class=\"wp-block-button has-custom-width wp-block-button__width-75\"><a class=\"wp-block-button__link has-background has-small-font-size has-custom-font-size wp-element-button\" href=\"https:\/\/www.yishengpack.com\/de\/custom-box-inserts-accessories\/\" style=\"background:linear-gradient(135deg,rgb(254,205,165) 0%,rgb(254,45,45) 0%,rgb(94,15,15) 0%,rgb(94,15,15) 100%)\" target=\"_blank\" rel=\"noreferrer noopener\"><strong>Custom Box Inserts erforschen<\/strong><\/a><\/div>\n<\/div>\n<\/div>\n<\/div>","protected":false},"excerpt":{"rendered":"<p>Willkommen bei Yisheng, einem professionellen Hersteller von kundenspezifischen Magnetboxen. Unsere Gro\u00dfhandel Schokolade Geschenkboxen sind f\u00fcr High-End-Marken gemacht, kombiniert robuste und langlebige Konstruktion mit bunten visuellen Design. Wir unterst\u00fctzen eine vollst\u00e4ndige Palette von benutzerdefinierten Gr\u00f6\u00dfen, Farben, Logos und mehr, das Hinzuf\u00fcgen exquisite Verpackung f\u00fcr Ihre Pralinen und pr\u00e4sentiert Ihre Marke einzigartigen Charme perfekt.<\/p>\n<h2>Highlights des Gro\u00dfhandels Schokolade Geschenk-Boxen<\/h2>\n<ul>\n<li>Magnetverschluss-Design<\/li>\n<li>High-End-Anpassung<\/li>\n<li>Wasserfeste Materialien<\/li>\n<li>Rich-Druckverfahren<\/li>\n<li>Mehrere Boxgr\u00f6\u00dfen<\/li>\n<li>Reichhaltige Farbvielfalt<\/li>\n<li>Hochwertiges Innenfutter<\/li>\n<li>Robuste Konstruktion<\/li>\n<\/ul>","protected":false},"featured_media":1155,"comment_status":"closed","ping_status":"closed","template":"","meta":{"_acf_changed":false},"box-type":[54],"product_brand":[],"product_cat":[19,41,68],"product_tag":[],"class_list":{"0":"post-950","1":"product","2":"type-product","3":"status-publish","4":"has-post-thumbnail","6":"box-type-custom-magnetic-closure-boxes","7":"product_cat-luxury-gift-boxes-wholesale","8":"product_cat-candy-gift-boxes-wholesale","9":"product_cat-custom-dates-box","11":"first","12":"instock","13":"shipping-taxable","14":"product-type-simple"},"acf":[],"_links":{"self":[{"href":"https:\/\/www.yishengpack.com\/de\/wp-json\/wp\/v2\/product\/950","targetHints":{"allow":["GET"]}}],"collection":[{"href":"https:\/\/www.yishengpack.com\/de\/wp-json\/wp\/v2\/product"}],"about":[{"href":"https:\/\/www.yishengpack.com\/de\/wp-json\/wp\/v2\/types\/product"}],"replies":[{"embeddable":true,"href":"https:\/\/www.yishengpack.com\/de\/wp-json\/wp\/v2\/comments?post=950"}],"wp:featuredmedia":[{"embeddable":true,"href":"https:\/\/www.yishengpack.com\/de\/wp-json\/wp\/v2\/media\/1155"}],"wp:attachment":[{"href":"https:\/\/www.yishengpack.com\/de\/wp-json\/wp\/v2\/media?parent=950"}],"wp:term":[{"taxonomy":"box-type","embeddable":true,"href":"https:\/\/www.yishengpack.com\/de\/wp-json\/wp\/v2\/box-type?post=950"},{"taxonomy":"product_brand","embeddable":true,"href":"https:\/\/www.yishengpack.com\/de\/wp-json\/wp\/v2\/product_brand?post=950"},{"taxonomy":"product_cat","embeddable":true,"href":"https:\/\/www.yishengpack.com\/de\/wp-json\/wp\/v2\/product_cat?post=950"},{"taxonomy":"product_tag","embeddable":true,"href":"https:\/\/www.yishengpack.com\/de\/wp-json\/wp\/v2\/product_tag?post=950"}],"curies":[{"name":"wp","href":"https:\/\/api.w.org\/{rel}","templated":true}]}}