{"id":942,"date":"2025-01-21T10:18:29","date_gmt":"2025-01-21T10:18:29","guid":{"rendered":"https:\/\/www.yishengpack.com\/?post_type=product&#038;p=942"},"modified":"2026-01-04T07:36:12","modified_gmt":"2026-01-04T07:36:12","slug":"bakery-containers-wholesale","status":"publish","type":"product","link":"https:\/\/www.yishengpack.com\/de\/produkt\/bakery-containers-wholesale\/","title":{"rendered":"B\u00e4ckereibeh\u00e4lter Gro\u00dfhandel, Papier Sandwich Boxen in Bulk"},"content":{"rendered":"<div class=\"wp-block-columns is-layout-flex wp-container-core-columns-is-layout-9d6595d7 wp-block-columns-is-layout-flex\">\n<div class=\"wp-block-column is-layout-flow wp-block-column-is-layout-flow\">\n<h3 class=\"wp-block-heading\">Merkmale von B\u00e4ckereibeh\u00e4ltern im Gro\u00dfhandel<\/h3>\n\n\n\n<p><strong>Vielseitige Verpackung:<\/strong> Unsere rechteckigen B\u00e4ckereibeh\u00e4lter f\u00fcr den Gro\u00dfhandel eignen sich f\u00fcr die Verpackung verschiedener Arten von Lebensmitteln, vor allem f\u00fcr Sandwiches, Geb\u00e4ck und andere Snacks, und k\u00f6nnen flexibel sein, um verschiedene Lebensmittelbed\u00fcrfnisse zu erf\u00fcllen.<\/p>\n\n\n\n<p><strong>Umweltfreundliches Material:<\/strong> Rechteckige B\u00e4ckereiverpackungen im Gro\u00dfhandel werden aus umweltfreundlichem Papier, Kraftpapier und wei\u00dfem Karton hergestellt und entsprechen den Vorlieben der modernen Verbraucher f\u00fcr umweltfreundliche Verpackungen.<\/p>\n\n\n\n<p><strong>Robust und langlebig:<\/strong> Papier-Sandwichboxen in loser Sch\u00fcttung verf\u00fcgen \u00fcber eine starke Druckfestigkeit und Haltbarkeit, die Lebensmittel w\u00e4hrend des Transports wirksam vor Zerst\u00f6rung sch\u00fctzen.<\/p>\n\n\n\n<p><strong>Bequem in der Anwendung: <\/strong>Das schlichte Design der Sandwichboxen aus Papier macht es dem Verbraucher leicht, sie zu \u00f6ffnen und auf die Lebensmittel zuzugreifen. Das erh\u00f6ht den Komfort f\u00fcr den Kunden.<\/p>\n<\/div>\n\n\n\n<div class=\"wp-block-column is-layout-flow wp-block-column-is-layout-flow\">\n<figure class=\"wp-block-image size-full\"><img decoding=\"async\" width=\"800\" height=\"800\" src=\"https:\/\/www.yishengpack.com\/wp-content\/uploads\/2025\/01\/Rectangular-Bakery-Containers-Wholesale-Paper-Sandwich-Boxes-in-Bulk-1_1.webp\" alt=\"Rechteckige B\u00e4ckereibeh\u00e4lter Gro\u00dfhandel, Papier Sandwich Boxen in Bulk (1)_1\" class=\"wp-image-944\" srcset=\"https:\/\/www.yishengpack.com\/wp-content\/uploads\/2025\/01\/Rectangular-Bakery-Containers-Wholesale-Paper-Sandwich-Boxes-in-Bulk-1_1.webp 800w, https:\/\/www.yishengpack.com\/wp-content\/uploads\/2025\/01\/Rectangular-Bakery-Containers-Wholesale-Paper-Sandwich-Boxes-in-Bulk-1_1-300x300.webp 300w, https:\/\/www.yishengpack.com\/wp-content\/uploads\/2025\/01\/Rectangular-Bakery-Containers-Wholesale-Paper-Sandwich-Boxes-in-Bulk-1_1-150x150.webp 150w, https:\/\/www.yishengpack.com\/wp-content\/uploads\/2025\/01\/Rectangular-Bakery-Containers-Wholesale-Paper-Sandwich-Boxes-in-Bulk-1_1-768x768.webp 768w, https:\/\/www.yishengpack.com\/wp-content\/uploads\/2025\/01\/Rectangular-Bakery-Containers-Wholesale-Paper-Sandwich-Boxes-in-Bulk-1_1-12x12.webp 12w, https:\/\/www.yishengpack.com\/wp-content\/uploads\/2025\/01\/Rectangular-Bakery-Containers-Wholesale-Paper-Sandwich-Boxes-in-Bulk-1_1-600x600.webp 600w, https:\/\/www.yishengpack.com\/wp-content\/uploads\/2025\/01\/Rectangular-Bakery-Containers-Wholesale-Paper-Sandwich-Boxes-in-Bulk-1_1-100x100.webp 100w\" sizes=\"(max-width: 800px) 100vw, 800px\" \/><\/figure>\n<\/div>\n<\/div>\n\n\n\n<div class=\"wp-block-columns is-layout-flex wp-container-core-columns-is-layout-9d6595d7 wp-block-columns-is-layout-flex\">\n<div class=\"wp-block-column is-layout-flow wp-block-column-is-layout-flow\">\n<figure class=\"wp-block-image size-full\"><img decoding=\"async\" width=\"800\" height=\"800\" src=\"https:\/\/www.yishengpack.com\/wp-content\/uploads\/2025\/01\/Wholesale-Baking-Packaging-Square-Disposable-Paper-Charcuterie-Boxes-6.webp\" alt=\"Gro\u00dfhandel Backen Verpackung Platz Einwegpapier Charcuterie-Boxen (6)\" class=\"wp-image-932\" srcset=\"https:\/\/www.yishengpack.com\/wp-content\/uploads\/2025\/01\/Wholesale-Baking-Packaging-Square-Disposable-Paper-Charcuterie-Boxes-6.webp 800w, https:\/\/www.yishengpack.com\/wp-content\/uploads\/2025\/01\/Wholesale-Baking-Packaging-Square-Disposable-Paper-Charcuterie-Boxes-6-300x300.webp 300w, https:\/\/www.yishengpack.com\/wp-content\/uploads\/2025\/01\/Wholesale-Baking-Packaging-Square-Disposable-Paper-Charcuterie-Boxes-6-150x150.webp 150w, https:\/\/www.yishengpack.com\/wp-content\/uploads\/2025\/01\/Wholesale-Baking-Packaging-Square-Disposable-Paper-Charcuterie-Boxes-6-768x768.webp 768w, https:\/\/www.yishengpack.com\/wp-content\/uploads\/2025\/01\/Wholesale-Baking-Packaging-Square-Disposable-Paper-Charcuterie-Boxes-6-12x12.webp 12w, https:\/\/www.yishengpack.com\/wp-content\/uploads\/2025\/01\/Wholesale-Baking-Packaging-Square-Disposable-Paper-Charcuterie-Boxes-6-600x600.webp 600w, https:\/\/www.yishengpack.com\/wp-content\/uploads\/2025\/01\/Wholesale-Baking-Packaging-Square-Disposable-Paper-Charcuterie-Boxes-6-100x100.webp 100w\" sizes=\"(max-width: 800px) 100vw, 800px\" \/><\/figure>\n\n\n\n<div class=\"wp-block-buttons has-custom-font-size has-small-font-size is-content-justification-center is-layout-flex wp-container-core-buttons-is-layout-16018d1d wp-block-buttons-is-layout-flex\">\n<div class=\"wp-block-button has-custom-width wp-block-button__width-75\"><a class=\"wp-block-button__link has-background has-small-font-size has-custom-font-size wp-element-button\" href=\"https:\/\/www.yishengpack.com\/de\/custom-box-inserts-accessories\/\" style=\"background:linear-gradient(135deg,rgb(254,205,165) 0%,rgb(254,45,45) 0%,rgb(94,15,15) 0%,rgb(94,15,15) 100%)\" target=\"_blank\" rel=\"noreferrer noopener\"><strong>Custom Boxes Eins\u00e4tze erforschen<\/strong><\/a><\/div>\n<\/div>\n<\/div>\n\n\n\n<div class=\"wp-block-column is-layout-flow wp-block-column-is-layout-flow\">\n<figure class=\"wp-block-image size-full\"><img decoding=\"async\" width=\"800\" height=\"800\" src=\"https:\/\/www.yishengpack.com\/wp-content\/uploads\/2025\/01\/KraftWhite-Card-Bakery-Boxes-Wholesale-Dessert-Packaging-with-Clear-Lid-4.webp\" alt=\"KraftWhite Karte B\u00e4ckerei Boxen Gro\u00dfhandel Dessert Verpackung mit klaren Deckel (4)\" class=\"wp-image-921\" srcset=\"https:\/\/www.yishengpack.com\/wp-content\/uploads\/2025\/01\/KraftWhite-Card-Bakery-Boxes-Wholesale-Dessert-Packaging-with-Clear-Lid-4.webp 800w, https:\/\/www.yishengpack.com\/wp-content\/uploads\/2025\/01\/KraftWhite-Card-Bakery-Boxes-Wholesale-Dessert-Packaging-with-Clear-Lid-4-300x300.webp 300w, https:\/\/www.yishengpack.com\/wp-content\/uploads\/2025\/01\/KraftWhite-Card-Bakery-Boxes-Wholesale-Dessert-Packaging-with-Clear-Lid-4-150x150.webp 150w, https:\/\/www.yishengpack.com\/wp-content\/uploads\/2025\/01\/KraftWhite-Card-Bakery-Boxes-Wholesale-Dessert-Packaging-with-Clear-Lid-4-768x768.webp 768w, https:\/\/www.yishengpack.com\/wp-content\/uploads\/2025\/01\/KraftWhite-Card-Bakery-Boxes-Wholesale-Dessert-Packaging-with-Clear-Lid-4-12x12.webp 12w, https:\/\/www.yishengpack.com\/wp-content\/uploads\/2025\/01\/KraftWhite-Card-Bakery-Boxes-Wholesale-Dessert-Packaging-with-Clear-Lid-4-600x600.webp 600w, https:\/\/www.yishengpack.com\/wp-content\/uploads\/2025\/01\/KraftWhite-Card-Bakery-Boxes-Wholesale-Dessert-Packaging-with-Clear-Lid-4-100x100.webp 100w\" sizes=\"(max-width: 800px) 100vw, 800px\" \/><\/figure>\n\n\n\n<div class=\"wp-block-buttons has-custom-font-size has-small-font-size is-content-justification-center is-layout-flex wp-container-core-buttons-is-layout-16018d1d wp-block-buttons-is-layout-flex\">\n<div class=\"wp-block-button has-custom-width wp-block-button__width-75\"><a class=\"wp-block-button__link has-background has-small-font-size has-custom-font-size wp-element-button\" href=\"https:\/\/www.yishengpack.com\/de\/custom-product-boxes-types\/\" style=\"background:linear-gradient(135deg,rgb(254,205,165) 0%,rgb(254,45,45) 0%,rgb(94,15,15) 0%,rgb(94,15,15) 100%)\" target=\"_blank\" rel=\"noreferrer noopener\"><strong>Benutzerdefinierte Box-Typen erkunden<\/strong><\/a><\/div>\n<\/div>\n<\/div>\n<\/div>","protected":false},"excerpt":{"rendered":"<p>Willkommen zum Kauf von rechteckigen B\u00e4ckereibeh\u00e4ltern im Gro\u00dfhandel. Unsere Papier-Sandwich-Boxen in loser Sch\u00fcttung sind aus umweltfreundlichem Papiermaterial hergestellt, das f\u00fcr die Verpackung von Sandwiches, Geb\u00e4ck und anderen Lebensmitteln geeignet ist. Die robuste und langlebige Konstruktion gew\u00e4hrleistet die Lebensmittelsicherheit und verhindert Bruch. Sie bieten ein g\u00fcnstiges Preis-Leistungs-Verh\u00e4ltnis und erf\u00fcllen die Anforderungen f\u00fcr gro\u00dfe Mengen.<\/p>\n<h2>Highlights des B\u00e4ckereibeh\u00e4lters Gro\u00dfhandel<\/h2>\n<ul>\n<li>Erlaubte Anpassungen insgesamt<\/li>\n<li>Umweltfreundliche Materialien<\/li>\n<li>Solide Handwerkskunst<\/li>\n<li>Mehrere Box-Typen<\/li>\n<li>Lebendige Farbauswahl<\/li>\n<li>Verschiedene Gr\u00f6\u00dfen<\/li>\n<li>OEM\/ODM-Dienstleistungen<\/li>\n<\/ul>","protected":false},"featured_media":943,"comment_status":"closed","ping_status":"closed","template":"","meta":{"_acf_changed":false},"box-type":[64],"product_brand":[],"product_cat":[30,46,31,32],"product_tag":[],"class_list":{"0":"post-942","1":"product","2":"type-product","3":"status-publish","4":"has-post-thumbnail","6":"box-type-custom-clear-lid-paper-boxes","7":"product_cat-cake-containers-wholesale","8":"product_cat-wholesale-paper-boxes","9":"product_cat-wholesale-charcuterie-boxes","10":"product_cat-bakery-packaging-wholesale","12":"first","13":"instock","14":"shipping-taxable","15":"product-type-simple"},"acf":[],"_links":{"self":[{"href":"https:\/\/www.yishengpack.com\/de\/wp-json\/wp\/v2\/product\/942","targetHints":{"allow":["GET"]}}],"collection":[{"href":"https:\/\/www.yishengpack.com\/de\/wp-json\/wp\/v2\/product"}],"about":[{"href":"https:\/\/www.yishengpack.com\/de\/wp-json\/wp\/v2\/types\/product"}],"replies":[{"embeddable":true,"href":"https:\/\/www.yishengpack.com\/de\/wp-json\/wp\/v2\/comments?post=942"}],"wp:featuredmedia":[{"embeddable":true,"href":"https:\/\/www.yishengpack.com\/de\/wp-json\/wp\/v2\/media\/943"}],"wp:attachment":[{"href":"https:\/\/www.yishengpack.com\/de\/wp-json\/wp\/v2\/media?parent=942"}],"wp:term":[{"taxonomy":"box-type","embeddable":true,"href":"https:\/\/www.yishengpack.com\/de\/wp-json\/wp\/v2\/box-type?post=942"},{"taxonomy":"product_brand","embeddable":true,"href":"https:\/\/www.yishengpack.com\/de\/wp-json\/wp\/v2\/product_brand?post=942"},{"taxonomy":"product_cat","embeddable":true,"href":"https:\/\/www.yishengpack.com\/de\/wp-json\/wp\/v2\/product_cat?post=942"},{"taxonomy":"product_tag","embeddable":true,"href":"https:\/\/www.yishengpack.com\/de\/wp-json\/wp\/v2\/product_tag?post=942"}],"curies":[{"name":"wp","href":"https:\/\/api.w.org\/{rel}","templated":true}]}}