{"id":935,"date":"2025-01-21T09:21:43","date_gmt":"2025-01-21T09:21:43","guid":{"rendered":"https:\/\/www.yishengpack.com\/?post_type=product&#038;p=935"},"modified":"2026-01-04T07:32:35","modified_gmt":"2026-01-04T07:32:35","slug":"wholesale-paper-charcuterie-boxes","status":"publish","type":"product","link":"https:\/\/www.yishengpack.com\/de\/produkt\/wholesale-paper-charcuterie-boxes\/","title":{"rendered":"Gro\u00dfhandel Papier Charcuterie Boxen, quadratische B\u00e4ckerei Box Bulk"},"content":{"rendered":"<div class=\"wp-block-columns is-layout-flex wp-container-core-columns-is-layout-9d6595d7 wp-block-columns-is-layout-flex\">\n<div class=\"wp-block-column is-layout-flow wp-block-column-is-layout-flow\">\n<h3 class=\"wp-block-heading\">Merkmale des Gro\u00dfhandels Papier Charcuterie Boxen <\/h3>\n\n\n\n<p><strong>Fettdichtes Papiermaterial:<\/strong> In unseren Gro\u00dfhandelspapierschachteln f\u00fcr Wurstwaren wird spezielles fettdichtes Papier verwendet, das das Eindringen von Fett wirksam verhindert und die Lebensmittel in der Verpackung sauber und ordentlich h\u00e4lt, wenn sie fettig und feucht sind.<\/p>\n\n\n\n<p><br><strong>Umweltfreundlich und recycelbar: <\/strong>Unsere B\u00e4ckereiboxen sind aus umweltfreundlichem, unbedenklichem und gesundem Papier hergestellt, das der Forderung nach einer nachhaltigen Entwicklung entspricht und recycelt werden kann. Es ist f\u00fcr umweltbewusste Verbraucher geeignet.<\/p>\n\n\n\n<p><br><strong>Mehrzweck-Design: <\/strong>Diese quadratischen Gro\u00dfhandels-Papier-Charcuterie-Boxen k\u00f6nnen in gro\u00dfem Umfang f\u00fcr Lebensmittelverpackungen verwendet werden, z. B. f\u00fcr eine Vielzahl von Wurstplatten, Backwaren, Snacks usw., und sind flexibel genug, um sich an verschiedene Catering-Anl\u00e4sse und Bed\u00fcrfnisse anzupassen.<\/p>\n\n\n\n<p><strong>Gute Atmungsaktivit\u00e4t: <\/strong>Das Papiermaterial sorgt daf\u00fcr, dass die Atmungsaktivit\u00e4t in dieser Gro\u00dfb\u00e4ckerei-Box f\u00fcr Backwaren erhalten bleibt und die Lebensmittel frisch bleiben, was Verderben verhindert und den richtigen Geschmack gew\u00e4hrleistet.<\/p>\n<\/div>\n\n\n\n<div class=\"wp-block-column is-layout-flow wp-block-column-is-layout-flow\">\n<figure class=\"wp-block-image size-full\"><img decoding=\"async\" width=\"800\" height=\"800\" src=\"https:\/\/www.yishengpack.com\/wp-content\/uploads\/2025\/01\/Wholesale-Paper-Charcuterie-Boxes-Square-Greaseproof-Bakery-Box-Bulk-4.webp\" alt=\"Gro\u00dfhandel Papier Charcuterie Boxen, quadratische fettdicht B\u00e4ckerei Box Bulk (4)\" class=\"wp-image-940\" srcset=\"https:\/\/www.yishengpack.com\/wp-content\/uploads\/2025\/01\/Wholesale-Paper-Charcuterie-Boxes-Square-Greaseproof-Bakery-Box-Bulk-4.webp 800w, https:\/\/www.yishengpack.com\/wp-content\/uploads\/2025\/01\/Wholesale-Paper-Charcuterie-Boxes-Square-Greaseproof-Bakery-Box-Bulk-4-300x300.webp 300w, https:\/\/www.yishengpack.com\/wp-content\/uploads\/2025\/01\/Wholesale-Paper-Charcuterie-Boxes-Square-Greaseproof-Bakery-Box-Bulk-4-150x150.webp 150w, https:\/\/www.yishengpack.com\/wp-content\/uploads\/2025\/01\/Wholesale-Paper-Charcuterie-Boxes-Square-Greaseproof-Bakery-Box-Bulk-4-768x768.webp 768w, https:\/\/www.yishengpack.com\/wp-content\/uploads\/2025\/01\/Wholesale-Paper-Charcuterie-Boxes-Square-Greaseproof-Bakery-Box-Bulk-4-12x12.webp 12w, https:\/\/www.yishengpack.com\/wp-content\/uploads\/2025\/01\/Wholesale-Paper-Charcuterie-Boxes-Square-Greaseproof-Bakery-Box-Bulk-4-600x600.webp 600w, https:\/\/www.yishengpack.com\/wp-content\/uploads\/2025\/01\/Wholesale-Paper-Charcuterie-Boxes-Square-Greaseproof-Bakery-Box-Bulk-4-100x100.webp 100w\" sizes=\"(max-width: 800px) 100vw, 800px\" \/><\/figure>\n<\/div>\n<\/div>\n\n\n\n<div class=\"wp-block-columns is-layout-flex wp-container-core-columns-is-layout-9d6595d7 wp-block-columns-is-layout-flex\">\n<div class=\"wp-block-column is-layout-flow wp-block-column-is-layout-flow\">\n<figure class=\"wp-block-image size-full\"><img decoding=\"async\" width=\"800\" height=\"800\" src=\"https:\/\/www.yishengpack.com\/wp-content\/uploads\/2025\/01\/Wholesale-Baking-Packaging-Square-Disposable-Paper-Charcuterie-Boxes-6.webp\" alt=\"Gro\u00dfhandel Backen Verpackung Platz Einwegpapier Charcuterie-Boxen (6)\" class=\"wp-image-932\" srcset=\"https:\/\/www.yishengpack.com\/wp-content\/uploads\/2025\/01\/Wholesale-Baking-Packaging-Square-Disposable-Paper-Charcuterie-Boxes-6.webp 800w, https:\/\/www.yishengpack.com\/wp-content\/uploads\/2025\/01\/Wholesale-Baking-Packaging-Square-Disposable-Paper-Charcuterie-Boxes-6-300x300.webp 300w, https:\/\/www.yishengpack.com\/wp-content\/uploads\/2025\/01\/Wholesale-Baking-Packaging-Square-Disposable-Paper-Charcuterie-Boxes-6-150x150.webp 150w, https:\/\/www.yishengpack.com\/wp-content\/uploads\/2025\/01\/Wholesale-Baking-Packaging-Square-Disposable-Paper-Charcuterie-Boxes-6-768x768.webp 768w, https:\/\/www.yishengpack.com\/wp-content\/uploads\/2025\/01\/Wholesale-Baking-Packaging-Square-Disposable-Paper-Charcuterie-Boxes-6-12x12.webp 12w, https:\/\/www.yishengpack.com\/wp-content\/uploads\/2025\/01\/Wholesale-Baking-Packaging-Square-Disposable-Paper-Charcuterie-Boxes-6-600x600.webp 600w, https:\/\/www.yishengpack.com\/wp-content\/uploads\/2025\/01\/Wholesale-Baking-Packaging-Square-Disposable-Paper-Charcuterie-Boxes-6-100x100.webp 100w\" sizes=\"(max-width: 800px) 100vw, 800px\" \/><\/figure>\n\n\n\n<div class=\"wp-block-buttons has-custom-font-size has-small-font-size is-content-justification-center is-layout-flex wp-container-core-buttons-is-layout-16018d1d wp-block-buttons-is-layout-flex\">\n<div class=\"wp-block-button has-custom-width wp-block-button__width-75\"><a class=\"wp-block-button__link has-background has-small-font-size has-custom-font-size wp-element-button\" href=\"https:\/\/www.yishengpack.com\/de\/custom-box-inserts-accessories\/\" style=\"background:linear-gradient(135deg,rgb(254,205,165) 0%,rgb(254,45,45) 0%,rgb(94,15,15) 0%,rgb(94,15,15) 100%)\" target=\"_blank\" rel=\"noreferrer noopener\"><strong>Custom Boxes Eins\u00e4tze erforschen<\/strong><\/a><\/div>\n<\/div>\n<\/div>\n\n\n\n<div class=\"wp-block-column is-layout-flow wp-block-column-is-layout-flow\">\n<figure class=\"wp-block-image size-full\"><img decoding=\"async\" width=\"800\" height=\"800\" src=\"https:\/\/www.yishengpack.com\/wp-content\/uploads\/2025\/01\/KraftWhite-Card-Bakery-Boxes-Wholesale-Dessert-Packaging-with-Clear-Lid-4.webp\" alt=\"KraftWhite Karte B\u00e4ckerei Boxen Gro\u00dfhandel Dessert Verpackung mit klaren Deckel (4)\" class=\"wp-image-921\" srcset=\"https:\/\/www.yishengpack.com\/wp-content\/uploads\/2025\/01\/KraftWhite-Card-Bakery-Boxes-Wholesale-Dessert-Packaging-with-Clear-Lid-4.webp 800w, https:\/\/www.yishengpack.com\/wp-content\/uploads\/2025\/01\/KraftWhite-Card-Bakery-Boxes-Wholesale-Dessert-Packaging-with-Clear-Lid-4-300x300.webp 300w, https:\/\/www.yishengpack.com\/wp-content\/uploads\/2025\/01\/KraftWhite-Card-Bakery-Boxes-Wholesale-Dessert-Packaging-with-Clear-Lid-4-150x150.webp 150w, https:\/\/www.yishengpack.com\/wp-content\/uploads\/2025\/01\/KraftWhite-Card-Bakery-Boxes-Wholesale-Dessert-Packaging-with-Clear-Lid-4-768x768.webp 768w, https:\/\/www.yishengpack.com\/wp-content\/uploads\/2025\/01\/KraftWhite-Card-Bakery-Boxes-Wholesale-Dessert-Packaging-with-Clear-Lid-4-12x12.webp 12w, https:\/\/www.yishengpack.com\/wp-content\/uploads\/2025\/01\/KraftWhite-Card-Bakery-Boxes-Wholesale-Dessert-Packaging-with-Clear-Lid-4-600x600.webp 600w, https:\/\/www.yishengpack.com\/wp-content\/uploads\/2025\/01\/KraftWhite-Card-Bakery-Boxes-Wholesale-Dessert-Packaging-with-Clear-Lid-4-100x100.webp 100w\" sizes=\"(max-width: 800px) 100vw, 800px\" \/><\/figure>\n\n\n\n<div class=\"wp-block-buttons has-custom-font-size has-small-font-size is-content-justification-center is-layout-flex wp-container-core-buttons-is-layout-16018d1d wp-block-buttons-is-layout-flex\">\n<div class=\"wp-block-button has-custom-width wp-block-button__width-75\"><a class=\"wp-block-button__link has-background has-small-font-size has-custom-font-size wp-element-button\" href=\"https:\/\/www.yishengpack.com\/de\/custom-product-boxes-types\/\" style=\"background:linear-gradient(135deg,rgb(254,205,165) 0%,rgb(254,45,45) 0%,rgb(94,15,15) 0%,rgb(94,15,15) 100%)\" target=\"_blank\" rel=\"noreferrer noopener\"><strong>Benutzerdefinierte Box-Typen erkunden<\/strong><\/a><\/div>\n<\/div>\n<\/div>\n<\/div>","protected":false},"excerpt":{"rendered":"<p>Willkommen im Gro\u00dfhandel Papier Charcuterie Boxen kaufen sind aus fettdichtem Papier Material hergestellt. Diese Gro\u00dfb\u00e4ckereibox kann das Eindringen von Fett effektiv verhindern und h\u00e4lt die Lebensmittel sauber und ordentlich. Das quadratische Design ist f\u00fcr alle Arten von Lebensmittelverpackungen geeignet, und die gute Luftdurchl\u00e4ssigkeit hilft, die Lebensmittel verpackt zu halten.<\/p>\n<h2>H\u00f6hepunkte des Gro\u00dfhandels Papier Charcuterie Boxen<\/h2>\n<ul>\n<li>Erlaubte Anpassungen insgesamt<\/li>\n<li>Umweltfreundliche Materialien<\/li>\n<li>Solide Handwerkskunst<\/li>\n<li>Mehrere Box-Typen<\/li>\n<li>Lebendige Farbauswahl<\/li>\n<li>Verschiedene Gr\u00f6\u00dfen<\/li>\n<li>OEM\/ODM-Dienstleistungen<\/li>\n<\/ul>","protected":false},"featured_media":939,"comment_status":"closed","ping_status":"closed","template":"","meta":{"_acf_changed":false},"box-type":[64],"product_brand":[],"product_cat":[46,30,31,32,33,45],"product_tag":[],"class_list":{"0":"post-935","1":"product","2":"type-product","3":"status-publish","4":"has-post-thumbnail","6":"box-type-custom-clear-lid-paper-boxes","7":"product_cat-wholesale-paper-boxes","8":"product_cat-cake-containers-wholesale","9":"product_cat-wholesale-charcuterie-boxes","10":"product_cat-bakery-packaging-wholesale","11":"product_cat-food-packaging-boxes-wholesale","12":"product_cat-bulk-disposable-food-containers","14":"first","15":"instock","16":"shipping-taxable","17":"product-type-simple"},"acf":[],"_links":{"self":[{"href":"https:\/\/www.yishengpack.com\/de\/wp-json\/wp\/v2\/product\/935","targetHints":{"allow":["GET"]}}],"collection":[{"href":"https:\/\/www.yishengpack.com\/de\/wp-json\/wp\/v2\/product"}],"about":[{"href":"https:\/\/www.yishengpack.com\/de\/wp-json\/wp\/v2\/types\/product"}],"replies":[{"embeddable":true,"href":"https:\/\/www.yishengpack.com\/de\/wp-json\/wp\/v2\/comments?post=935"}],"wp:featuredmedia":[{"embeddable":true,"href":"https:\/\/www.yishengpack.com\/de\/wp-json\/wp\/v2\/media\/939"}],"wp:attachment":[{"href":"https:\/\/www.yishengpack.com\/de\/wp-json\/wp\/v2\/media?parent=935"}],"wp:term":[{"taxonomy":"box-type","embeddable":true,"href":"https:\/\/www.yishengpack.com\/de\/wp-json\/wp\/v2\/box-type?post=935"},{"taxonomy":"product_brand","embeddable":true,"href":"https:\/\/www.yishengpack.com\/de\/wp-json\/wp\/v2\/product_brand?post=935"},{"taxonomy":"product_cat","embeddable":true,"href":"https:\/\/www.yishengpack.com\/de\/wp-json\/wp\/v2\/product_cat?post=935"},{"taxonomy":"product_tag","embeddable":true,"href":"https:\/\/www.yishengpack.com\/de\/wp-json\/wp\/v2\/product_tag?post=935"}],"curies":[{"name":"wp","href":"https:\/\/api.w.org\/{rel}","templated":true}]}}