{"id":926,"date":"2025-01-21T08:18:10","date_gmt":"2025-01-21T08:18:10","guid":{"rendered":"https:\/\/www.yishengpack.com\/?post_type=product&#038;p=926"},"modified":"2026-01-04T07:28:07","modified_gmt":"2026-01-04T07:28:07","slug":"wholesale-baking-packaging","status":"publish","type":"product","link":"https:\/\/www.yishengpack.com\/de\/produkt\/wholesale-baking-packaging\/","title":{"rendered":"Gro\u00dfhandel Backen Verpackung, quadratische Papier Charcuterie Boxen"},"content":{"rendered":"<div class=\"wp-block-columns is-layout-flex wp-container-core-columns-is-layout-9d6595d7 wp-block-columns-is-layout-flex\">\n<div class=\"wp-block-column is-layout-flow wp-block-column-is-layout-flow\">\n<h3 class=\"wp-block-heading\">Merkmale von Gro\u00dfhandels-Backverpackungen<\/h3>\n\n\n\n<p><strong>Einfaches Design:<\/strong> Die schlichte Kraft- oder wei\u00dfe Kartonoptik der B\u00e4ckereiboxen entspricht moderner \u00c4sthetik und eignet sich f\u00fcr eine Vielzahl von Anl\u00e4ssen.<\/p>\n\n\n\n<p><strong>Transparenter Deckel: <\/strong>Diese Gro\u00dfhandels-Backverpackungen mit einem durchsichtigen Kunststoffdeckel k\u00f6nnen die Lebensmittel im Inneren der Schachtel zeigen, den visuellen Reiz erh\u00f6hen und die Desserts wirksam vor Verunreinigungen von au\u00dfen sch\u00fctzen.<\/p>\n\n\n\n<p><strong>Tragbar:<\/strong> Das quadratische Design dieser Backverpackungen f\u00fcr den Gro\u00dfhandel l\u00e4sst sich leicht stapeln und transportieren und eignet sich zum Mitnehmen und f\u00fcr Picknicks.<\/p>\n\n\n\n<p><strong>Wegwerfbar:<\/strong> Diese Gro\u00dfhandels-Backverpackungen sind Einwegverpackungen, die Probleme bei der Reinigung und Lagerung vermeiden, bequem und schnell sind.<\/p>\n\n\n\n<p><strong>Vielseitige Verpackung: <\/strong>Charcuterieboxen aus Papier eignen sich nicht nur f\u00fcr Wurstplatten, sondern k\u00f6nnen auch f\u00fcr Desserts, Salate, Backwaren und viele andere Zwecke verwendet werden.<\/p>\n<\/div>\n\n\n\n<div class=\"wp-block-column is-layout-flow wp-block-column-is-layout-flow\">\n<figure class=\"wp-block-image size-full\"><img decoding=\"async\" width=\"800\" height=\"800\" src=\"https:\/\/www.yishengpack.com\/wp-content\/uploads\/2025\/01\/Wholesale-Baking-Packaging-Square-Disposable-Paper-Charcuterie-Boxes-3.webp\" alt=\"Gro\u00dfhandel Backen Verpackung Platz Einwegpapier Charcuterie-Boxen (3)\" class=\"wp-image-929\" srcset=\"https:\/\/www.yishengpack.com\/wp-content\/uploads\/2025\/01\/Wholesale-Baking-Packaging-Square-Disposable-Paper-Charcuterie-Boxes-3.webp 800w, https:\/\/www.yishengpack.com\/wp-content\/uploads\/2025\/01\/Wholesale-Baking-Packaging-Square-Disposable-Paper-Charcuterie-Boxes-3-300x300.webp 300w, https:\/\/www.yishengpack.com\/wp-content\/uploads\/2025\/01\/Wholesale-Baking-Packaging-Square-Disposable-Paper-Charcuterie-Boxes-3-150x150.webp 150w, https:\/\/www.yishengpack.com\/wp-content\/uploads\/2025\/01\/Wholesale-Baking-Packaging-Square-Disposable-Paper-Charcuterie-Boxes-3-768x768.webp 768w, https:\/\/www.yishengpack.com\/wp-content\/uploads\/2025\/01\/Wholesale-Baking-Packaging-Square-Disposable-Paper-Charcuterie-Boxes-3-12x12.webp 12w, https:\/\/www.yishengpack.com\/wp-content\/uploads\/2025\/01\/Wholesale-Baking-Packaging-Square-Disposable-Paper-Charcuterie-Boxes-3-600x600.webp 600w, https:\/\/www.yishengpack.com\/wp-content\/uploads\/2025\/01\/Wholesale-Baking-Packaging-Square-Disposable-Paper-Charcuterie-Boxes-3-100x100.webp 100w\" sizes=\"(max-width: 800px) 100vw, 800px\" \/><\/figure>\n<\/div>\n<\/div>\n\n\n\n<div class=\"wp-block-columns is-layout-flex wp-container-core-columns-is-layout-9d6595d7 wp-block-columns-is-layout-flex\">\n<div class=\"wp-block-column is-layout-flow wp-block-column-is-layout-flow\">\n<figure class=\"wp-block-image size-full\"><img decoding=\"async\" width=\"800\" height=\"800\" src=\"https:\/\/www.yishengpack.com\/wp-content\/uploads\/2025\/01\/Wholesale-Baking-Packaging-Square-Disposable-Paper-Charcuterie-Boxes-6.webp\" alt=\"Gro\u00dfhandel Backen Verpackung Platz Einwegpapier Charcuterie-Boxen (6)\" class=\"wp-image-932\" srcset=\"https:\/\/www.yishengpack.com\/wp-content\/uploads\/2025\/01\/Wholesale-Baking-Packaging-Square-Disposable-Paper-Charcuterie-Boxes-6.webp 800w, https:\/\/www.yishengpack.com\/wp-content\/uploads\/2025\/01\/Wholesale-Baking-Packaging-Square-Disposable-Paper-Charcuterie-Boxes-6-300x300.webp 300w, https:\/\/www.yishengpack.com\/wp-content\/uploads\/2025\/01\/Wholesale-Baking-Packaging-Square-Disposable-Paper-Charcuterie-Boxes-6-150x150.webp 150w, https:\/\/www.yishengpack.com\/wp-content\/uploads\/2025\/01\/Wholesale-Baking-Packaging-Square-Disposable-Paper-Charcuterie-Boxes-6-768x768.webp 768w, https:\/\/www.yishengpack.com\/wp-content\/uploads\/2025\/01\/Wholesale-Baking-Packaging-Square-Disposable-Paper-Charcuterie-Boxes-6-12x12.webp 12w, https:\/\/www.yishengpack.com\/wp-content\/uploads\/2025\/01\/Wholesale-Baking-Packaging-Square-Disposable-Paper-Charcuterie-Boxes-6-600x600.webp 600w, https:\/\/www.yishengpack.com\/wp-content\/uploads\/2025\/01\/Wholesale-Baking-Packaging-Square-Disposable-Paper-Charcuterie-Boxes-6-100x100.webp 100w\" sizes=\"(max-width: 800px) 100vw, 800px\" \/><\/figure>\n\n\n\n<div class=\"wp-block-buttons has-custom-font-size has-small-font-size is-content-justification-center is-layout-flex wp-container-core-buttons-is-layout-16018d1d wp-block-buttons-is-layout-flex\">\n<div class=\"wp-block-button has-custom-width wp-block-button__width-75\"><a class=\"wp-block-button__link has-background has-small-font-size has-custom-font-size wp-element-button\" href=\"https:\/\/www.yishengpack.com\/de\/custom-box-inserts-accessories\/\" style=\"background:linear-gradient(135deg,rgb(254,205,165) 0%,rgb(254,45,45) 0%,rgb(94,15,15) 0%,rgb(94,15,15) 100%)\" target=\"_blank\" rel=\"noreferrer noopener\"><strong>Custom Boxes Eins\u00e4tze erforschen<\/strong><\/a><\/div>\n<\/div>\n<\/div>\n\n\n\n<div class=\"wp-block-column is-layout-flow wp-block-column-is-layout-flow\">\n<figure class=\"wp-block-image size-full\"><img decoding=\"async\" width=\"800\" height=\"800\" src=\"https:\/\/www.yishengpack.com\/wp-content\/uploads\/2025\/01\/KraftWhite-Card-Bakery-Boxes-Wholesale-Dessert-Packaging-with-Clear-Lid-4.webp\" alt=\"KraftWhite Karte B\u00e4ckerei Boxen Gro\u00dfhandel Dessert Verpackung mit klaren Deckel (4)\" class=\"wp-image-921\" srcset=\"https:\/\/www.yishengpack.com\/wp-content\/uploads\/2025\/01\/KraftWhite-Card-Bakery-Boxes-Wholesale-Dessert-Packaging-with-Clear-Lid-4.webp 800w, https:\/\/www.yishengpack.com\/wp-content\/uploads\/2025\/01\/KraftWhite-Card-Bakery-Boxes-Wholesale-Dessert-Packaging-with-Clear-Lid-4-300x300.webp 300w, https:\/\/www.yishengpack.com\/wp-content\/uploads\/2025\/01\/KraftWhite-Card-Bakery-Boxes-Wholesale-Dessert-Packaging-with-Clear-Lid-4-150x150.webp 150w, https:\/\/www.yishengpack.com\/wp-content\/uploads\/2025\/01\/KraftWhite-Card-Bakery-Boxes-Wholesale-Dessert-Packaging-with-Clear-Lid-4-768x768.webp 768w, https:\/\/www.yishengpack.com\/wp-content\/uploads\/2025\/01\/KraftWhite-Card-Bakery-Boxes-Wholesale-Dessert-Packaging-with-Clear-Lid-4-12x12.webp 12w, https:\/\/www.yishengpack.com\/wp-content\/uploads\/2025\/01\/KraftWhite-Card-Bakery-Boxes-Wholesale-Dessert-Packaging-with-Clear-Lid-4-600x600.webp 600w, https:\/\/www.yishengpack.com\/wp-content\/uploads\/2025\/01\/KraftWhite-Card-Bakery-Boxes-Wholesale-Dessert-Packaging-with-Clear-Lid-4-100x100.webp 100w\" sizes=\"(max-width: 800px) 100vw, 800px\" \/><\/figure>\n\n\n\n<div class=\"wp-block-buttons has-custom-font-size has-small-font-size is-content-justification-center is-layout-flex wp-container-core-buttons-is-layout-16018d1d wp-block-buttons-is-layout-flex\">\n<div class=\"wp-block-button has-custom-width wp-block-button__width-75\"><a class=\"wp-block-button__link has-background has-small-font-size has-custom-font-size wp-element-button\" href=\"https:\/\/www.yishengpack.com\/de\/custom-product-boxes-types\/\" style=\"background:linear-gradient(135deg,rgb(254,205,165) 0%,rgb(254,45,45) 0%,rgb(94,15,15) 0%,rgb(94,15,15) 100%)\" target=\"_blank\" rel=\"noreferrer noopener\"><strong>Benutzerdefinierte Box-Typen erkunden<\/strong><\/a><\/div>\n<\/div>\n<\/div>\n<\/div>","protected":false},"excerpt":{"rendered":"<p>Diese quadratischen Einweg-Backverpackungen f\u00fcr den Gro\u00dfhandel sind Papierschachteln f\u00fcr Snacks, Desserts und andere Zwischenmahlzeiten. Es ist robust und langlebig, um Ihre Lebensmittel zu sch\u00fctzen und gleichzeitig eine gute Atmungsaktivit\u00e4t, um Ihre Lebensmittel frisch zu halten. Perfekt f\u00fcr B\u00e4ckereien, Caf\u00e9s und Lebensmittelm\u00e4rkte. Bestellen Sie noch heute in gro\u00dfen Mengen und profitieren Sie von g\u00fcnstigen Preisen und schneller Lieferung!<\/p>\n<h2>Highlights des Gro\u00dfhandels f\u00fcr Backverpackungen<\/h2>\n<ul>\n<li>Erlaubte Anpassungen insgesamt<\/li>\n<li>Umweltfreundliche Materialien<\/li>\n<li>Solide Handwerkskunst<\/li>\n<li>Mehrere Box-Typen<\/li>\n<li>Lebendige Farbauswahl<\/li>\n<li>Verschiedene Gr\u00f6\u00dfen<\/li>\n<li>OEM\/ODM-Dienstleistungen<\/li>\n<li>Praktische Verpackung<\/li>\n<\/ul>","protected":false},"featured_media":927,"comment_status":"closed","ping_status":"closed","template":"","meta":{"_acf_changed":false},"box-type":[64],"product_brand":[],"product_cat":[30,46,31,32,33,71,45],"product_tag":[],"class_list":{"0":"post-926","1":"product","2":"type-product","3":"status-publish","4":"has-post-thumbnail","6":"box-type-custom-clear-lid-paper-boxes","7":"product_cat-cake-containers-wholesale","8":"product_cat-wholesale-paper-boxes","9":"product_cat-wholesale-charcuterie-boxes","10":"product_cat-bakery-packaging-wholesale","11":"product_cat-food-packaging-boxes-wholesale","12":"product_cat-custom-takeout-boxes","13":"product_cat-bulk-disposable-food-containers","15":"first","16":"instock","17":"shipping-taxable","18":"product-type-simple"},"acf":[],"_links":{"self":[{"href":"https:\/\/www.yishengpack.com\/de\/wp-json\/wp\/v2\/product\/926","targetHints":{"allow":["GET"]}}],"collection":[{"href":"https:\/\/www.yishengpack.com\/de\/wp-json\/wp\/v2\/product"}],"about":[{"href":"https:\/\/www.yishengpack.com\/de\/wp-json\/wp\/v2\/types\/product"}],"replies":[{"embeddable":true,"href":"https:\/\/www.yishengpack.com\/de\/wp-json\/wp\/v2\/comments?post=926"}],"wp:featuredmedia":[{"embeddable":true,"href":"https:\/\/www.yishengpack.com\/de\/wp-json\/wp\/v2\/media\/927"}],"wp:attachment":[{"href":"https:\/\/www.yishengpack.com\/de\/wp-json\/wp\/v2\/media?parent=926"}],"wp:term":[{"taxonomy":"box-type","embeddable":true,"href":"https:\/\/www.yishengpack.com\/de\/wp-json\/wp\/v2\/box-type?post=926"},{"taxonomy":"product_brand","embeddable":true,"href":"https:\/\/www.yishengpack.com\/de\/wp-json\/wp\/v2\/product_brand?post=926"},{"taxonomy":"product_cat","embeddable":true,"href":"https:\/\/www.yishengpack.com\/de\/wp-json\/wp\/v2\/product_cat?post=926"},{"taxonomy":"product_tag","embeddable":true,"href":"https:\/\/www.yishengpack.com\/de\/wp-json\/wp\/v2\/product_tag?post=926"}],"curies":[{"name":"wp","href":"https:\/\/api.w.org\/{rel}","templated":true}]}}