{"id":909,"date":"2025-01-21T02:50:12","date_gmt":"2025-01-21T02:50:12","guid":{"rendered":"https:\/\/www.yishengpack.com\/?post_type=product&#038;p=909"},"modified":"2025-12-13T07:26:19","modified_gmt":"2025-12-13T07:26:19","slug":"wholesale-rectangle-cake-box-plastic","status":"publish","type":"product","link":"https:\/\/www.yishengpack.com\/de\/produkt\/wholesale-rectangle-cake-box-plastic\/","title":{"rendered":"Gro\u00dfhandel Rechteckige Kuchenbox aus Kunststoff, wei\u00dfes Tablett mit Deckel"},"content":{"rendered":"<div class=\"wp-block-columns is-layout-flex wp-container-core-columns-is-layout-9d6595d7 wp-block-columns-is-layout-flex\">\n<div class=\"wp-block-column is-layout-flow wp-block-column-is-layout-flow\">\n<h3 class=\"wp-block-heading\">Features of Wholesale Rectangle Cake Box Plastic<\/h3>\n\n\n\n<p><strong>Rechteckiges Design:<\/strong> This wholesale rectangle cake box plastic offers more space for packaging all types of cakes and desserts.<\/p>\n\n\n\n<p><strong>White Tray: <\/strong>This wholesale rectangle cake box plastic with white tray, has a simple and generous appearance, which meets the needs of most occasions.<\/p>\n\n\n\n<p><strong>Easy to Display:<\/strong> The transparent lid can directly display the food, keep the food fresh, attract customers&#8217; attention, and increase the desire to buy.<\/p>\n\n\n\n<p><strong>Eco-friendly and Safe:<\/strong> This wholesale rectangle cake box plastic made of food-grade PET material, safe and non-toxic to ensure food quality.<\/p>\n\n\n\n<p><strong>Customization Options:<\/strong> Logo or sticker elements can be custom according to requirements to enhance brand image.<\/p>\n<\/div>\n\n\n\n<div class=\"wp-block-column is-layout-flow wp-block-column-is-layout-flow\">\n<figure class=\"wp-block-image size-full\"><img decoding=\"async\" width=\"800\" height=\"800\" src=\"https:\/\/www.yishengpack.com\/wp-content\/uploads\/2025\/01\/Wholesale-Rectangle-Cake-Box-Plastic-White-Tray-with-Clear-Lid-6.webp\" alt=\"Wholesale Rectangle Cake Box Plastic White Tray with Clear Lid (6)\" class=\"wp-image-915\" srcset=\"https:\/\/www.yishengpack.com\/wp-content\/uploads\/2025\/01\/Wholesale-Rectangle-Cake-Box-Plastic-White-Tray-with-Clear-Lid-6.webp 800w, https:\/\/www.yishengpack.com\/wp-content\/uploads\/2025\/01\/Wholesale-Rectangle-Cake-Box-Plastic-White-Tray-with-Clear-Lid-6-300x300.webp 300w, https:\/\/www.yishengpack.com\/wp-content\/uploads\/2025\/01\/Wholesale-Rectangle-Cake-Box-Plastic-White-Tray-with-Clear-Lid-6-150x150.webp 150w, https:\/\/www.yishengpack.com\/wp-content\/uploads\/2025\/01\/Wholesale-Rectangle-Cake-Box-Plastic-White-Tray-with-Clear-Lid-6-768x768.webp 768w, https:\/\/www.yishengpack.com\/wp-content\/uploads\/2025\/01\/Wholesale-Rectangle-Cake-Box-Plastic-White-Tray-with-Clear-Lid-6-12x12.webp 12w, https:\/\/www.yishengpack.com\/wp-content\/uploads\/2025\/01\/Wholesale-Rectangle-Cake-Box-Plastic-White-Tray-with-Clear-Lid-6-600x600.webp 600w, https:\/\/www.yishengpack.com\/wp-content\/uploads\/2025\/01\/Wholesale-Rectangle-Cake-Box-Plastic-White-Tray-with-Clear-Lid-6-100x100.webp 100w\" sizes=\"(max-width: 800px) 100vw, 800px\" \/><\/figure>\n<\/div>\n<\/div>","protected":false},"excerpt":{"rendered":"<p>Diese Gro\u00dfhandel Rechteck Kuchen Box Kunststoff wei\u00df Tablett und einem klaren Deckel sorgt f\u00fcr eine einfache Lebensmittel-Display und Schutz. Es verhindert effektiv Verunreinigungen und h\u00e4lt Lebensmittel frisch. Perfekt f\u00fcr den gewerblichen und privaten Gebrauch, bietet es eine ideale, kosteng\u00fcnstige Verpackungsl\u00f6sung, vor allem f\u00fcr Gro\u00dfhandel Dessert Verpackung und Display.<\/p>\n<h2>Wholesale Rectangle Cake Box Plastic Specifications:<\/h2>\n<table width=\"528\">\n<tbody>\n<tr>\n<td width=\"215\">Hersteller:<\/td>\n<td colspan=\"2\" width=\"313\">Yisheng<\/td>\n<\/tr>\n<tr>\n<td>Modell:<\/td>\n<td colspan=\"2\">H-18<\/td>\n<\/tr>\n<tr>\n<td>Material:\u00a0<\/td>\n<td colspan=\"2\">PET<\/td>\n<\/tr>\n<tr>\n<td>Farbe:\u00a0<\/td>\n<td colspan=\"2\">Wei\u00df mit klarem Deckel<\/td>\n<\/tr>\n<tr>\n<td>Gr\u00f6\u00dfe:\u00a0<\/td>\n<td colspan=\"2\" width=\"313\">17cm*11.4cm*5cm<\/td>\n<\/tr>\n<tr>\n<td>Gewicht:\u00a0<\/td>\n<td colspan=\"2\" width=\"313\">29,6 g\/Stk.<\/td>\n<\/tr>\n<tr>\n<td>Die Form:\u00a0<\/td>\n<td colspan=\"2\" width=\"313\">Rechteck<\/td>\n<\/tr>\n<tr>\n<td>Verpacken:\u00a0<\/td>\n<td colspan=\"2\">100St\u00fcck\/Beutel<\/td>\n<\/tr>\n<tr>\n<td>MOQ:\u00a0<\/td>\n<td colspan=\"2\">800St\u00fcck<\/td>\n<\/tr>\n<tr>\n<td>OEM&amp;ODM:\u00a0<\/td>\n<td colspan=\"2\">Kundenspezifisch, Willkommen OEM&amp;ODM<\/td>\n<\/tr>\n<tr>\n<td>Muster\uff1a<\/td>\n<td colspan=\"2\">10 St\u00fcck kostenlose Probe kann angefordert werden<\/td>\n<\/tr>\n<\/tbody>\n<\/table>\n<p>&nbsp;<\/p>\n<p><script src=\"chrome-extension:\/\/fpelahbljekknahkcaegamhcndkfpfnc\/iFrame.js\" type=\"text\/javascript\"><\/script><\/p>","protected":false},"featured_media":913,"comment_status":"closed","ping_status":"closed","template":"","meta":{"_acf_changed":false},"box-type":[64,61],"product_brand":[],"product_cat":[21,46,30,33,45],"product_tag":[],"class_list":{"0":"post-909","1":"product","2":"type-product","3":"status-publish","4":"has-post-thumbnail","6":"box-type-custom-clear-lid-paper-boxes","7":"box-type-custom-two-piece-boxes","8":"product_cat-plastic-cake-containers-wholesale","9":"product_cat-wholesale-paper-boxes","10":"product_cat-cake-containers-wholesale","11":"product_cat-food-packaging-boxes-wholesale","12":"product_cat-bulk-disposable-food-containers","14":"first","15":"instock","16":"shipping-taxable","17":"product-type-simple"},"acf":[],"_links":{"self":[{"href":"https:\/\/www.yishengpack.com\/de\/wp-json\/wp\/v2\/product\/909","targetHints":{"allow":["GET"]}}],"collection":[{"href":"https:\/\/www.yishengpack.com\/de\/wp-json\/wp\/v2\/product"}],"about":[{"href":"https:\/\/www.yishengpack.com\/de\/wp-json\/wp\/v2\/types\/product"}],"replies":[{"embeddable":true,"href":"https:\/\/www.yishengpack.com\/de\/wp-json\/wp\/v2\/comments?post=909"}],"wp:featuredmedia":[{"embeddable":true,"href":"https:\/\/www.yishengpack.com\/de\/wp-json\/wp\/v2\/media\/913"}],"wp:attachment":[{"href":"https:\/\/www.yishengpack.com\/de\/wp-json\/wp\/v2\/media?parent=909"}],"wp:term":[{"taxonomy":"box-type","embeddable":true,"href":"https:\/\/www.yishengpack.com\/de\/wp-json\/wp\/v2\/box-type?post=909"},{"taxonomy":"product_brand","embeddable":true,"href":"https:\/\/www.yishengpack.com\/de\/wp-json\/wp\/v2\/product_brand?post=909"},{"taxonomy":"product_cat","embeddable":true,"href":"https:\/\/www.yishengpack.com\/de\/wp-json\/wp\/v2\/product_cat?post=909"},{"taxonomy":"product_tag","embeddable":true,"href":"https:\/\/www.yishengpack.com\/de\/wp-json\/wp\/v2\/product_tag?post=909"}],"curies":[{"name":"wp","href":"https:\/\/api.w.org\/{rel}","templated":true}]}}