{"id":904,"date":"2025-01-21T02:07:54","date_gmt":"2025-01-21T02:07:54","guid":{"rendered":"https:\/\/www.yishengpack.com\/?post_type=product&#038;p=904"},"modified":"2025-12-13T07:11:28","modified_gmt":"2025-12-13T07:11:28","slug":"plastic-dessert-boxes-wholesale","status":"publish","type":"product","link":"https:\/\/www.yishengpack.com\/de\/produkt\/plastic-dessert-boxes-wholesale\/","title":{"rendered":"Kunststoff-Dessertboxen Gro\u00dfhandel Quadratische gro\u00dfe Verpackungsboxen"},"content":{"rendered":"<div class=\"wp-block-columns is-layout-flex wp-container-core-columns-is-layout-9d6595d7 wp-block-columns-is-layout-flex\">\n<div class=\"wp-block-column is-layout-flow wp-block-column-is-layout-flow\">\n<h3 class=\"wp-block-heading\">Features of Plastic Dessert Boxes Wholesale<\/h3>\n\n\n\n<p><strong>Transparentes Deckeldesign: <\/strong>Der durchsichtige Deckel erleichtert die Pr\u00e4sentation des Lebensmittelinhalts und steigert die optische Attraktivit\u00e4t.<\/p>\n\n\n\n<p><strong>Hochwertiges Material:<\/strong> These plastic dessert boxes wholesale are made of durable and food-safe material to ensure food freshness and protection.<\/p>\n\n\n\n<p><strong>Geeignet f\u00fcr eine Vielzahl von Szenarien:<\/strong> These plastic dessert boxes wholesale are suitable for cake shops, restaurants, gift wrapping, as well as parties, events, and other occasions.<\/p>\n\n\n\n<p><strong>Vielseitiges Trennwanddesign:<\/strong> These plastic dessert boxes wholesale are divided into four separate areas inside, which can be conveniently used for different snacks or desserts, keeping the food fresh and tidy.<\/p>\n\n\n\n<p><strong>Einfaches \u00d6ffnen und Schlie\u00dfen:<\/strong> Mit einem einfachen Design zum \u00d6ffnen und Schlie\u00dfen ist er leicht zu bedienen und hat eine hohe Dichtigkeit, um das Versch\u00fctten von Lebensmitteln zu vermeiden.<\/p>\n<\/div>\n\n\n\n<div class=\"wp-block-column is-layout-flow wp-block-column-is-layout-flow\">\n<figure class=\"wp-block-image size-full\"><img decoding=\"async\" width=\"800\" height=\"800\" src=\"https:\/\/www.yishengpack.com\/wp-content\/uploads\/2025\/01\/4pcs-Plastic-Dessert-Boxes-Wholesale-Square-Large-Packaging-Boxes-4.webp\" alt=\"4pcs Kunststoff Dessert Boxen Gro\u00dfhandel Quadrat gro\u00dfe Verpackung Boxen (4)\" class=\"wp-image-908\" srcset=\"https:\/\/www.yishengpack.com\/wp-content\/uploads\/2025\/01\/4pcs-Plastic-Dessert-Boxes-Wholesale-Square-Large-Packaging-Boxes-4.webp 800w, https:\/\/www.yishengpack.com\/wp-content\/uploads\/2025\/01\/4pcs-Plastic-Dessert-Boxes-Wholesale-Square-Large-Packaging-Boxes-4-300x300.webp 300w, https:\/\/www.yishengpack.com\/wp-content\/uploads\/2025\/01\/4pcs-Plastic-Dessert-Boxes-Wholesale-Square-Large-Packaging-Boxes-4-150x150.webp 150w, https:\/\/www.yishengpack.com\/wp-content\/uploads\/2025\/01\/4pcs-Plastic-Dessert-Boxes-Wholesale-Square-Large-Packaging-Boxes-4-768x768.webp 768w, https:\/\/www.yishengpack.com\/wp-content\/uploads\/2025\/01\/4pcs-Plastic-Dessert-Boxes-Wholesale-Square-Large-Packaging-Boxes-4-12x12.webp 12w, https:\/\/www.yishengpack.com\/wp-content\/uploads\/2025\/01\/4pcs-Plastic-Dessert-Boxes-Wholesale-Square-Large-Packaging-Boxes-4-600x600.webp 600w, https:\/\/www.yishengpack.com\/wp-content\/uploads\/2025\/01\/4pcs-Plastic-Dessert-Boxes-Wholesale-Square-Large-Packaging-Boxes-4-100x100.webp 100w\" sizes=\"(max-width: 800px) 100vw, 800px\" \/><\/figure>\n<\/div>\n<\/div>","protected":false},"excerpt":{"rendered":"<p>Diese 4-teiligen quadratischen Kunststoffdessertboxen f\u00fcr den Gro\u00dfhandel bestehen aus hochwertigem PET-Material und sind quadratische Boxen mit gro\u00dfem Fassungsverm\u00f6gen f\u00fcr Desserts und Snacks, die in B\u00e4ckereien, Restaurants, Caf\u00e9s und anderen Einrichtungen verwendet werden k\u00f6nnen. Diese Verpackungsbox unterst\u00fctzt kundenspezifische Dienstleistungen, um das Markenimage zu verbessern. Ideal f\u00fcr eine Vielzahl von Unternehmen.<\/p>\n<h2>Kunststoff-Dessert-Boxen Gro\u00dfhandel Spezifikationen:<\/h2>\n<table width=\"528\">\n<tbody>\n<tr>\n<td width=\"215\">Hersteller:<\/td>\n<td colspan=\"2\" width=\"313\">Yisheng<\/td>\n<\/tr>\n<tr>\n<td>Modell:<\/td>\n<td colspan=\"2\">J-138<\/td>\n<\/tr>\n<tr>\n<td>Material:\u00a0<\/td>\n<td colspan=\"2\">PET<\/td>\n<\/tr>\n<tr>\n<td>Farbe:\u00a0<\/td>\n<td colspan=\"2\">Klar, Schwarz<\/td>\n<\/tr>\n<tr>\n<td>Gr\u00f6\u00dfe:\u00a0<\/td>\n<td colspan=\"2\" width=\"313\">15.4cm*15.4cm*5cm<\/td>\n<\/tr>\n<tr>\n<td>Gewicht:\u00a0<\/td>\n<td colspan=\"2\" width=\"313\">23,6 g\/Stk.<\/td>\n<\/tr>\n<tr>\n<td>Die Form:\u00a0<\/td>\n<td colspan=\"2\" width=\"313\">Quadratisch<\/td>\n<\/tr>\n<tr>\n<td>Verpacken:\u00a0<\/td>\n<td colspan=\"2\">50St\u00fcck<\/td>\n<\/tr>\n<tr>\n<td>MOQ:\u00a0<\/td>\n<td colspan=\"2\">1200St\u00fcck<\/td>\n<\/tr>\n<tr>\n<td>OEM&amp;ODM:\u00a0<\/td>\n<td colspan=\"2\">Kundenspezifisch, Willkommen OEM&amp;ODM<\/td>\n<\/tr>\n<tr>\n<td>Muster\uff1a<\/td>\n<td colspan=\"2\">10 St\u00fcck kostenlose Probe kann angefordert werden<\/td>\n<\/tr>\n<\/tbody>\n<\/table>\n<p><script src=\"chrome-extension:\/\/fpelahbljekknahkcaegamhcndkfpfnc\/iFrame.js\" type=\"text\/javascript\"><\/script><\/p>","protected":false},"featured_media":906,"comment_status":"closed","ping_status":"closed","template":"","meta":{"_acf_changed":false},"box-type":[64,61],"product_brand":[],"product_cat":[21,46,30,33,45],"product_tag":[],"class_list":{"0":"post-904","1":"product","2":"type-product","3":"status-publish","4":"has-post-thumbnail","6":"box-type-custom-clear-lid-paper-boxes","7":"box-type-custom-two-piece-boxes","8":"product_cat-plastic-cake-containers-wholesale","9":"product_cat-wholesale-paper-boxes","10":"product_cat-cake-containers-wholesale","11":"product_cat-food-packaging-boxes-wholesale","12":"product_cat-bulk-disposable-food-containers","14":"first","15":"instock","16":"shipping-taxable","17":"product-type-simple"},"acf":[],"_links":{"self":[{"href":"https:\/\/www.yishengpack.com\/de\/wp-json\/wp\/v2\/product\/904","targetHints":{"allow":["GET"]}}],"collection":[{"href":"https:\/\/www.yishengpack.com\/de\/wp-json\/wp\/v2\/product"}],"about":[{"href":"https:\/\/www.yishengpack.com\/de\/wp-json\/wp\/v2\/types\/product"}],"replies":[{"embeddable":true,"href":"https:\/\/www.yishengpack.com\/de\/wp-json\/wp\/v2\/comments?post=904"}],"wp:featuredmedia":[{"embeddable":true,"href":"https:\/\/www.yishengpack.com\/de\/wp-json\/wp\/v2\/media\/906"}],"wp:attachment":[{"href":"https:\/\/www.yishengpack.com\/de\/wp-json\/wp\/v2\/media?parent=904"}],"wp:term":[{"taxonomy":"box-type","embeddable":true,"href":"https:\/\/www.yishengpack.com\/de\/wp-json\/wp\/v2\/box-type?post=904"},{"taxonomy":"product_brand","embeddable":true,"href":"https:\/\/www.yishengpack.com\/de\/wp-json\/wp\/v2\/product_brand?post=904"},{"taxonomy":"product_cat","embeddable":true,"href":"https:\/\/www.yishengpack.com\/de\/wp-json\/wp\/v2\/product_cat?post=904"},{"taxonomy":"product_tag","embeddable":true,"href":"https:\/\/www.yishengpack.com\/de\/wp-json\/wp\/v2\/product_tag?post=904"}],"curies":[{"name":"wp","href":"https:\/\/api.w.org\/{rel}","templated":true}]}}